{"id":1254,"date":"2022-06-17T16:08:23","date_gmt":"2022-06-17T14:08:23","guid":{"rendered":"https:\/\/math.univ-lyon1.fr\/dbl-licence-matheco\/?page_id=1254"},"modified":"2024-05-14T00:07:37","modified_gmt":"2024-05-13T22:07:37","slug":"vue-densemble-2","status":"publish","type":"page","link":"https:\/\/math.univ-lyon1.fr\/dbl-licence-matheco\/?page_id=1254","title":{"rendered":"Vue d&rsquo;ensemble"},"content":{"rendered":"\n<h2 class=\"wp-block-heading\">L\u2019organisation de la Double Licence<\/h2>\n\n\n\n<p>Une licence (simple) comprend en g\u00e9n\u00e9ral 60 cr\u00e9dits ECTS (European Credit Transfer and accumulation System) par ann\u00e9e, soit  <strong>180 ECTS pour acqu\u00e9rir le dipl\u00f4me<\/strong> de licence. Un ECTS correspond \u00e0 25-30 heures de travail pour un \u00e9tudiant, dont 9-10 heures en salle de cours avec un enseignant. <\/p>\n\n\n\n<p>La Double Licence Math\u00e9matiques et \u00c9conomie (matheco) exige la validation de <strong>207 ECTS<\/strong>. De nombreux enseignements font appel conjointement aux math\u00e9matiques et \u00e0 l\u2019\u00e9conomie. Elle assure, en cas de succ\u00e8s, la d\u00e9livrance de<strong> deux dipl\u00f4mes de licence<\/strong>.<\/p>\n\n\n\n<figure class=\"wp-block-table is-style-stripes\"><table><tbody><tr><td><\/td><td class=\"has-text-align-center\" data-align=\"center\"><strong>Premi\u00e8re ann\u00e9e (L1)<\/strong><br><strong>ECTS<\/strong><\/td><td class=\"has-text-align-center\" data-align=\"center\"><strong>Deuxi\u00e8me ann\u00e9e (L2)<\/strong><br><strong>ECTS<\/strong><\/td><td class=\"has-text-align-center\" data-align=\"center\"><strong>Troisi\u00e8me ann\u00e9e (L3)<\/strong><br><strong>ECTS<\/strong><\/td><td class=\"has-text-align-center\" data-align=\"center\"><strong>Total ECTS<\/strong><\/td><\/tr><tr><td>Bloc scientifique<\/td><td class=\"has-text-align-center\" data-align=\"center\">51<br>(dont 24 \u00e0 l&rsquo;automne)<\/td><td class=\"has-text-align-center\" data-align=\"center\">57<br>(dont 27 \u00e0  l&rsquo;automne)<\/td><td class=\"has-text-align-center\" data-align=\"center\">72<br>(dont 36 \u00e0 l&rsquo;automne)<\/td><td class=\"has-text-align-center\" data-align=\"center\"><\/td><\/tr><tr><td>Bloc transversal<\/td><td class=\"has-text-align-center\" data-align=\"center\">12<\/td><td class=\"has-text-align-center\" data-align=\"center\">12<\/td><td class=\"has-text-align-center\" data-align=\"center\">3<\/td><td class=\"has-text-align-center\" data-align=\"center\"><\/td><\/tr><tr><td>Total ECTS<\/td><td class=\"has-text-align-center\" data-align=\"center\"><strong>63<\/strong><\/td><td class=\"has-text-align-center\" data-align=\"center\"><strong>69<\/strong><\/td><td class=\"has-text-align-center\" data-align=\"center\"><strong>75<\/strong><\/td><td class=\"has-text-align-center\" data-align=\"center\"><strong>207<\/strong><\/td><\/tr><\/tbody><\/table><\/figure>\n\n\n\n<figure class=\"wp-block-image size-large is-resized\"><img loading=\"lazy\" decoding=\"async\" width=\"822\" height=\"1024\" src=\"https:\/\/math.univ-lyon1.fr\/dbl-licence-matheco\/wp-content\/uploads\/2023\/03\/structure-pour-site-4-822x1024.png\" alt=\"\" class=\"wp-image-1352\" style=\"width:927px;height:1154px\" srcset=\"https:\/\/math.univ-lyon1.fr\/dbl-licence-matheco\/wp-content\/uploads\/2023\/03\/structure-pour-site-4-822x1024.png 822w, https:\/\/math.univ-lyon1.fr\/dbl-licence-matheco\/wp-content\/uploads\/2023\/03\/structure-pour-site-4-241x300.png 241w, https:\/\/math.univ-lyon1.fr\/dbl-licence-matheco\/wp-content\/uploads\/2023\/03\/structure-pour-site-4-768x957.png 768w, https:\/\/math.univ-lyon1.fr\/dbl-licence-matheco\/wp-content\/uploads\/2023\/03\/structure-pour-site-4.png 1229w\" sizes=\"auto, (max-width: 822px) 100vw, 822px\" \/><\/figure>\n\n\n\n<p>L\u2019accroissement de la charge de travail se r\u00e9v\u00e8le  progressive sur les trois ann\u00e9es de la Double Licence; ce qui permet une meilleure adaptation dans le temps, tout en restant exigeant.<\/p>\n\n\n\n<p>La possibilit\u00e9 de r\u00e9aliser un <strong>stage en entreprise <\/strong>entre la deuxi\u00e8me (fin du semestre 4) et la troisi\u00e8me ann\u00e9e (d\u00e9but du semestre 5) avec la r\u00e9daction d\u2019un rapport de stage (6 cr\u00e9dits) a pour but de mieux valoriser les candidatures de chacun dans leur poursuite d\u2019\u00e9tudes en Master vis-\u00e0-vis du portail Parcoursup Master; tout particuli\u00e8rement pour les Masters qui sont organis\u00e9s en alternance.<\/p>\n","protected":false},"excerpt":{"rendered":"<p>L\u2019organisation de la Double Licence Une licence (simple) comprend en g\u00e9n\u00e9ral 60 cr\u00e9dits ECTS (European Credit Transfer and accumulation System) &hellip; <\/p>\n","protected":false},"author":6,"featured_media":0,"parent":0,"menu_order":0,"comment_status":"closed","ping_status":"closed","template":"","meta":{"footnotes":""},"class_list":["post-1254","page","type-page","status-publish","hentry"],"_links":{"self":[{"href":"https:\/\/math.univ-lyon1.fr\/dbl-licence-matheco\/index.php?rest_route=\/wp\/v2\/pages\/1254","targetHints":{"allow":["GET"]}}],"collection":[{"href":"https:\/\/math.univ-lyon1.fr\/dbl-licence-matheco\/index.php?rest_route=\/wp\/v2\/pages"}],"about":[{"href":"https:\/\/math.univ-lyon1.fr\/dbl-licence-matheco\/index.php?rest_route=\/wp\/v2\/types\/page"}],"author":[{"embeddable":true,"href":"https:\/\/math.univ-lyon1.fr\/dbl-licence-matheco\/index.php?rest_route=\/wp\/v2\/users\/6"}],"replies":[{"embeddable":true,"href":"https:\/\/math.univ-lyon1.fr\/dbl-licence-matheco\/index.php?rest_route=%2Fwp%2Fv2%2Fcomments&post=1254"}],"version-history":[{"count":23,"href":"https:\/\/math.univ-lyon1.fr\/dbl-licence-matheco\/index.php?rest_route=\/wp\/v2\/pages\/1254\/revisions"}],"predecessor-version":[{"id":1477,"href":"https:\/\/math.univ-lyon1.fr\/dbl-licence-matheco\/index.php?rest_route=\/wp\/v2\/pages\/1254\/revisions\/1477"}],"wp:attachment":[{"href":"https:\/\/math.univ-lyon1.fr\/dbl-licence-matheco\/index.php?rest_route=%2Fwp%2Fv2%2Fmedia&parent=1254"}],"curies":[{"name":"wp","href":"https:\/\/api.w.org\/{rel}","templated":true}]}}