{"id":146,"date":"2021-12-09T14:36:37","date_gmt":"2021-12-09T13:36:37","guid":{"rendered":"https:\/\/math.univ-lyon1.fr\/dbl-licence-matheco\/?page_id=146"},"modified":"2025-05-16T14:19:26","modified_gmt":"2025-05-16T12:19:26","slug":"calendriers","status":"publish","type":"page","link":"https:\/\/math.univ-lyon1.fr\/dbl-licence-matheco\/?page_id=146","title":{"rendered":"Calendrier"},"content":{"rendered":"\n<h2 class=\"wp-block-heading\">Semaines d&rsquo;enseignement, sessions d&rsquo;examens, jurys, commissions p\u00e9dagogiques, etc.<\/h2>\n\n\n\n<p><\/p>\n\n\n\n<div class=\"wp-block-buttons is-layout-flex wp-block-buttons-is-layout-flex\">\n<div class=\"wp-block-button\"><a class=\"wp-block-button__link has-white-color has-text-color has-background wp-element-button\" href=\"https:\/\/math.univ-lyon1.fr\/dbl-licence-matheco\/wp-content\/uploads\/2025\/05\/Licence-STS-calendrier-universitaire-2025-2026-Version-etudiante.xlsx\" style=\"background-color:#efa525\" target=\"_blank\" rel=\"noreferrer noopener\">Calendrier 2025\/2026<\/a><\/div>\n<\/div>\n\n\n\n<div style=\"height:35px\" aria-hidden=\"true\" class=\"wp-block-spacer\"><\/div>\n\n\n\n<h3 class=\"wp-block-heading\">Ann\u00e9es ant\u00e9rieures<\/h3>\n\n\n\n<div class=\"wp-block-buttons is-layout-flex wp-block-buttons-is-layout-flex\">\n<div class=\"wp-block-button\"><a class=\"wp-block-button__link has-white-color has-text-color has-background wp-element-button\" href=\"https:\/\/math.univ-lyon1.fr\/dbl-licence-matheco\/wp-content\/uploads\/2024\/03\/Licence-STS-calendrier-universitaire-2024-2025-Version-DP-27-mars.xlsx\" style=\"background-color:#efa525\">Calendrier 2024\/2025<\/a><\/div>\n\n\n\n<div class=\"wp-block-button\"><a class=\"wp-block-button__link has-white-color has-text-color has-background wp-element-button\" href=\"https:\/\/sciences-licence.univ-lyon1.fr\/medias\/fichier\/calendrier-2023-2024-licence-vf-cfvu-4-07-2023_1693897017322-pdf?ID_FICHE=263398&amp;INLINE=FALSE\" style=\"background-color:#efa525\" target=\"_blank\" rel=\"noreferrer noopener\">Calendrier 2023\/2024<\/a><\/div>\n\n\n\n<div class=\"wp-block-button\"><a class=\"wp-block-button__link has-white-color has-text-color has-background wp-element-button\" href=\"https:\/\/math.univ-lyon1.fr\/dbl-licence-matheco\/wp-content\/uploads\/2021\/12\/Calendrier-Licence_2021-2022_V4_28octobre2021.xlsx\" style=\"background-color:#efa525\">Calendrier 2021\/2022<\/a><\/div>\n\n\n\n<div class=\"wp-block-button\"><a class=\"wp-block-button__link has-white-color has-text-color has-background wp-element-button\" href=\"https:\/\/math.univ-lyon1.fr\/dbl-licence-matheco\/wp-content\/uploads\/2022\/06\/Calendrier-Licence-STS_2022-2023_CFVU-du-17-05-2022.pdf\" style=\"background-color:#efa525\">Calendrier 2022\/2023<\/a><\/div>\n<\/div>\n\n\n\n<p><\/p>\n","protected":false},"excerpt":{"rendered":"<p>Semaines d&rsquo;enseignement, sessions d&rsquo;examens, jurys, commissions p\u00e9dagogiques, etc. Ann\u00e9es ant\u00e9rieures<\/p>\n","protected":false},"author":1,"featured_media":0,"parent":0,"menu_order":0,"comment_status":"closed","ping_status":"closed","template":"","meta":{"footnotes":""},"class_list":["post-146","page","type-page","status-publish","hentry"],"_links":{"self":[{"href":"https:\/\/math.univ-lyon1.fr\/dbl-licence-matheco\/index.php?rest_route=\/wp\/v2\/pages\/146","targetHints":{"allow":["GET"]}}],"collection":[{"href":"https:\/\/math.univ-lyon1.fr\/dbl-licence-matheco\/index.php?rest_route=\/wp\/v2\/pages"}],"about":[{"href":"https:\/\/math.univ-lyon1.fr\/dbl-licence-matheco\/index.php?rest_route=\/wp\/v2\/types\/page"}],"author":[{"embeddable":true,"href":"https:\/\/math.univ-lyon1.fr\/dbl-licence-matheco\/index.php?rest_route=\/wp\/v2\/users\/1"}],"replies":[{"embeddable":true,"href":"https:\/\/math.univ-lyon1.fr\/dbl-licence-matheco\/index.php?rest_route=%2Fwp%2Fv2%2Fcomments&post=146"}],"version-history":[{"count":32,"href":"https:\/\/math.univ-lyon1.fr\/dbl-licence-matheco\/index.php?rest_route=\/wp\/v2\/pages\/146\/revisions"}],"predecessor-version":[{"id":1519,"href":"https:\/\/math.univ-lyon1.fr\/dbl-licence-matheco\/index.php?rest_route=\/wp\/v2\/pages\/146\/revisions\/1519"}],"wp:attachment":[{"href":"https:\/\/math.univ-lyon1.fr\/dbl-licence-matheco\/index.php?rest_route=%2Fwp%2Fv2%2Fmedia&parent=146"}],"curies":[{"name":"wp","href":"https:\/\/api.w.org\/{rel}","templated":true}]}}