{"id":169,"date":"2021-12-09T15:17:43","date_gmt":"2021-12-09T14:17:43","guid":{"rendered":"https:\/\/math.univ-lyon1.fr\/dbl-licence-matheco\/?page_id=169"},"modified":"2026-04-08T19:22:47","modified_gmt":"2026-04-08T17:22:47","slug":"programme-de-l3","status":"publish","type":"page","link":"https:\/\/math.univ-lyon1.fr\/dbl-licence-matheco\/?page_id=169","title":{"rendered":"Programme de troisi\u00e8me ann\u00e9e (L3)"},"content":{"rendered":"\n<h2 class=\"wp-block-heading\" id=\"semestre-1\">SEMESTRE D&rsquo;AUTOMNE (S5)<\/h2>\n\n\n\n<div class=\"wp-block-cover alignfull\" style=\"min-height:475px;aspect-ratio:unset;\"><img loading=\"lazy\" decoding=\"async\" width=\"1880\" height=\"1253\" class=\"wp-block-cover__image-background wp-image-61\" alt=\"\" src=\"https:\/\/math.univ-lyon1.fr\/dbl-licence-matheco\/wp-content\/uploads\/2021\/12\/pexels-photo-2387532.jpeg\" data-object-fit=\"cover\" srcset=\"https:\/\/math.univ-lyon1.fr\/dbl-licence-matheco\/wp-content\/uploads\/2021\/12\/pexels-photo-2387532.jpeg 1880w, https:\/\/math.univ-lyon1.fr\/dbl-licence-matheco\/wp-content\/uploads\/2021\/12\/pexels-photo-2387532-300x200.jpeg 300w, https:\/\/math.univ-lyon1.fr\/dbl-licence-matheco\/wp-content\/uploads\/2021\/12\/pexels-photo-2387532-1024x682.jpeg 1024w, https:\/\/math.univ-lyon1.fr\/dbl-licence-matheco\/wp-content\/uploads\/2021\/12\/pexels-photo-2387532-768x512.jpeg 768w, https:\/\/math.univ-lyon1.fr\/dbl-licence-matheco\/wp-content\/uploads\/2021\/12\/pexels-photo-2387532-1536x1024.jpeg 1536w, https:\/\/math.univ-lyon1.fr\/dbl-licence-matheco\/wp-content\/uploads\/2021\/12\/pexels-photo-2387532-1568x1045.jpeg 1568w\" sizes=\"auto, (max-width: 1880px) 100vw, 1880px\" \/><span aria-hidden=\"true\" class=\"wp-block-cover__background has-background-dim\" style=\"background-color:#2f80c2\"><\/span><div class=\"wp-block-cover__inner-container is-layout-flow wp-block-cover-is-layout-flow\">\n<div class=\"wp-block-group\"><div class=\"wp-block-group__inner-container is-layout-flow wp-block-group-is-layout-flow\">\n<figure class=\"wp-block-table is-style-regular popmake-1101\"><table class=\"has-fixed-layout\"><thead><tr><th class=\"has-text-align-right\" data-align=\"right\"> Unit\u00e9 d&rsquo;Enseignement (UE) &#8211; <em>cours<\/em> <br><\/th><th class=\"has-text-align-center\" data-align=\"center\"> Cr\u00e9dits (ECTS) <br><\/th><\/tr><\/thead><tbody><tr><td class=\"has-text-align-right\" data-align=\"right\"><span class=\"popup-trigger popmake-1069 \" data-popup-id=\"1069\" data-do-default=\"0\"><strong>Topologie et th\u00e9orie de la mesure<\/strong><\/span><\/td><td class=\"has-text-align-center\" data-align=\"center\"><strong>9<\/strong><\/td><\/tr><tr><td class=\"has-text-align-right\" data-align=\"right\"><span class=\"popup-trigger popmake-1071\" data-popup-id=\"1071\" data-do-default=\"0\"><strong>Alg\u00e8bre lin\u00e9aire, bilin\u00e9aire et analyse matricielle<\/strong><\/span><\/td><td class=\"has-text-align-center\" data-align=\"center\"><strong>6<\/strong><\/td><\/tr><tr><td class=\"has-text-align-right\" data-align=\"right\"><strong>\u00c9quations diff\u00e9rentielles<\/strong><\/td><td class=\"has-text-align-center\" data-align=\"center\"><strong>3<\/strong><\/td><\/tr><tr><td class=\"has-text-align-right\" data-align=\"right\"><span class=\"popup-trigger popmake-1077 \" data-popup-id=\"1077\" data-do-default=\"0\"><strong>\u00c9conom\u00e9trie 1<\/strong><\/span><\/td><td class=\"has-text-align-center\" data-align=\"center\"><strong>6<\/strong><\/td><\/tr><tr><td class=\"has-text-align-right\" data-align=\"right\"><span class=\"popup-trigger popmake-1073\" data-popup-id=\"1073\" data-do-default=\"0\"><strong>D\u00e9cision et jeux<\/strong><\/span><\/td><td class=\"has-text-align-center\" data-align=\"center\"><strong>6<\/strong><\/td><\/tr><tr><td class=\"has-text-align-right\" data-align=\"right\">Option :<br><span class=\"popup-trigger popmake-1065\" data-popup-id=\"1065\" data-do-default=\"0\"><strong>Stage<\/strong><\/span><br>ou <span class=\"popup-trigger popmake-1075\" data-popup-id=\"1075\" data-do-default=\"0\"><strong>Structures discr\u00e8tes et applications<\/strong><\/span><\/td><td class=\"has-text-align-center\" data-align=\"center\"><strong>6<\/strong><br><br><\/td><\/tr><tr><td class=\"has-text-align-right\" data-align=\"right\"><strong>Transversale 5<\/strong><br><em><span class=\"popup-trigger popmake-1097\" data-popup-id=\"1097\" data-do-default=\"0\">Comp\u00e9tences linguistiques<\/span><br><span class=\"popup-trigger popmake-896\" data-popup-id=\"896\" data-do-default=\"0\">Sport<\/span><br><span class=\"popup-trigger popmake-1011\" data-popup-id=\"1011\" data-do-default=\"0\">Ouvertures<\/span><\/em><\/td><td class=\"has-text-align-center\" data-align=\"center\"><strong>6<\/strong><br><br><br><\/td><\/tr><tr><td class=\"has-text-align-right\" data-align=\"right\"><\/td><td class=\"has-text-align-center\" data-align=\"center\"><strong>Total 39 cr\u00e9dits<\/strong><\/td><\/tr><\/tbody><\/table><\/figure>\n<\/div><\/div>\n<\/div><\/div>\n\n\n\n<p class=\"has-vivid-cyan-blue-color has-text-color has-small-font-size\"><em><strong>Pour acc\u00e9der au syllabus de l&rsquo;enseignement dans une fen\u00eatre Pop-up, cliquez sur l\u2019intitul\u00e9 de l&rsquo;enseignement<\/strong><\/em>.<\/p>\n\n\n\n<div style=\"height:40px\" aria-hidden=\"true\" class=\"wp-block-spacer\"><\/div>\n\n\n\n<h2 class=\"wp-block-heading\" id=\"semestre-1\">SEMESTRE DE PRINTEMPS (S6)<\/h2>\n\n\n\n<div class=\"wp-block-cover alignfull\" style=\"min-height:475px;aspect-ratio:unset;\"><img loading=\"lazy\" decoding=\"async\" width=\"1880\" height=\"1253\" class=\"wp-block-cover__image-background wp-image-61\" alt=\"\" src=\"https:\/\/math.univ-lyon1.fr\/dbl-licence-matheco\/wp-content\/uploads\/2021\/12\/pexels-photo-2387532.jpeg\" data-object-fit=\"cover\" srcset=\"https:\/\/math.univ-lyon1.fr\/dbl-licence-matheco\/wp-content\/uploads\/2021\/12\/pexels-photo-2387532.jpeg 1880w, https:\/\/math.univ-lyon1.fr\/dbl-licence-matheco\/wp-content\/uploads\/2021\/12\/pexels-photo-2387532-300x200.jpeg 300w, https:\/\/math.univ-lyon1.fr\/dbl-licence-matheco\/wp-content\/uploads\/2021\/12\/pexels-photo-2387532-1024x682.jpeg 1024w, https:\/\/math.univ-lyon1.fr\/dbl-licence-matheco\/wp-content\/uploads\/2021\/12\/pexels-photo-2387532-768x512.jpeg 768w, https:\/\/math.univ-lyon1.fr\/dbl-licence-matheco\/wp-content\/uploads\/2021\/12\/pexels-photo-2387532-1536x1024.jpeg 1536w, https:\/\/math.univ-lyon1.fr\/dbl-licence-matheco\/wp-content\/uploads\/2021\/12\/pexels-photo-2387532-1568x1045.jpeg 1568w\" sizes=\"auto, (max-width: 1880px) 100vw, 1880px\" \/><span aria-hidden=\"true\" class=\"wp-block-cover__background has-background-dim\" style=\"background-color:#2f80c2\"><\/span><div class=\"wp-block-cover__inner-container is-layout-flow wp-block-cover-is-layout-flow\">\n<div class=\"wp-block-group\"><div class=\"wp-block-group__inner-container is-layout-flow wp-block-group-is-layout-flow\">\n<figure class=\"wp-block-table is-style-regular\"><table class=\"has-fixed-layout\"><thead><tr><th class=\"has-text-align-right\" data-align=\"right\"> Unit\u00e9 d&rsquo;Enseignement (UE) &#8211; <em>cours<\/em> <br><\/th><th class=\"has-text-align-center\" data-align=\"center\"> Cr\u00e9dits (ECTS) <br><\/th><\/tr><\/thead><tbody><tr><td class=\"has-text-align-right\" data-align=\"right\"><span class=\"popup-trigger popmake-1105\" data-popup-id=\"1105\" data-do-default=\"0\"><strong>Probabilit\u00e9s approfondies<\/strong><\/span><\/td><td class=\"has-text-align-center\" data-align=\"center\"><strong>6<\/strong><\/td><\/tr><tr><td class=\"has-text-align-right\" data-align=\"right\"><span class=\"popup-trigger popmake-1103\" data-popup-id=\"1103\" data-do-default=\"0\"><strong>\u00c9conom\u00e9trie 2<\/strong><\/span><\/td><td class=\"has-text-align-center\" data-align=\"center\"><strong>6<\/strong><\/td><\/tr><tr><td class=\"has-text-align-right\" data-align=\"right\"><strong>Micro\u00e9conomie avanc\u00e9e<\/strong><br><em><span class=\"popup-trigger popmake-1081\" data-popup-id=\"1081\" data-do-default=\"0\">\u00c9conomie des ressources humaines<\/span><\/em><\/td><td class=\"has-text-align-center\" data-align=\"center\"><strong>3<\/strong><br><\/td><\/tr><tr><td class=\"has-text-align-right\" data-align=\"right\"><span class=\"popup-trigger popmake-1107\" data-popup-id=\"1107\" data-do-default=\"0\"><strong>Math\u00e9matiques financi\u00e8res<\/strong><\/span><\/td><td class=\"has-text-align-center\" data-align=\"center\"><strong>3<\/strong><\/td><\/tr><tr><td class=\"has-text-align-right\" data-align=\"right\"><span class=\"popup-trigger popmake-1113\" data-popup-id=\"1113\" data-do-default=\"0\"><strong>Analyse des donn\u00e9es<\/strong><\/span><\/td><td class=\"has-text-align-center\" data-align=\"center\"><strong>3<\/strong><\/td><\/tr><tr><td class=\"has-text-align-right\" data-align=\"right\"><span class=\"popup-trigger popmake-1109\" data-popup-id=\"1109\" data-do-default=\"0\"><strong>Informatique et bases de donn\u00e9es<\/strong><\/span><\/td><td class=\"has-text-align-center\" data-align=\"center\">6<\/td><\/tr><tr><td class=\"has-text-align-right\" data-align=\"right\"><span class=\"popup-trigger popmake-1111\" data-popup-id=\"1111\" data-do-default=\"0\"><strong>Recherche op\u00e9rationnelle<\/strong><\/span><\/td><td class=\"has-text-align-center\" data-align=\"center\"><strong>6<\/strong><\/td><\/tr><tr><td class=\"has-text-align-right\" data-align=\"right\"><span class=\"popup-trigger popmake-1115\" data-popup-id=\"1115\" data-do-default=\"0\"><strong>Lecture d&rsquo;\u00e9conomie 2<\/strong><\/span><\/td><td class=\"has-text-align-center\" data-align=\"center\"><strong>3<\/strong><\/td><\/tr><tr><td class=\"has-text-align-right\" data-align=\"right\"><\/td><td class=\"has-text-align-center\" data-align=\"center\"><strong>Total 36 cr\u00e9dits<\/strong><\/td><\/tr><\/tbody><\/table><\/figure>\n<\/div><\/div>\n<\/div><\/div>\n\n\n\n<p class=\"has-vivid-cyan-blue-color has-text-color has-small-font-size\"><em><strong>Pour acc\u00e9der au syllabus de l&rsquo;enseignement<\/strong> <strong>dans une fen\u00eatre Pop-up, cliquez sur l\u2019intitul\u00e9 de l&rsquo;enseignement<\/strong><\/em><\/p>\n","protected":false},"excerpt":{"rendered":"<p>SEMESTRE D&rsquo;AUTOMNE (S5) Pour acc\u00e9der au syllabus de l&rsquo;enseignement dans une fen\u00eatre Pop-up, cliquez sur l\u2019intitul\u00e9 de l&rsquo;enseignement. SEMESTRE DE &hellip; <\/p>\n","protected":false},"author":1,"featured_media":0,"parent":0,"menu_order":0,"comment_status":"closed","ping_status":"closed","template":"","meta":{"footnotes":""},"class_list":["post-169","page","type-page","status-publish","hentry"],"_links":{"self":[{"href":"https:\/\/math.univ-lyon1.fr\/dbl-licence-matheco\/index.php?rest_route=\/wp\/v2\/pages\/169","targetHints":{"allow":["GET"]}}],"collection":[{"href":"https:\/\/math.univ-lyon1.fr\/dbl-licence-matheco\/index.php?rest_route=\/wp\/v2\/pages"}],"about":[{"href":"https:\/\/math.univ-lyon1.fr\/dbl-licence-matheco\/index.php?rest_route=\/wp\/v2\/types\/page"}],"author":[{"embeddable":true,"href":"https:\/\/math.univ-lyon1.fr\/dbl-licence-matheco\/index.php?rest_route=\/wp\/v2\/users\/1"}],"replies":[{"embeddable":true,"href":"https:\/\/math.univ-lyon1.fr\/dbl-licence-matheco\/index.php?rest_route=%2Fwp%2Fv2%2Fcomments&post=169"}],"version-history":[{"count":61,"href":"https:\/\/math.univ-lyon1.fr\/dbl-licence-matheco\/index.php?rest_route=\/wp\/v2\/pages\/169\/revisions"}],"predecessor-version":[{"id":1552,"href":"https:\/\/math.univ-lyon1.fr\/dbl-licence-matheco\/index.php?rest_route=\/wp\/v2\/pages\/169\/revisions\/1552"}],"wp:attachment":[{"href":"https:\/\/math.univ-lyon1.fr\/dbl-licence-matheco\/index.php?rest_route=%2Fwp%2Fv2%2Fmedia&parent=169"}],"curies":[{"name":"wp","href":"https:\/\/api.w.org\/{rel}","templated":true}]}}