{"id":203,"date":"2021-12-09T16:22:21","date_gmt":"2021-12-09T15:22:21","guid":{"rendered":"https:\/\/math.univ-lyon1.fr\/dbl-licence-matheco\/?page_id=203"},"modified":"2023-08-05T13:22:54","modified_gmt":"2023-08-05T11:22:54","slug":"programme-de-l2","status":"publish","type":"page","link":"https:\/\/math.univ-lyon1.fr\/dbl-licence-matheco\/?page_id=203","title":{"rendered":"Programme de deuxi\u00e8me ann\u00e9e (L2)"},"content":{"rendered":"\n<div class=\"wp-block-group\"><div class=\"wp-block-group__inner-container is-layout-flow wp-block-group-is-layout-flow\">\n<h2 class=\"wp-block-heading\" id=\"semestre-1\">SEMESTRE D&rsquo;AUTOMNE (S3)<\/h2>\n<\/div><\/div>\n\n\n\n<div class=\"wp-block-cover alignfull\" style=\"min-height:475px;aspect-ratio:unset;\"><span aria-hidden=\"true\" class=\"wp-block-cover__background has-background-dim\" style=\"background-color:#2f80c2\"><\/span><img loading=\"lazy\" decoding=\"async\" width=\"1880\" height=\"1253\" class=\"wp-block-cover__image-background wp-image-61\" alt=\"\" src=\"https:\/\/math.univ-lyon1.fr\/dbl-licence-matheco\/wp-content\/uploads\/2021\/12\/pexels-photo-2387532.jpeg\" data-object-fit=\"cover\" srcset=\"https:\/\/math.univ-lyon1.fr\/dbl-licence-matheco\/wp-content\/uploads\/2021\/12\/pexels-photo-2387532.jpeg 1880w, https:\/\/math.univ-lyon1.fr\/dbl-licence-matheco\/wp-content\/uploads\/2021\/12\/pexels-photo-2387532-300x200.jpeg 300w, https:\/\/math.univ-lyon1.fr\/dbl-licence-matheco\/wp-content\/uploads\/2021\/12\/pexels-photo-2387532-1024x682.jpeg 1024w, https:\/\/math.univ-lyon1.fr\/dbl-licence-matheco\/wp-content\/uploads\/2021\/12\/pexels-photo-2387532-768x512.jpeg 768w, https:\/\/math.univ-lyon1.fr\/dbl-licence-matheco\/wp-content\/uploads\/2021\/12\/pexels-photo-2387532-1536x1024.jpeg 1536w, https:\/\/math.univ-lyon1.fr\/dbl-licence-matheco\/wp-content\/uploads\/2021\/12\/pexels-photo-2387532-1568x1045.jpeg 1568w\" sizes=\"auto, (max-width: 1880px) 100vw, 1880px\" \/><div class=\"wp-block-cover__inner-container is-layout-flow wp-block-cover-is-layout-flow\">\n<div class=\"wp-block-group\"><div class=\"wp-block-group__inner-container is-layout-flow wp-block-group-is-layout-flow\">\n<figure class=\"wp-block-table is-style-regular\"><table class=\"has-fixed-layout\"><thead><tr><th class=\"has-text-align-right\" data-align=\"right\"> Unit\u00e9 d&rsquo;Enseignement (UE) &#8211; <em>cours<\/em> <br><\/th><th class=\"has-text-align-center\" data-align=\"center\"> Cr\u00e9dits (ECTS) <br><\/th><\/tr><\/thead><tbody><tr><td class=\"has-text-align-right\" data-align=\"right\"><span class=\"popup-trigger popmake-1043\" data-popup-id=\"1043\" data-do-default=\"0\"><strong>Analyse pour l&rsquo;\u00e9conomie 1<\/strong><\/span><\/td><td class=\"has-text-align-center\" data-align=\"center\"><strong>6<\/strong><\/td><\/tr><tr><td class=\"has-text-align-right\" data-align=\"right\"><span class=\"popup-trigger popmake-1045\" data-popup-id=\"1045\" data-do-default=\"0\"><strong>Probabilit\u00e9s &#8211; Statistiques 2<\/strong><\/span><\/td><td class=\"has-text-align-center\" data-align=\"center\"><strong>6<\/strong><\/td><\/tr><tr><td class=\"has-text-align-right\" data-align=\"right\"><strong>Micro\u00e9conomie 2<\/strong><br><em><span class=\"popup-trigger popmake-1049\" data-popup-id=\"1049\" data-do-default=\"0\">March\u00e9s et \u00c9quilibre G\u00e9n\u00e9ral<\/span><\/em><br><em><span class=\"popup-trigger popmake-1047\" data-popup-id=\"1047\" data-do-default=\"0\">Introduction \u00e0 la gestion<\/span><\/em><\/td><td class=\"has-text-align-center\" data-align=\"center\"><strong>6<\/strong><br><em><br><\/em><\/td><\/tr><tr><td class=\"has-text-align-right\" data-align=\"right\"><span class=\"popup-trigger popmake-1051\" data-popup-id=\"1051\" data-do-default=\"0\"><strong>Applications \u00e9conomiques sous Python<\/strong><\/span>\u00a0<\/td><td class=\"has-text-align-center\" data-align=\"center\"><strong>6<\/strong><\/td><\/tr><tr><td class=\"has-text-align-right\" data-align=\"right\"><span class=\"popup-trigger popmake-1053\" data-popup-id=\"1053\" data-do-default=\"0\"><strong>Lecture d&rsquo;\u00e9conomie 1<\/strong><\/span><\/td><td class=\"has-text-align-center\" data-align=\"center\"><strong>3<\/strong><\/td><\/tr><tr><td class=\"has-text-align-right\" data-align=\"right\"><strong>Transversale 3<\/strong><br><em><span class=\"popup-trigger popmake-1007\" data-popup-id=\"1007\" data-do-default=\"0\">Comp\u00e9tences linguistiques<\/span><br><span class=\"popup-trigger popmake-1009\" data-popup-id=\"1009\" data-do-default=\"0\">PPP3 : Projet Personnel et Professionnel<\/span><br><span class=\"popup-trigger popmake-896\" data-popup-id=\"896\" data-do-default=\"0\">Sport<\/span><br><span class=\"popup-trigger popmake-1011\" data-popup-id=\"1011\" data-do-default=\"0\">Ouvertures<\/span><\/em><\/td><td class=\"has-text-align-center\" data-align=\"center\"><strong>6<\/strong><br><em>2<br>1<br>1<br>2<\/em><\/td><\/tr><tr><td class=\"has-text-align-right\" data-align=\"right\"><\/td><td class=\"has-text-align-center\" data-align=\"center\"><strong>Total  33 cr\u00e9dits<\/strong><\/td><\/tr><\/tbody><\/table><\/figure>\n<\/div><\/div>\n<\/div><\/div>\n\n\n\n<p class=\"has-vivid-cyan-blue-color has-text-color has-small-font-size\"><em><strong>Pour acc\u00e9der au syllabus de l&rsquo;enseignement dans une fen\u00eatre Pop-up, cliquez sur l\u2019intitul\u00e9 de l&rsquo;enseignement<\/strong><\/em><\/p>\n\n\n\n<div style=\"height:40px\" aria-hidden=\"true\" class=\"wp-block-spacer\"><\/div>\n\n\n\n<h2 class=\"wp-block-heading\"> SEMESTRE DE PRINTEMPS (S4)<\/h2>\n\n\n\n<div class=\"wp-block-cover alignfull\" style=\"min-height:475px;aspect-ratio:unset;\"><span aria-hidden=\"true\" class=\"wp-block-cover__background has-background-dim\" style=\"background-color:#2f80c2\"><\/span><img loading=\"lazy\" decoding=\"async\" width=\"1880\" height=\"1253\" class=\"wp-block-cover__image-background wp-image-61\" alt=\"\" src=\"https:\/\/math.univ-lyon1.fr\/dbl-licence-matheco\/wp-content\/uploads\/2021\/12\/pexels-photo-2387532.jpeg\" data-object-fit=\"cover\" srcset=\"https:\/\/math.univ-lyon1.fr\/dbl-licence-matheco\/wp-content\/uploads\/2021\/12\/pexels-photo-2387532.jpeg 1880w, https:\/\/math.univ-lyon1.fr\/dbl-licence-matheco\/wp-content\/uploads\/2021\/12\/pexels-photo-2387532-300x200.jpeg 300w, https:\/\/math.univ-lyon1.fr\/dbl-licence-matheco\/wp-content\/uploads\/2021\/12\/pexels-photo-2387532-1024x682.jpeg 1024w, https:\/\/math.univ-lyon1.fr\/dbl-licence-matheco\/wp-content\/uploads\/2021\/12\/pexels-photo-2387532-768x512.jpeg 768w, https:\/\/math.univ-lyon1.fr\/dbl-licence-matheco\/wp-content\/uploads\/2021\/12\/pexels-photo-2387532-1536x1024.jpeg 1536w, https:\/\/math.univ-lyon1.fr\/dbl-licence-matheco\/wp-content\/uploads\/2021\/12\/pexels-photo-2387532-1568x1045.jpeg 1568w\" sizes=\"auto, (max-width: 1880px) 100vw, 1880px\" \/><div class=\"wp-block-cover__inner-container is-layout-flow wp-block-cover-is-layout-flow\">\n<div class=\"wp-block-group\"><div class=\"wp-block-group__inner-container is-layout-flow wp-block-group-is-layout-flow\">\n<figure class=\"wp-block-table is-style-regular\"><table class=\"has-fixed-layout\"><thead><tr><th class=\"has-text-align-right\" data-align=\"right\"> Unit\u00e9 d&rsquo;Enseignement (UE) &#8211; <em>cours<\/em> <br><\/th><th class=\"has-text-align-center\" data-align=\"center\"> Cr\u00e9dits (ECTS) <br><\/th><\/tr><\/thead><tbody><tr><td class=\"has-text-align-right\" data-align=\"right\"><span class=\"popup-trigger popmake-1024\" data-popup-id=\"1024\" data-do-default=\"0\"><strong>Analyse pour l&rsquo;\u00e9conomie 2<\/strong><\/span><\/td><td class=\"has-text-align-center\" data-align=\"center\"><strong>6<\/strong><\/td><\/tr><tr><td class=\"has-text-align-right\" data-align=\"right\"><span class=\"popup-trigger popmake-1026\" data-popup-id=\"1026\" data-do-default=\"0\"><strong>Diagonalisation et alg\u00e8bre bilin\u00e9aire<\/strong><\/span><\/td><td class=\"has-text-align-center\" data-align=\"center\"><strong>6<\/strong><\/td><\/tr><tr><td class=\"has-text-align-right\" data-align=\"right\"><span class=\"popup-trigger popmake-1029\" data-popup-id=\"1029\" data-do-default=\"0\"><strong>Probabilit\u00e9s &#8211; Statistiques 3<\/strong><\/span><\/td><td class=\"has-text-align-center\" data-align=\"center\"><strong>3<\/strong><\/td><\/tr><tr><td class=\"has-text-align-right\" data-align=\"right\"><span class=\"popup-trigger popmake-1031\" data-popup-id=\"1031\" data-do-default=\"0\"><strong>Macro\u00e9conomie 2<\/strong><\/span><\/td><td class=\"has-text-align-center\" data-align=\"center\"><strong>3<\/strong><\/td><\/tr><tr><td class=\"has-text-align-right\" data-align=\"right\"><strong>Micro\u00e9conomie appliqu\u00e9e 1<\/strong><br><em><span class=\"popup-trigger popmake-1033\" data-popup-id=\"1033\" data-do-default=\"0\">Concurrence imparfaite<\/span><\/em><\/td><td class=\"has-text-align-center\" data-align=\"center\"><strong>6<\/strong><br><em>6<\/em><\/td><\/tr><tr><td class=\"has-text-align-right\" data-align=\"right\"> <strong>Micro\u00e9conomie appliqu\u00e9e 2<\/strong><br><em><span class=\"popup-trigger popmake-1035\" data-popup-id=\"1035\" data-do-default=\"0\">Introduction \u00e0 la finance<\/span><\/em><br><em><span class=\"popup-trigger popmake-1038\" data-popup-id=\"1038\" data-do-default=\"0\">\u00c9conomie publique<\/span><\/em> <\/td><td class=\"has-text-align-center\" data-align=\"center\"><strong>6<\/strong><br><em><br><\/em><\/td><\/tr><tr><td class=\"has-text-align-right\" data-align=\"right\"><strong>Transversale 4<\/strong><br><span class=\"popup-trigger popmake-1017\" data-popup-id=\"1017\" data-do-default=\"0\"><em>Comp\u00e9tences linguistiques<\/em><\/span><em><br><span class=\"popup-trigger popmake-1019\" data-popup-id=\"1019\" data-do-default=\"0\">PPP4 : Projet Personnel et Professionnel<\/span><br><span class=\"popup-trigger popmake-896\" data-popup-id=\"896\" data-do-default=\"0\">Sport<\/span><br><span class=\"popup-trigger popmake-1011\" data-popup-id=\"1011\" data-do-default=\"0\">Ouvertures<\/span><\/em><\/td><td class=\"has-text-align-center\" data-align=\"center\"><strong>6<\/strong><br><em>2<br>1<br>1<br>2<\/em><\/td><\/tr><tr><td class=\"has-text-align-right\" data-align=\"right\"><\/td><td class=\"has-text-align-center\" data-align=\"center\"><strong>Total 36 cr\u00e9dits<\/strong><\/td><\/tr><\/tbody><\/table><\/figure>\n<\/div><\/div>\n<\/div><\/div>\n\n\n\n<p class=\"has-vivid-cyan-blue-color has-text-color has-small-font-size\"><em><strong>Pour acc\u00e9der au syllabus de l&rsquo;enseignement dans une fen\u00eatre Pop-up, cliquez sur l\u2019intitul\u00e9 de l&rsquo;enseignement<\/strong><\/em><\/p>\n","protected":false},"excerpt":{"rendered":"<p>SEMESTRE D&rsquo;AUTOMNE (S3) Pour acc\u00e9der au syllabus de l&rsquo;enseignement dans une fen\u00eatre Pop-up, cliquez sur l\u2019intitul\u00e9 de l&rsquo;enseignement SEMESTRE DE &hellip; <\/p>\n","protected":false},"author":1,"featured_media":0,"parent":0,"menu_order":0,"comment_status":"closed","ping_status":"closed","template":"","meta":{"footnotes":""},"class_list":["post-203","page","type-page","status-publish","hentry"],"_links":{"self":[{"href":"https:\/\/math.univ-lyon1.fr\/dbl-licence-matheco\/index.php?rest_route=\/wp\/v2\/pages\/203","targetHints":{"allow":["GET"]}}],"collection":[{"href":"https:\/\/math.univ-lyon1.fr\/dbl-licence-matheco\/index.php?rest_route=\/wp\/v2\/pages"}],"about":[{"href":"https:\/\/math.univ-lyon1.fr\/dbl-licence-matheco\/index.php?rest_route=\/wp\/v2\/types\/page"}],"author":[{"embeddable":true,"href":"https:\/\/math.univ-lyon1.fr\/dbl-licence-matheco\/index.php?rest_route=\/wp\/v2\/users\/1"}],"replies":[{"embeddable":true,"href":"https:\/\/math.univ-lyon1.fr\/dbl-licence-matheco\/index.php?rest_route=%2Fwp%2Fv2%2Fcomments&post=203"}],"version-history":[{"count":56,"href":"https:\/\/math.univ-lyon1.fr\/dbl-licence-matheco\/index.php?rest_route=\/wp\/v2\/pages\/203\/revisions"}],"predecessor-version":[{"id":1387,"href":"https:\/\/math.univ-lyon1.fr\/dbl-licence-matheco\/index.php?rest_route=\/wp\/v2\/pages\/203\/revisions\/1387"}],"wp:attachment":[{"href":"https:\/\/math.univ-lyon1.fr\/dbl-licence-matheco\/index.php?rest_route=%2Fwp%2Fv2%2Fmedia&parent=203"}],"curies":[{"name":"wp","href":"https:\/\/api.w.org\/{rel}","templated":true}]}}