{"id":285,"date":"2021-12-10T15:20:01","date_gmt":"2021-12-10T14:20:01","guid":{"rendered":"https:\/\/math.univ-lyon1.fr\/dbl-licence-matheco\/?page_id=285"},"modified":"2021-12-26T14:32:26","modified_gmt":"2021-12-26T13:32:26","slug":"historique-de-la-licence","status":"publish","type":"page","link":"https:\/\/math.univ-lyon1.fr\/dbl-licence-matheco\/?page_id=285","title":{"rendered":"Historique de la Licence"},"content":{"rendered":"\n<p>Ce type de formation est apparue en 1973 en France et simultan\u00e9ment \u00e0 l\u2019Universit\u00e9 Claude Bernard Lyon 1. Il s&rsquo;agissait de fait de la fili\u00e8re \u00ab\u00a0MASS\u00a0\u00bb (<em>Math\u00e9matiques Appliqu\u00e9es et Sciences Sociales<\/em>), comme \u00ab\u00a0<em>formation pluridisciplinaire de l\u2019enseignement sup\u00e9rieur, orient\u00e9e vers l\u2019acquisition des techniques math\u00e9matiques appliqu\u00e9es aux Sciences Sociales<\/em>\u00ab\u00a0.<\/p>\n\n\n\n<p>Alors que la Licence MASS est rest\u00e9e une licence du secteur \u00ab\u00a0sciences\u00a0\u00bb, au d\u00e9but des ann\u00e9es 2000 est apparue la Licence MIASHS (<em>Math\u00e9matiques et Informatique Appliqu\u00e9es aux Science de l\u2019Homme et de la Soci\u00e9t\u00e9<\/em>) qui est un dipl\u00f4me de Sciences Sociales et Humaines.<\/p>\n\n\n\n<p>Au cours de la fin du vingti\u00e8me si\u00e8cle, on a pu observer la m\u00eame \u00e9volution dans les grandes universit\u00e9s europ\u00e9ennes et nord-am\u00e9ricaines et plus r\u00e9cemment asiatiques. <strong>En effet, l\u2019\u00e9conomie, mais aussi la gestion, exige pour la large part de ces disciplines des pr\u00e9requis cons\u00e9quents en math\u00e9matiques autour en particulier de deux vastes champs\u00a0: l&rsquo;optimisation et les probabilit\u00e9s. En effet, d\u00e9s l&rsquo;origine de l&rsquo;\u00e9conomie classique, la principale pr\u00e9occupation de l&rsquo;\u00e9conomiste est celle de la recherche du bien-\u00eatre (individuel et collectif), et cela dans un univers incertain.<\/strong> <\/p>\n\n\n\n<p>La disparition au plan national du grade de la licence MASS, a conduit \u00e0 renouveler l&rsquo;offre de formation au sein de l&rsquo;Universit\u00e9 Claude Bernard Lyon 1 en proposant en 2022 une collaboration entre deux de ses composantes, le <a rel=\"noreferrer noopener\" href=\"https:\/\/fst-mathematiques.univ-lyon1.fr\/\" target=\"_blank\">D\u00e9partement de Math\u00e9matiques de la Facult\u00e9 des Sciences<\/a> et de <a rel=\"noreferrer noopener\" href=\"https:\/\/isfa.univ-lyon1.fr\/\" target=\"_blank\">l&rsquo;Institut de Science Financi\u00e8re et d&rsquo;Assurances<\/a>. Ces deux composantes portant chacune une licence (math\u00e9matiques et \u00e9conomie), ont con\u00e7u cette Double Licence <strong>non pas comme une simple juxtaposition<\/strong> de ces deux champs disciplinaires : la majorit\u00e9 des enseignements dispens\u00e9s sur les trois ann\u00e9es font r\u00e9f\u00e9rence simultan\u00e9ment aux math\u00e9matiques et \u00e0 l&rsquo;\u00e9conomie.<\/p>\n\n\n\n<p><\/p>\n\n\n\n<p><\/p>\n\n\n\n<p><\/p>\n\n\n\n<p><\/p>\n","protected":false},"excerpt":{"rendered":"<p>Ce type de formation est apparue en 1973 en France et simultan\u00e9ment \u00e0 l\u2019Universit\u00e9 Claude Bernard Lyon 1. Il s&rsquo;agissait &hellip; <\/p>\n","protected":false},"author":3,"featured_media":0,"parent":0,"menu_order":0,"comment_status":"closed","ping_status":"closed","template":"","meta":{"footnotes":""},"class_list":["post-285","page","type-page","status-publish","hentry"],"_links":{"self":[{"href":"https:\/\/math.univ-lyon1.fr\/dbl-licence-matheco\/index.php?rest_route=\/wp\/v2\/pages\/285","targetHints":{"allow":["GET"]}}],"collection":[{"href":"https:\/\/math.univ-lyon1.fr\/dbl-licence-matheco\/index.php?rest_route=\/wp\/v2\/pages"}],"about":[{"href":"https:\/\/math.univ-lyon1.fr\/dbl-licence-matheco\/index.php?rest_route=\/wp\/v2\/types\/page"}],"author":[{"embeddable":true,"href":"https:\/\/math.univ-lyon1.fr\/dbl-licence-matheco\/index.php?rest_route=\/wp\/v2\/users\/3"}],"replies":[{"embeddable":true,"href":"https:\/\/math.univ-lyon1.fr\/dbl-licence-matheco\/index.php?rest_route=%2Fwp%2Fv2%2Fcomments&post=285"}],"version-history":[{"count":5,"href":"https:\/\/math.univ-lyon1.fr\/dbl-licence-matheco\/index.php?rest_route=\/wp\/v2\/pages\/285\/revisions"}],"predecessor-version":[{"id":1162,"href":"https:\/\/math.univ-lyon1.fr\/dbl-licence-matheco\/index.php?rest_route=\/wp\/v2\/pages\/285\/revisions\/1162"}],"wp:attachment":[{"href":"https:\/\/math.univ-lyon1.fr\/dbl-licence-matheco\/index.php?rest_route=%2Fwp%2Fv2%2Fmedia&parent=285"}],"curies":[{"name":"wp","href":"https:\/\/api.w.org\/{rel}","templated":true}]}}