{"id":291,"date":"2021-12-10T15:25:33","date_gmt":"2021-12-10T14:25:33","guid":{"rendered":"https:\/\/math.univ-lyon1.fr\/dbl-licence-matheco\/?page_id=291"},"modified":"2025-03-10T14:00:08","modified_gmt":"2025-03-10T13:00:08","slug":"inscription","status":"publish","type":"page","link":"https:\/\/math.univ-lyon1.fr\/dbl-licence-matheco\/?page_id=291","title":{"rendered":"Candidatures, inscription"},"content":{"rendered":"<h2><span style=\"color: #808080;\">Candidature en premi\u00e8re ann\u00e9e (L1)<\/span><\/h2>\n\n\n<div class=\"wp-block-media-text alignwide is-stacked-on-mobile\" style=\"grid-template-columns:26% auto\"><figure class=\"wp-block-media-text__media\"><a href=\"https:\/\/www.parcoursup.fr\/\"><img loading=\"lazy\" decoding=\"async\" width=\"620\" height=\"221\" src=\"https:\/\/math.univ-lyon1.fr\/dbl-licence-matheco\/wp-content\/uploads\/2021\/12\/Logo_parcoursup.png\" alt=\"\" class=\"wp-image-383 size-full\" srcset=\"https:\/\/math.univ-lyon1.fr\/dbl-licence-matheco\/wp-content\/uploads\/2021\/12\/Logo_parcoursup.png 620w, https:\/\/math.univ-lyon1.fr\/dbl-licence-matheco\/wp-content\/uploads\/2021\/12\/Logo_parcoursup-300x107.png 300w\" sizes=\"auto, (max-width: 620px) 100vw, 620px\" \/><\/a><\/figure><div class=\"wp-block-media-text__content\">\n<ul class=\"wp-block-list\">\n<li>Consulter la <a href=\"https:\/\/dossier.parcoursup.fr\/Candidats\/public\/fiches\/afficherFicheFormation?g_ta_cod=36114\">fiche parcoursup<\/a> de la double licence. <\/li>\n\n\n\n<li>Cr\u00e9er un dossier candidat sur parcoursup (apr\u00e8s le <strong>15 janvier 2025<\/strong>).<\/li>\n\n\n\n<li>Formuler un <strong>v\u0153u<\/strong> pour la double licence avant le <strong>13 mars 2025<\/strong>.<\/li>\n\n\n\n<li>Confirmer le v\u0153u avant le <strong>2 avril 2025<\/strong>.<\/li>\n<\/ul>\n\n\n\n<div style=\"height:55px\" aria-hidden=\"true\" class=\"wp-block-spacer\"><\/div>\n<\/div><\/div>\n\n\n<h2><span style=\"color: #0071a1;\"><span style=\"color: #808080;\">Candidature en deuxi\u00e8me (L2) et troisi\u00e8me ann\u00e9e (L3)<\/span><br \/><\/span><\/h2>\n\n\n<div class=\"wp-block-media-text alignwide is-stacked-on-mobile\" style=\"grid-template-columns:26% auto\"><figure class=\"wp-block-media-text__media\"><img loading=\"lazy\" decoding=\"async\" width=\"542\" height=\"128\" src=\"https:\/\/math.univ-lyon1.fr\/dbl-licence-matheco\/wp-content\/uploads\/2021\/12\/Capture-de\u0301cran-2021-12-13-a\u0300-00.04.21.png\" alt=\"\" class=\"wp-image-409 size-full\" srcset=\"https:\/\/math.univ-lyon1.fr\/dbl-licence-matheco\/wp-content\/uploads\/2021\/12\/Capture-de\u0301cran-2021-12-13-a\u0300-00.04.21.png 542w, https:\/\/math.univ-lyon1.fr\/dbl-licence-matheco\/wp-content\/uploads\/2021\/12\/Capture-de\u0301cran-2021-12-13-a\u0300-00.04.21-300x71.png 300w\" sizes=\"auto, (max-width: 542px) 100vw, 542px\" \/><\/figure><div class=\"wp-block-media-text__content\">\n<ul class=\"wp-block-list\">\n<li>Sur l&rsquo;application <a href=\"https:\/\/ecandidat.univ-lyon1.fr\/\">e-candidat<\/a>, cliquer sur \u00ab centre de candidature Licence STS \u00bb. L&rsquo;application est g\u00e9n\u00e9ralement ouverte du d\u00e9but mai jusqu&rsquo;\u00e0 la deuxi\u00e8me ou la troisi\u00e8me semaine de juin.<\/li>\n\n\n\n<li>Ensuite \u00ab Licence LMD \u00bb.<\/li>\n\n\n\n<li>Ensuite \u00ab L2 double licence math\u00e9matiques et \u00e9conomie \u00bb, ou \u00ab L3 double licence math\u00e9matiques et \u00e9conomie \u00bb. Il est possible de se porter candidat aux niveaux L2 <strong>et<\/strong> L3<\/li>\n\n\n\n<li>Il est recommand\u00e9 aux \u00e9tudiants inscrits en L2 math\u00e9matiques dans un autre \u00e9tablissement de postuler au niveau L2. Cette double licence est moins accessible aux \u00e9tudiants inscrits en Licence d&rsquo;\u00e9conomie ou MIASHS.<\/li>\n<\/ul>\n\n\n\n<div style=\"height:55px\" aria-hidden=\"true\" class=\"wp-block-spacer\"><\/div>\n<\/div><\/div>\n\n\n<h2><span style=\"color: #808080;\">Inscription<\/span><\/h2>\n<p>Les inscriptions sont \u00e0 effectuer sur le portail <a href=\"https:\/\/mascol.univ-lyon1.fr\/login\">MaScol<\/a><\/p>","protected":false},"excerpt":{"rendered":"<p>Candidature en premi\u00e8re ann\u00e9e (L1) Candidature en deuxi\u00e8me (L2) et troisi\u00e8me ann\u00e9e (L3) Inscription Les inscriptions sont \u00e0 effectuer sur &hellip; <\/p>\n","protected":false},"author":6,"featured_media":0,"parent":0,"menu_order":0,"comment_status":"closed","ping_status":"closed","template":"","meta":{"footnotes":""},"class_list":["post-291","page","type-page","status-publish","hentry"],"_links":{"self":[{"href":"https:\/\/math.univ-lyon1.fr\/dbl-licence-matheco\/index.php?rest_route=\/wp\/v2\/pages\/291","targetHints":{"allow":["GET"]}}],"collection":[{"href":"https:\/\/math.univ-lyon1.fr\/dbl-licence-matheco\/index.php?rest_route=\/wp\/v2\/pages"}],"about":[{"href":"https:\/\/math.univ-lyon1.fr\/dbl-licence-matheco\/index.php?rest_route=\/wp\/v2\/types\/page"}],"author":[{"embeddable":true,"href":"https:\/\/math.univ-lyon1.fr\/dbl-licence-matheco\/index.php?rest_route=\/wp\/v2\/users\/6"}],"replies":[{"embeddable":true,"href":"https:\/\/math.univ-lyon1.fr\/dbl-licence-matheco\/index.php?rest_route=%2Fwp%2Fv2%2Fcomments&post=291"}],"version-history":[{"count":42,"href":"https:\/\/math.univ-lyon1.fr\/dbl-licence-matheco\/index.php?rest_route=\/wp\/v2\/pages\/291\/revisions"}],"predecessor-version":[{"id":1500,"href":"https:\/\/math.univ-lyon1.fr\/dbl-licence-matheco\/index.php?rest_route=\/wp\/v2\/pages\/291\/revisions\/1500"}],"wp:attachment":[{"href":"https:\/\/math.univ-lyon1.fr\/dbl-licence-matheco\/index.php?rest_route=%2Fwp%2Fv2%2Fmedia&parent=291"}],"curies":[{"name":"wp","href":"https:\/\/api.w.org\/{rel}","templated":true}]}}