{"id":298,"date":"2021-12-10T15:27:47","date_gmt":"2021-12-10T14:27:47","guid":{"rendered":"https:\/\/math.univ-lyon1.fr\/dbl-licence-matheco\/?page_id=298"},"modified":"2024-05-13T23:39:59","modified_gmt":"2024-05-13T21:39:59","slug":"contact","status":"publish","type":"page","link":"https:\/\/math.univ-lyon1.fr\/dbl-licence-matheco\/?page_id=298","title":{"rendered":"Contacts"},"content":{"rendered":"\n<div class=\"wp-block-columns is-layout-flex wp-container-core-columns-is-layout-9d6595d7 wp-block-columns-is-layout-flex\">\n<div class=\"wp-block-column is-layout-flow wp-block-column-is-layout-flow\">\n<h2 class=\"wp-block-heading\"><mark style=\"background-color:rgba(0, 0, 0, 0);color:#0071a1\" class=\"has-inline-color\">Scolarit\u00e9<\/mark><\/h2>\n\n\n\n<p><a href=\"mailto:scolarite.licence.portail.Mathematiques-Informatique@univ-lyon1.fr\">Virginie Vernier<\/a><\/p>\n\n\n\n<p><\/p>\n\n\n\n<p><strong>Scolarit\u00e9 de la licence<\/strong> <\/p>\n\n\n\n<p>Portail Math\u00e9matiques-Informatique <br>Le Quai 43, Bureau 117<br>43 Boulevard du 11 novembre 1918<br>69622 Villeurbanne Cedex<br>Tel : 04.26.23.44.36<\/p>\n\n\n\n<div class=\"wp-block-columns is-layout-flex wp-container-core-columns-is-layout-9d6595d7 wp-block-columns-is-layout-flex\">\n<div class=\"wp-block-column is-layout-flow wp-block-column-is-layout-flow\">\n<figure class=\"wp-block-image size-full\"><a href=\"https:\/\/fst-mathematiques.univ-lyon1.fr\/\" target=\"_blank\" rel=\"noopener\"><img loading=\"lazy\" decoding=\"async\" width=\"295\" height=\"118\" src=\"https:\/\/math.univ-lyon1.fr\/dbl-licence-matheco\/wp-content\/uploads\/2021\/12\/20191002_pictofstmaths-01-e1638442795549.png\" alt=\"\" class=\"wp-image-50\"\/><\/a><\/figure>\n\n\n\n<figure class=\"wp-block-image size-large\"><a href=\"https:\/\/isfa.univ-lyon1.fr\/\" target=\"_blank\" rel=\"noopener\"><img loading=\"lazy\" decoding=\"async\" width=\"1024\" height=\"407\" src=\"https:\/\/math.univ-lyon1.fr\/dbl-licence-matheco\/wp-content\/uploads\/2021\/12\/logo-isfa-noir-1024x407.png\" alt=\"\" class=\"wp-image-51\" srcset=\"https:\/\/math.univ-lyon1.fr\/dbl-licence-matheco\/wp-content\/uploads\/2021\/12\/logo-isfa-noir-1024x407.png 1024w, https:\/\/math.univ-lyon1.fr\/dbl-licence-matheco\/wp-content\/uploads\/2021\/12\/logo-isfa-noir-300x119.png 300w, https:\/\/math.univ-lyon1.fr\/dbl-licence-matheco\/wp-content\/uploads\/2021\/12\/logo-isfa-noir-768x305.png 768w, https:\/\/math.univ-lyon1.fr\/dbl-licence-matheco\/wp-content\/uploads\/2021\/12\/logo-isfa-noir-1536x610.png 1536w, https:\/\/math.univ-lyon1.fr\/dbl-licence-matheco\/wp-content\/uploads\/2021\/12\/logo-isfa-noir-2048x813.png 2048w, https:\/\/math.univ-lyon1.fr\/dbl-licence-matheco\/wp-content\/uploads\/2021\/12\/logo-isfa-noir-1568x623.png 1568w\" sizes=\"auto, (max-width: 1024px) 100vw, 1024px\" \/><\/a><\/figure>\n<\/div>\n\n\n\n<div class=\"wp-block-column is-layout-flow wp-block-column-is-layout-flow\"><\/div>\n<\/div>\n<\/div>\n\n\n\n<div class=\"wp-block-column is-layout-flow wp-block-column-is-layout-flow\">\n<h2 class=\"wp-block-heading\"><mark style=\"background-color:rgba(0, 0, 0, 0);color:#0071a1\" class=\"has-inline-color\">Responsables p\u00e9dagogiques<\/mark><\/h2>\n\n\n\n<p><a href=\"mailto:brandolese@math.univ-lyon1.fr\">Lorenzo Brandolese<\/a> (Math\u00e9matiques)<\/p>\n\n\n\n<p class=\"has-text-align-left\"><strong><a href=\"https:\/\/fst-mathematiques.univ-lyon1.fr\/\" data-type=\"URL\" data-id=\"https:\/\/fst-mathematiques.univ-lyon1.fr\/\" target=\"_blank\" rel=\"noreferrer noopener\">D\u00e9partement de Math\u00e9matiques<\/a><\/strong><br>B\u00e2t. Braconnier, bureau 238<br>Campus Lyon-Tech La Doua<br>69622 Villeurbanne Cedex<br>Tel : 04.72.44.79.39<\/p>\n\n\n\n<p><\/p>\n\n\n\n<p><a href=\"mailto:caroline.champagne-de-labriolle@univ-lyon1.fr\">Caroline Champagne de Labriolle<\/a> et <a href=\"mailto:jean-louis.rulliere@univ-lyon1.fr\">Jean-Louis Rulli\u00e8re<\/a> (\u00c9conomie)<\/p>\n\n\n\n<p><a href=\"https:\/\/isfa.univ-lyon1.fr\/\" data-type=\"URL\" data-id=\"https:\/\/isfa.univ-lyon1.fr\/\" target=\"_blank\" rel=\"noreferrer noopener\">Institut de Science Financi\u00e8re et d&rsquo;Assurances &#8211; ISFA<\/a><br>50 avenue Tony Garnier,<br>69366 LYON CEDEX 07<br>M\u00e9tro B, arr\u00eat Stade de Gerland<br>Tel : 04.72.69.21.55 (C. Champagne)<br>Tel : 04.37.28.76.09 (J.-L. Rulli\u00e8re)<\/p>\n\n\n\n<p><\/p>\n\n\n\n<p><\/p>\n<\/div>\n<\/div>\n\n\n\n<div class=\"wp-block-columns is-layout-flex wp-container-core-columns-is-layout-9d6595d7 wp-block-columns-is-layout-flex\">\n<div class=\"wp-block-column is-layout-flow wp-block-column-is-layout-flow\">\n<h1 class=\"wp-block-heading has-text-align-center\"><mark style=\"background-color:rgba(0, 0, 0, 0);color:#0071a1\" class=\"has-inline-color\">Courrier \u00e9lectronique de mise en contact<\/mark><\/h1>\n\n\n\n<h1 class=\"wp-block-heading has-text-align-center\"><a href=\"mailto:matheco@univ-lyon1.fr\">matheco@univ-lyon1.fr<\/a><\/h1>\n\n\n<div class=\"wp-block-image\">\n<figure class=\"aligncenter size-full is-resized\"><a href=\"mailto:matheco@univ-lyon1.fr\" target=\"_blank\" rel=\"mailto:matheco@univ-lyon1.fr noopener\"><img loading=\"lazy\" decoding=\"async\" width=\"225\" height=\"225\" src=\"https:\/\/math.univ-lyon1.fr\/dbl-licence-matheco\/wp-content\/uploads\/2021\/12\/Logo-email.png\" alt=\"\" class=\"wp-image-748\" style=\"width:59px;height:59px\" srcset=\"https:\/\/math.univ-lyon1.fr\/dbl-licence-matheco\/wp-content\/uploads\/2021\/12\/Logo-email.png 225w, https:\/\/math.univ-lyon1.fr\/dbl-licence-matheco\/wp-content\/uploads\/2021\/12\/Logo-email-150x150.png 150w, https:\/\/math.univ-lyon1.fr\/dbl-licence-matheco\/wp-content\/uploads\/2021\/12\/Logo-email-70x70.png 70w, https:\/\/math.univ-lyon1.fr\/dbl-licence-matheco\/wp-content\/uploads\/2021\/12\/Logo-email-125x125.png 125w\" sizes=\"auto, (max-width: 225px) 100vw, 225px\" \/><\/a><\/figure>\n<\/div><\/div>\n<\/div>\n\n\n\n<p><\/p>\n","protected":false},"excerpt":{"rendered":"<p>Scolarit\u00e9 Virginie Vernier Scolarit\u00e9 de la licence Portail Math\u00e9matiques-Informatique Le Quai 43, Bureau 11743 Boulevard du 11 novembre 191869622 Villeurbanne &hellip; <\/p>\n","protected":false},"author":6,"featured_media":0,"parent":0,"menu_order":0,"comment_status":"closed","ping_status":"closed","template":"","meta":{"footnotes":""},"class_list":["post-298","page","type-page","status-publish","hentry"],"_links":{"self":[{"href":"https:\/\/math.univ-lyon1.fr\/dbl-licence-matheco\/index.php?rest_route=\/wp\/v2\/pages\/298","targetHints":{"allow":["GET"]}}],"collection":[{"href":"https:\/\/math.univ-lyon1.fr\/dbl-licence-matheco\/index.php?rest_route=\/wp\/v2\/pages"}],"about":[{"href":"https:\/\/math.univ-lyon1.fr\/dbl-licence-matheco\/index.php?rest_route=\/wp\/v2\/types\/page"}],"author":[{"embeddable":true,"href":"https:\/\/math.univ-lyon1.fr\/dbl-licence-matheco\/index.php?rest_route=\/wp\/v2\/users\/6"}],"replies":[{"embeddable":true,"href":"https:\/\/math.univ-lyon1.fr\/dbl-licence-matheco\/index.php?rest_route=%2Fwp%2Fv2%2Fcomments&post=298"}],"version-history":[{"count":16,"href":"https:\/\/math.univ-lyon1.fr\/dbl-licence-matheco\/index.php?rest_route=\/wp\/v2\/pages\/298\/revisions"}],"predecessor-version":[{"id":1475,"href":"https:\/\/math.univ-lyon1.fr\/dbl-licence-matheco\/index.php?rest_route=\/wp\/v2\/pages\/298\/revisions\/1475"}],"wp:attachment":[{"href":"https:\/\/math.univ-lyon1.fr\/dbl-licence-matheco\/index.php?rest_route=%2Fwp%2Fv2%2Fmedia&parent=298"}],"curies":[{"name":"wp","href":"https:\/\/api.w.org\/{rel}","templated":true}]}}