{"id":35,"date":"2021-12-07T14:00:57","date_gmt":"2021-12-07T13:00:57","guid":{"rendered":"https:\/\/math.univ-lyon1.fr\/dbl-licence-matheco\/?page_id=35"},"modified":"2025-07-27T18:53:33","modified_gmt":"2025-07-27T16:53:33","slug":"home","status":"publish","type":"page","link":"https:\/\/math.univ-lyon1.fr\/dbl-licence-matheco\/","title":{"rendered":"Accueil"},"content":{"rendered":"\n<div class=\"wp-block-cover alignfull is-light has-custom-content-position is-position-bottom-center\" style=\"min-height:803px;aspect-ratio:unset;\"><img loading=\"lazy\" decoding=\"async\" width=\"1880\" height=\"1253\" class=\"wp-block-cover__image-background wp-image-54\" alt=\"\" src=\"https:\/\/math.univ-lyon1.fr\/dbl-licence-matheco\/wp-content\/uploads\/2021\/12\/pexels-photo-3762800.jpeg\" data-object-fit=\"cover\" srcset=\"https:\/\/math.univ-lyon1.fr\/dbl-licence-matheco\/wp-content\/uploads\/2021\/12\/pexels-photo-3762800.jpeg 1880w, https:\/\/math.univ-lyon1.fr\/dbl-licence-matheco\/wp-content\/uploads\/2021\/12\/pexels-photo-3762800-300x200.jpeg 300w, https:\/\/math.univ-lyon1.fr\/dbl-licence-matheco\/wp-content\/uploads\/2021\/12\/pexels-photo-3762800-1024x682.jpeg 1024w, https:\/\/math.univ-lyon1.fr\/dbl-licence-matheco\/wp-content\/uploads\/2021\/12\/pexels-photo-3762800-768x512.jpeg 768w, https:\/\/math.univ-lyon1.fr\/dbl-licence-matheco\/wp-content\/uploads\/2021\/12\/pexels-photo-3762800-1536x1024.jpeg 1536w, https:\/\/math.univ-lyon1.fr\/dbl-licence-matheco\/wp-content\/uploads\/2021\/12\/pexels-photo-3762800-1568x1045.jpeg 1568w\" sizes=\"auto, (max-width: 1880px) 100vw, 1880px\" \/><span aria-hidden=\"true\" class=\"wp-block-cover__background has-background-dim\"><\/span><div class=\"wp-block-cover__inner-container is-layout-flow wp-block-cover-is-layout-flow\">\n<div style=\"height:327px\" aria-hidden=\"true\" class=\"wp-block-spacer\"><\/div>\n\n\n\n<h2 class=\"wp-block-heading has-text-align-left has-white-color has-text-color\">\u00c0 qui s&rsquo;adresse la Double Licence Math\u00e9matiques et \u00c9conomie ? <\/h2>\n\n\n\n<p class=\"has-text-align-left has-white-color has-text-color\">Il est attendu que les \u00e9tudiants de cette double licence aient une forte motivation pour l&rsquo;abstraction consacr\u00e9e aux enjeux \u00e9conomiques r\u00e9els et qu&rsquo;ils ma\u00eetrisent, \u00e0 l&rsquo;issue de la classe de terminale, le socle de connaissances de la <em>sp\u00e9cialit\u00e9 math\u00e9matiques<\/em>. La sp\u00e9cialit\u00e9 de baccalaur\u00e9at <em>Sciences \u00e9conomiques et sociales<\/em> n&rsquo;est pas un pr\u00e9requis. <\/p>\n<\/div><\/div>\n\n\n\n<div class=\"wp-block-group alignfull\"><div class=\"wp-block-group__inner-container is-layout-flow wp-block-group-is-layout-flow\">\n<div style=\"height:41px\" aria-hidden=\"true\" class=\"wp-block-spacer\"><\/div>\n\n\n\n<h1 class=\"wp-block-heading has-text-color\" style=\"color:#2f80c2\">Pourquoi une Double Licence Math\u00e9matiques et \u00c9conomie ? <\/h1>\n\n\n\n<p>Dans nos soci\u00e9t\u00e9s contemporaines, la prise de d\u00e9cision \u00e9conomique se heurte \u00e0 une complexit\u00e9 croissante. Elle touche des enjeux concrets et vari\u00e9s : certains d\u2019ampleur mondiale, comme le r\u00e9chauffement climatique ou les cons\u00e9quences soci\u00e9tales du vieillissement de la population ; d\u2019autres directement li\u00e9s au quotidien, tels que l\u2019acc\u00e8s aux soins, l\u2019organisation du travail ou les probl\u00e9matiques de mobilit\u00e9.<\/p>\n\n\n\n<p>Aborder ces questions suppose d<strong>\u2019\u00e9valuer<\/strong>, de <strong>mod\u00e9liser<\/strong> et de <strong>mesurer<\/strong>. Les math\u00e9matiques apportent la rigueur n\u00e9cessaire \u00e0 l\u2019analyse \u00e9conomique: elles interviennent dans la mod\u00e9lisation, la prise de d\u00e9cision des institutions et entreprises, ou encore l\u2019exploitation des donn\u00e9es disponibles.<\/p>\n\n\n\n<p>La double licence Math\u00e9matiques \u2013 \u00c9conomie offre, en trois ans, une formation exigeante et \u00e9quilibr\u00e9e dans les deux disciplines. Elle permet \u00e9galement d\u2019acqu\u00e9rir des comp\u00e9tences en gestion, informatique et science des donn\u00e9es.<\/p>\n\n\n\n<p>Ce parcours ouvre ainsi de nombreuses possibilit\u00e9s de <strong>poursuite d\u2019\u00e9tudes en Master,<\/strong> tout en pr\u00e9parant \u00e0 une insertion professionnelle de haut niveau.<\/p>\n\n\n\n<div class=\"wp-block-columns is-layout-flex wp-container-core-columns-is-layout-9d6595d7 wp-block-columns-is-layout-flex\">\n<div class=\"wp-block-column is-layout-flow wp-block-column-is-layout-flow\">\n<figure class=\"wp-block-image size-full\"><a href=\"https:\/\/fst-mathematiques.univ-lyon1.fr\/\"><img loading=\"lazy\" decoding=\"async\" width=\"295\" height=\"118\" src=\"https:\/\/math.univ-lyon1.fr\/dbl-licence-matheco\/wp-content\/uploads\/2021\/12\/20191002_pictofstmaths-01-e1638442795549.png\" alt=\"\" class=\"wp-image-50\"\/><\/a><\/figure>\n<\/div>\n\n\n\n<div class=\"wp-block-column is-layout-flow wp-block-column-is-layout-flow\">\n<p class=\"has-text-align-center\"><\/p>\n<\/div>\n\n\n\n<div class=\"wp-block-column is-layout-flow wp-block-column-is-layout-flow\">\n<figure class=\"wp-block-image size-large is-resized\"><a href=\"https:\/\/isfa.univ-lyon1.fr\/\" target=\"_blank\" rel=\"noopener\"><img loading=\"lazy\" decoding=\"async\" width=\"1024\" height=\"407\" src=\"https:\/\/math.univ-lyon1.fr\/dbl-licence-matheco\/wp-content\/uploads\/2021\/12\/logo-isfa-noir-1024x407.png\" alt=\"\" class=\"wp-image-51\" style=\"width:263px;height:104px\" srcset=\"https:\/\/math.univ-lyon1.fr\/dbl-licence-matheco\/wp-content\/uploads\/2021\/12\/logo-isfa-noir-1024x407.png 1024w, https:\/\/math.univ-lyon1.fr\/dbl-licence-matheco\/wp-content\/uploads\/2021\/12\/logo-isfa-noir-300x119.png 300w, https:\/\/math.univ-lyon1.fr\/dbl-licence-matheco\/wp-content\/uploads\/2021\/12\/logo-isfa-noir-768x305.png 768w, https:\/\/math.univ-lyon1.fr\/dbl-licence-matheco\/wp-content\/uploads\/2021\/12\/logo-isfa-noir-1536x610.png 1536w, https:\/\/math.univ-lyon1.fr\/dbl-licence-matheco\/wp-content\/uploads\/2021\/12\/logo-isfa-noir-2048x813.png 2048w, https:\/\/math.univ-lyon1.fr\/dbl-licence-matheco\/wp-content\/uploads\/2021\/12\/logo-isfa-noir-1568x623.png 1568w\" sizes=\"auto, (max-width: 1024px) 100vw, 1024px\" \/><\/a><\/figure>\n<\/div>\n<\/div>\n\n\n\n<div style=\"height:40px\" aria-hidden=\"true\" class=\"wp-block-spacer\"><\/div>\n<\/div><\/div>\n","protected":false},"excerpt":{"rendered":"","protected":false},"author":1,"featured_media":0,"parent":0,"menu_order":0,"comment_status":"closed","ping_status":"closed","template":"","meta":{"footnotes":""},"class_list":["post-35","page","type-page","status-publish","hentry"],"_links":{"self":[{"href":"https:\/\/math.univ-lyon1.fr\/dbl-licence-matheco\/index.php?rest_route=\/wp\/v2\/pages\/35","targetHints":{"allow":["GET"]}}],"collection":[{"href":"https:\/\/math.univ-lyon1.fr\/dbl-licence-matheco\/index.php?rest_route=\/wp\/v2\/pages"}],"about":[{"href":"https:\/\/math.univ-lyon1.fr\/dbl-licence-matheco\/index.php?rest_route=\/wp\/v2\/types\/page"}],"author":[{"embeddable":true,"href":"https:\/\/math.univ-lyon1.fr\/dbl-licence-matheco\/index.php?rest_route=\/wp\/v2\/users\/1"}],"replies":[{"embeddable":true,"href":"https:\/\/math.univ-lyon1.fr\/dbl-licence-matheco\/index.php?rest_route=%2Fwp%2Fv2%2Fcomments&post=35"}],"version-history":[{"count":78,"href":"https:\/\/math.univ-lyon1.fr\/dbl-licence-matheco\/index.php?rest_route=\/wp\/v2\/pages\/35\/revisions"}],"predecessor-version":[{"id":1527,"href":"https:\/\/math.univ-lyon1.fr\/dbl-licence-matheco\/index.php?rest_route=\/wp\/v2\/pages\/35\/revisions\/1527"}],"wp:attachment":[{"href":"https:\/\/math.univ-lyon1.fr\/dbl-licence-matheco\/index.php?rest_route=%2Fwp%2Fv2%2Fmedia&parent=35"}],"curies":[{"name":"wp","href":"https:\/\/api.w.org\/{rel}","templated":true}]}}