{"id":369,"date":"2021-12-11T12:41:52","date_gmt":"2021-12-11T11:41:52","guid":{"rendered":"https:\/\/math.univ-lyon1.fr\/dbl-licence-matheco\/?page_id=369"},"modified":"2022-01-13T09:15:00","modified_gmt":"2022-01-13T08:15:00","slug":"metiers-secteurs-dactivite","status":"publish","type":"page","link":"https:\/\/math.univ-lyon1.fr\/dbl-licence-matheco\/?page_id=369","title":{"rendered":"M\u00e9tiers &#8211; Secteurs d&rsquo;activit\u00e9"},"content":{"rendered":"\n<div class=\"wp-block-group alignfull has-background\" style=\"background-color:#f1f1f1\"><div class=\"wp-block-group__inner-container is-layout-flow wp-block-group-is-layout-flow\">\n<div class=\"wp-block-columns alignfull is-layout-flex wp-container-core-columns-is-layout-9d6595d7 wp-block-columns-is-layout-flex\">\n<div class=\"wp-block-column is-layout-flow wp-block-column-is-layout-flow\">\n<div class=\"wp-block-image\"><figure class=\"aligncenter size-large\"><img loading=\"lazy\" decoding=\"async\" width=\"1024\" height=\"682\" src=\"https:\/\/math.univ-lyon1.fr\/dbl-licence-matheco\/wp-content\/uploads\/2021\/12\/pexels-photo-3184465-1-1024x682.jpeg\" alt=\"\" class=\"wp-image-94\" srcset=\"https:\/\/math.univ-lyon1.fr\/dbl-licence-matheco\/wp-content\/uploads\/2021\/12\/pexels-photo-3184465-1-1024x682.jpeg 1024w, https:\/\/math.univ-lyon1.fr\/dbl-licence-matheco\/wp-content\/uploads\/2021\/12\/pexels-photo-3184465-1-300x200.jpeg 300w, https:\/\/math.univ-lyon1.fr\/dbl-licence-matheco\/wp-content\/uploads\/2021\/12\/pexels-photo-3184465-1-768x512.jpeg 768w, https:\/\/math.univ-lyon1.fr\/dbl-licence-matheco\/wp-content\/uploads\/2021\/12\/pexels-photo-3184465-1-1536x1024.jpeg 1536w, https:\/\/math.univ-lyon1.fr\/dbl-licence-matheco\/wp-content\/uploads\/2021\/12\/pexels-photo-3184465-1-1568x1045.jpeg 1568w, https:\/\/math.univ-lyon1.fr\/dbl-licence-matheco\/wp-content\/uploads\/2021\/12\/pexels-photo-3184465-1.jpeg 1880w\" sizes=\"auto, (max-width: 1024px) 100vw, 1024px\" \/><\/figure><\/div>\n<\/div>\n<\/div>\n\n\n\n<div style=\"height:50px\" aria-hidden=\"true\" class=\"wp-block-spacer\"><\/div>\n\n\n\n<h2 class=\"wp-block-heading\">Secteurs d&rsquo;activit\u00e9 concern\u00e9s<\/h2>\n\n\n\n<ul class=\"wp-block-list\"><li>Assurance, Banques<\/li><li>Sant\u00e9, Secteur m\u00e9dical, Entreprises pharmaceutiques<\/li><li>Bureaux d\u2019\u00e9tudes \u00e9conomiques : financi\u00e8res, actuarielles, marketing, ressources humaines.<\/li><li>\u00c9cologie, Environnement, Transport<\/li><li>Agence de r\u00e9gulation \u00e9conomique<\/li><li>Organismes de recherche publics et priv\u00e9s, \u00c9ducation nationale<\/li><\/ul>\n\n\n\n<div style=\"height:33px\" aria-hidden=\"true\" class=\"wp-block-spacer\"><\/div>\n\n\n\n<h2 class=\"wp-block-heading\">M\u00e9tiers accessibles apr\u00e8s un Master et faisant suite \u00e0 la Double Licence Math\u00e9matiques et \u00c9conomie<\/h2>\n\n\n\n<ul class=\"wp-block-list\"><li>\u00c9conom\u00e8tre<\/li><li>Statisticien<\/li><li>Ing\u00e9nieur math\u00e9maticien<\/li><li>Risque Manager<\/li><li>Ing\u00e9nieur support salle de march\u00e9<\/li><li>Scoring, Analyste Credit Risk<\/li><li>Charg\u00e9 de produit d&rsquo;assurance<\/li><li>Actuaire<\/li><li>Data Engineer, Data Scientist, Data Analyst<\/li><li>Bio-statisticien<\/li><li>Charg\u00e9 d\u2019\u00e9tude Data Mining<\/li><li>Charg\u00e9 d\u2019\u00e9tudes de march\u00e9<\/li><li>Analyste de Politique publiques<\/li><li>Charg\u00e9 d\u2019\u00e9tudes \u00e9conomiques<\/li><\/ul>\n\n\n\n<div style=\"height:100px\" aria-hidden=\"true\" class=\"wp-block-spacer\"><\/div>\n<\/div><\/div>\n","protected":false},"excerpt":{"rendered":"","protected":false},"author":3,"featured_media":0,"parent":0,"menu_order":0,"comment_status":"closed","ping_status":"closed","template":"","meta":{"footnotes":""},"class_list":["post-369","page","type-page","status-publish","hentry"],"_links":{"self":[{"href":"https:\/\/math.univ-lyon1.fr\/dbl-licence-matheco\/index.php?rest_route=\/wp\/v2\/pages\/369","targetHints":{"allow":["GET"]}}],"collection":[{"href":"https:\/\/math.univ-lyon1.fr\/dbl-licence-matheco\/index.php?rest_route=\/wp\/v2\/pages"}],"about":[{"href":"https:\/\/math.univ-lyon1.fr\/dbl-licence-matheco\/index.php?rest_route=\/wp\/v2\/types\/page"}],"author":[{"embeddable":true,"href":"https:\/\/math.univ-lyon1.fr\/dbl-licence-matheco\/index.php?rest_route=\/wp\/v2\/users\/3"}],"replies":[{"embeddable":true,"href":"https:\/\/math.univ-lyon1.fr\/dbl-licence-matheco\/index.php?rest_route=%2Fwp%2Fv2%2Fcomments&post=369"}],"version-history":[{"count":3,"href":"https:\/\/math.univ-lyon1.fr\/dbl-licence-matheco\/index.php?rest_route=\/wp\/v2\/pages\/369\/revisions"}],"predecessor-version":[{"id":425,"href":"https:\/\/math.univ-lyon1.fr\/dbl-licence-matheco\/index.php?rest_route=\/wp\/v2\/pages\/369\/revisions\/425"}],"wp:attachment":[{"href":"https:\/\/math.univ-lyon1.fr\/dbl-licence-matheco\/index.php?rest_route=%2Fwp%2Fv2%2Fmedia&parent=369"}],"curies":[{"name":"wp","href":"https:\/\/api.w.org\/{rel}","templated":true}]}}