{"id":60,"date":"2021-12-09T07:15:00","date_gmt":"2021-12-09T06:15:00","guid":{"rendered":"https:\/\/math.univ-lyon1.fr\/dbl-licence-matheco\/?page_id=60"},"modified":"2025-09-04T11:00:50","modified_gmt":"2025-09-04T09:00:50","slug":"responsables-due-annee-2019-20","status":"publish","type":"page","link":"https:\/\/math.univ-lyon1.fr\/dbl-licence-matheco\/?page_id=60","title":{"rendered":"Responsables de cours"},"content":{"rendered":"\n<h2 class=\"wp-block-heading has-vivid-cyan-blue-color has-text-color\" id=\"semestre-1\">Semestre 1 de la premi\u00e8re ann\u00e9e L1<\/h2>\n\n\n\n<figure class=\"wp-block-table is-style-regular\"><table class=\"has-black-color has-text-color has-fixed-layout\"><thead><tr><th class=\"has-text-align-right\" data-align=\"right\"> Unit\u00e9 d&rsquo;Enseignement (UE) &#8211; <em>cours<\/em> <br><\/th><th class=\"has-text-align-right\" data-align=\"right\">Responsable de l&rsquo;enseignement<br><\/th><\/tr><\/thead><tbody><tr><td class=\"has-text-align-right\" data-align=\"right\">Alg\u00e8bre 1<\/td><td class=\"has-text-align-right\" data-align=\"right\"><a href=\"betermin@math.univ-lyon1.fr\">Laurent Betermin<\/a><\/td><\/tr><tr><td class=\"has-text-align-right\" data-align=\"right\">Analyse pour math\u00e9maticiens 1<\/td><td class=\"has-text-align-right\" data-align=\"right\"><mark style=\"background-color:rgba(0, 0, 0, 0)\" class=\"has-inline-color has-pale-cyan-blue-color\"><a href=\"mailto:gentil@math.univ-lyon1.fr\">Ivan Gentil<\/a><\/mark><\/td><\/tr><tr><td class=\"has-text-align-right\" data-align=\"right\">Introduction \u00e0 l&rsquo;\u00e9conomie <\/td><td class=\"has-text-align-right\" data-align=\"right\"><mark style=\"background-color:rgba(0, 0, 0, 0)\" class=\"has-inline-color has-pale-cyan-blue-color\"><a href=\"mailto:jean-louis.rulliere@univ-lyon1.fr\" target=\"_blank\" rel=\"noreferrer noopener\">Jean-Louis Rulli\u00e8re<\/a><\/mark><\/td><\/tr><tr><td class=\"has-text-align-right\" data-align=\"right\">LIFAP1 &#8211; Algorithmique Programmation Imp\u00e9rative, Initiation<\/td><td class=\"has-text-align-right\" data-align=\"right\"><mark style=\"background-color:rgba(0, 0, 0, 0)\" class=\"has-inline-color has-pale-cyan-blue-color\"><a href=\"mailto:elodie.desseree@liris.cnrs.fr\">\u00c9lodie Desser\u00e9e<\/a><\/mark><\/td><\/tr><tr><td class=\"has-text-align-right\" data-align=\"right\">Transversale 1<em> <\/em><\/td><td class=\"has-text-align-right\" data-align=\"right\"><mark style=\"background-color:rgba(0, 0, 0, 0)\" class=\"has-inline-color has-pale-cyan-blue-color\"><a href=\"mailto:philippe.poncharaluniv-lyon1.fr\">Ludovic Say<\/a><\/mark><\/td><\/tr><\/tbody><\/table><\/figure>\n\n\n\n<div style=\"height:30px\" aria-hidden=\"true\" class=\"wp-block-spacer\"><\/div>\n\n\n\n<h2 class=\"wp-block-heading has-vivid-cyan-blue-color has-text-color\" id=\"semestre-1\"> Semestre 2 de la premi\u00e8re ann\u00e9e L1 <\/h2>\n\n\n\n<figure class=\"wp-block-table is-style-regular\"><table class=\"has-fixed-layout\"><thead><tr><th class=\"has-text-align-right\" data-align=\"right\"> Unit\u00e9 d&rsquo;Enseignement (UE) &#8211; <em>cours<\/em> <\/th><th class=\"has-text-align-right\" data-align=\"right\">  Responsable de l&rsquo;enseignement<\/th><\/tr><\/thead><tbody><tr><td class=\"has-text-align-right\" data-align=\"right\">Alg\u00e8bre 2<\/td><td class=\"has-text-align-right\" data-align=\"right\"><a href=\"mailto:gauthier@math.univ-lyon1.fr\">S\u00e9bastien Gauthier<\/a><\/td><\/tr><tr><td class=\"has-text-align-right\" data-align=\"right\">Analyse pour math\u00e9maticiens 2<\/td><td class=\"has-text-align-right\" data-align=\"right\"><a href=\"mailto:fouassier@math.univ-lyon1.fr\">Elise Fouassier<\/a><\/td><\/tr><tr><td class=\"has-text-align-right\" data-align=\"right\">Probabilit\u00e9s &#8211; Statistiques 1<\/td><td class=\"has-text-align-right\" data-align=\"right\"><mark style=\"background-color:rgba(0, 0, 0, 0)\" class=\"has-inline-color has-pale-cyan-blue-color\"><a href=\"mailto:bergot@math.univ-lyon1.fr\">Morgane Bergot<\/a><\/mark><\/td><\/tr><tr><td class=\"has-text-align-right\" data-align=\"right\">Micro\u00e9conomie 1<\/td><td class=\"has-text-align-right\" data-align=\"right\"><a href=\"mailto:caroline.champagne-de-labriolle@univ-lyon1.fr\">Caroline Champagne de Labriolle<\/a><\/td><\/tr><tr><td class=\"has-text-align-right\" data-align=\"right\">Macro\u00e9conomie 1<\/td><td class=\"has-text-align-right\" data-align=\"right\"><mark style=\"background-color:rgba(0, 0, 0, 0)\" class=\"has-inline-color has-pale-cyan-blue-color\"><a href=\"mailto:alexis.penot@univ-lyon1.fr\" target=\"_blank\" rel=\"noreferrer noopener\">Alexis Penot<\/a><\/mark><\/td><\/tr><tr><td class=\"has-text-align-right\" data-align=\"right\">Transversale 2<\/td><td class=\"has-text-align-right\" data-align=\"right\"><mark style=\"background-color:rgba(0, 0, 0, 0)\" class=\"has-inline-color has-white-color\"> <\/mark><mark style=\"background-color:rgba(0, 0, 0, 0)\" class=\"has-inline-color has-pale-cyan-blue-color\"><a href=\"mailto:philippe.poncharal@univ-lyon1.fr\" data-type=\"mailto\">Ludovic Say<\/a><\/mark><\/td><\/tr><\/tbody><\/table><\/figure>\n\n\n\n<div style=\"height:30px\" aria-hidden=\"true\" class=\"wp-block-spacer\"><\/div>\n\n\n\n<h2 class=\"wp-block-heading has-vivid-cyan-blue-color has-text-color\"> Semestre 3 de la deuxi\u00e8me ann\u00e9e L2  <\/h2>\n\n\n\n<figure class=\"wp-block-table is-style-regular\"><table class=\"has-fixed-layout\"><thead><tr><th class=\"has-text-align-right\" data-align=\"right\"> Unit\u00e9 d&rsquo;Enseignement (UE) &#8211; <em>cours<\/em> <\/th><th class=\"has-text-align-right\" data-align=\"right\"> Responsable de l&rsquo;enseignement <\/th><\/tr><\/thead><tbody><tr><td class=\"has-text-align-right\" data-align=\"right\">Analyse pour l&rsquo;\u00e9conomie 1<\/td><td class=\"has-text-align-right\" data-align=\"right\"><mark style=\"background-color:rgba(0, 0, 0, 0)\" class=\"has-inline-color has-vivid-cyan-blue-color\"><a href=\"mailto:brandolese@math.univ-lyon1.fr\">Lorenzo Brandolese<\/a><\/mark><\/td><\/tr><tr><td class=\"has-text-align-right\" data-align=\"right\">Probabilit\u00e9s &#8211; Statistiques 2<\/td><td class=\"has-text-align-right\" data-align=\"right\"><a href=\"mailto:nadine.guillotin-plantard@univ-lyon1.fr\">Nadine Guillotin-Plantard<\/a><\/td><\/tr><tr><td class=\"has-text-align-right\" data-align=\"right\">Micro\u00e9conomie 2<br><em><small>March\u00e9s et \u00c9quilibre G\u00e9n\u00e9ral<\/small><\/em><br><em><small>Introduction \u00e0 la gestion<\/small><\/em><\/td><td class=\"has-text-align-right\" data-align=\"right\"><mark style=\"background-color:rgba(0, 0, 0, 0)\" class=\"has-inline-color has-white-color\"> <\/mark><mark style=\"background-color:rgba(0, 0, 0, 0)\" class=\"has-inline-color has-vivid-cyan-blue-color\"><a href=\"mailto:jean-yves.lesueur@univ-lyon1.fr\" data-type=\"mailto\">Jean-Yves Lesueur<\/a><\/mark><mark style=\"background-color:rgba(0, 0, 0, 0)\" class=\"has-inline-color has-white-color\"><br><\/mark><mark style=\"background-color:rgba(0, 0, 0, 0)\" class=\"has-inline-color has-vivid-cyan-blue-color\"><a href=\"mailto:jean-yves.lesueur@univ-lyon1.fr\" data-type=\"mailto\">Jean-Yves Lesueur<\/a><\/mark><br><mark style=\"background-color:rgba(0, 0, 0, 0)\" class=\"has-inline-color has-vivid-cyan-blue-color\"><a href=\"mailto:adeluermoz@yahoo.fr\" target=\"_blank\" rel=\"noreferrer noopener\">Alice Deluermoz<\/a><\/mark><\/td><\/tr><tr><td class=\"has-text-align-right\" data-align=\"right\">Applications \u00e9conomiques sous python&nbsp;<\/td><td class=\"has-text-align-right\" data-align=\"right\"><mark style=\"background-color:rgba(0, 0, 0, 0)\" class=\"has-inline-color has-vivid-cyan-blue-color\"><a href=\"mailto:denis.clot@univ-lyon1.fr\" target=\"_blank\" rel=\"noreferrer noopener\">Denis Clot<\/a><\/mark><\/td><\/tr><tr><td class=\"has-text-align-right\" data-align=\"right\">Lecture d&rsquo;\u00e9conomie 1<\/td><td class=\"has-text-align-right\" data-align=\"right\"><mark style=\"background-color:rgba(0, 0, 0, 0)\" class=\"has-inline-color has-white-color\"> <\/mark><mark style=\"background-color:rgba(0, 0, 0, 0)\" class=\"has-inline-color has-vivid-cyan-blue-color\"><a href=\"mailto:adeluermoz@yahoo.fr\" target=\"_blank\" rel=\"noreferrer noopener\"><\/a><a href=\"mailto:caroline.champagne-de-labriolle@univ-lyon1.fr\">Caroline Champagne de Labriolle<\/a><\/mark><\/td><\/tr><tr><td class=\"has-text-align-right\" data-align=\"right\">Transversale 3<\/td><td class=\"has-text-align-right\" data-align=\"right\"><mark style=\"background-color:rgba(0, 0, 0, 0)\" class=\"has-inline-color has-vivid-cyan-blue-color\"><a href=\"mailto:philippe.poncharaluniv-lyon1.fr\" data-type=\"mailto\">Ludovic Say<\/a><\/mark><\/td><\/tr><\/tbody><\/table><\/figure>\n\n\n\n<div style=\"height:30px\" aria-hidden=\"true\" class=\"wp-block-spacer\"><\/div>\n\n\n\n<div class=\"wp-block-group\"><div class=\"wp-block-group__inner-container is-layout-flow wp-block-group-is-layout-flow\">\n<h2 class=\"wp-block-heading has-vivid-cyan-blue-color has-text-color\" id=\"semestre-1\"> Semestre 4 de la deuxi\u00e8me ann\u00e9e L2<\/h2>\n<\/div><\/div>\n\n\n\n<figure class=\"wp-block-table is-style-regular\"><table class=\"has-fixed-layout\"><thead><tr><th class=\"has-text-align-right\" data-align=\"right\"> Unit\u00e9 d&rsquo;Enseignement (UE) &#8211; <em>cours<\/em> <\/th><th class=\"has-text-align-right\" data-align=\"right\">  Responsable de l&rsquo;enseignement<\/th><\/tr><\/thead><tbody><tr><td class=\"has-text-align-right\" data-align=\"right\">Analyse pour l&rsquo;\u00e9conomie 2<\/td><td class=\"has-text-align-right\" data-align=\"right\"><mark style=\"background-color:rgba(0, 0, 0, 0)\" class=\"has-inline-color has-vivid-cyan-blue-color\"><a href=\"mailto:brandolese@math.univ-lyon1.fr\">Lorenzo Brandolese<\/a><\/mark><\/td><\/tr><tr><td class=\"has-text-align-right\" data-align=\"right\">Diagonalisation et alg\u00e8bre bilin\u00e9aire<\/td><td class=\"has-text-align-right\" data-align=\"right\"><a href=\"mailto:itai.ben-yaacov@math.univ-lyon1.fr\">Itai Ben Yaacov<\/a><\/td><\/tr><tr><td class=\"has-text-align-right\" data-align=\"right\">Probabilit\u00e9s &#8211; Statistiques 3<\/td><td class=\"has-text-align-right\" data-align=\"right\"><mark style=\"background-color:rgba(0, 0, 0, 0)\" class=\"has-inline-color has-vivid-cyan-blue-color\"><a href=\"mailto:marteau@math.univ-lyon1.fr\">C\u00e9cile Mercadier<\/a><\/mark><\/td><\/tr><tr><td class=\"has-text-align-right\" data-align=\"right\">Macro\u00e9conomie 2<\/td><td class=\"has-text-align-right\" data-align=\"right\"><mark style=\"background-color:rgba(0, 0, 0, 0)\" class=\"has-inline-color has-vivid-cyan-blue-color\"><a href=\"mailto:nadege.marchand@univ-lyon2.fr\" target=\"_blank\" rel=\"noreferrer noopener\">Nad\u00e8ge Marchand<\/a><\/mark><\/td><\/tr><tr><td class=\"has-text-align-right\" data-align=\"right\">Micro\u00e9conomie appliqu\u00e9e 1<br><em><small>Concurrence imparfaite<\/small><\/em><\/td><td class=\"has-text-align-right\" data-align=\"right\"> <mark style=\"background-color:rgba(0, 0, 0, 0)\" class=\"has-inline-color has-vivid-cyan-blue-color\"><a href=\"mailto:caroline.champagne-de-labriolle@univ-lyon1.fr\" target=\"_blank\" rel=\"noreferrer noopener\">Caroline Champagne de Labriolle<\/a><\/mark><br> <\/td><\/tr><tr><td class=\"has-text-align-right\" data-align=\"right\"> Micro\u00e9conomie appliqu\u00e9e 2<br><em><small>Introduction \u00e0 la finance<\/small><\/em><br><em><small>\u00c9conomie publique<\/small><\/em> <\/td><td class=\"has-text-align-right\" data-align=\"right\"><mark style=\"background-color:rgba(0, 0, 0, 0)\" class=\"has-inline-color has-vivid-cyan-blue-color\"><a href=\"mailto:caroline.bayart@univ-lyon1.fr\" target=\"_blank\" rel=\"noreferrer noopener\">Caroline Bayart<\/a><\/mark><br><mark style=\"background-color:rgba(0, 0, 0, 0)\" class=\"has-inline-color has-vivid-cyan-blue-color\"><a href=\"mailto:katerina.straznicka@uca.fr\" target=\"_blank\" rel=\"noreferrer noopener\">Katerina Straznicka<\/a><\/mark><br><mark style=\"background-color:rgba(0, 0, 0, 0)\" class=\"has-inline-color has-vivid-cyan-blue-color\"><a href=\"mailto:caroline.bayart@univ-lyon1.fr\" target=\"_blank\" rel=\"noreferrer noopener\">Caroline Bayart<\/a><\/mark><\/td><\/tr><tr><td class=\"has-text-align-right\" data-align=\"right\">Transversale 4<\/td><td class=\"has-text-align-right\" data-align=\"right\"><mark style=\"background-color:rgba(0, 0, 0, 0)\" class=\"has-inline-color has-vivid-cyan-blue-color\"><a href=\"mailto:Ludovic.Say@univ-lyon1.fr\" data-type=\"mailto\">Ludovic Say<\/a><\/mark><\/td><\/tr><\/tbody><\/table><\/figure>\n\n\n\n<div style=\"height:30px\" aria-hidden=\"true\" class=\"wp-block-spacer\"><\/div>\n\n\n\n<h2 class=\"wp-block-heading has-vivid-cyan-blue-color has-text-color\" id=\"semestre-1\"> Semestre 5 de la troisi\u00e8me ann\u00e9e L3  <\/h2>\n\n\n\n<figure class=\"wp-block-table is-style-regular\"><table class=\"has-black-color has-text-color has-fixed-layout\"><thead><tr><th class=\"has-text-align-right\" data-align=\"right\"> Unit\u00e9 d&rsquo;Enseignement (UE) &#8211; <em>cours<\/em><\/th><th class=\"has-text-align-right\" data-align=\"right\">  Responsable de l&rsquo;enseignement<\/th><\/tr><\/thead><tbody><tr><td class=\"has-text-align-right\" data-align=\"right\">Topologie et th\u00e9orie de la mesure<\/td><td class=\"has-text-align-right\" data-align=\"right\"><a href=\"mailto:dabrowski@math.univ-loyn1.fr\">Yoann Dabrowski<\/a><\/td><\/tr><tr><td class=\"has-text-align-right\" data-align=\"right\">Alg\u00e8bre lin\u00e9aire, bilin\u00e9aire et analyse matricielle<\/td><td class=\"has-text-align-right\" data-align=\"right\"><mark style=\"background-color:rgba(0, 0, 0, 0)\" class=\"has-inline-color has-vivid-cyan-blue-color\"><a href=\"mailto:masnou@math.univ-lyon1.fr\">Simon Masnou<\/a><\/mark><\/td><\/tr><tr><td class=\"has-text-align-right\" data-align=\"right\">\u00c9conom\u00e9trie 1<\/td><td class=\"has-text-align-right\" data-align=\"right\"><a href=\"mailto:naomie.mahmoudi@univ-lyon1.fr\">Naomi Mahmoudi<\/a><\/td><\/tr><tr><td class=\"has-text-align-right\" data-align=\"right\">D\u00e9cision et jeux<\/td><td class=\"has-text-align-right\" data-align=\"right\"><mark style=\"background-color:rgba(0, 0, 0, 0)\" class=\"has-inline-color has-vivid-cyan-blue-color\"><a href=\"mailto:jean-louis.rulliere@univ-lyon1.fr\" target=\"_blank\" rel=\"noreferrer noopener\">Jean-Louis Rulli\u00e8re<\/a><\/mark><\/td><\/tr><tr><td class=\"has-text-align-right\" data-align=\"right\">Option :<br><em>Stage<\/em><br> <strong>ou<\/strong><em>   Structures discr\u00e8tes et applications <\/em><\/td><td class=\"has-text-align-right\" data-align=\"right\"><br> <a href=\"mailto:caroline.champagne-de-labriolle@univ-lyon1.fr\"><\/a><mark style=\"background-color:rgba(0, 0, 0, 0)\" class=\"has-inline-color has-vivid-cyan-blue-color\"><a rel=\"noreferrer noopener\" href=\"mailto:caroline.champagne-de-labriolle@univ-lyon1.fr\" target=\"_blank\">Caroline Champagne de Labriolle<\/a><\/mark><br><mark style=\"background-color:rgba(0, 0, 0, 0)\" class=\"has-inline-color has-vivid-cyan-blue-color\"><a href=\"mailto:hamza.si-kaddour@univ-lyon1.fr\" target=\"_blank\" rel=\"noreferrer noopener\">Hamza Si Kaddour<\/a><\/mark><\/td><\/tr><tr><td class=\"has-text-align-right\" data-align=\"right\">Transversale 5<em> <\/em><\/td><td class=\"has-text-align-right\" data-align=\"right\"><mark style=\"background-color:rgba(0, 0, 0, 0)\" class=\"has-inline-color has-vivid-cyan-blue-color\"><a href=\"mailto:philippe.poncharaluniv-lyon1.fr\" data-type=\"mailto\">Ludovic Say<\/a><\/mark><\/td><\/tr><\/tbody><\/table><\/figure>\n\n\n\n<div style=\"height:30px\" aria-hidden=\"true\" class=\"wp-block-spacer\"><\/div>\n\n\n\n<h2 class=\"wp-block-heading has-vivid-cyan-blue-color has-text-color\" id=\"semestre-1\"> Semestre 6 de la troisi\u00e8me ann\u00e9e L3  <\/h2>\n\n\n\n<figure class=\"wp-block-table is-style-regular\"><table class=\"has-fixed-layout\"><tbody><tr><td class=\"has-text-align-right\" data-align=\"right\"><strong>Unit\u00e9 d&rsquo;Enseignement (UE) &#8211; <em>cours<\/em><\/strong>  <\/td><td class=\"has-text-align-right\" data-align=\"right\"><strong>Responsable de l&rsquo;enseignement<\/strong><\/td><\/tr><tr><td class=\"has-text-align-right\" data-align=\"right\">Probabilit\u00e9s approfondies<\/td><td class=\"has-text-align-right\" data-align=\"right\"><mark style=\"background-color:rgba(0, 0, 0, 0)\" class=\"has-inline-color has-vivid-cyan-blue-color\"><a href=\"mailto:nadine.guillotin-plantard@univ-lyon1.fr\">Nadine Guillotin Plantard<\/a><\/mark><\/td><\/tr><tr><td class=\"has-text-align-right\" data-align=\"right\">\u00c9quations diff\u00e9rentielles<\/td><td class=\"has-text-align-right\" data-align=\"right\"><mark style=\"background-color:rgba(0, 0, 0, 0)\" class=\"has-inline-color has-vivid-cyan-blue-color\"><a href=\"mailto:fouassier@math.univ-lyon1.fr\">Elise Fouassier<\/a><\/mark><\/td><\/tr><tr><td class=\"has-text-align-right\" data-align=\"right\">\u00c9conom\u00e9trie 2<\/td><td class=\"has-text-align-right\" data-align=\"right\"><a href=\"mailto:naomie.mahmoudi@univ-lyon1.fr\">Naomi Mahmoudi<\/a><\/td><\/tr><tr><td class=\"has-text-align-right\" data-align=\"right\">Micro\u00e9conomie avanc\u00e9e<br><em><small>\u00c9conomie des ressources humaines<\/small><\/em><\/td><td class=\"has-text-align-right\" data-align=\"right\"><mark style=\"background-color:rgba(0, 0, 0, 0)\" class=\"has-inline-color has-vivid-cyan-blue-color\"><a href=\"mailto:jean-yves.lesueur@univ-lyon1.fr\" data-type=\"mailto\">Jean-Yves Lesueur<\/a><\/mark><br><\/td><\/tr><tr><td class=\"has-text-align-right\" data-align=\"right\">Math\u00e9matiques financi\u00e8res<\/td><td class=\"has-text-align-right\" data-align=\"right\"><mark style=\"background-color:rgba(0, 0, 0, 0)\" class=\"has-inline-color has-vivid-cyan-blue-color\"><a href=\"mailto:diana.dorobantu@univ-lyon1.fr\" target=\"_blank\" rel=\"noreferrer noopener\">Diana Dorobantu<\/a><\/mark><\/td><\/tr><tr><td class=\"has-text-align-right\" data-align=\"right\">Analyse de donn\u00e9es<\/td><td class=\"has-text-align-right\" data-align=\"right\"><mark style=\"background-color:rgba(0, 0, 0, 0)\" class=\"has-inline-color has-vivid-cyan-blue-color\"><a href=\"mailto:marteau@math.univ-lyon1.fr\">Cl\u00e9ment Marteau<\/a><\/mark><\/td><\/tr><tr><td class=\"has-text-align-right\" data-align=\"right\">Informatique et bases de donn\u00e9es<\/td><td class=\"has-text-align-right\" data-align=\"right\"><mark style=\"background-color:rgba(0, 0, 0, 0)\" class=\"has-inline-color has-vivid-cyan-blue-color\"><a href=\"mailto:agnes.rico@univ-lyon1.fr\">Agn\u00e8s Rico<\/a><\/mark><\/td><\/tr><tr><td class=\"has-text-align-right\" data-align=\"right\">Recherche op\u00e9rationnelle<\/td><td class=\"has-text-align-right\" data-align=\"right\"> <mark style=\"background-color:rgba(0, 0, 0, 0)\" class=\"has-inline-color has-vivid-cyan-blue-color\"><a href=\"mailto:denis.clot@univ-lyon1.fr\" target=\"_blank\" rel=\"noreferrer noopener\">Denis Clot<\/a><\/mark> <\/td><\/tr><tr><td class=\"has-text-align-right\" data-align=\"right\">Lecture d&rsquo;\u00e9conomie 2<\/td><td class=\"has-text-align-right\" data-align=\"right\"><mark style=\"background-color:rgba(0, 0, 0, 0)\" class=\"has-inline-color has-vivid-cyan-blue-color\"><a href=\"mailto:jean-louis.rulliere@univ-lyon1.fr\" target=\"_blank\" rel=\"noreferrer noopener\">Jean-Louis Rulli\u00e8re<\/a><\/mark><\/td><\/tr><\/tbody><\/table><\/figure>\n","protected":false},"excerpt":{"rendered":"<p>Semestre 1 de la premi\u00e8re ann\u00e9e L1 Unit\u00e9 d&rsquo;Enseignement (UE) &#8211; cours Responsable de l&rsquo;enseignement Alg\u00e8bre 1 Laurent Betermin Analyse &hellip; <\/p>\n","protected":false},"author":1,"featured_media":0,"parent":0,"menu_order":0,"comment_status":"closed","ping_status":"closed","template":"","meta":{"footnotes":""},"class_list":["post-60","page","type-page","status-publish","hentry"],"_links":{"self":[{"href":"https:\/\/math.univ-lyon1.fr\/dbl-licence-matheco\/index.php?rest_route=\/wp\/v2\/pages\/60","targetHints":{"allow":["GET"]}}],"collection":[{"href":"https:\/\/math.univ-lyon1.fr\/dbl-licence-matheco\/index.php?rest_route=\/wp\/v2\/pages"}],"about":[{"href":"https:\/\/math.univ-lyon1.fr\/dbl-licence-matheco\/index.php?rest_route=\/wp\/v2\/types\/page"}],"author":[{"embeddable":true,"href":"https:\/\/math.univ-lyon1.fr\/dbl-licence-matheco\/index.php?rest_route=\/wp\/v2\/users\/1"}],"replies":[{"embeddable":true,"href":"https:\/\/math.univ-lyon1.fr\/dbl-licence-matheco\/index.php?rest_route=%2Fwp%2Fv2%2Fcomments&post=60"}],"version-history":[{"count":75,"href":"https:\/\/math.univ-lyon1.fr\/dbl-licence-matheco\/index.php?rest_route=\/wp\/v2\/pages\/60\/revisions"}],"predecessor-version":[{"id":1549,"href":"https:\/\/math.univ-lyon1.fr\/dbl-licence-matheco\/index.php?rest_route=\/wp\/v2\/pages\/60\/revisions\/1549"}],"wp:attachment":[{"href":"https:\/\/math.univ-lyon1.fr\/dbl-licence-matheco\/index.php?rest_route=%2Fwp%2Fv2%2Fmedia&parent=60"}],"curies":[{"name":"wp","href":"https:\/\/api.w.org\/{rel}","templated":true}]}}