{"id":1513,"date":"2022-03-15T11:08:22","date_gmt":"2022-03-15T10:08:22","guid":{"rendered":"https:\/\/math.univ-lyon1.fr\/dream\/?page_id=1513"},"modified":"2026-02-28T14:20:42","modified_gmt":"2026-02-28T13:20:42","slug":"des-problemes-pour-le-college","status":"publish","type":"page","link":"https:\/\/math.univ-lyon1.fr\/dream\/?page_id=1513","title":{"rendered":"Des probl\u00e8mes pour le coll\u00e8ge"},"content":{"rendered":"\n\n\t\t\t\t<img decoding=\"async\" src=\"https:\/\/math.univ-lyon1.fr\/dream\/wp-content\/uploads\/2023\/02\/ImageProgressionCollege.jpg\" alt=\"ImageProgressionCollege\" itemprop=\"image\" height=\"175\" width=\"175\" title=\"ImageProgressionCollege\" onerror=\"this.style.display='none'\" loading=\"lazy\" \/>\n\t<p>Nous proposons une r\u00e9partition de probl\u00e8mes par niveau au coll\u00e8ge construite avec les enseignants du groupe d&rsquo;exp\u00e9rimentation.<\/p>\n<p>L&rsquo;objectif est d&rsquo;avoir une proposition coh\u00e9rente permettant de balayer un maximum de comp\u00e9tences des cycles 3 et 4.<\/p>\n\t<h2>Sixi\u00e8me<\/h2>\n\t\t\t<a href=\"https:\/\/math.univ-lyon1.fr\/dream\/?p=3146\" target=\"_self\">\n\t\t\t\t\t\t\tLes segments\n\t\t\t\t\t<\/a>\n\tSym\u00e9trie axiale<br \/>\nP\u00e9rim\u00e8tre, aire, volume et contenance\n\t\t\t\t<a href=\"https:\/\/math.univ-lyon1.fr\/dream\/?p=3396\"  target=\"_self\" itemprop=\"url\">\n\t\t\t\t<img decoding=\"async\" src=\"https:\/\/math.univ-lyon1.fr\/dream\/wp-content\/uploads\/2023\/02\/PAVAGEImage4-1.png\" alt=\"Nombres et Calculs\nGrandeurs et mesures\nEspace et g\u00e9om\u00e9trie\" itemprop=\"image\" height=\"202\" width=\"430\" title=\"PAVAGEImage4\" onerror=\"this.style.display='none'\" loading=\"lazy\" \/>\n\t\t\t\t<\/a>\n\t<p>R\u00e9solution de probl\u00e8mes<\/p>\n\t\t\t\t<a href=\"https:\/\/math.univ-lyon1.fr\/dream\/?p=3442\"  target=\"_self\" itemprop=\"url\">\n\t\t\t\t<img decoding=\"async\" src=\"https:\/\/math.univ-lyon1.fr\/dream\/wp-content\/uploads\/2023\/02\/InterInaBouton-1.png\" alt=\"Espace et g\u00e9om\u00e9trie\" itemprop=\"image\" height=\"190\" width=\"396\" title=\"InterInaBouton\" onerror=\"this.style.display='none'\" loading=\"lazy\" \/>\n\t\t\t\t<\/a>\n\tG\u00e9om\u00e9trie plane<br \/>\nProportionnalit\u00e9<br \/>\n\n\t\t\t\t<a href=\"https:\/\/math.univ-lyon1.fr\/dream\/?p=3404\"  target=\"_self\" itemprop=\"url\">\n\t\t\t\t<img decoding=\"async\" src=\"https:\/\/math.univ-lyon1.fr\/dream\/wp-content\/uploads\/2023\/02\/LePGPBouton.png\" alt=\"Nombres et Calculs\" itemprop=\"image\" height=\"208\" width=\"428\" title=\"LePGPBouton\" onerror=\"this.style.display='none'\" loading=\"lazy\" \/>\n\t\t\t\t<\/a>\n\tCalculer avec des nombres entiers et d\u00e9cimaux<br \/>\n\n\t<h2>Cinqui\u00e8me<\/h2>\n\t\t\t\t<a href=\"https:\/\/math.univ-lyon1.fr\/dream\/?p=3411\"  target=\"_self\" itemprop=\"url\">\n\t\t\t\t<img decoding=\"async\" src=\"https:\/\/math.univ-lyon1.fr\/dream\/wp-content\/uploads\/2023\/02\/FactoNBouton2-5.png\" alt=\"Nombres et calculs\" itemprop=\"image\" height=\"224\" width=\"393\" title=\"FactoNBouton2\" onerror=\"this.style.display='none'\" loading=\"lazy\" \/>\n\t\t\t\t<\/a>\n\tNombres entiers et d\u00e9cimaux<br \/>\nOp\u00e9rations avec les nombres<br \/>\n\n\t\t\t<a href=\"https:\/\/math.univ-lyon1.fr\/dream\/?p=2824\" target=\"_self\">\n\t\t\t\t\t\t\tL&rsquo;antartique\n\t\t\t\t\t<\/a>\n\tProportionnalit\u00e9<br \/>\nAire, P\u00e9rim\u00e8tre et Volume\n\t\t\t<a href=\"https:\/\/math.univ-lyon1.fr\/dream\/wp-content\/uploads\/2022\/03\/Les-triangles.pdf\" target=\"_blank\" rel=\"noopener\">\n\t\t\t\t\t\t\tLes triangles\n\t\t\t\t\t<\/a>\n\t<p>G\u00e9om\u00e9trie du triangle<\/p>\n\t\t\t<a href=\"https:\/\/math.univ-lyon1.fr\/dream\/?p=2887\" target=\"_self\">\n\t\t\t\t\t\t\tLe ch\u00e2teau de cartes\n\t\t\t\t\t<\/a>\n\t<p>Calcul litt\u00e9ral<\/p>\n\t\t\t<a href=\"https:\/\/math.univ-lyon1.fr\/dream\/?p=2884\" target=\"_self\">\n\t\t\t\t\t\t\tLa fourmi\n\t\t\t\t\t<\/a>\n\t<p>Probabilit\u00e9s<\/p>\n\t<h2>Quatri\u00e8me<\/h2>\n\t\t\t\t<a href=\"https:\/\/math.univ-lyon1.fr\/dream\/?p=3419\"  target=\"_self\" itemprop=\"url\">\n\t\t\t\t<img decoding=\"async\" src=\"https:\/\/math.univ-lyon1.fr\/dream\/wp-content\/uploads\/2023\/02\/FEImage3-1.png\" alt=\"Nombres et calculs\" itemprop=\"image\" height=\"203\" width=\"417\" title=\"FEImage3\" onerror=\"this.style.display='none'\" loading=\"lazy\" \/>\n\t\t\t\t<\/a>\n\t<p>Fractions<\/p>\n\t\t\t<a href=\"\" target=\"_self\">\n\t\t\t\t\t\t\tLes carr\u00e9s bord\u00e9s\n\t\t\t\t\t<\/a>\n\tCalcul litt\u00e9ral<br \/>\nProportionnalit\u00e9<br \/>\nAire, P\u00e9rim\u00e8tre et Volume<br \/>\n\n\t\t\t<a href=\"https:\/\/math.univ-lyon1.fr\/dream\/?p=3177\" target=\"_self\">\n\t\t\t\t\t\t\tLes puissances\n\t\t\t\t\t<\/a>\n\tPuissances<br \/>\nOp\u00e9ration avec les nombres<br \/>\n\n\t<h2>Troisi\u00e8me<\/h2>\n\t\t\t<a href=\"https:\/\/math.univ-lyon1.fr\/dream\/wp-content\/uploads\/2022\/03\/Les-DUDU-se-disputent-la-telecommande.pdf\" target=\"_self\">\n\t\t\t\t\t\t\tLes DUDU se diputent la t\u00e9l\u00e9commade\n\t\t\t\t\t<\/a>\n\tProportionnalit\u00e9<br \/>\nAire, P\u00e9rim\u00e8tre et Volume\n\t\t\t<a href=\"\" target=\"_self\">\n\t\t\t\t\t\t\tLes DUDU regardent le JT\n\t\t\t\t\t<\/a>\n\tProportionnalit\u00e9<br \/>\nPourcentage<br \/>\n\n\t\t\t\t<a href=\"https:\/\/math.univ-lyon1.fr\/dream\/?p=3378\"  target=\"_self\" itemprop=\"url\">\n\t\t\t\t<img decoding=\"async\" src=\"https:\/\/math.univ-lyon1.fr\/dream\/wp-content\/uploads\/2023\/02\/LeBillardBouton2.png\" alt=\"Nombres et calculs\" itemprop=\"image\" height=\"187\" width=\"376\" title=\"LeBillardBouton\" onerror=\"this.style.display='none'\" loading=\"lazy\" \/>\n\t\t\t\t<\/a>\n\t<p>Multiples, diviseurs et nombres premiers<\/p>\n\t\t\t<a href=\"https:\/\/math.univ-lyon1.fr\/dream\/?p=2855\" target=\"_self\">\n\t\t\t\t\t\t\tLes triangles entiers\n\t\t\t\t\t<\/a>\n\tTh\u00e9or\u00e8mes de Thal\u00e8s et de Pythagore<br \/>\nProportionnalit\u00e9<br \/>\n\n\t\t\t\t<a href=\"https:\/\/math.univ-lyon1.fr\/dream\/?p=3428\"  target=\"_self\" itemprop=\"url\">\n\t\t\t\t<img decoding=\"async\" src=\"https:\/\/math.univ-lyon1.fr\/dream\/wp-content\/uploads\/2023\/02\/NBTRAPBouton.png\" alt=\"Nombres et Calculs\" itemprop=\"image\" height=\"199\" width=\"422\" title=\"NBTRAPBouton\" onerror=\"this.style.display='none'\" loading=\"lazy\" \/>\n\t\t\t\t<\/a>\n\t<p>Calcul litt\u00e9ral<\/p>\n\n","protected":false},"excerpt":{"rendered":"<p>Nous proposons une r\u00e9partition de probl\u00e8mes par niveau au coll\u00e8ge construite avec les enseignants du groupe d&rsquo;exp\u00e9rimentation. L&rsquo;objectif est d&rsquo;avoir une proposition coh\u00e9rente permettant de balayer un maximum de comp\u00e9tences des cycles 3 et 4. Sixi\u00e8me Les segments Sym\u00e9trie axiale P\u00e9rim\u00e8tre, aire, volume et contenance R\u00e9solution de probl\u00e8mes G\u00e9om\u00e9trie plane Proportionnalit\u00e9 Calculer avec des nombres [&hellip;]<\/p>\n","protected":false},"author":5,"featured_media":2733,"parent":2210,"menu_order":1,"comment_status":"closed","ping_status":"closed","template":"","meta":{"footnotes":""},"categories":[142],"tags":[],"type_situation":[],"theme_maths":[],"type-expe":[],"class_list":{"0":"post-1513","1":"page","2":"type-page","3":"status-publish","4":"has-post-thumbnail","6":"category-projet-dream","7":"czr-hentry"},"rttpg_featured_image_url":{"full":["https:\/\/math.univ-lyon1.fr\/dream\/wp-content\/uploads\/2023\/02\/ImageProgressionCollege.jpg",175,175,false],"landscape":["https:\/\/math.univ-lyon1.fr\/dream\/wp-content\/uploads\/2023\/02\/ImageProgressionCollege.jpg",175,175,false],"portraits":["https:\/\/math.univ-lyon1.fr\/dream\/wp-content\/uploads\/2023\/02\/ImageProgressionCollege.jpg",175,175,false],"thumbnail":["https:\/\/math.univ-lyon1.fr\/dream\/wp-content\/uploads\/2023\/02\/ImageProgressionCollege-150x150.jpg",150,150,true],"medium":["https:\/\/math.univ-lyon1.fr\/dream\/wp-content\/uploads\/2023\/02\/ImageProgressionCollege.jpg",175,175,false],"large":["https:\/\/math.univ-lyon1.fr\/dream\/wp-content\/uploads\/2023\/02\/ImageProgressionCollege.jpg",175,175,false],"1536x1536":["https:\/\/math.univ-lyon1.fr\/dream\/wp-content\/uploads\/2023\/02\/ImageProgressionCollege.jpg",175,175,false],"2048x2048":["https:\/\/math.univ-lyon1.fr\/dream\/wp-content\/uploads\/2023\/02\/ImageProgressionCollege.jpg",175,175,false],"tc-grid-full":["https:\/\/math.univ-lyon1.fr\/dream\/wp-content\/uploads\/2023\/02\/ImageProgressionCollege.jpg",175,175,false],"tc-grid":["https:\/\/math.univ-lyon1.fr\/dream\/wp-content\/uploads\/2023\/02\/ImageProgressionCollege.jpg",175,175,false],"tc-thumb":["https:\/\/math.univ-lyon1.fr\/dream\/wp-content\/uploads\/2023\/02\/ImageProgressionCollege.jpg",175,175,false],"slider-full":["https:\/\/math.univ-lyon1.fr\/dream\/wp-content\/uploads\/2023\/02\/ImageProgressionCollege.jpg",175,175,false],"slider":["https:\/\/math.univ-lyon1.fr\/dream\/wp-content\/uploads\/2023\/02\/ImageProgressionCollege.jpg",175,175,false],"tc-sq-thumb":["https:\/\/math.univ-lyon1.fr\/dream\/wp-content\/uploads\/2023\/02\/ImageProgressionCollege.jpg",175,175,false],"tc-ws-thumb":["https:\/\/math.univ-lyon1.fr\/dream\/wp-content\/uploads\/2023\/02\/ImageProgressionCollege.jpg",175,175,false],"tc-ws-small-thumb":["https:\/\/math.univ-lyon1.fr\/dream\/wp-content\/uploads\/2023\/02\/ImageProgressionCollege.jpg",175,175,false],"tc-slider-small":["https:\/\/math.univ-lyon1.fr\/dream\/wp-content\/uploads\/2023\/02\/ImageProgressionCollege-175x141.jpg",175,141,true]},"rttpg_author":{"display_name":"jules emery","author_link":"https:\/\/math.univ-lyon1.fr\/dream\/?author=5"},"rttpg_comment":0,"rttpg_category":" <a href=\"https:\/\/math.univ-lyon1.fr\/dream\/?cat=142\" rel=\"tag\">Projet DREAM<\/a>","rttpg_excerpt":"Nous proposons une r\u00e9partition de probl\u00e8mes par niveau au coll\u00e8ge construite avec les enseignants du groupe d&rsquo;exp\u00e9rimentation. L&rsquo;objectif est d&rsquo;avoir une proposition coh\u00e9rente permettant de balayer un maximum de comp\u00e9tences des cycles 3 et 4. Sixi\u00e8me Les segments Sym\u00e9trie axiale P\u00e9rim\u00e8tre, aire, volume et contenance R\u00e9solution de probl\u00e8mes G\u00e9om\u00e9trie plane Proportionnalit\u00e9 Calculer avec des nombres\u2026","_links":{"self":[{"href":"https:\/\/math.univ-lyon1.fr\/dream\/index.php?rest_route=\/wp\/v2\/pages\/1513","targetHints":{"allow":["GET"]}}],"collection":[{"href":"https:\/\/math.univ-lyon1.fr\/dream\/index.php?rest_route=\/wp\/v2\/pages"}],"about":[{"href":"https:\/\/math.univ-lyon1.fr\/dream\/index.php?rest_route=\/wp\/v2\/types\/page"}],"author":[{"embeddable":true,"href":"https:\/\/math.univ-lyon1.fr\/dream\/index.php?rest_route=\/wp\/v2\/users\/5"}],"replies":[{"embeddable":true,"href":"https:\/\/math.univ-lyon1.fr\/dream\/index.php?rest_route=%2Fwp%2Fv2%2Fcomments&post=1513"}],"version-history":[{"count":11,"href":"https:\/\/math.univ-lyon1.fr\/dream\/index.php?rest_route=\/wp\/v2\/pages\/1513\/revisions"}],"predecessor-version":[{"id":3948,"href":"https:\/\/math.univ-lyon1.fr\/dream\/index.php?rest_route=\/wp\/v2\/pages\/1513\/revisions\/3948"}],"up":[{"embeddable":true,"href":"https:\/\/math.univ-lyon1.fr\/dream\/index.php?rest_route=\/wp\/v2\/pages\/2210"}],"wp:featuredmedia":[{"embeddable":true,"href":"https:\/\/math.univ-lyon1.fr\/dream\/index.php?rest_route=\/wp\/v2\/media\/2733"}],"wp:attachment":[{"href":"https:\/\/math.univ-lyon1.fr\/dream\/index.php?rest_route=%2Fwp%2Fv2%2Fmedia&parent=1513"}],"wp:term":[{"taxonomy":"category","embeddable":true,"href":"https:\/\/math.univ-lyon1.fr\/dream\/index.php?rest_route=%2Fwp%2Fv2%2Fcategories&post=1513"},{"taxonomy":"post_tag","embeddable":true,"href":"https:\/\/math.univ-lyon1.fr\/dream\/index.php?rest_route=%2Fwp%2Fv2%2Ftags&post=1513"},{"taxonomy":"type_situation","embeddable":true,"href":"https:\/\/math.univ-lyon1.fr\/dream\/index.php?rest_route=%2Fwp%2Fv2%2Ftype_situation&post=1513"},{"taxonomy":"theme_maths","embeddable":true,"href":"https:\/\/math.univ-lyon1.fr\/dream\/index.php?rest_route=%2Fwp%2Fv2%2Ftheme_maths&post=1513"},{"taxonomy":"type-expe","embeddable":true,"href":"https:\/\/math.univ-lyon1.fr\/dream\/index.php?rest_route=%2Fwp%2Fv2%2Ftype-expe&post=1513"}],"curies":[{"name":"wp","href":"https:\/\/api.w.org\/{rel}","templated":true}]}}