{"id":2210,"date":"2022-11-30T18:07:09","date_gmt":"2022-11-30T17:07:09","guid":{"rendered":"https:\/\/math.univ-lyon1.fr\/dream\/?page_id=2210"},"modified":"2026-03-01T12:29:57","modified_gmt":"2026-03-01T11:29:57","slug":"des-ressources-pou-fonder-gressions-fondees-sur-des-problemes","status":"publish","type":"page","link":"https:\/\/math.univ-lyon1.fr\/dream\/?page_id=2210","title":{"rendered":"Des ressources pour construire une progression fond\u00e9es sur des probl\u00e8mes"},"content":{"rendered":"\n\n\t<p>Cette page regroupe toutes les situations et probl\u00e8mes recens\u00e9s sur le site, avec une organisation pens\u00e9e pour <strong data-start=\"561\" data-end=\"622\">faciliter la construction de s\u00e9quences et de progressions<\/strong> du cycle 3 au lyc\u00e9e.<\/p>\n<p>Cette page regroupe toutes les situations et probl\u00e8mes du site, triables par niveau du cycle 3 au lyc\u00e9e.<br data-start=\"963\" data-end=\"966\" \/>En bas de page, des <strong data-start=\"988\" data-end=\"1019\">propositions de r\u00e9partition<\/strong> pour le <a href=\"#college\">coll\u00e8ge<\/a> et le <a href=\"#cycle3\">cycle 3<\/a> vous aideront \u00e0 construire vos progressions.<\/p>\n\t<h3><a href=\"https:\/\/math.univ-lyon1.fr\/dream\/?page_id=1513\" rel=\"noopener\"><strong>Des probl\u00e8mes pour le coll\u00e8ge<\/strong><\/a><\/h3>\n<p>Proposition de r\u00e9partition de probl\u00e8mes et de SDRP par niveau au coll\u00e8ge pour organiser une progression fond\u00e9e sur les probl\u00e8mes<\/p>\n\t<h3><a href=\"https:\/\/math.univ-lyon1.fr\/dream\/?page_id=1521\" rel=\"noopener\"><strong>Des probl\u00e8mes pour le cycle 3<\/strong><\/a><\/h3>\n<p>Parmi les probl\u00e8mes recens\u00e9s dans les pages de ce site, beaucoup peuvent \u00eatre utilis\u00e9s d\u00e8s le d\u00e9but du cycle 3<\/p>\n\n","protected":false},"excerpt":{"rendered":"<p>Cette page regroupe toutes les situations et probl\u00e8mes recens\u00e9s sur le site, avec une organisation pens\u00e9e pour faciliter la construction de s\u00e9quences et de progressions du cycle 3 au lyc\u00e9e. Cette page regroupe toutes les situations et probl\u00e8mes du site, triables par niveau du cycle 3 au lyc\u00e9e.En bas de page, des propositions de r\u00e9partition [&hellip;]<\/p>\n","protected":false},"author":3,"featured_media":0,"parent":3583,"menu_order":3,"comment_status":"closed","ping_status":"closed","template":"","meta":{"footnotes":""},"categories":[142],"tags":[],"type_situation":[],"theme_maths":[],"type-expe":[],"class_list":{"0":"post-2210","1":"page","2":"type-page","3":"status-publish","5":"category-projet-dream","6":"czr-hentry"},"rttpg_featured_image_url":null,"rttpg_author":{"display_name":"St\u00e9phanie CROQUELOIS","author_link":"https:\/\/math.univ-lyon1.fr\/dream\/?author=3"},"rttpg_comment":0,"rttpg_category":" <a href=\"https:\/\/math.univ-lyon1.fr\/dream\/?cat=142\" rel=\"tag\">Projet DREAM<\/a>","rttpg_excerpt":"Cette page regroupe toutes les situations et probl\u00e8mes recens\u00e9s sur le site, avec une organisation pens\u00e9e pour faciliter la construction de s\u00e9quences et de progressions du cycle 3 au lyc\u00e9e. Cette page regroupe toutes les situations et probl\u00e8mes du site, triables par niveau du cycle 3 au lyc\u00e9e.En bas de page, des propositions de r\u00e9partition\u2026","_links":{"self":[{"href":"https:\/\/math.univ-lyon1.fr\/dream\/index.php?rest_route=\/wp\/v2\/pages\/2210","targetHints":{"allow":["GET"]}}],"collection":[{"href":"https:\/\/math.univ-lyon1.fr\/dream\/index.php?rest_route=\/wp\/v2\/pages"}],"about":[{"href":"https:\/\/math.univ-lyon1.fr\/dream\/index.php?rest_route=\/wp\/v2\/types\/page"}],"author":[{"embeddable":true,"href":"https:\/\/math.univ-lyon1.fr\/dream\/index.php?rest_route=\/wp\/v2\/users\/3"}],"replies":[{"embeddable":true,"href":"https:\/\/math.univ-lyon1.fr\/dream\/index.php?rest_route=%2Fwp%2Fv2%2Fcomments&post=2210"}],"version-history":[{"count":12,"href":"https:\/\/math.univ-lyon1.fr\/dream\/index.php?rest_route=\/wp\/v2\/pages\/2210\/revisions"}],"predecessor-version":[{"id":3984,"href":"https:\/\/math.univ-lyon1.fr\/dream\/index.php?rest_route=\/wp\/v2\/pages\/2210\/revisions\/3984"}],"up":[{"embeddable":true,"href":"https:\/\/math.univ-lyon1.fr\/dream\/index.php?rest_route=\/wp\/v2\/pages\/3583"}],"wp:attachment":[{"href":"https:\/\/math.univ-lyon1.fr\/dream\/index.php?rest_route=%2Fwp%2Fv2%2Fmedia&parent=2210"}],"wp:term":[{"taxonomy":"category","embeddable":true,"href":"https:\/\/math.univ-lyon1.fr\/dream\/index.php?rest_route=%2Fwp%2Fv2%2Fcategories&post=2210"},{"taxonomy":"post_tag","embeddable":true,"href":"https:\/\/math.univ-lyon1.fr\/dream\/index.php?rest_route=%2Fwp%2Fv2%2Ftags&post=2210"},{"taxonomy":"type_situation","embeddable":true,"href":"https:\/\/math.univ-lyon1.fr\/dream\/index.php?rest_route=%2Fwp%2Fv2%2Ftype_situation&post=2210"},{"taxonomy":"theme_maths","embeddable":true,"href":"https:\/\/math.univ-lyon1.fr\/dream\/index.php?rest_route=%2Fwp%2Fv2%2Ftheme_maths&post=2210"},{"taxonomy":"type-expe","embeddable":true,"href":"https:\/\/math.univ-lyon1.fr\/dream\/index.php?rest_route=%2Fwp%2Fv2%2Ftype-expe&post=2210"}],"curies":[{"name":"wp","href":"https:\/\/api.w.org\/{rel}","templated":true}]}}