{"id":2462,"date":"2023-02-04T17:51:49","date_gmt":"2023-02-04T16:51:49","guid":{"rendered":"https:\/\/math.univ-lyon1.fr\/dream\/?p=2462"},"modified":"2025-12-13T08:33:13","modified_gmt":"2025-12-13T07:33:13","slug":"le-groupe-dream","status":"publish","type":"page","link":"https:\/\/math.univ-lyon1.fr\/dream\/?page_id=2462","title":{"rendered":"Le groupe DREAM"},"content":{"rendered":"\n<h2  id=\"Presentation\">\n\t\t\tMembres de l&rsquo;\u00e9quipe DREAM\t<\/h2>\n\t<p><em>Le groupe est compos\u00e9 de professeurs du second degr\u00e9, de membres de l&rsquo;IREM de Lyon, de formateurs de l&rsquo;INSPE de Lyon, de ma\u00eetres de conf\u00e9rences de l&rsquo;universit\u00e9 Lyon1 et de l&rsquo;IF\u00c9-ENS de Lyon. Nous nous r\u00e9unissons une fois par mois, dans les locaux de l&rsquo;IREM de Lyon.<\/em><\/p>\n\t<ul>\n<li>Gilles ALDON : IF\u00e9, ENS de Lyon &#8211; Lyon, S2HEP-EA 4148.<\/li>\n<li>St\u00e9phanie CROQUELOIS : INSPE, Universit\u00e9 \u00a0Lyon 1 &#8211; Lyon.<\/li>\n<li>Miriam\u00a0DI FRANCIA : Coll\u00e8ge Simone Lagrange &#8211; Villeurbanne.<\/li>\n<li>Mathias FRONT : INSPE, Universit\u00e9 \u00a0Lyon 1 &#8211; Bourg en Bresse, S2HEP-EA 4148.<\/li>\n<li>Marie-Line GARDES : HEP Lausanne &#8211; Canton de Vaud, Suisse.<\/li>\n<li>Antoine GUISE : Lyc\u00e9e La Martini\u00e8re Duch\u00e8re\u00a0&#8211;\u00a0Lyon.<\/li>\n<li>Didier KRIEGER : Lyc\u00e9e Amp\u00e8re &#8211; Lyon.<\/li>\n<li>Jade OFFREDI : Coll\u00e8ge Gilbert Dru &#8211; Lyon<\/li>\n<\/ul>\n\t<h3><strong data-start=\"210\" data-end=\"237\">Une aventure collective<\/strong><\/h3>\n<p>N&rsquo;oublions pas toutes celles et ceux qui, depuis la cr\u00e9ation de ce projet, ont partag\u00e9 leur temps, leurs id\u00e9es, leurs comp\u00e9tences ou leur soutien. Qu&rsquo;elles aient contribu\u00e9 ponctuellement ou sur la dur\u00e9e, chacune a jou\u00e9 un r\u00f4le pr\u00e9cieux dans l&rsquo;\u00e9volution du projet. Nous souhaitions leur adresser ici un remerciement sinc\u00e8re.<\/p>\nViviane Durand-Guerrier, Georges Mounier, Claire Tardy, C\u00e9line Mulet Marquis, Pierre-Yves Cahuet, Fran\u00e7ois Brun-Ney, Michel Mizony, Marina Rafalska, C\u00e9lia Giraudeau, Faustine Leclerc\n\n\t<h3><strong>Le groupe d&rsquo;exp\u00e9rimentation<\/strong><\/h3>\n<em>Le groupe d&rsquo;exp\u00e9rimentation regroupe des enseignant.e.s du cycle 3 au lyc\u00e9e qui mettent en place des situations de recherche et\/ou des progressions fond\u00e9es sur les probl\u00e8mes. <\/em><br \/>\n<em>Ils r\u00e9fl\u00e9chissent \u00e0 faire vivre dans la classe la recherche math\u00e9matiques et l&rsquo;enseignement fond\u00e9 sur les probl\u00e8mes. <\/em><br \/>\n<em>Tout au long de l&rsquo;ann\u00e9e ce groupe d&rsquo;exp\u00e9rimentation \u00e9change avec les membres du groupe DREAM et une journ\u00e9e par an est pr\u00e9vue pour travailler ensemble, partager les exp\u00e9riences faites et proposer des solutions aux probl\u00e8mes qui peuvent \u00eatre rencontr\u00e9s.<\/em>\n\t<p>Si vous avez envie de rejoindre ce groupe ou vous vous posez des questions sur la mise en place des probl\u00e8mes (et en particulier des situations didactiques de recherche de probl\u00e8mes), n&rsquo;h\u00e9sitez pas \u00e0 nous contacter<\/p>\n\t<h3><strong>Contact<\/strong><\/h3>\n<p>Par mail : <a href=\"mailto:dream@math.univ-lyon1.fr\">dream@math.univ-lyon1.fr<\/a><\/p>\n<p>N&rsquo;h\u00e9sitez pas \u00e0 nous contacter aussi bien pour nous signaler un bug sur le site ou un de ses contenus que pour en savoir davantage sur nos travaux.<\/p>\n<h3  id=\"Objectifs\">\n\t\t\tObjectifs\t<\/h3>\n\t<p>Les \u00ab\u00a0<strong>probl\u00e8mes pour chercher<\/strong>\u00a0\u00bb sont une fa\u00e7on diff\u00e9rente d&rsquo;envisager l&rsquo;apprentissage et l&rsquo;enseignement des math\u00e9matiques dans le cours ordinaire de la classe. Ils permettent de mettre en \u00e9vidence et en pratique les ressorts fournis par la dimension exp\u00e9rimentale de l&rsquo;activit\u00e9 math\u00e9matique sur des connaissances math\u00e9matiques en lien avec les programmes \u00e0 diff\u00e9rents niveaux d&rsquo;enseignement (cycle 3, cycle 4, lyc\u00e9e, universit\u00e9)\u00a0; l&rsquo;\u00e9quipe\u00a0<strong>DREAM (D\u00e9marche de recherche pour l&rsquo;enseignement et l&rsquo;apprentissage des math\u00e9matiques)<\/strong> m\u00e8ne des recherches dans lesquels les probl\u00e8mes sont centraux.<\/p>\nLe groupe r\u00e9fl\u00e9chit \u00e0 un <strong>enseignement fond\u00e9 sur les probl\u00e8mes<\/strong>\u00a0qui accorderait\u00a0un place importante aux probl\u00e8mes de recherche en math\u00e9matiques et \u00e0 leur dimension exp\u00e9rimentale.<br \/>\nLeur int\u00e9gration\u00a0dans une progression annuelle et une progression de cycle est \u00e9galement au c\u0153ur de notre r\u00e9flexion.\n\t\t\t<a href=\"https:\/\/math.univ-lyon1.fr\/dream\/?page_id=93\" target=\"_self\">\n\t\t\t\t\t\tLes principes fondateurs du groupe DREAM\n\t\t\t\t\t<\/a>\n<h3  id=\"Historique\">\n\t\t\tHistorique &#038; Contexte\t<\/h3>\n\t\t\t\t<img decoding=\"async\" src=\"https:\/\/math.univ-lyon1.fr\/dream\/wp-content\/uploads\/2022\/06\/LOGOCRRomEXPRIME-268x300.png\" alt=\"LOGOCRRomEXPRIME\" itemprop=\"image\" height=\"300\" width=\"268\" title=\"LOGOCRRomEXPRIME\" onerror=\"this.style.display='none'\" loading=\"lazy\" \/>\n\tIniti\u00e9 \u00e0 la rentr\u00e9e universitaire <strong>2005<\/strong>, le travail de l&rsquo;\u00e9quipe DREAM s&rsquo;appuie sur l&rsquo;ensemble des travaux d\u00e9velopp\u00e9s autour du probl\u00e8me ouvert au sein de l&rsquo;<strong><a href=\"http:\/\/math.univ-lyon1.fr\/irem\/\" target=\"_blank\" rel=\"noopener\">IREM de Lyon\u00a0<\/a><\/strong>depuis plus de vingt ans, ainsi que sur les travaux de recherche d\u00e9velopp\u00e9s au LEPS sur \u00ab l&rsquo;articulation entre logique et raisonnement math\u00e9matique \u00bb (Durand-Guerrier 2005) et sur \u00ab la dimension exp\u00e9rimentale des math\u00e9matiques dans la perspective de leur apprentissage \u00bb (T. Dias, th\u00e8se soutenue en 2008).<br \/>\nCe travail a donn\u00e9 lieu \u00e0 la cr\u00e9ation d&rsquo;un c\u00e9d\u00e9rom (EXPRIME 2010) pr\u00e9sentant, dans le cadre des recherches du groupe, sept situations de recherche pour la classe.\n\tDepuis <strong>2012<\/strong>, le groupe DREAM d\u00e9veloppe \u00e9galement un questionnement qui doit permettre, parall\u00e8lement \u00e0 l&rsquo;\u00e9tude de l&rsquo;\u00e9laboration et de la diffusion des probl\u00e8mes de recherche, d&rsquo;approfondir l&rsquo;analyse des effets des mises en \u0153uvre sur les \u00e9l\u00e8ves.<br \/>\nLes questions suivantes font d\u00e9sormais parties du d\u00e9veloppement de la recherche :\n<ul>\n<li>Quelles sont les <strong>connaissances, les comp\u00e9tences transversales et m\u00e9ta-math\u00e9matiques<\/strong> qu&rsquo;il est possible d&rsquo;\u00e9valuer dans une pratique de recherche de probl\u00e8me ? Et quels sont les indicateurs qu&rsquo;il est possible de mettre en place ?<\/li>\n<li>La cr\u00e9ativit\u00e9 et l&rsquo;invention math\u00e9matique d\u00e9velopp\u00e9es dans les probl\u00e8mes de recherche modifient elles l&rsquo;<strong>image des math\u00e9matiques<\/strong> chez les \u00e9l\u00e8ves (et leur envie de faire des math\u00e9matiques). Et chez les professeurs ?<\/li>\n<li>Les probl\u00e8mes de recherche qui d\u00e9veloppent une forme d&rsquo;acquisition des savoirs font ils progresser les \u00e9l\u00e8ves dans les autres domaines de l&rsquo;activit\u00e9 math\u00e9matique ? Comment les \u00e9l\u00e8ves r\u00e9investissent-ils dans d&rsquo;autres cadres les comp\u00e9tences et les connaissances d\u00e9velopp\u00e9es ?<\/li>\n<\/ul>\n\t<p>En <strong>2016<\/strong>, nous avons cr\u00e9\u00e9 le site \u00ab\u00a0<strong><em>dreamaths<\/em><\/strong>\u00a0\u00bb qui se veut \u00eatre un espace de diffusion\u00a0concernant\u00a0nos recherches, nos analyses, nos productions et nos questionnements, toujours centr\u00e9 autour des probl\u00e8mes de recherche en math\u00e9matiques.<\/p>\n\t\t\t\t<img decoding=\"async\" src=\"https:\/\/math.univ-lyon1.fr\/dream\/wp-content\/uploads\/2022\/06\/IMAGESiteDREAM1-e1655815225668.png\" alt=\"IMAGESiteDREAM1\" itemprop=\"image\" height=\"223\" width=\"384\" title=\"IMAGESiteDREAM1\" onerror=\"this.style.display='none'\" loading=\"lazy\" \/>\n\t<p>2016<\/p>\n\t\t\t\t<img decoding=\"async\" src=\"https:\/\/math.univ-lyon1.fr\/dream\/wp-content\/uploads\/2022\/06\/IMAGESiteDREAM2.png\" alt=\"IMAGESiteDREAM2\" itemprop=\"image\" height=\"293\" width=\"463\" title=\"IMAGESiteDREAM2\" onerror=\"this.style.display='none'\" loading=\"lazy\" \/>\n\t<p>2019<\/p>\n\t\t\t\t<img decoding=\"async\" src=\"https:\/\/math.univ-lyon1.fr\/dream\/wp-content\/uploads\/2022\/06\/IMAGESiteDREAM3.png\" alt=\"IMAGESiteDREAM3\" itemprop=\"image\" height=\"701\" width=\"1231\" title=\"IMAGESiteDREAM3\" onerror=\"this.style.display='none'\" loading=\"lazy\" \/>\n\t<p>2022<\/p>\n\t<p>En <strong>2020<\/strong>, le L\u00e9A DuAL Lyon du cycle 3 au lyc\u00e9e est cr\u00e9e autour de l&rsquo;\u00e9quipe DREAM dont l&rsquo;objectif est d&rsquo;explorer \u00e0 <strong>grande \u00e9chelle<\/strong> et dans un <strong>contexte ordinaire<\/strong>, les conditions et les contraintes pour qu&rsquo;un enseignement des math\u00e9matiques, s&rsquo;inscrivant dans la d\u00e9marche \u00ab manipuler-verbaliser-abstraire \u00bb via la r\u00e9solution de probl\u00e8mes, permette des apprentissages math\u00e9matiques chez les \u00e9l\u00e8ves<\/p>\n\t\t\t\t<img decoding=\"async\" src=\"https:\/\/math.univ-lyon1.fr\/dream\/wp-content\/uploads\/2022\/12\/BoutonLeaDual.png\" alt=\"BoutonLeaDual\" itemprop=\"image\" height=\"215\" width=\"562\" title=\"BoutonLeaDual\" onerror=\"this.style.display='none'\" loading=\"lazy\" \/>\n\t\t\t\t<img decoding=\"async\" src=\"https:\/\/math.univ-lyon1.fr\/dream\/wp-content\/uploads\/2024\/10\/LOGO-LEA-ECLAMATHS.png\" alt=\"LOGO LEA ECLAMATHS\" itemprop=\"image\" height=\"500\" width=\"500\" title=\"LOGO LEA ECLAMATHS\" onerror=\"this.style.display='none'\" loading=\"lazy\" \/>\n\tLe travail men\u00e9 au sein du L\u00e9A DuAL (qui s&rsquo;est achev\u00e9 \u00e0 la fin de l&rsquo;ann\u00e9e scolaire 2022-2023) a d\u00e9boucher sur de nouvelles questions.<br \/>\nL&rsquo;\u00e9quipe DREAM s&rsquo;est alors engag\u00e9e pour trois nouvelles ann\u00e9es au sein du L\u00e9A ECL@MATHS (\u00c9cole Coll\u00e8ge Lyc\u00e9e pour l&rsquo;apprentissage des math\u00e9matiques)<br \/>\nLe travail du L\u00e9A ECL@maths se partagera autour de deux axes :\n<ul>\n<li>Apprentissage &amp; \u00c9valuation : quelle \u00e9valuation des comp\u00e9tences mettre en place dans les situations didactiques de recherche de probl\u00e8mes ?<\/li>\n<li>Enseignement &amp; Formation : caract\u00e9ristiques d&rsquo;un dispositif d&rsquo;accompagnement en co-enseignement, construction de SDRP.<\/li>\n<\/ul>\n\n","protected":false},"excerpt":{"rendered":"<p>Pr\u00e9sentation de l&rsquo;\u00e9quipe DREAM et de ses travaux de recherche r\u00e9alis\u00e9s ou en cours<\/p>\n","protected":false},"author":3,"featured_media":1670,"parent":0,"menu_order":0,"comment_status":"closed","ping_status":"closed","template":"","meta":{"footnotes":""},"categories":[142],"tags":[],"type_situation":[],"theme_maths":[],"type-expe":[],"class_list":{"0":"post-2462","1":"page","2":"type-page","3":"status-publish","4":"has-post-thumbnail","6":"category-projet-dream","7":"czr-hentry"},"rttpg_featured_image_url":{"full":["https:\/\/math.univ-lyon1.fr\/dream\/wp-content\/uploads\/2022\/06\/LOGOSite.png",367,314,false],"landscape":["https:\/\/math.univ-lyon1.fr\/dream\/wp-content\/uploads\/2022\/06\/LOGOSite.png",367,314,false],"portraits":["https:\/\/math.univ-lyon1.fr\/dream\/wp-content\/uploads\/2022\/06\/LOGOSite.png",367,314,false],"thumbnail":["https:\/\/math.univ-lyon1.fr\/dream\/wp-content\/uploads\/2022\/06\/LOGOSite-150x150.png",150,150,true],"medium":["https:\/\/math.univ-lyon1.fr\/dream\/wp-content\/uploads\/2022\/06\/LOGOSite-300x257.png",300,257,true],"large":["https:\/\/math.univ-lyon1.fr\/dream\/wp-content\/uploads\/2022\/06\/LOGOSite.png",367,314,false],"1536x1536":["https:\/\/math.univ-lyon1.fr\/dream\/wp-content\/uploads\/2022\/06\/LOGOSite.png",367,314,false],"2048x2048":["https:\/\/math.univ-lyon1.fr\/dream\/wp-content\/uploads\/2022\/06\/LOGOSite.png",367,314,false],"tc-grid-full":["https:\/\/math.univ-lyon1.fr\/dream\/wp-content\/uploads\/2022\/06\/LOGOSite.png",367,314,false],"tc-grid":["https:\/\/math.univ-lyon1.fr\/dream\/wp-content\/uploads\/2022\/06\/LOGOSite.png",367,314,false],"tc-thumb":["https:\/\/math.univ-lyon1.fr\/dream\/wp-content\/uploads\/2022\/06\/LOGOSite-270x250.png",270,250,true],"slider-full":["https:\/\/math.univ-lyon1.fr\/dream\/wp-content\/uploads\/2022\/06\/LOGOSite-367x100.png",367,100,true],"slider":["https:\/\/math.univ-lyon1.fr\/dream\/wp-content\/uploads\/2022\/06\/LOGOSite-367x100.png",367,100,true],"tc-sq-thumb":["https:\/\/math.univ-lyon1.fr\/dream\/wp-content\/uploads\/2022\/06\/LOGOSite.png",367,314,false],"tc-ws-thumb":["https:\/\/math.univ-lyon1.fr\/dream\/wp-content\/uploads\/2022\/06\/LOGOSite.png",367,314,false],"tc-ws-small-thumb":["https:\/\/math.univ-lyon1.fr\/dream\/wp-content\/uploads\/2022\/06\/LOGOSite-367x297.png",367,297,true],"tc-slider-small":["https:\/\/math.univ-lyon1.fr\/dream\/wp-content\/uploads\/2022\/06\/LOGOSite-367x47.png",367,47,true]},"rttpg_author":{"display_name":"St\u00e9phanie CROQUELOIS","author_link":"https:\/\/math.univ-lyon1.fr\/dream\/?author=3"},"rttpg_comment":0,"rttpg_category":" <a href=\"https:\/\/math.univ-lyon1.fr\/dream\/?cat=142\" rel=\"tag\">Projet DREAM<\/a>","rttpg_excerpt":"Pr\u00e9sentation de l'\u00e9quipe DREAM et de ses travaux de recherche r\u00e9alis\u00e9s ou en cours","_links":{"self":[{"href":"https:\/\/math.univ-lyon1.fr\/dream\/index.php?rest_route=\/wp\/v2\/pages\/2462","targetHints":{"allow":["GET"]}}],"collection":[{"href":"https:\/\/math.univ-lyon1.fr\/dream\/index.php?rest_route=\/wp\/v2\/pages"}],"about":[{"href":"https:\/\/math.univ-lyon1.fr\/dream\/index.php?rest_route=\/wp\/v2\/types\/page"}],"author":[{"embeddable":true,"href":"https:\/\/math.univ-lyon1.fr\/dream\/index.php?rest_route=\/wp\/v2\/users\/3"}],"replies":[{"embeddable":true,"href":"https:\/\/math.univ-lyon1.fr\/dream\/index.php?rest_route=%2Fwp%2Fv2%2Fcomments&post=2462"}],"version-history":[{"count":12,"href":"https:\/\/math.univ-lyon1.fr\/dream\/index.php?rest_route=\/wp\/v2\/pages\/2462\/revisions"}],"predecessor-version":[{"id":3908,"href":"https:\/\/math.univ-lyon1.fr\/dream\/index.php?rest_route=\/wp\/v2\/pages\/2462\/revisions\/3908"}],"wp:featuredmedia":[{"embeddable":true,"href":"https:\/\/math.univ-lyon1.fr\/dream\/index.php?rest_route=\/wp\/v2\/media\/1670"}],"wp:attachment":[{"href":"https:\/\/math.univ-lyon1.fr\/dream\/index.php?rest_route=%2Fwp%2Fv2%2Fmedia&parent=2462"}],"wp:term":[{"taxonomy":"category","embeddable":true,"href":"https:\/\/math.univ-lyon1.fr\/dream\/index.php?rest_route=%2Fwp%2Fv2%2Fcategories&post=2462"},{"taxonomy":"post_tag","embeddable":true,"href":"https:\/\/math.univ-lyon1.fr\/dream\/index.php?rest_route=%2Fwp%2Fv2%2Ftags&post=2462"},{"taxonomy":"type_situation","embeddable":true,"href":"https:\/\/math.univ-lyon1.fr\/dream\/index.php?rest_route=%2Fwp%2Fv2%2Ftype_situation&post=2462"},{"taxonomy":"theme_maths","embeddable":true,"href":"https:\/\/math.univ-lyon1.fr\/dream\/index.php?rest_route=%2Fwp%2Fv2%2Ftheme_maths&post=2462"},{"taxonomy":"type-expe","embeddable":true,"href":"https:\/\/math.univ-lyon1.fr\/dream\/index.php?rest_route=%2Fwp%2Fv2%2Ftype-expe&post=2462"}],"curies":[{"name":"wp","href":"https:\/\/api.w.org\/{rel}","templated":true}]}}