{"id":3080,"date":"2025-11-27T17:53:19","date_gmt":"2025-11-27T16:53:19","guid":{"rendered":"https:\/\/math.univ-lyon1.fr\/dream\/?page_id=3080"},"modified":"2026-04-07T11:48:55","modified_gmt":"2026-04-07T09:48:55","slug":"accueil","status":"publish","type":"page","link":"https:\/\/math.univ-lyon1.fr\/dream\/","title":{"rendered":"ACCUEIL"},"content":{"rendered":"\n<h1>\n\t\t\tDREAM\t<\/h1>\n<h1>\n\t\t\tD\u00e9marche de Recherche pour l&rsquo;Enseignement et l&rsquo;Apprentissage des Math\u00e9matiques\t<\/h1>\n<figure itemscope itemtype=\"https:\/\/schema.org\/ImageObject\">\n\t\t\t\t<img decoding=\"async\" src=\"https:\/\/math.univ-lyon1.fr\/dream\/wp-content\/uploads\/2022\/06\/LOGODREAM.png\" alt=\"LOGODREAM\" height=\"408\" width=\"432\" title=\"LOGODREAM\" onerror=\"this.style.display='none'\" loading=\"lazy\" \/>\n\t<\/figure>\n\t<p>Les \u00ab <strong>probl\u00e8mes pour chercher<\/strong> \u00bb sont une fa\u00e7on diff\u00e9rente d&rsquo;envisager l&rsquo;apprentissage et l&rsquo;enseignement des math\u00e9matiques dans le cours ordinaire de la classe. Ils permettent de mettre en \u00e9vidence et en pratique les ressorts fournis par la dimension exp\u00e9rimentale de l&rsquo;activit\u00e9 math\u00e9matique sur des connaissances math\u00e9matiques en lien avec les programmes \u00e0 diff\u00e9rents niveaux d&rsquo;enseignement (cycle 3, coll\u00e8ge, lyc\u00e9e, universit\u00e9).<\/p>\n<p>L&rsquo;\u00e9quipe <strong>DREAM<\/strong> s&rsquo;appuie sur l&rsquo;ensemble des travaux d\u00e9velopp\u00e9s autour du probl\u00e8me ouvert au sein de l&rsquo;IREM de Lyon depuis plus de vingt ans, ainsi que sur les travaux de recherche d\u00e9velopp\u00e9s \u00e0 l&rsquo;IF\u00c9 (ENS de Lyon), \u00e0 l&rsquo;INSPE et dans les laboratoires S2HEP et CRNL de l&rsquo;Universit\u00e9 de Lyon.<\/p>\n<figure itemscope itemtype=\"https:\/\/schema.org\/ImageObject\">\n\t\t\t\t<img decoding=\"async\" src=\"https:\/\/math.univ-lyon1.fr\/dream\/wp-content\/uploads\/2022\/03\/ImageQQPb-e1677337448942-270x168.png\" alt=\"Dessin de Claude Tisseron, 1984\" height=\"168\" width=\"270\" title=\"ImageQQPb\" onerror=\"this.style.display='none'\" loading=\"lazy\" \/>\n\t<\/figure>\n\t<p>Qu&rsquo;est ce qu&rsquo;une situation didactique de recherche de probl\u00e8me (SDRP) ? Comment la mettre en \u0153uvre ?<\/p>\n\t\t\t<a href=\"https:\/\/math.univ-lyon1.fr\/dream\/?page_id=103\"  target=\"_self\">\n\t\t\t\t\t\tQu&rsquo;appelle t-on SDRP ?\n\t\t\t\t\t<\/a>\n<figure itemscope itemtype=\"https:\/\/schema.org\/ImageObject\">\n\t\t\t\t<img decoding=\"async\" src=\"https:\/\/math.univ-lyon1.fr\/dream\/wp-content\/uploads\/2022\/03\/Tisseron2-e1677338364683-300x163.png\" alt=\"Tisseron2\" height=\"163\" width=\"300\" title=\"Tisseron2\" onerror=\"this.style.display='none'\" loading=\"lazy\" \/>\n\t<\/figure>\n\t<p>D\u00e9couvrez comment construire un enseignement bas\u00e9 sur la recherche de probl\u00e8mes.<\/p>\n\t\t\t<a href=\"https:\/\/math.univ-lyon1.fr\/dream\/?page_id=65\"  target=\"_self\">\n\t\t\t\t\t\tFonder son enseignement sur la r\u00e9solution de probl\u00e8mes\n\t\t\t\t\t<\/a>\n<h3>\n\t\t\tSituations Didactiques de Recherche de Probl\u00e8mes (SDRP)\t<\/h3>\n\t<p><em>Un probl\u00e8me math\u00e9matique se doit d&rsquo;\u00eatre\u00a0<b>robuste et en m\u00eame temps doit se laisser aborder, questionner, explorer.<\/b><\/em><\/p>\n\t\t\t<a href=\"https:\/\/math.univ-lyon1.fr\/dream\/?page_id=77\"  target=\"_self\">\n\t\t\t\t\t\t\tExplorer les SDRP\n\t\t\t\t\t<\/a>\n<h3>\n\t\t\tLe panier \u00e0 probl\u00e8mes\t<\/h3>\n\t<p><em>Des probl\u00e8mes qui permettent d&rsquo;enrichir la base de donn\u00e9es pour <strong>fonder<\/strong>\u00a0davantage\u00a0<strong>son enseignement<\/strong>\u00a0sur les probl\u00e8mes<\/em><\/p>\n\t\t\t<a href=\"https:\/\/math.univ-lyon1.fr\/dream\/?page_id=79\"  target=\"_self\">\n\t\t\t\t\t\t\tExplorer le panier \u00e0 probl\u00e8mes\n\t\t\t\t\t<\/a>\n<h3>\n\t\t\tDes ressources p\u00e9dagogiques du cycle 3 au lyc\u00e9e\t<\/h3>\n\t<em>Des outils pour fonder son enseignement sur la recherche de probl\u00e8mes<br \/>\nQuels probl\u00e8mes choisir ? Quels probl\u00e8mes pour quel niveau ?<\/em>\n\t\t\t<a href=\"https:\/\/math.univ-lyon1.fr\/dream\/?page_id=3328\"  target=\"_self\">\n\t\t\t\t\t\t\tExplorer les ressources cycle 3\n\t\t\t\t\t<\/a>\n<h3>\n\t\t\tPublications scientifiques\t<\/h3>\n\t<p>D\u00e9couvrez l&rsquo;ensemble des productions scientifiques.<\/p>\n\t\t\t<a href=\"https:\/\/math.univ-lyon1.fr\/dream\/?page_id=3266\"  target=\"_self\">\n\t\t\t\t\t\t\tConsulter les publications\n\t\t\t\t\t<\/a>\n<h3>\n\t\t\tNewsletters\t<\/h3>\n\t<p>Retours d&rsquo;exp\u00e9rience, articles, pr\u00e9sentations de probl\u00e8mes pour la classe<\/p>\n\t\t\t<a href=\"https:\/\/math.univ-lyon1.fr\/dream\/?page_id=826\"  target=\"_self\">\n\t\t\t\t\t\t\tConsulter les newsletters\n\t\t\t\t\t<\/a>\n<h3>\n\t\t\tCommunications\t<\/h3>\n\t<p>D\u00e9couvrez les interventions du groupe DREAM lors de colloques, s\u00e9minaires et journ\u00e9es p\u00e9dagogiques.<\/p>\n\t\t\t<a href=\"https:\/\/math.univ-lyon1.fr\/dream\/?page_id=3271\"  target=\"_self\">\n\t\t\t\t\t\t\tConsulter les communications\n\t\t\t\t\t<\/a>\n<h3>\n\t\t\tQui sommes nous ?\t<\/h3>\n\t<p>Pr\u00e9sentation de l&rsquo;\u00e9quipe, du projet DREAM<\/p>\n\t\t\t<a href=\"https:\/\/math.univ-lyon1.fr\/dream\/?page_id=2462\"  target=\"_self\">\n\t\t\t\t\t\t\tEn savoir plus\n\t\t\t\t\t<\/a>\n<h3>\n\t\t\tAccompagnement des enseignants et formateurs\t<\/h3>\n\t<p>Pour comprendre, concevoir et mettre en \u0153uvre des situations de recherche en classe<\/p>\n\t\t\t<a href=\"https:\/\/math.univ-lyon1.fr\/dream\/?page_id=567\"  target=\"_self\">\n\t\t\t\t\t\t\tD\u00e9couvrir l&rsquo;accompagnement\n\t\t\t\t\t<\/a>\n<h3>\n\t\t\tContact\t<\/h3>\n\t<p>dream@math.univ-lyon1.fr<\/p>\n\n","protected":false},"excerpt":{"rendered":"<p>DREAM D\u00e9marche de Recherche pour l&rsquo;Enseignement et l&rsquo;Apprentissage des Math\u00e9matiques Les \u00ab probl\u00e8mes pour chercher \u00bb sont une fa\u00e7on diff\u00e9rente d&rsquo;envisager l&rsquo;apprentissage et l&rsquo;enseignement des math\u00e9matiques dans le cours ordinaire de la classe. Ils permettent de mettre en \u00e9vidence et en pratique les ressorts fournis par la dimension exp\u00e9rimentale de l&rsquo;activit\u00e9 math\u00e9matique sur des connaissances [&hellip;]<\/p>\n","protected":false},"author":3,"featured_media":0,"parent":0,"menu_order":0,"comment_status":"closed","ping_status":"closed","template":"custom-page.php","meta":{"footnotes":""},"categories":[],"tags":[],"type_situation":[],"theme_maths":[],"type-expe":[],"class_list":["post-3080","page","type-page","status-publish","czr-hentry"],"rttpg_featured_image_url":null,"rttpg_author":{"display_name":"St\u00e9phanie CROQUELOIS","author_link":"https:\/\/math.univ-lyon1.fr\/dream\/?author=3"},"rttpg_comment":0,"rttpg_category":false,"rttpg_excerpt":"DREAM D\u00e9marche de Recherche pour l&rsquo;Enseignement et l&rsquo;Apprentissage des Math\u00e9matiques Les \u00ab probl\u00e8mes pour chercher \u00bb sont une fa\u00e7on diff\u00e9rente d&rsquo;envisager l&rsquo;apprentissage et l&rsquo;enseignement des math\u00e9matiques dans le cours ordinaire de la classe. Ils permettent de mettre en \u00e9vidence et en pratique les ressorts fournis par la dimension exp\u00e9rimentale de l&rsquo;activit\u00e9 math\u00e9matique sur des connaissances\u2026","_links":{"self":[{"href":"https:\/\/math.univ-lyon1.fr\/dream\/index.php?rest_route=\/wp\/v2\/pages\/3080","targetHints":{"allow":["GET"]}}],"collection":[{"href":"https:\/\/math.univ-lyon1.fr\/dream\/index.php?rest_route=\/wp\/v2\/pages"}],"about":[{"href":"https:\/\/math.univ-lyon1.fr\/dream\/index.php?rest_route=\/wp\/v2\/types\/page"}],"author":[{"embeddable":true,"href":"https:\/\/math.univ-lyon1.fr\/dream\/index.php?rest_route=\/wp\/v2\/users\/3"}],"replies":[{"embeddable":true,"href":"https:\/\/math.univ-lyon1.fr\/dream\/index.php?rest_route=%2Fwp%2Fv2%2Fcomments&post=3080"}],"version-history":[{"count":12,"href":"https:\/\/math.univ-lyon1.fr\/dream\/index.php?rest_route=\/wp\/v2\/pages\/3080\/revisions"}],"predecessor-version":[{"id":3991,"href":"https:\/\/math.univ-lyon1.fr\/dream\/index.php?rest_route=\/wp\/v2\/pages\/3080\/revisions\/3991"}],"wp:attachment":[{"href":"https:\/\/math.univ-lyon1.fr\/dream\/index.php?rest_route=%2Fwp%2Fv2%2Fmedia&parent=3080"}],"wp:term":[{"taxonomy":"category","embeddable":true,"href":"https:\/\/math.univ-lyon1.fr\/dream\/index.php?rest_route=%2Fwp%2Fv2%2Fcategories&post=3080"},{"taxonomy":"post_tag","embeddable":true,"href":"https:\/\/math.univ-lyon1.fr\/dream\/index.php?rest_route=%2Fwp%2Fv2%2Ftags&post=3080"},{"taxonomy":"type_situation","embeddable":true,"href":"https:\/\/math.univ-lyon1.fr\/dream\/index.php?rest_route=%2Fwp%2Fv2%2Ftype_situation&post=3080"},{"taxonomy":"theme_maths","embeddable":true,"href":"https:\/\/math.univ-lyon1.fr\/dream\/index.php?rest_route=%2Fwp%2Fv2%2Ftheme_maths&post=3080"},{"taxonomy":"type-expe","embeddable":true,"href":"https:\/\/math.univ-lyon1.fr\/dream\/index.php?rest_route=%2Fwp%2Fv2%2Ftype-expe&post=3080"}],"curies":[{"name":"wp","href":"https:\/\/api.w.org\/{rel}","templated":true}]}}