{"id":3266,"date":"2025-11-29T21:33:40","date_gmt":"2025-11-29T20:33:40","guid":{"rendered":"https:\/\/math.univ-lyon1.fr\/dream\/?page_id=3266"},"modified":"2026-02-28T11:28:11","modified_gmt":"2026-02-28T10:28:11","slug":"publications-scientifiques","status":"publish","type":"page","link":"https:\/\/math.univ-lyon1.fr\/dream\/?page_id=3266","title":{"rendered":"Publications scientifiques"},"content":{"rendered":"\n\n\t\t\t\t<img decoding=\"async\" src=\"https:\/\/math.univ-lyon1.fr\/dream\/wp-content\/uploads\/2025\/11\/MEA-PubliScient-510x510.jpg\" alt=\"MEA-PubliScient\" itemprop=\"image\" height=\"510\" width=\"510\" title=\"MEA-PubliScient\" onerror=\"this.style.display='none'\" loading=\"lazy\" \/>\n\t<p>Le projet <strong data-start=\"413\" data-end=\"426\">DREAMaths<\/strong> s&rsquo;appuie sur un ensemble de travaux scientifiques en didactique des math\u00e9matiques portant sur les <strong data-start=\"525\" data-end=\"552\">situations de recherche<\/strong>, la <strong data-start=\"557\" data-end=\"584\">r\u00e9solution de probl\u00e8mes<\/strong>, les <strong data-start=\"590\" data-end=\"631\">gestes professionnels des enseignants<\/strong> et les <strong data-start=\"639\" data-end=\"680\">dynamiques d&rsquo;apprentissage des \u00e9l\u00e8ves<\/strong>.<br data-start=\"681\" data-end=\"684\" \/>Les publications pr\u00e9sent\u00e9es ci-dessous t\u00e9moignent de l&rsquo;\u00e9volution du projet, de ses appuis th\u00e9oriques et des perspectives qu&rsquo;il ouvre pour l&rsquo;enseignement des math\u00e9matiques.<\/p>\n\tNous souhaitons rendre ces travaux accessibles \u00e0 la communaut\u00e9 \u00e9ducative :<br data-start=\"2980\" data-end=\"2983\" \/>enseignants, formateurs, chercheurs, \u00e9tudiants en math\u00e9matiques ou en sciences de l&rsquo;\u00e9ducation.<br data-start=\"3077\" data-end=\"3080\" \/>La diffusion scientifique fait partie int\u00e9grante du projet <strong>DREAMaths<\/strong> et vise \u00e0 renforcer les liens entre <strong data-start=\"3185\" data-end=\"3198\">recherche<\/strong>, <strong data-start=\"3200\" data-end=\"3222\">pratique de classe<\/strong> et <strong data-start=\"3226\" data-end=\"3239\">formation<\/strong>.\n<h2>\n\t\t\tPour citer nos travaux\t<\/h2>\n\tSi vous souhaitez citer une publication, vous pouvez vous r\u00e9f\u00e9rer \u00e0 la notice officielle fournie dans chaque publication.<br data-start=\"2705\" data-end=\"2708\" \/>Pour toute demande compl\u00e9mentaire (version auteur, texte int\u00e9gral, d\u00e9tails m\u00e9thodologiques), l&rsquo;\u00e9quipe DREAMaths peut \u00eatre contact\u00e9e via l&rsquo;adresse :\u00a0<a href=\"mailto:dream@math.univ-lyon1.fr\">dream@math.univ-lyon1.fr<\/a>\n\n","protected":false},"excerpt":{"rendered":"<p>Le projet DREAMaths s&rsquo;appuie sur un ensemble de travaux scientifiques en didactique des math\u00e9matiques portant sur les situations de recherche, la r\u00e9solution de probl\u00e8mes, les gestes professionnels des enseignants et les dynamiques d&rsquo;apprentissage des \u00e9l\u00e8ves.Les publications pr\u00e9sent\u00e9es ci-dessous t\u00e9moignent de l&rsquo;\u00e9volution du projet, de ses appuis th\u00e9oriques et des perspectives qu&rsquo;il ouvre pour l&rsquo;enseignement des [&hellip;]<\/p>\n","protected":false},"author":3,"featured_media":0,"parent":3264,"menu_order":2,"comment_status":"closed","ping_status":"closed","template":"","meta":{"footnotes":""},"categories":[109],"tags":[],"type_situation":[],"theme_maths":[],"type-expe":[],"class_list":{"0":"post-3266","1":"page","2":"type-page","3":"status-publish","5":"category-recherche-publications","6":"czr-hentry"},"rttpg_featured_image_url":null,"rttpg_author":{"display_name":"St\u00e9phanie CROQUELOIS","author_link":"https:\/\/math.univ-lyon1.fr\/dream\/?author=3"},"rttpg_comment":0,"rttpg_category":" <a href=\"https:\/\/math.univ-lyon1.fr\/dream\/?cat=109\" rel=\"tag\">Recherche &amp; publications<\/a>","rttpg_excerpt":"Le projet DREAMaths s&rsquo;appuie sur un ensemble de travaux scientifiques en didactique des math\u00e9matiques portant sur les situations de recherche, la r\u00e9solution de probl\u00e8mes, les gestes professionnels des enseignants et les dynamiques d&rsquo;apprentissage des \u00e9l\u00e8ves.Les publications pr\u00e9sent\u00e9es ci-dessous t\u00e9moignent de l&rsquo;\u00e9volution du projet, de ses appuis th\u00e9oriques et des perspectives qu&rsquo;il ouvre pour l&rsquo;enseignement des\u2026","_links":{"self":[{"href":"https:\/\/math.univ-lyon1.fr\/dream\/index.php?rest_route=\/wp\/v2\/pages\/3266","targetHints":{"allow":["GET"]}}],"collection":[{"href":"https:\/\/math.univ-lyon1.fr\/dream\/index.php?rest_route=\/wp\/v2\/pages"}],"about":[{"href":"https:\/\/math.univ-lyon1.fr\/dream\/index.php?rest_route=\/wp\/v2\/types\/page"}],"author":[{"embeddable":true,"href":"https:\/\/math.univ-lyon1.fr\/dream\/index.php?rest_route=\/wp\/v2\/users\/3"}],"replies":[{"embeddable":true,"href":"https:\/\/math.univ-lyon1.fr\/dream\/index.php?rest_route=%2Fwp%2Fv2%2Fcomments&post=3266"}],"version-history":[{"count":7,"href":"https:\/\/math.univ-lyon1.fr\/dream\/index.php?rest_route=\/wp\/v2\/pages\/3266\/revisions"}],"predecessor-version":[{"id":3937,"href":"https:\/\/math.univ-lyon1.fr\/dream\/index.php?rest_route=\/wp\/v2\/pages\/3266\/revisions\/3937"}],"up":[{"embeddable":true,"href":"https:\/\/math.univ-lyon1.fr\/dream\/index.php?rest_route=\/wp\/v2\/pages\/3264"}],"wp:attachment":[{"href":"https:\/\/math.univ-lyon1.fr\/dream\/index.php?rest_route=%2Fwp%2Fv2%2Fmedia&parent=3266"}],"wp:term":[{"taxonomy":"category","embeddable":true,"href":"https:\/\/math.univ-lyon1.fr\/dream\/index.php?rest_route=%2Fwp%2Fv2%2Fcategories&post=3266"},{"taxonomy":"post_tag","embeddable":true,"href":"https:\/\/math.univ-lyon1.fr\/dream\/index.php?rest_route=%2Fwp%2Fv2%2Ftags&post=3266"},{"taxonomy":"type_situation","embeddable":true,"href":"https:\/\/math.univ-lyon1.fr\/dream\/index.php?rest_route=%2Fwp%2Fv2%2Ftype_situation&post=3266"},{"taxonomy":"theme_maths","embeddable":true,"href":"https:\/\/math.univ-lyon1.fr\/dream\/index.php?rest_route=%2Fwp%2Fv2%2Ftheme_maths&post=3266"},{"taxonomy":"type-expe","embeddable":true,"href":"https:\/\/math.univ-lyon1.fr\/dream\/index.php?rest_route=%2Fwp%2Fv2%2Ftype-expe&post=3266"}],"curies":[{"name":"wp","href":"https:\/\/api.w.org\/{rel}","templated":true}]}}