{"id":3271,"date":"2025-11-29T21:57:42","date_gmt":"2025-11-29T20:57:42","guid":{"rendered":"https:\/\/math.univ-lyon1.fr\/dream\/?page_id=3271"},"modified":"2025-12-04T10:50:23","modified_gmt":"2025-12-04T09:50:23","slug":"communications","status":"publish","type":"page","link":"https:\/\/math.univ-lyon1.fr\/dream\/?page_id=3271","title":{"rendered":"Communications"},"content":{"rendered":"\n\n\t\t\t\t<img decoding=\"async\" src=\"https:\/\/math.univ-lyon1.fr\/dream\/wp-content\/uploads\/2025\/11\/MEA-Communications.jpg\" alt=\"MEA-Communications\" itemprop=\"image\" height=\"500\" width=\"500\" title=\"MEA-Communications\" onerror=\"this.style.display='none'\" loading=\"lazy\" \/>\n\t<p>Les travaux de l&rsquo;\u00e9quipe <strong data-start=\"379\" data-end=\"392\">DREAM<\/strong> sont r\u00e9guli\u00e8rement pr\u00e9sent\u00e9s dans des colloques, s\u00e9minaires, journ\u00e9es acad\u00e9miques et \u00e9v\u00e9nements de formation.<\/p>\nLes communications ci-dessous t\u00e9moignent des collaborations men\u00e9es avec la communaut\u00e9 \u00e9ducative et de l&rsquo;\u00e9volution des travaux.\nCes interventions constituent des moments privil\u00e9gi\u00e9s pour partager nos analyses, discuter des r\u00e9sultats avec d&rsquo;autres chercheurs et praticiens, et nourrir la r\u00e9flexion sur l&rsquo;enseignement des math\u00e9matiques.\n\tLes communications constituent un \u00e9l\u00e9ment essentiel de la vie scientifique du projet :<br data-start=\"2596\" data-end=\"2599\" \/>elles permettent non seulement de partager nos r\u00e9sultats, mais aussi d&rsquo;\u00e9changer avec d&rsquo;autres chercheurs, praticiens, formateurs, et institutions.<br data-start=\"2745\" data-end=\"2748\" \/>Ces \u00e9changes contribuent \u00e0 affiner nos analyses, \u00e0 ouvrir de nouvelles pistes de collaboration et \u00e0 enrichir continuellement nos conceptions de l&rsquo;enseignement par la recherche.\n\tPour toute demande compl\u00e9mentaire (version auteur, texte int\u00e9gral, d\u00e9tails m\u00e9thodologiques), l&rsquo;\u00e9quipe DREAMaths peut \u00eatre contact\u00e9e via l&rsquo;adresse :\u00a0<a href=\"mailto:dream@math.univ-lyon1.fr\">dream@math.univ-lyon1.fr<\/a>\n\n","protected":false},"excerpt":{"rendered":"<p>Les travaux de l&rsquo;\u00e9quipe DREAM sont r\u00e9guli\u00e8rement pr\u00e9sent\u00e9s dans des colloques, s\u00e9minaires, journ\u00e9es acad\u00e9miques et \u00e9v\u00e9nements de formation. Les communications ci-dessous t\u00e9moignent des collaborations men\u00e9es avec la communaut\u00e9 \u00e9ducative et de l&rsquo;\u00e9volution des travaux. Ces interventions constituent des moments privil\u00e9gi\u00e9s pour partager nos analyses, discuter des r\u00e9sultats avec d&rsquo;autres chercheurs et praticiens, et nourrir la [&hellip;]<\/p>\n","protected":false},"author":3,"featured_media":0,"parent":3264,"menu_order":3,"comment_status":"closed","ping_status":"closed","template":"","meta":{"footnotes":""},"categories":[109],"tags":[],"type_situation":[],"theme_maths":[],"type-expe":[],"class_list":{"0":"post-3271","1":"page","2":"type-page","3":"status-publish","5":"category-recherche-publications","6":"czr-hentry"},"rttpg_featured_image_url":null,"rttpg_author":{"display_name":"St\u00e9phanie CROQUELOIS","author_link":"https:\/\/math.univ-lyon1.fr\/dream\/?author=3"},"rttpg_comment":0,"rttpg_category":" <a href=\"https:\/\/math.univ-lyon1.fr\/dream\/?cat=109\" rel=\"tag\">Recherche &amp; publications<\/a>","rttpg_excerpt":"Les travaux de l&rsquo;\u00e9quipe DREAM sont r\u00e9guli\u00e8rement pr\u00e9sent\u00e9s dans des colloques, s\u00e9minaires, journ\u00e9es acad\u00e9miques et \u00e9v\u00e9nements de formation. Les communications ci-dessous t\u00e9moignent des collaborations men\u00e9es avec la communaut\u00e9 \u00e9ducative et de l&rsquo;\u00e9volution des travaux. Ces interventions constituent des moments privil\u00e9gi\u00e9s pour partager nos analyses, discuter des r\u00e9sultats avec d&rsquo;autres chercheurs et praticiens, et nourrir la\u2026","_links":{"self":[{"href":"https:\/\/math.univ-lyon1.fr\/dream\/index.php?rest_route=\/wp\/v2\/pages\/3271","targetHints":{"allow":["GET"]}}],"collection":[{"href":"https:\/\/math.univ-lyon1.fr\/dream\/index.php?rest_route=\/wp\/v2\/pages"}],"about":[{"href":"https:\/\/math.univ-lyon1.fr\/dream\/index.php?rest_route=\/wp\/v2\/types\/page"}],"author":[{"embeddable":true,"href":"https:\/\/math.univ-lyon1.fr\/dream\/index.php?rest_route=\/wp\/v2\/users\/3"}],"replies":[{"embeddable":true,"href":"https:\/\/math.univ-lyon1.fr\/dream\/index.php?rest_route=%2Fwp%2Fv2%2Fcomments&post=3271"}],"version-history":[{"count":8,"href":"https:\/\/math.univ-lyon1.fr\/dream\/index.php?rest_route=\/wp\/v2\/pages\/3271\/revisions"}],"predecessor-version":[{"id":3679,"href":"https:\/\/math.univ-lyon1.fr\/dream\/index.php?rest_route=\/wp\/v2\/pages\/3271\/revisions\/3679"}],"up":[{"embeddable":true,"href":"https:\/\/math.univ-lyon1.fr\/dream\/index.php?rest_route=\/wp\/v2\/pages\/3264"}],"wp:attachment":[{"href":"https:\/\/math.univ-lyon1.fr\/dream\/index.php?rest_route=%2Fwp%2Fv2%2Fmedia&parent=3271"}],"wp:term":[{"taxonomy":"category","embeddable":true,"href":"https:\/\/math.univ-lyon1.fr\/dream\/index.php?rest_route=%2Fwp%2Fv2%2Fcategories&post=3271"},{"taxonomy":"post_tag","embeddable":true,"href":"https:\/\/math.univ-lyon1.fr\/dream\/index.php?rest_route=%2Fwp%2Fv2%2Ftags&post=3271"},{"taxonomy":"type_situation","embeddable":true,"href":"https:\/\/math.univ-lyon1.fr\/dream\/index.php?rest_route=%2Fwp%2Fv2%2Ftype_situation&post=3271"},{"taxonomy":"theme_maths","embeddable":true,"href":"https:\/\/math.univ-lyon1.fr\/dream\/index.php?rest_route=%2Fwp%2Fv2%2Ftheme_maths&post=3271"},{"taxonomy":"type-expe","embeddable":true,"href":"https:\/\/math.univ-lyon1.fr\/dream\/index.php?rest_route=%2Fwp%2Fv2%2Ftype-expe&post=3271"}],"curies":[{"name":"wp","href":"https:\/\/api.w.org\/{rel}","templated":true}]}}