{"id":52,"date":"2022-03-15T11:34:14","date_gmt":"2022-03-15T10:34:14","guid":{"rendered":"https:\/\/math.univ-lyon1.fr\/dream\/?page_id=52"},"modified":"2025-12-03T18:36:30","modified_gmt":"2025-12-03T17:36:30","slug":"mise-en-oeuvre-dune-sdrp","status":"publish","type":"page","link":"https:\/\/math.univ-lyon1.fr\/dream\/?page_id=52","title":{"rendered":"Mise en \u0153uvre d&rsquo;une SDRP"},"content":{"rendered":"\n\n\t\t\t\t<img decoding=\"async\" src=\"https:\/\/math.univ-lyon1.fr\/dream\/wp-content\/uploads\/2022\/06\/BoutonMEO-270x250.png\" alt=\"BoutonMEO\" itemprop=\"image\" height=\"250\" width=\"270\" title=\"BoutonMEO\" onerror=\"this.style.display='none'\" loading=\"lazy\" \/>\n\tNous pr\u00e9sentons une organisation test\u00e9e \u00e0 de nombreuses reprises pour mettre en \u0153uvre une situation didactique de recherche de probl\u00e8me.<br \/>\nPour chaque temps pr\u00e9sent\u00e9 ci-dessous, nous donnons une estimation de la dur\u00e9e. Bien entendu, cette dur\u00e9e peut l\u00e9g\u00e8rement varier en fonction de la situation ou de la classe et il faut savoir qu&rsquo;un <strong>mise en \u0153uvre compl\u00e8te<\/strong> n\u00e9cessite <strong>entre 2 et 3 heures<\/strong>.\n<a  href=\"#presentation\" target=\"_self\">\n\t<\/a>\n<a  href=\"#familiarisation\" target=\"_self\">\n\t<\/a>\n<a  href=\"#individuel\" target=\"_self\">\n\t<\/a>\n<a  href=\"#groupe\" target=\"_self\">\n\t<\/a>\n<a  href=\"#mec\" target=\"_self\">\n\t<\/a>\n<a  href=\"#synthese\" target=\"_self\">\n\t<\/a>\n\t<p>Il est important d&rsquo;expliquer aux \u00e9l\u00e8ves le principe g\u00e9n\u00e9ral de la s\u00e9ance \u00e9tant donn\u00e9 le changement de contexte par rapport \u00e0 un enseignement plus traditionnel. <\/p>\n<p>Ce temps est d&rsquo;autant plus important si c&rsquo;est la premi\u00e8re fois qu&rsquo;une telle mise en \u0153uvre est pratiqu\u00e9e en classe.<\/p>\n\t<p>L&rsquo;enseignant expose l&rsquo;\u00e9nonc\u00e9 du probl\u00e8me, questionne les \u00e9l\u00e8ves sur le sens des mots importants et s&rsquo;assure de la compr\u00e9hension de l&rsquo;\u00e9nonc\u00e9 par chaque \u00e9l\u00e8ve, \u00e9ventuellement en faisant relire l&rsquo;\u00e9nonc\u00e9 \u00e0 certains.<\/p>\n\t<p>Il faut laisser un temps individuel de r\u00e9flexion pour que les \u00e9l\u00e8ves puissent s&rsquo;approprier le probl\u00e8me et commencer \u00e0 l&rsquo;\u00e9laborer des strat\u00e9gies personnelles. Pendant ce temps, le professeur peut circuler dans la classe et s&rsquo;assurer que chaque \u00e9l\u00e8ve s&rsquo;est appropri\u00e9 l&rsquo;\u00e9nonc\u00e9. Plusieurs cas sont possibles :<\/p>\n<ul>\n<li>Si un \u00e9l\u00e8ve est bloqu\u00e9, incompr\u00e9hension partielle ou totale de l&rsquo;\u00e9nonc\u00e9, une aide individuelle est envisageable.<\/li>\n<li>Si un \u00e9l\u00e8ve se construit malgr\u00e9 le temps de familiarisation une mauvaise repr\u00e9sentation de l&rsquo;\u00e9nonc\u00e9 (contre-sens des mots &#8230; ), le temps de travail en groupe qui va suivre doit permettre de lever les derni\u00e8res ambigu\u00eft\u00e9s.<\/li>\n<\/ul>\n<p>Attention, durant les \u00e9changes, \u00e0 ne pas fermer le probl\u00e8me.<\/p>\n\t<h4>Phase de recherche<\/h4>\n<p>Durant ce temps, les \u00e9l\u00e8ves sont regroup\u00e9s par 3 ou 4 et confrontent, mettent en commun leurs id\u00e9es de d\u00e9part et approfondissent celles qui leurs semblent prometteuses. De son c\u00f4t\u00e9, l&rsquo;enseignant doit \u00e9viter les interventions qui influencerait les \u00e9l\u00e8ves ou qui auraient tendance \u00e0 fermer le probl\u00e8me. Il est important de d&rsquo;encourager les \u00e9l\u00e8ves qui en auraient besoin et de favoriser l&rsquo;auto-critique des propositions \u00e9labor\u00e9es par les \u00e9l\u00e8ves.<\/p>\n\t<h4>Phase de synth\u00e8se et de r\u00e9daction d&rsquo;une solution<\/h4>\n<p>Une fois la phase de recherche termin\u00e9e, les \u00e9l\u00e8ves mettent en forme sous forme d&rsquo;affiche, transparent ou autre support, une synth\u00e8se de leur recherche avec les r\u00e9sultats obtenus ou les conjectures formul\u00e9es. Le professeur tente de s&rsquo;assurer que tous les \u00e9l\u00e8ves participent \u00e0 l&rsquo;\u00e9laboration de la proposition commune.<\/p>\n\t<p>Cette phase est <strong>fondamentale <\/strong>mais souvent d\u00e9licate. Il est n\u00e9cessaire que les temps pr\u00e9c\u00e9dents soient suffisamment r\u00e9ussis pour que les \u00e9l\u00e8ves puissent s&rsquo;engager dans un r\u00e9el d\u00e9bat, que les productions bien que diff\u00e9rentes soient compr\u00e9hensibles par tous. Il est important de se convaincre qu&rsquo;une phase essentielle se joue ici et qu&rsquo;un temps minimum est indispensable pour sa mise en \u0153uvre.<\/p>\n<p>L&rsquo;organisation de la mise en commun peut d\u00e9pendre des productions :<\/p>\n<ul>\n<li>Si les strat\u00e9gies et conjectures formul\u00e9es sont vari\u00e9es, il est int\u00e9ressant que chaque groupe expose ses r\u00e9sultats pour enrichir le d\u00e9bat.<\/li>\n<li>Si les strat\u00e9gies et conjectures sont similaires, il peut suffire de faire pr\u00e9senter le travail de quelques groupes puis de d\u00e9battre et d&rsquo;approfondir autour des r\u00e9sultats propos\u00e9s.<\/li>\n<\/ul>\n\t<p>Durant cette phase, l&rsquo;enseignant doit jouer le r\u00f4le de <strong>m\u00e9diateur <\/strong>et d&rsquo;<strong>animateur<\/strong>. C&rsquo;est \u00e0 lui d&rsquo;orienter et de cadrer les discussions, de dynamiser le d\u00e9bat et de guider la classe si une piste int\u00e9ressante \u00e9merge de la discussion. Toutefois, c&rsquo;est un exercice difficile car il ne faut pas influencer les \u00e9l\u00e8ves ni leur donner soi-m\u00eame des pistes mais simplement les orienter sur les cons\u00e9quences de leurs r\u00e9sultats. Les conjectures, preuves et r\u00e9sultats doivent \u00eatre produits et formul\u00e9s par les \u00e9l\u00e8ves.<\/p>\n\t\t\t\t<img decoding=\"async\" src=\"https:\/\/math.univ-lyon1.fr\/dream\/wp-content\/uploads\/2022\/06\/BoutonBilanDesSavoirs-150x150.png\" alt=\"BoutonBilanDesSavoirs\" itemprop=\"image\" height=\"150\" width=\"150\" title=\"BoutonBilanDesSavoirs\" onerror=\"this.style.display='none'\" loading=\"lazy\" \/>\n\t<h4><strong>Synth\u00e8se <\/strong><strong>sur les aspects m\u00e9thodologiques et math\u00e9matiques en jeu<\/strong><\/h4>\n<p>Il est important pour les \u00e9l\u00e8ves d&rsquo;avoir une conclusion \u00e0 apporter \u00e0 ce travail. Cependant, faire une synth\u00e8se ne signifie pas apporter la solution finale au probl\u00e8me mais ce temps permet de faire un \u00e9tat des travaux et r\u00e9sultats effectu\u00e9s. Une discussion peut s&rsquo;engager sur les \u00e9l\u00e9ments math\u00e9matiques ou heuristiques travaill\u00e9s, qui m\u00e9ritent d&rsquo;\u00eatre mis en valeur. Durant cette phase d&rsquo;institutionnalisation, le professeur est de nouveau acteur et meneur. C&rsquo;est lui qui apporte le cadre des savoirs mis en jeux.<\/p>\n<p>Le contenu de cette synth\u00e8se peut \u00eatre \u00e9crit dans le cahier de l&rsquo;\u00e9l\u00e8ve et pourra \u00eatre de nouveau exploit\u00e9 lors de futurs probl\u00e8mes ou chapitre en lien avec les notions \u00e9tudi\u00e9es.<\/p>\n\t<h4><strong>R\u00e9investissement de certains \u00e9l\u00e9ments produits.<\/strong><\/h4>\n<p>Il peut \u00eatre pertinent de rebondir sur le travail effectu\u00e9 lors d&rsquo;activit\u00e9s ult\u00e9rieures, pour donner encore plus de sens au probl\u00e8me \u00e9tudi\u00e9 et cr\u00e9er chez les \u00e9l\u00e8ves une r\u00e9f\u00e9rence concr\u00e8te aux notions rencontr\u00e9es. Cet aspect est particuli\u00e8rement mis en avant quand on souhaite\u00a0<strong><a href=\"https:\/\/math.univ-lyon1.fr\/dream\/?page_id=65\">fonder son enseignement sur les probl\u00e8mes<\/a>.<\/strong><\/p>\n\n","protected":false},"excerpt":{"rendered":"<p>Nous pr\u00e9sentons une organisation test\u00e9e \u00e0 de nombreuses reprises pour mettre en \u0153uvre une situation didactique de recherche de probl\u00e8me. Pour chaque temps pr\u00e9sent\u00e9 ci-dessous, nous donnons une estimation de la dur\u00e9e. Bien entendu, cette dur\u00e9e peut l\u00e9g\u00e8rement varier en fonction de la situation ou de la classe et il faut savoir qu&rsquo;un mise en [&hellip;]<\/p>\n","protected":false},"author":5,"featured_media":0,"parent":3568,"menu_order":2,"comment_status":"closed","ping_status":"closed","template":"","meta":{"footnotes":""},"categories":[142],"tags":[],"type_situation":[],"theme_maths":[],"type-expe":[],"class_list":{"0":"post-52","1":"page","2":"type-page","3":"status-publish","5":"category-projet-dream","6":"czr-hentry"},"rttpg_featured_image_url":null,"rttpg_author":{"display_name":"jules emery","author_link":"https:\/\/math.univ-lyon1.fr\/dream\/?author=5"},"rttpg_comment":0,"rttpg_category":" <a href=\"https:\/\/math.univ-lyon1.fr\/dream\/?cat=142\" rel=\"tag\">Projet DREAM<\/a>","rttpg_excerpt":"Nous pr\u00e9sentons une organisation test\u00e9e \u00e0 de nombreuses reprises pour mettre en \u0153uvre une situation didactique de recherche de probl\u00e8me. Pour chaque temps pr\u00e9sent\u00e9 ci-dessous, nous donnons une estimation de la dur\u00e9e. Bien entendu, cette dur\u00e9e peut l\u00e9g\u00e8rement varier en fonction de la situation ou de la classe et il faut savoir qu&rsquo;un mise en\u2026","_links":{"self":[{"href":"https:\/\/math.univ-lyon1.fr\/dream\/index.php?rest_route=\/wp\/v2\/pages\/52","targetHints":{"allow":["GET"]}}],"collection":[{"href":"https:\/\/math.univ-lyon1.fr\/dream\/index.php?rest_route=\/wp\/v2\/pages"}],"about":[{"href":"https:\/\/math.univ-lyon1.fr\/dream\/index.php?rest_route=\/wp\/v2\/types\/page"}],"author":[{"embeddable":true,"href":"https:\/\/math.univ-lyon1.fr\/dream\/index.php?rest_route=\/wp\/v2\/users\/5"}],"replies":[{"embeddable":true,"href":"https:\/\/math.univ-lyon1.fr\/dream\/index.php?rest_route=%2Fwp%2Fv2%2Fcomments&post=52"}],"version-history":[{"count":11,"href":"https:\/\/math.univ-lyon1.fr\/dream\/index.php?rest_route=\/wp\/v2\/pages\/52\/revisions"}],"predecessor-version":[{"id":3664,"href":"https:\/\/math.univ-lyon1.fr\/dream\/index.php?rest_route=\/wp\/v2\/pages\/52\/revisions\/3664"}],"up":[{"embeddable":true,"href":"https:\/\/math.univ-lyon1.fr\/dream\/index.php?rest_route=\/wp\/v2\/pages\/3568"}],"wp:attachment":[{"href":"https:\/\/math.univ-lyon1.fr\/dream\/index.php?rest_route=%2Fwp%2Fv2%2Fmedia&parent=52"}],"wp:term":[{"taxonomy":"category","embeddable":true,"href":"https:\/\/math.univ-lyon1.fr\/dream\/index.php?rest_route=%2Fwp%2Fv2%2Fcategories&post=52"},{"taxonomy":"post_tag","embeddable":true,"href":"https:\/\/math.univ-lyon1.fr\/dream\/index.php?rest_route=%2Fwp%2Fv2%2Ftags&post=52"},{"taxonomy":"type_situation","embeddable":true,"href":"https:\/\/math.univ-lyon1.fr\/dream\/index.php?rest_route=%2Fwp%2Fv2%2Ftype_situation&post=52"},{"taxonomy":"theme_maths","embeddable":true,"href":"https:\/\/math.univ-lyon1.fr\/dream\/index.php?rest_route=%2Fwp%2Fv2%2Ftheme_maths&post=52"},{"taxonomy":"type-expe","embeddable":true,"href":"https:\/\/math.univ-lyon1.fr\/dream\/index.php?rest_route=%2Fwp%2Fv2%2Ftype-expe&post=52"}],"curies":[{"name":"wp","href":"https:\/\/api.w.org\/{rel}","templated":true}]}}