{"id":826,"date":"2022-04-30T14:48:03","date_gmt":"2022-04-30T12:48:03","guid":{"rendered":"https:\/\/math.univ-lyon1.fr\/dream\/?p=826"},"modified":"2025-12-08T14:55:54","modified_gmt":"2025-12-08T13:55:54","slug":"les-newletters","status":"publish","type":"page","link":"https:\/\/math.univ-lyon1.fr\/dream\/?page_id=826","title":{"rendered":"Les Newsletters"},"content":{"rendered":"\n\n\t\t\t\t<img decoding=\"async\" src=\"https:\/\/math.univ-lyon1.fr\/dream\/wp-content\/uploads\/2022\/03\/BoutonNL7-150x150.png\" alt=\"BoutonNL7\" itemprop=\"image\" height=\"150\" width=\"150\" title=\"BoutonNL7\" onerror=\"this.style.display='none'\" loading=\"lazy\" \/>\n\t<p>Le groupe DREAM envoie r\u00e9guli\u00e8rement une newsletter \u00e0 tous ce qui souhaitent s&rsquo;enrichir de retours d&rsquo;exp\u00e9rience, d&rsquo;articles et de pr\u00e9sentations de probl\u00e8mes pour la classe. C&rsquo;est l&rsquo;endroit o\u00f9 le groupe d&rsquo;exp\u00e9rimentation s&rsquo;exprime et partage son travail et ses questionnements.<\/p>\n\t<p>Vous pouvez les consulter, les t\u00e9l\u00e9charger ou nous contactez pour les recevoir en nous contactant \u00e0 <a href=\"mailto:Dream@math.univ-lyon1.fr\" target=\"_blank\" rel=\"noopener\">dream@math.univ-lyon1.fr.<\/a><\/p>\n\t<style type='text\/css' media='all'>#rt-tpg-container-1574810414 .rt-holder .rt-woo-info .price{color:#226d68;}body .rt-tpg-container .rt-tpg-isotope-buttons .selected,\n\t\t\t\t\t#rt-tpg-container-1574810414 .layout12 .rt-holder:hover .rt-detail,\n\t\t\t\t\t#rt-tpg-container-1574810414 .isotope8 .rt-holder:hover .rt-detail,\n\t\t\t\t\t#rt-tpg-container-1574810414 .carousel8 .rt-holder:hover .rt-detail,\n\t\t\t\t\t#rt-tpg-container-1574810414 .layout13 .rt-holder .overlay .post-info,\n\t\t\t\t\t#rt-tpg-container-1574810414 .isotope9 .rt-holder .overlay .post-info,\n\t\t\t\t\t#rt-tpg-container-1574810414.rt-tpg-container .layout4 .rt-holder .rt-detail,\n\t\t\t\t\t.rt-modal-1574810414 .md-content,\n\t\t\t\t\t.rt-modal-1574810414 .md-content > .rt-md-content-holder .rt-md-content,\n\t\t\t\t\t.rt-popup-wrap-1574810414.rt-popup-wrap .rt-popup-navigation-wrap,\n\t\t\t\t\t#rt-tpg-container-1574810414 .carousel9 .rt-holder .overlay .post-info{background-color:#226d68;}#rt-tpg-container-1574810414 .layout5 .rt-holder .overlay, #rt-tpg-container-1574810414 .isotope2 .rt-holder .overlay, #rt-tpg-container-1574810414 .carousel2 .rt-holder .overlay,#rt-tpg-container-1574810414 .layout15 .rt-holder h3, #rt-tpg-container-1574810414 .isotope11 .rt-holder h3, #rt-tpg-container-1574810414 .carousel11 .rt-holder h3, #rt-tpg-container-1574810414 .layout16 .rt-holder h3,\n\t\t\t\t\t#rt-tpg-container-1574810414 .isotope12 .rt-holder h3, #rt-tpg-container-1574810414 .carousel12 .rt-holder h3 {background-color:rgba(34,109,104,0.8);}#rt-tpg-container-1574810414 .pagination-list li a,\n\t\t\t\t\trt-tpg-container-1574810414 .pagination-list li span,\n\t\t\t\t\trt-tpg-container-1574810414 .pagination li a,\n\t\t\t\t\t#rt-tpg-container-1574810414 .rt-tpg-isotope-buttons button,\n\t\t\t\t\t#rt-tpg-container-1574810414 .rt-tpg-utility .rt-tpg-load-more button,\n\t\t\t\t\t#rt-tpg-container-1574810414.rt-tpg-container .swiper-navigation .slider-btn,\n\t\t\t\t\t#rt-tpg-container-1574810414.rt-tpg-container .swiper-pagination-bullet,\n\t\t\t\t\t#rt-tpg-container-1574810414 .wc1 .rt-holder .rt-img-holder .overlay .product-more ul li a,\n\t\t\t\t\t#rt-tpg-container-1574810414 .wc2 .rt-detail .rt-wc-add-to-cart,\n\t\t\t\t\t#rt-tpg-container-1574810414 .wc3 .rt-detail .rt-wc-add-to-cart,\n\t\t\t\t\t#rt-tpg-container-1574810414 .wc4 .rt-detail .rt-wc-add-to-cart,\n\t\t\t\t\t#rt-tpg-container-1574810414 .wc-carousel2 .rt-detail .rt-wc-add-to-cart,\n\t\t\t\t\t#rt-tpg-container-1574810414 .wc-isotope2 .rt-detail .rt-wc-add-to-cart,\n\t\t\t\t\t#rt-tpg-container-1574810414 .rt-layout-filter-container .rt-filter-wrap .rt-filter-item-wrap.rt-filter-dropdown-wrap .rt-filter-dropdown,\n\t\t\t\t\t#rt-tpg-container-1574810414 .rt-layout-filter-container .rt-filter-sub-tax.sub-button-group .rt-filter-button-item,\n\t\t\t\t\t#rt-tpg-container-1574810414.rt-tpg-container .rt-pagination-wrap .rt-page-numbers .paginationjs .paginationjs-pages ul li>a,\n\t\t\t\t\t#rt-tpg-container-1574810414 .rt-filter-item-wrap.rt-filter-button-wrap span.rt-filter-button-item,\n\t\t\t\t\t#rt-tpg-container-1574810414.rt-tpg-container .rt-pagination-wrap  .rt-loadmore-btn,\n\t\t\t\t\t#rt-tpg-container-1574810414.rt-tpg-container .rt-pagination-wrap .rt-cb-page-prev-next > *,\n\t\t\t\t\t#rt-tpg-container-1574810414 .rt-read-more,\n\t\t\t\t\t#rt-tooltip-1574810414, #rt-tooltip-1574810414 .rt-tooltip-bottom:after{background-color:#226d68;}#rt-tpg-container-1574810414 .rt-filter-item-wrap.rt-filter-button-wrap span.rt-filter-button-item,\n\t\t\t\t\t#rt-tpg-container-1574810414 .rt-layout-filter-container .rt-filter-sub-tax.sub-button-group .rt-filter-button-item{border-color:#226d68;}#rt-tpg-container-1574810414.rt-tpg-container .layout17 .rt-holder .overlay a.tpg-zoom .fa{color:#226d68;}#rt-tpg-container-1574810414 .rt-holder .read-more a {background-color:#226d68;padding: 8px 15px;}#rt-tpg-container-1574810414 .pagination-list li a,\n\t\t\t\t\t#rt-tpg-container-1574810414 .pagination li a,\n\t\t\t\t\t#rt-tpg-container-1574810414 .rt-tpg-isotope-buttons button,\n\t\t\t\t\t#rt-tpg-container-1574810414 .rt-holder .read-more a,\n\t\t\t\t\t#rt-tpg-container-1574810414 .rt-tpg-utility .rt-tpg-load-more button,\n\t\t\t\t\t#rt-tpg-container-1574810414.rt-tpg-container .swiper-navigation .slider-btn,\n\t\t\t\t\t#rt-tpg-container-1574810414 .wc1 .rt-holder .rt-img-holder .overlay .product-more ul li a,\n\t\t\t\t\t#rt-tpg-container-1574810414 .edd1 .rt-holder .rt-img-holder .overlay .product-more ul li a,\n\t\t\t\t\t#rt-tpg-container-1574810414 .wc2 .rt-detail .rt-wc-add-to-cart,\n\t\t\t\t\t#rt-tpg-container-1574810414 .wc3 .rt-detail .rt-wc-add-to-cart,\n\t\t\t\t\t#rt-tpg-container-1574810414 .edd2 .rt-detail .rt-wc-add-to-cart,\n\t\t\t\t\t#rt-tpg-container-1574810414 .wc4 .rt-detail .rt-wc-add-to-cart,\n\t\t\t\t\t#rt-tpg-container-1574810414 .edd3 .rt-detail .rt-wc-add-to-cart,\n\t\t\t\t\t#rt-tpg-container-1574810414 .wc-carousel2 .rt-detail .rt-wc-add-to-cart,\n\t\t\t\t\t#rt-tpg-container-1574810414 .wc-isotope2 .rt-detail .rt-wc-add-to-cart,\n\t\t\t\t\t#rt-tpg-container-1574810414 .rt-tpg-utility .rt-tpg-load-more button,\n\t\t\t\t\t#rt-tooltip-1574810414,\n\t\t\t\t\t#rt-tpg-container-1574810414 .rt-filter-item-wrap.rt-filter-button-wrap span.rt-filter-button-item,\n\t\t\t\t\t#rt-tpg-container-1574810414 .rt-layout-filter-container .rt-filter-sub-tax.sub-button-group .rt-filter-button-item,\n\t\t\t\t\t#rt-tpg-container-1574810414 .rt-layout-filter-container .rt-filter-wrap .rt-filter-item-wrap.rt-sort-order-action,\n\t\t\t\t\t#rt-tpg-container-1574810414 .rt-layout-filter-container .rt-filter-wrap .rt-filter-item-wrap.rt-filter-dropdown-wrap .rt-filter-dropdown .rt-filter-dropdown-item,\n\t\t\t\t\t#rt-tpg-container-1574810414.rt-tpg-container .rt-pagination-wrap .rt-page-numbers .paginationjs .paginationjs-pages ul li>a,\n\t\t\t\t\t#rt-tpg-container-1574810414.rt-tpg-container .rt-pagination-wrap .rt-cb-page-prev-next > *,\n\t\t\t\t\t#rt-tpg-container-1574810414.rt-tpg-container .rt-pagination-wrap  .rt-loadmore-btn,\n\t\t\t\t\t#rt-tpg-container-1574810414 .rt-read-more,\n\t\t\t\t\t#rt-tooltip-1574810414 .rt-tooltip-bottom:after{color:#d6955b;}#rt-tpg-container-1574810414 .read-more a{border-radius:20px;}#rt-tpg-container-1574810414 .rt-img-holder img.rt-img-responsive,#rt-tpg-container-1574810414 .rt-img-holder,\n\t\t\t\t\t#rt-tpg-container-1574810414 .rt-post-overlay .post-img,\n\t\t\t\t\t#rt-tpg-container-1574810414 .post-sm .post-img,\n\t\t\t\t\t#rt-tpg-container-1574810414 .rt-post-grid .post-img,\n\t\t\t\t\t#rt-tpg-container-1574810414 .post-img img {border-radius:px;}#rt-tpg-container-1574810414 .layout1 .rt-holder h2.entry-title,\n\t\t\t\t\t#rt-tpg-container-1574810414 .layout1 .rt-holder h3.entry-title,\n\t\t\t\t\t#rt-tpg-container-1574810414 .layout1 .rt-holder h4.entry-title,\n\t\t\t\t\t#rt-tpg-container-1574810414 .layout1 .rt-holder h2.entry-title a,\n\t\t\t\t\t#rt-tpg-container-1574810414 .layout1 .rt-holder h3.entry-title a,\n\t\t\t\t\t#rt-tpg-container-1574810414 .layout1 .rt-holder h4.entry-title a,\n\t\t\t\t\t#rt-tpg-container-1574810414 .rt-holder .rt-woo-info h2 a,\n\t\t\t\t\t#rt-tpg-container-1574810414 .rt-holder .rt-woo-info h3 a,\n\t\t\t\t\t#rt-tpg-container-1574810414 .rt-holder .rt-woo-info h4 a,\n\t\t\t\t\t#rt-tpg-container-1574810414 .post-content .post-title,\n\t\t\t\t\t#rt-tpg-container-1574810414 .rt-post-grid .post-title,\n\t\t\t\t\t#rt-tpg-container-1574810414 .rt-post-grid .post-title a,\n\t\t\t\t\t#rt-tpg-container-1574810414 .post-content .post-title a,\n\t\t\t\t\t#rt-tpg-container-1574810414 .rt-holder .rt-woo-info h2,\n\t\t\t\t\t#rt-tpg-container-1574810414 .rt-holder .rt-woo-info h3,\n\t\t\t\t\t#rt-tpg-container-1574810414 .rt-holder .rt-woo-info h4{color:#18534f;font-weight:bold;text-align:center;}<\/style><div class='rt-container-fluid rt-tpg-container tpg-shortcode-main-wrapper  loading' id='rt-tpg-container-1574810414'   data-layout='layout1' data-grid-style='even' data-desktop-col='3'  data-tab-col='2'  data-mobile-col='1' data-sc-id='2268'><div id=\"bottom-script-loader\" class=\"bottom-script-loader\"><div class=\"rt-ball-clip-rotate\"><div><\/div><\/div><\/div><div data-title='Loading ...' class='rt-row rt-content-loader   layout1 tpg-even '><div class=\"rt-col-md-4 rt-col-sm-6 rt-col-xs-12 even-grid-item rt-grid-item img_zoom_in\" data-id=\"2942\"><div class=\"rt-holder\"><div class=\"rt-img-holder\"><a data-id=\"2942\" class=\"\" href=\"https:\/\/math.univ-lyon1.fr\/dream\/?p=2942\"><img loading=\"lazy\" decoding=\"async\" width=\"528\" height=\"297\" src=\"https:\/\/math.univ-lyon1.fr\/dream\/wp-content\/uploads\/2024\/10\/ImageMiseEnAvantNL12-528x297.png\" class=\"rt-img-responsive \" alt=\"\" \/><\/a><\/div><div class='rt-detail'><h4 class=\"entry-title\"><a data-id=\"2942\" class=\"\" href=\"https:\/\/math.univ-lyon1.fr\/dream\/?p=2942\">&#8211; Newsletter 12 &#8211; Octobre2024<\/a><\/h4><\/div><\/div><\/div><div class=\"rt-col-md-4 rt-col-sm-6 rt-col-xs-12 even-grid-item rt-grid-item img_zoom_in\" data-id=\"2929\"><div class=\"rt-holder\"><div class=\"rt-img-holder\"><a data-id=\"2929\" class=\"\" href=\"https:\/\/math.univ-lyon1.fr\/dream\/?p=2929\"><img loading=\"lazy\" decoding=\"async\" width=\"528\" height=\"297\" src=\"https:\/\/math.univ-lyon1.fr\/dream\/wp-content\/uploads\/2024\/03\/ImageMiseEnAvantNL11-528x297.png\" class=\"rt-img-responsive \" alt=\"\" \/><\/a><\/div><div class='rt-detail'><h4 class=\"entry-title\"><a data-id=\"2929\" class=\"\" href=\"https:\/\/math.univ-lyon1.fr\/dream\/?p=2929\">&#8211; Newsletter 11 &#8211; Mars2024<\/a><\/h4><\/div><\/div><\/div><div class=\"rt-col-md-4 rt-col-sm-6 rt-col-xs-12 even-grid-item rt-grid-item img_zoom_in\" data-id=\"2789\"><div class=\"rt-holder\"><div class=\"rt-img-holder\"><a data-id=\"2789\" class=\"\" href=\"https:\/\/math.univ-lyon1.fr\/dream\/?p=2789\"><img loading=\"lazy\" decoding=\"async\" width=\"528\" height=\"297\" src=\"https:\/\/math.univ-lyon1.fr\/dream\/wp-content\/uploads\/2023\/02\/ImageMiseEnAvantNL10-528x297.png\" class=\"rt-img-responsive \" alt=\"\" \/><\/a><\/div><div class='rt-detail'><h4 class=\"entry-title\"><a data-id=\"2789\" class=\"\" href=\"https:\/\/math.univ-lyon1.fr\/dream\/?p=2789\">&#8211; Newsletter 10 &#8211; Septembre2023<\/a><\/h4><\/div><\/div><\/div><div class=\"rt-col-md-4 rt-col-sm-6 rt-col-xs-12 even-grid-item rt-grid-item img_zoom_in\" data-id=\"2644\"><div class=\"rt-holder\"><div class=\"rt-img-holder\"><a data-id=\"2644\" class=\"\" href=\"https:\/\/math.univ-lyon1.fr\/dream\/?p=2644\"><img loading=\"lazy\" decoding=\"async\" width=\"528\" height=\"297\" src=\"https:\/\/math.univ-lyon1.fr\/dream\/wp-content\/uploads\/2023\/10\/ImageMiseEnAvantNL09-528x297.png\" class=\"rt-img-responsive \" alt=\"\" \/><\/a><\/div><div class='rt-detail'><h4 class=\"entry-title\"><a data-id=\"2644\" class=\"\" href=\"https:\/\/math.univ-lyon1.fr\/dream\/?p=2644\">&#8211; Newsletter 9 &#8211; Fevrier2023<\/a><\/h4><\/div><\/div><\/div><div class=\"rt-col-md-4 rt-col-sm-6 rt-col-xs-12 even-grid-item rt-grid-item img_zoom_in\" data-id=\"2770\"><div class=\"rt-holder\"><div class=\"rt-img-holder\"><a data-id=\"2770\" class=\"\" href=\"https:\/\/math.univ-lyon1.fr\/dream\/?p=2770\"><img loading=\"lazy\" decoding=\"async\" width=\"528\" height=\"297\" src=\"https:\/\/math.univ-lyon1.fr\/dream\/wp-content\/uploads\/2023\/03\/ImageMiseEnAvantNL8-528x297.png\" class=\"rt-img-responsive \" alt=\"\" \/><\/a><\/div><div class='rt-detail'><h4 class=\"entry-title\"><a data-id=\"2770\" class=\"\" href=\"https:\/\/math.univ-lyon1.fr\/dream\/?p=2770\">&#8211; Newsletter 8 &#8211; Juillet2022<\/a><\/h4><\/div><\/div><\/div><div class=\"rt-col-md-4 rt-col-sm-6 rt-col-xs-12 even-grid-item rt-grid-item img_zoom_in\" data-id=\"673\"><div class=\"rt-holder\"><div class=\"rt-img-holder\"><a data-id=\"673\" class=\"\" href=\"https:\/\/math.univ-lyon1.fr\/dream\/?p=673\"><img loading=\"lazy\" decoding=\"async\" width=\"528\" height=\"297\" src=\"https:\/\/math.univ-lyon1.fr\/dream\/wp-content\/uploads\/2022\/06\/ImageMiseEnAvantNL7-528x297.png\" class=\"rt-img-responsive \" alt=\"\" \/><\/a><\/div><div class='rt-detail'><h4 class=\"entry-title\"><a data-id=\"673\" class=\"\" href=\"https:\/\/math.univ-lyon1.fr\/dream\/?p=673\">&#8211; Newsletter 7 &#8211; Novembre2021<\/a><\/h4><\/div><\/div><\/div><div class=\"rt-col-md-4 rt-col-sm-6 rt-col-xs-12 even-grid-item rt-grid-item img_zoom_in\" data-id=\"879\"><div class=\"rt-holder\"><div class=\"rt-img-holder\"><a data-id=\"879\" class=\"\" href=\"https:\/\/math.univ-lyon1.fr\/dream\/?p=879\"><img loading=\"lazy\" decoding=\"async\" width=\"528\" height=\"297\" src=\"https:\/\/math.univ-lyon1.fr\/dream\/wp-content\/uploads\/2022\/06\/ImageMiseEnAvantNL6-528x297.png\" class=\"rt-img-responsive \" alt=\"\" \/><\/a><\/div><div class='rt-detail'><h4 class=\"entry-title\"><a data-id=\"879\" class=\"\" href=\"https:\/\/math.univ-lyon1.fr\/dream\/?p=879\">&#8211; Newsletter 6 &#8211; Juillet2021<\/a><\/h4><\/div><\/div><\/div><div class=\"rt-col-md-4 rt-col-sm-6 rt-col-xs-12 even-grid-item rt-grid-item img_zoom_in\" data-id=\"954\"><div class=\"rt-holder\"><div class=\"rt-img-holder\"><a data-id=\"954\" class=\"\" href=\"https:\/\/math.univ-lyon1.fr\/dream\/?p=954\"><img loading=\"lazy\" decoding=\"async\" width=\"528\" height=\"297\" src=\"https:\/\/math.univ-lyon1.fr\/dream\/wp-content\/uploads\/2022\/06\/ImageMiseEnAvantNL5-528x297.png\" class=\"rt-img-responsive \" alt=\"\" \/><\/a><\/div><div class='rt-detail'><h4 class=\"entry-title\"><a data-id=\"954\" class=\"\" href=\"https:\/\/math.univ-lyon1.fr\/dream\/?p=954\">&#8211; Newsletter 5 &#8211; F\u00e9vrier2021<\/a><\/h4><\/div><\/div><\/div><div class=\"rt-col-md-4 rt-col-sm-6 rt-col-xs-12 even-grid-item rt-grid-item img_zoom_in\" data-id=\"957\"><div class=\"rt-holder\"><div class=\"rt-img-holder\"><a data-id=\"957\" class=\"\" href=\"https:\/\/math.univ-lyon1.fr\/dream\/?p=957\"><img loading=\"lazy\" decoding=\"async\" width=\"528\" height=\"297\" src=\"https:\/\/math.univ-lyon1.fr\/dream\/wp-content\/uploads\/2022\/06\/ImageMiseEnAvantNL4-528x297.png\" class=\"rt-img-responsive \" alt=\"\" \/><\/a><\/div><div class='rt-detail'><h4 class=\"entry-title\"><a data-id=\"957\" class=\"\" href=\"https:\/\/math.univ-lyon1.fr\/dream\/?p=957\">&#8211; Newsletter 4 &#8211; Octobre2020<\/a><\/h4><\/div><\/div><\/div><div class=\"rt-col-md-4 rt-col-sm-6 rt-col-xs-12 even-grid-item rt-grid-item img_zoom_in\" data-id=\"960\"><div class=\"rt-holder\"><div class=\"rt-img-holder\"><a data-id=\"960\" class=\"\" href=\"https:\/\/math.univ-lyon1.fr\/dream\/?p=960\"><img loading=\"lazy\" decoding=\"async\" width=\"528\" height=\"297\" src=\"https:\/\/math.univ-lyon1.fr\/dream\/wp-content\/uploads\/2022\/06\/ImageMiseEnAvantNL3-528x297.png\" class=\"rt-img-responsive \" alt=\"\" \/><\/a><\/div><div class='rt-detail'><h4 class=\"entry-title\"><a data-id=\"960\" class=\"\" href=\"https:\/\/math.univ-lyon1.fr\/dream\/?p=960\">&#8211; Newsletter 3 &#8211; Juin2020<\/a><\/h4><\/div><\/div><\/div><div class=\"rt-col-md-4 rt-col-sm-6 rt-col-xs-12 even-grid-item rt-grid-item img_zoom_in\" data-id=\"963\"><div class=\"rt-holder\"><div class=\"rt-img-holder\"><a data-id=\"963\" class=\"\" href=\"https:\/\/math.univ-lyon1.fr\/dream\/?p=963\"><img loading=\"lazy\" decoding=\"async\" width=\"528\" height=\"297\" src=\"https:\/\/math.univ-lyon1.fr\/dream\/wp-content\/uploads\/2022\/06\/ImageMiseEnAvantNL2-528x297.png\" class=\"rt-img-responsive \" alt=\"\" \/><\/a><\/div><div class='rt-detail'><h4 class=\"entry-title\"><a data-id=\"963\" class=\"\" href=\"https:\/\/math.univ-lyon1.fr\/dream\/?p=963\">&#8211; Newsletter 2 &#8211; F\u00e9vrier2020<\/a><\/h4><\/div><\/div><\/div><div class=\"rt-col-md-4 rt-col-sm-6 rt-col-xs-12 even-grid-item rt-grid-item img_zoom_in\" data-id=\"966\"><div class=\"rt-holder\"><div class=\"rt-img-holder\"><a data-id=\"966\" class=\"\" href=\"https:\/\/math.univ-lyon1.fr\/dream\/?p=966\"><img loading=\"lazy\" decoding=\"async\" width=\"528\" height=\"297\" src=\"https:\/\/math.univ-lyon1.fr\/dream\/wp-content\/uploads\/2022\/06\/ImageMiseEnAvantNL1-528x297.png\" class=\"rt-img-responsive \" alt=\"\" \/><\/a><\/div><div class='rt-detail'><h4 class=\"entry-title\"><a data-id=\"966\" class=\"\" href=\"https:\/\/math.univ-lyon1.fr\/dream\/?p=966\">&#8211; Newsletter 1 &#8211; Octobre2019<\/a><\/h4><\/div><\/div><\/div><\/div><\/div>\n\n","protected":false},"excerpt":{"rendered":"<p>Acc\u00e8s \u00e0 l&rsquo;ensemble des Newsletters<\/p>\n","protected":false},"author":3,"featured_media":2738,"parent":3264,"menu_order":4,"comment_status":"open","ping_status":"closed","template":"","meta":{"footnotes":""},"categories":[6,109],"tags":[],"type_situation":[],"theme_maths":[],"type-expe":[],"class_list":{"0":"post-826","1":"page","2":"type-page","3":"status-publish","4":"has-post-thumbnail","6":"category-newsletters","7":"category-recherche-publications","8":"czr-hentry"},"rttpg_featured_image_url":{"full":["https:\/\/math.univ-lyon1.fr\/dream\/wp-content\/uploads\/2022\/04\/logoNewsletters2.png",827,507,false],"landscape":["https:\/\/math.univ-lyon1.fr\/dream\/wp-content\/uploads\/2022\/04\/logoNewsletters2.png",827,507,false],"portraits":["https:\/\/math.univ-lyon1.fr\/dream\/wp-content\/uploads\/2022\/04\/logoNewsletters2.png",827,507,false],"thumbnail":["https:\/\/math.univ-lyon1.fr\/dream\/wp-content\/uploads\/2022\/04\/logoNewsletters2-150x150.png",150,150,true],"medium":["https:\/\/math.univ-lyon1.fr\/dream\/wp-content\/uploads\/2022\/04\/logoNewsletters2-300x184.png",300,184,true],"large":["https:\/\/math.univ-lyon1.fr\/dream\/wp-content\/uploads\/2022\/04\/logoNewsletters2.png",827,507,false],"1536x1536":["https:\/\/math.univ-lyon1.fr\/dream\/wp-content\/uploads\/2022\/04\/logoNewsletters2.png",827,507,false],"2048x2048":["https:\/\/math.univ-lyon1.fr\/dream\/wp-content\/uploads\/2022\/04\/logoNewsletters2.png",827,507,false],"tc-grid-full":["https:\/\/math.univ-lyon1.fr\/dream\/wp-content\/uploads\/2022\/04\/logoNewsletters2-827x444.png",827,444,true],"tc-grid":["https:\/\/math.univ-lyon1.fr\/dream\/wp-content\/uploads\/2022\/04\/logoNewsletters2-570x350.png",570,350,true],"tc-thumb":["https:\/\/math.univ-lyon1.fr\/dream\/wp-content\/uploads\/2022\/04\/logoNewsletters2-270x250.png",270,250,true],"slider-full":["https:\/\/math.univ-lyon1.fr\/dream\/wp-content\/uploads\/2022\/04\/logoNewsletters2-827x300.png",827,300,true],"slider":["https:\/\/math.univ-lyon1.fr\/dream\/wp-content\/uploads\/2022\/04\/logoNewsletters2-827x300.png",827,300,true],"tc-sq-thumb":["https:\/\/math.univ-lyon1.fr\/dream\/wp-content\/uploads\/2022\/04\/logoNewsletters2-510x507.png",510,507,true],"tc-ws-thumb":["https:\/\/math.univ-lyon1.fr\/dream\/wp-content\/uploads\/2022\/04\/logoNewsletters2.png",827,507,false],"tc-ws-small-thumb":["https:\/\/math.univ-lyon1.fr\/dream\/wp-content\/uploads\/2022\/04\/logoNewsletters2-528x297.png",528,297,true],"tc-slider-small":["https:\/\/math.univ-lyon1.fr\/dream\/wp-content\/uploads\/2022\/04\/logoNewsletters2-517x141.png",517,141,true]},"rttpg_author":{"display_name":"St\u00e9phanie CROQUELOIS","author_link":"https:\/\/math.univ-lyon1.fr\/dream\/?author=3"},"rttpg_comment":2,"rttpg_category":"<a href=\"https:\/\/math.univ-lyon1.fr\/dream\/?cat=6\" rel=\"category\">NEWSLETTERS<\/a> <a href=\"https:\/\/math.univ-lyon1.fr\/dream\/?cat=109\" rel=\"category\">Recherche &amp; publications<\/a>","rttpg_excerpt":"Acc\u00e8s \u00e0 l'ensemble des Newsletters","_links":{"self":[{"href":"https:\/\/math.univ-lyon1.fr\/dream\/index.php?rest_route=\/wp\/v2\/pages\/826","targetHints":{"allow":["GET"]}}],"collection":[{"href":"https:\/\/math.univ-lyon1.fr\/dream\/index.php?rest_route=\/wp\/v2\/pages"}],"about":[{"href":"https:\/\/math.univ-lyon1.fr\/dream\/index.php?rest_route=\/wp\/v2\/types\/page"}],"author":[{"embeddable":true,"href":"https:\/\/math.univ-lyon1.fr\/dream\/index.php?rest_route=\/wp\/v2\/users\/3"}],"replies":[{"embeddable":true,"href":"https:\/\/math.univ-lyon1.fr\/dream\/index.php?rest_route=%2Fwp%2Fv2%2Fcomments&post=826"}],"version-history":[{"count":11,"href":"https:\/\/math.univ-lyon1.fr\/dream\/index.php?rest_route=\/wp\/v2\/pages\/826\/revisions"}],"predecessor-version":[{"id":3895,"href":"https:\/\/math.univ-lyon1.fr\/dream\/index.php?rest_route=\/wp\/v2\/pages\/826\/revisions\/3895"}],"up":[{"embeddable":true,"href":"https:\/\/math.univ-lyon1.fr\/dream\/index.php?rest_route=\/wp\/v2\/pages\/3264"}],"wp:featuredmedia":[{"embeddable":true,"href":"https:\/\/math.univ-lyon1.fr\/dream\/index.php?rest_route=\/wp\/v2\/media\/2738"}],"wp:attachment":[{"href":"https:\/\/math.univ-lyon1.fr\/dream\/index.php?rest_route=%2Fwp%2Fv2%2Fmedia&parent=826"}],"wp:term":[{"taxonomy":"category","embeddable":true,"href":"https:\/\/math.univ-lyon1.fr\/dream\/index.php?rest_route=%2Fwp%2Fv2%2Fcategories&post=826"},{"taxonomy":"post_tag","embeddable":true,"href":"https:\/\/math.univ-lyon1.fr\/dream\/index.php?rest_route=%2Fwp%2Fv2%2Ftags&post=826"},{"taxonomy":"type_situation","embeddable":true,"href":"https:\/\/math.univ-lyon1.fr\/dream\/index.php?rest_route=%2Fwp%2Fv2%2Ftype_situation&post=826"},{"taxonomy":"theme_maths","embeddable":true,"href":"https:\/\/math.univ-lyon1.fr\/dream\/index.php?rest_route=%2Fwp%2Fv2%2Ftheme_maths&post=826"},{"taxonomy":"type-expe","embeddable":true,"href":"https:\/\/math.univ-lyon1.fr\/dream\/index.php?rest_route=%2Fwp%2Fv2%2Ftype-expe&post=826"}],"curies":[{"name":"wp","href":"https:\/\/api.w.org\/{rel}","templated":true}]}}