{"id":93,"date":"2022-03-15T11:54:48","date_gmt":"2022-03-15T10:54:48","guid":{"rendered":"https:\/\/math.univ-lyon1.fr\/dream\/?page_id=93"},"modified":"2025-12-09T20:40:35","modified_gmt":"2025-12-09T19:40:35","slug":"les-travaux-de-recherche","status":"publish","type":"page","link":"https:\/\/math.univ-lyon1.fr\/dream\/?page_id=93","title":{"rendered":"Les travaux de recherche"},"content":{"rendered":"\n\n\t<p>L&rsquo;\u00e9quipe DREAM a travaill\u00e9 depuis son origine dans une perspective de <strong>recherche collaborative<\/strong>, alliant des <strong>exp\u00e9rimentations dans les classes<\/strong>, la <strong>cr\u00e9ation de ressources<\/strong> pour les enseignants et les formateurs et des <strong>recherches<\/strong> qui ont conduit \u00e0 trois Master de recherche et deux th\u00e8ses (Aldon, 2008, Front, 2010, 2015, Gardes, 2009, 2013)\u00a0 (<a href=\"https:\/\/math.univ-lyon1.fr\/dream\/?page_id=95\">Voir Bibliographie<\/a>).<\/p>\n<p>Nous pr\u00e9sentons les cadres th\u00e9oriques et la m\u00e9thodologie qui sont les fondements des recherches collaboratives conduites dans le cadre de cette \u00e9quipe et les questions qui se sont pos\u00e9es et qui se posent encore aujourd&rsquo;hui.<\/p>\n<h2>\n\t\t\tLes cadres th\u00e9oriques\t<\/h2>\n<h5>\n\t\t\tLa th\u00e9orie des situations didactiques\t<\/h5>\n\tLa th\u00e9orie des situations didactiques (Brousseau, 1986) est le cadre fondamental sur lequel les recherches se sont appuy\u00e9es.<br \/>\nLa th\u00e9orie des situations didactiques (TSD) s&rsquo;inscrit dans une hypoth\u00e8se piag\u00e9tienne de la construction des connaissances ; les th\u00e9ories fondamentales de l&rsquo;adaptation \u00e0 l&rsquo;environnement de la psychologie g\u00e9n\u00e9tique de Piaget ont \u00e9t\u00e9 largement reprises par Brousseau pour mod\u00e9liser les situations d&rsquo;enseignement ; dans cette mod\u00e9lisation une situation est didactique parce qu&rsquo;elle va s&rsquo;int\u00e9resser fondamentalement \u00e0 un savoir en jeu.<br \/>\n\u00ab\u00a0<em>En r\u00e9alit\u00e9 le jeu du ma\u00eetre et de l&rsquo;\u00e9l\u00e8ve, d\u00e8s lors qu&rsquo;il est sp\u00e9cifique du savoir, ne peut \u00eatre d\u00e9fini a priori, puisque l&rsquo;\u00e9l\u00e8ve ne peut en conna\u00eetre que les r\u00e8gles non sp\u00e9cifiques lorsqu&rsquo;il entreprend un nouvel apprentissage. Le jeu s&rsquo;\u00e9tablit, change, se rompt et se renoue au fur \u00e0 mesure des acquisitions, de l&rsquo;\u00e9volution des deux protagonistes et de l&rsquo;histoire qu&rsquo;ils produisent.<\/em>\u00a0\u00bb <em>(Brousseau, 2011)<\/em>\n<h5>\n\t\t\tLe contrat didactique\t<\/h5>\n\tLa partie de la relation contractuelle qui concerne le savoir est le <strong>contrat didactique<\/strong>.<br \/>\nLe contrat didactique comporte donc par essence une partie implicite, celle qui concerne directement le savoir vis\u00e9 : si le ma\u00eetre dit ce qu&rsquo;il veut, il ne peut plus l&rsquo;obtenir.<br \/>\nL&rsquo;exemple type d&rsquo;un contrat didactique a \u00e9t\u00e9 \u00e9tudi\u00e9 dans le probl\u00e8me de l&rsquo;\u00e2ge du capitaine (Stella Baruk) o\u00f9 la question pos\u00e9e aux enfants \u00e9tait : sur un bateau, il y a 26 moutons et 10 ch\u00e8vres. Quel est l&rsquo;\u00e2ge du capitaine ? L&rsquo;exp\u00e9rience initiale, confort\u00e9e par de nombreuses autres exp\u00e9riences, montre que la r\u00e9ponse la plus fr\u00e9quemment donn\u00e9e et 36 ans.<br \/>\nOn peut penser que cette r\u00e9ponse est absurde puisque la question pos\u00e9e ne peut avoir de r\u00e9ponse avec les donn\u00e9es fournies, mais on peut aussi l&rsquo;analyser en terme de contrat didactique : si le ma\u00eetre pose cette question, c&rsquo;est qu&rsquo;il attend une r\u00e9ponse ; l&rsquo;\u00e9l\u00e8ve cherche alors \u00e0 donner non pas la r\u00e9ponse \u00e0 la question pos\u00e9e, mais la r\u00e9ponse que le ma\u00eetre devrait attendre ; il reste alors \u00e0 utiliser ses connaissances et les donn\u00e9es ; multiplier les deux nombres donne une r\u00e9ponse qui ne peut correspondre \u00e0 un \u00e2ge, diviser ou soustraire donne un r\u00e9sultat trop petit pour \u00eatre l&rsquo;\u00e2ge d&rsquo;un capitaine, il reste donc la seule \u00ab\u00a0solution\u00a0\u00bb possible qui est d&rsquo;additionner les nombres propos\u00e9s.<br \/>\nLa r\u00e9ponse est coh\u00e9rente si le contrat didactique, c&rsquo;est \u00e0 dire le contrat portant sur le savoir, est \u00e9tabli de telle sorte que le ma\u00eetre pose des questions auxquelles les \u00e9l\u00e8ves peuvent r\u00e9pondre.<br \/>\nLa \u00ab\u00a0n\u00e9gociation\u00a0\u00bb du contrat didactique n&rsquo;est pas explicite, contrairement \u00e0 un contrat p\u00e9dagogique. Cette n\u00e9gociation passe par le ph\u00e9nom\u00e8ne de d\u00e9volution dans lequel le probl\u00e8me pos\u00e9 par le ma\u00eetre devient et reste dans le temps le probl\u00e8me que l&rsquo;\u00e9l\u00e8ve veut r\u00e9soudre. Il y a un transfert de responsabilit\u00e9 dans la r\u00e9solution et en cons\u00e9quence dans la construction des connaissances.\n<h5>\n\t\t\tLe milieu dans une situation adidactique\t<\/h5>\n\tDans une situation didactique, l&rsquo;\u00e9l\u00e8ve va \u00eatre confront\u00e9 \u00e0 un \u00ab\u00a0milieu\u00a0\u00bb, c&rsquo;est \u00e0 dire l&rsquo;environnement propos\u00e9 par le professeur augment\u00e9 de toutes ses connaissances. Le professeur construit une situation de telle fa\u00e7on que l&rsquo;\u00e9l\u00e8ve confront\u00e9 aux r\u00e9troactions de ce milieu va r\u00e9organiser ses connaissances pour en faire \u00e9merger de nouvelles qui seront alors institutionnalis\u00e9es dans la classe.<br \/>\nLe milieu est ainsi tout ce qui agit sur l&rsquo;\u00e9l\u00e8ve et ce sur quoi agit l&rsquo;\u00e9l\u00e8ve : <em>\u00ab\u00a0le MILIEU est le syst\u00e8me antagoniste du syst\u00e8me enseign\u00e9, ou plut\u00f4t, pr\u00e9c\u00e9demment enseign\u00e9\u00a0\u00bb (Brousseau, 1986, page 340).<\/em>\n<p>L&rsquo;\u00e9l\u00e8ve agit dans un but qui n&rsquo;est pas l&rsquo;apprentissage, il agit pour r\u00e9soudre le probl\u00e8me pos\u00e9, c&rsquo;est la situation d&rsquo;action. Dans cette situation d&rsquo;action l&rsquo;\u00e9l\u00e8ve \u00e9labore des strat\u00e9gies par dialogue avec le milieu, sa repr\u00e9sentation du probl\u00e8me \u00e9volue, c&rsquo;est la dialectique de l&rsquo;action. La r\u00e9solution d&rsquo;un probl\u00e8me devient pour l&rsquo;\u00e9l\u00e8ve le seul enjeu de la situation, il y a donc un glissement dans le jeu ma\u00eetre &#8211; \u00e9l\u00e8ve, puisque le ma\u00eetre a une intention didactique et que l&rsquo;\u00e9l\u00e8ve n&rsquo;en a pas : c&rsquo;est la <strong>situation adidactique<\/strong>.<\/p>\n<p>La d\u00e9volution est alors <em>\u00ab\u00a0le processus par lequel l&rsquo;enseignant parvient dans une situation didactique \u00e0 placer l&rsquo;\u00e9l\u00e8ve comme simple actant dans une situation a-didactique (\u00e0 mod\u00e8le non didactique). Il cherche par l\u00e0 \u00e0 ce que l&rsquo;action de l&rsquo;\u00e9l\u00e8ve ne soit produite et justifi\u00e9e que par les n\u00e9cessit\u00e9s du milieu et par ses connaissances, et non par l&rsquo;interpr\u00e9tation des proc\u00e9d\u00e9s didactiques du professeur. La d\u00e9volution consiste pour l&rsquo;enseignant, non seulement, \u00e0 proposer \u00e0 l&rsquo;\u00e9l\u00e8ve une situation qui doit susciter chez lui une activit\u00e9 non convenue, mais aussi \u00e0 faire en sorte qu&rsquo;il se sente responsable de l&rsquo;obtention du r\u00e9sultat propos\u00e9, et qu&rsquo;il accepte l&rsquo;id\u00e9e que la solution ne d\u00e9pend que de l&rsquo;exercice des connaissances qu&rsquo;il poss\u00e8de d\u00e9j\u00e0.\u00a0\u00bb (Brousseau, 2010)<\/em><\/p>\n<p>Sym\u00e9triquement \u00e0 la d\u00e9volution, le ph\u00e9nom\u00e8ne d&rsquo;institutionnalisation permet \u00e0 \u00ab\u00a0l&rsquo;institution\u00a0\u00bb classe de donner un statut \u00ab\u00a0officiel\u00a0\u00bb, institutionnel aux connaissances qui ont \u00e9t\u00e9 utilis\u00e9es dans la r\u00e9solution. Il s&rsquo;agit de transformer ces connaissances en un savoir partag\u00e9 : \u00ab\u00a0<em>[L&rsquo;institutionnalisation] C&rsquo;est elle qui permet au professeur et \u00e0 l&rsquo;\u00e9l\u00e8ve de reconna\u00eetre et de l\u00e9gitimer \u00ab\u00a0l&rsquo;objet de l&rsquo;enseignement\u00a0\u00bb, m\u00eame s&rsquo;ils le voient de fa\u00e7ons diff\u00e9rentes. Elle peut consister en la reconnaissance par l&rsquo;enseignant de la valeur d&rsquo;une production des \u00e9l\u00e8ves.\u00a0\u00bb (Brousseau, 2010)<\/em><\/p>\n<p>Cette th\u00e9orie s&rsquo;oppose \u00e0 la ma\u00efeutique de Socrate dans laquelle la responsabilit\u00e9 du savoir est confi\u00e9e au ma\u00eetre. Dans la TSD, c&rsquo;est au contraire l&rsquo;\u00e9l\u00e8ve qui prend la responsabilit\u00e9 de son apprentissage. Ce qui de fait implique la n\u00e9cessit\u00e9 qu&rsquo;il accepte cette responsabilit\u00e9.<\/p>\n<p>En r\u00e9sum\u00e9<\/p>\n<ul>\n<li>Le professeur doit faire apprendre un savoir,<\/li>\n<li>Il propose une situation dans laquelle ce savoir est en jeu, (Brousseau parle de situation fondamentale directement li\u00e9e \u00e0 ce savoir)<\/li>\n<li>L&rsquo;\u00e9l\u00e8ve qui accepte de jouer ce jeu se trouve confront\u00e9 au milieu propos\u00e9 par le professeur (situation adidactique)<\/li>\n<li>Entre le ma\u00eetre et l&rsquo;\u00e9l\u00e8ve il y a une relation contractuelle \u00e0 propos du savoir : c&rsquo;est ce qu&rsquo;on nomme le contrat didactique.<\/li>\n<li>Les interactions entre le milieu et l&rsquo;\u00e9l\u00e8ve construise la connaissance (situation d&rsquo;action)<\/li>\n<li>L&rsquo;\u00e9l\u00e8ve rend compte de cette connaissance construite (situation de formulation)<\/li>\n<li>Le professeur institutionnalise la connaissance en savoir. (institutionnalisation)<\/li>\n<\/ul>\n<h2>\n\t\t\tLes situations didactiques de recherche de probl\u00e8mes\t<\/h2>\n<h5>\n\t\t\tLa dimension exp\u00e9rimentale des math\u00e9matiques\t<\/h5>\n\t<p>La notion d&rsquo;exp\u00e9rience peut \u00eatre regard\u00e9e \u00e0 la fois dans le domaine de la philosophie des sciences et dans celui de la philosophie de la connaissance. La subjectivit\u00e9 de l&rsquo;exp\u00e9rience a \u00e9t\u00e9 largement mise en \u00e9vidence dans l&rsquo;histoire des sciences et l&rsquo;imm\u00e9diatet\u00e9 des perceptions sensibles ne peut impliquer un caract\u00e8re scientifique aux r\u00e9sultats de l&rsquo;exp\u00e9rience.<\/p>\nL&#8217;empirisme classique conduit au scepticisme (Hume, 1946) parce que la justification objective d&rsquo;un fait par l&rsquo;exp\u00e9rience ne peut \u00eatre d\u00e9duite d&rsquo;une exp\u00e9rience subjective. Sans vouloir entrer dans une description exhaustive du r\u00f4le de l&rsquo;exp\u00e9rience dans les sciences, les liens entre la th\u00e9orie et l&rsquo;exp\u00e9rience ont toujours amen\u00e9 \u00e0 consid\u00e9rer les relations entre le domaine sensible et sa formalisation th\u00e9orique dans un langage particulier.<br \/>\nToute exp\u00e9rience est directement reli\u00e9e \u00e0 la th\u00e9orie (aux hypoth\u00e8ses) sous-jacentes\u00a0; Kuhn (1962) soutient que chaque th\u00e9orie porte en elle les interpr\u00e9tations des termes qu&rsquo;elle emploie si bien qu&rsquo;une m\u00eame exp\u00e9rience et ses r\u00e9sultats pourront conduire \u00e0 des interpr\u00e9tations diff\u00e9rentes suivant les hypoth\u00e8ses th\u00e9oriques sous-jacentes.\n<p>L&rsquo;observation, la manipulation en mettant en relation l&rsquo;action (la relation au sensible) et la r\u00e9flexion (la relation au th\u00e9orique) constituent un fondement de l&rsquo;exp\u00e9rience qu&rsquo;il s&rsquo;agit de transposer d&rsquo;une part vers les math\u00e9matiques et d&rsquo;autre part vers l&rsquo;enseignement. Une premi\u00e8re question qui peut se poser est la nature des objets qu&rsquo;une exp\u00e9rience math\u00e9matique peut mettre en jeu. Le sensible en math\u00e9matiques peut \u00eatre vu \u00e0 travers les objets concrets manipul\u00e9s (figure, objets mat\u00e9riels, artefacts tangibles,&#8230;) ou \u00e0 travers les objets math\u00e9matiques naturalis\u00e9s, c&rsquo;est \u00e0 dire suffisamment familiers pour pouvoir \u00eatre consid\u00e9r\u00e9s comme \u00ab concrets \u00bb : <em>\u00ab\u00a0Le concret c&rsquo;est l&rsquo;abstrait rendu familier par l&rsquo;usage\u00a0\u00bb (Langevin, 1950)<\/em><\/p>\nAinsi les objets math\u00e9matiques objets des exp\u00e9riences peuvent \u00eatre dialectiquement per\u00e7us d&rsquo;un point de vue sensible par la manipulation directe de certaines de leurs repr\u00e9sentations et d&rsquo;un point de vue th\u00e9orique par leurs mises en relation dans des structures abstraites \u00e0 travers des syst\u00e8mes de signes.<br \/>\nManipuler des objets math\u00e9matiques revient donc \u00e0 s&rsquo;approprier des syst\u00e8mes de signes pour rendre les objets familiers, ma\u00eetrisables dans leurs relations aux th\u00e9ories sous-jacentes.\n<p>La rupture \u00e9pist\u00e9mologique entre la perception sensible de l&rsquo;objet et la manipulation effective passe par la r\u00e9f\u00e9rence \u00e0 la th\u00e9orie dans une construction dialectique de l&rsquo;objet et de la th\u00e9orie. Ces quelques consid\u00e9rations am\u00e8nent \u00e0 consid\u00e9rer l&rsquo;exp\u00e9rience en math\u00e9matiques comme une synth\u00e8se des manipulations sur les repr\u00e9sentations des objets math\u00e9matiques et des \u00e9laborations th\u00e9oriques \u00e0 travers des syst\u00e8mes de signes.<\/p>\n<h5>\n\t\t\tDes situations didactiques aux Situations Didactiques de Recherche de Probl\u00e8mes\t<\/h5>\n\tConstruire un enseignement sur des probl\u00e8mes conduit \u00e0 s&rsquo;int\u00e9resser plus pr\u00e9cis\u00e9ment au type de situation introduite dans la classe, \u00e0 leur gestion par les enseignants et aux \u00e9valuations des connaissances acquises.<br \/>\nLes <strong>situations didactiques de recherche de probl\u00e8mes<\/strong> sont des situations au sens de Brousseau, mais ce sont des situations qui ne ne sont pas construites pour viser une connaissance pr\u00e9cise et en ce sens se d\u00e9marquent des situations fondamentales de la TSD.<br \/>\nLe probl\u00e8me math\u00e9matique au c\u0153ur de la situation est l&rsquo;essence de la situation. Elles sont donc aussi reli\u00e9es au courant du \u00ab\u00a0problem solving\u00a0\u00bb en ce sens que l&rsquo;enr\u00f4lement des \u00e9l\u00e8ves les am\u00e8nent \u00e0 d\u00e9couvrir une petite partie des math\u00e9matiques mais s&rsquo;en d\u00e9marquent parce que au-del\u00e0 des comp\u00e9tences meta-math\u00e9matiques et des heuristiques vis\u00e9es, de l&rsquo;acquisition de connaissances math\u00e9matiques rep\u00e9r\u00e9es constituent un objectif d&rsquo;enseignement.<br \/>\nIl s&rsquo;agit donc, \u00e0 travers des exp\u00e9riences sur les objets en jeu d&rsquo;affermir les connaissances de ces objets ou d&rsquo;en explorer de nouveaux n\u00e9cessaires \u00e0 la r\u00e9solution du probl\u00e8me.<br \/>\nLa <strong>dimension exp\u00e9rimentale<\/strong>, telle que d\u00e9crite pr\u00e9c\u00e9demment, est une composante essentielle des SDRP en ce sens que les liens entre les objets math\u00e9matiques en jeu se construisent dans la mise en \u0153uvre d&rsquo;exp\u00e9riences qui peuvent utiliser des artefacts concrets ou des objets math\u00e9matiques naturalis\u00e9s ou en cours d&rsquo;acquisition.\n<h2>\n\t\t\tLes questions de recherche\t<\/h2>\n\t<p>Les questions suivantes font d\u00e9sormais parties du d\u00e9veloppement de la recherche.<\/p>\n<ul>\n<li>Quelles sont les connaissances, les comp\u00e9tences transversales et m\u00e9ta-math\u00e9matiques qu&rsquo;il est possible d&rsquo;\u00e9valuer dans une pratique de recherche de probl\u00e8me ? Et quels sont les indicateurs qu&rsquo;il est possible de mettre en place ?<\/li>\n<li>La cr\u00e9ativit\u00e9 et l&rsquo;invention math\u00e9matique d\u00e9velopp\u00e9es dans les probl\u00e8mes de recherche modifient elles l&rsquo;image des math\u00e9matiques chez les \u00e9l\u00e8ves (et leur envie de faire des math\u00e9matiques). Et chez les professeurs ?<\/li>\n<li>Les probl\u00e8mes de recherche qui d\u00e9veloppent une forme d&rsquo;acquisition des savoirs font ils progresser les \u00e9l\u00e8ves dans les autres domaines de l&rsquo;activit\u00e9 math\u00e9matique ? Comment les \u00e9l\u00e8ves r\u00e9investissent-ils dans d&rsquo;autres cadres les comp\u00e9tences et les connaissances d\u00e9velopp\u00e9es ?<\/li>\n<\/ul>\nPour tenter de r\u00e9pondre \u00e0 ces questions, le groupe r\u00e9fl\u00e9chit \u00e0 un\u00a0<strong>enseignement fond\u00e9 sur les probl\u00e8mes<\/strong>\u00a0qui accorderait\u00a0un place importante aux probl\u00e8mes de recherche en math\u00e9matiques et \u00e0 leur dimension exp\u00e9rimentale.<br \/>\nLeur int\u00e9gration\u00a0dans une progression annuelle et une progression de cycle est \u00e9galement au c\u0153ur de notre r\u00e9flexion.\n<h2>\n\t\t\tLa m\u00e9thodologie\t<\/h2>\n\tLa m\u00e9thodologie de recherche s&rsquo;appuie sur le paradigme de <strong>recherche orient\u00e9e par la conception<\/strong> (Design Based Research dans le monde anglo-saxon) pour lequel la recherche est fond\u00e9e sur une n\u00e9cessit\u00e9 \u00e9pist\u00e9mologique pour les chercheurs d&rsquo;agir avec les enseignants (Sanchez et Monod-Ansaldi, 2015, Monod-Ansaldi &amp; al., 2019, Nizet &amp; al., 2019).<br \/>\nCes recherches articulent des vis\u00e9es pragmatiques et heuristiques en d\u00e9veloppant une m\u00e9thodologie fond\u00e9e sur des cycles de r\u00e9flexion, construction, exp\u00e9rimentations, analyses et adaptation. L&rsquo;id\u00e9e de cycle est fond\u00e9e sur une exp\u00e9rience de conception : une phase d&rsquo;hypoth\u00e8se, une phase de conception, une phase d&rsquo;exp\u00e9rimentation et une phase de retour d&rsquo;exp\u00e9rience qui conduit \u00e0 un affinement de l&rsquo;hypoth\u00e8se et un second cycle de conception, exp\u00e9rimentation et analyse.\n<p>Swan (2014) ajoute \u00e0 cette description les quatre caract\u00e9ristiques :<\/p>\n<ul>\n<li>\u00a0cr\u00e9atif et visionnaire : la recherche est fond\u00e9e sur une id\u00e9e d&rsquo;innovation. Une condition n\u00e9cessaire est donc d&rsquo;avoir \u00e0 la fois un r\u00e9sultat tangible int\u00e9ressant pour la classe et une recherche f\u00e9conde : \u00ab\u00a0The researcher identifies a problem in a defined context and, drawing on prior research, envisions a tool that might help end users to tackle it.\u00a0\u00bb (Swan, 2014)<\/li>\n<li>\u00e9cologiquement valable : l&rsquo;objet d&rsquo;\u00e9ducation construit est acceptable dans l&rsquo;institution scolaire vis\u00e9e.<\/li>\n<li>interventionniste et it\u00e9rative : chaque acteur peut apporter et recevoir dans toutes les phases de la recherche. Le r\u00f4le des acteurs peut \u00e9voluer au cours des it\u00e9rations et la conception est le r\u00e9sultat des phases de conceptualisation, d&rsquo;analyse et d&rsquo;observation tout autant que des id\u00e9es conceptuelles et pragmatiques.<\/li>\n<li>fond\u00e9 sur la th\u00e9orie : les r\u00e9flexions s&rsquo;appuient sur un cadre th\u00e9orique solide.<\/li>\n<\/ul>\n\t<p>Brousseau (1986). Th\u00e9orisation des ph\u00e9nom\u00e8nes d&rsquo;enseignement des math\u00e9matiques,\u00a0<em>Th\u00e8se d&rsquo;\u00e9tat de l&rsquo;Universit\u00e9 de Bordeaux<\/em><\/p>\n<p>Brousseau, G. (2011). \u00c9l\u00e9ments pour une ing\u00e9nierie didactique,<strong><a href=\"http:\/\/guy-brousseau.com\/wp-content\/uploads\/2011\/04\/92-1-El%C3%A9ments-pour-une-ing%C3%A9nierie-didactique.pdf\">\u00a0En ligne<\/a><\/strong><\/p>\n<p>Hume, D. (1946).Treatise of human nature, Selby-Bigge, Clarendon-Press Oxford<\/p>\n<p>Kuhn, T. (1962). The structure of scientific revolutions, Chicago University Press<\/p>\n<p>Langevin, P. (1950).\u00a0<em>La pens\u00e9e et l&rsquo;action, textes recueillis par Paul Lab\u00e9renne, pr\u00e9faces de Fr\u00e9d\u00e9ric Joliot-Curie et Georges Cogniot<\/em>, Paris, Les \u00c9diteurs Fran\u00e7ais R\u00e9unis<\/p>\n<p>Monod-Ansaldi, R., Aldon, G., Vincent, C. (2019).\u00a0Objets fronti\u00e8res et\u00a0<em>brokering<\/em>\u00a0dans les n\u00e9gociations en recherche orient\u00e9e par la conception,\u00a0<em>Education &amp; didactique,\u00a0<\/em>13.2<\/p>\n<p>Nizet, I., Monod-Ansaldi, R., Aldon, G. Prieur, M. &amp; Criquet, A. (2019). L&rsquo;analyse de valuations dans une d\u00e9marche collaborative de recherche.\u00a0<em>La Revue LEeE, 1.\u00a0<\/em><strong><a href=\"https:\/\/revue.leee.online\/index.php\/info\/article\/view\/47\">https:\/\/revue.leee.online\/index.php\/info\/article\/view\/47<\/a><\/strong><\/p>\n<p>Sanchez, E. &amp; Monod-Ansaldi, R. (2015). Recherche collaborative orient\u00e9e par la conception. Un paradigme m\u00e9thodologique pour prendre en compte la complexit\u00e9 des situations d&rsquo;enseignement-apprentissage.\u00a0<em>Education &amp; Didactique, 9<\/em>(2), 73-94.<\/p>\n<p>Swan, M. (2014). Design Based Research, Encyclopedia of Mathematics Education, Springer Science+Business Media, Dordrecht.<\/p>\n\n","protected":false},"excerpt":{"rendered":"<p>L&rsquo;\u00e9quipe DREAM a travaill\u00e9 depuis son origine dans une perspective de recherche collaborative, alliant des exp\u00e9rimentations dans les classes, la cr\u00e9ation de ressources pour les enseignants et les formateurs et des recherches qui ont conduit \u00e0 trois Master de recherche et deux th\u00e8ses (Aldon, 2008, Front, 2010, 2015, Gardes, 2009, 2013)\u00a0 (Voir Bibliographie). Nous pr\u00e9sentons [&hellip;]<\/p>\n","protected":false},"author":5,"featured_media":0,"parent":2462,"menu_order":0,"comment_status":"closed","ping_status":"closed","template":"","meta":{"footnotes":""},"categories":[142],"tags":[],"type_situation":[],"theme_maths":[],"type-expe":[],"class_list":{"0":"post-93","1":"page","2":"type-page","3":"status-publish","5":"category-projet-dream","6":"czr-hentry"},"rttpg_featured_image_url":null,"rttpg_author":{"display_name":"jules emery","author_link":"https:\/\/math.univ-lyon1.fr\/dream\/?author=5"},"rttpg_comment":0,"rttpg_category":" <a href=\"https:\/\/math.univ-lyon1.fr\/dream\/?cat=142\" rel=\"tag\">Projet DREAM<\/a>","rttpg_excerpt":"L&rsquo;\u00e9quipe DREAM a travaill\u00e9 depuis son origine dans une perspective de recherche collaborative, alliant des exp\u00e9rimentations dans les classes, la cr\u00e9ation de ressources pour les enseignants et les formateurs et des recherches qui ont conduit \u00e0 trois Master de recherche et deux th\u00e8ses (Aldon, 2008, Front, 2010, 2015, Gardes, 2009, 2013)\u00a0 (Voir Bibliographie). Nous pr\u00e9sentons\u2026","_links":{"self":[{"href":"https:\/\/math.univ-lyon1.fr\/dream\/index.php?rest_route=\/wp\/v2\/pages\/93","targetHints":{"allow":["GET"]}}],"collection":[{"href":"https:\/\/math.univ-lyon1.fr\/dream\/index.php?rest_route=\/wp\/v2\/pages"}],"about":[{"href":"https:\/\/math.univ-lyon1.fr\/dream\/index.php?rest_route=\/wp\/v2\/types\/page"}],"author":[{"embeddable":true,"href":"https:\/\/math.univ-lyon1.fr\/dream\/index.php?rest_route=\/wp\/v2\/users\/5"}],"replies":[{"embeddable":true,"href":"https:\/\/math.univ-lyon1.fr\/dream\/index.php?rest_route=%2Fwp%2Fv2%2Fcomments&post=93"}],"version-history":[{"count":11,"href":"https:\/\/math.univ-lyon1.fr\/dream\/index.php?rest_route=\/wp\/v2\/pages\/93\/revisions"}],"predecessor-version":[{"id":3905,"href":"https:\/\/math.univ-lyon1.fr\/dream\/index.php?rest_route=\/wp\/v2\/pages\/93\/revisions\/3905"}],"up":[{"embeddable":true,"href":"https:\/\/math.univ-lyon1.fr\/dream\/index.php?rest_route=\/wp\/v2\/pages\/2462"}],"wp:attachment":[{"href":"https:\/\/math.univ-lyon1.fr\/dream\/index.php?rest_route=%2Fwp%2Fv2%2Fmedia&parent=93"}],"wp:term":[{"taxonomy":"category","embeddable":true,"href":"https:\/\/math.univ-lyon1.fr\/dream\/index.php?rest_route=%2Fwp%2Fv2%2Fcategories&post=93"},{"taxonomy":"post_tag","embeddable":true,"href":"https:\/\/math.univ-lyon1.fr\/dream\/index.php?rest_route=%2Fwp%2Fv2%2Ftags&post=93"},{"taxonomy":"type_situation","embeddable":true,"href":"https:\/\/math.univ-lyon1.fr\/dream\/index.php?rest_route=%2Fwp%2Fv2%2Ftype_situation&post=93"},{"taxonomy":"theme_maths","embeddable":true,"href":"https:\/\/math.univ-lyon1.fr\/dream\/index.php?rest_route=%2Fwp%2Fv2%2Ftheme_maths&post=93"},{"taxonomy":"type-expe","embeddable":true,"href":"https:\/\/math.univ-lyon1.fr\/dream\/index.php?rest_route=%2Fwp%2Fv2%2Ftype-expe&post=93"}],"curies":[{"name":"wp","href":"https:\/\/api.w.org\/{rel}","templated":true}]}}