{"id":104,"date":"2022-01-26T11:22:47","date_gmt":"2022-01-26T10:22:47","guid":{"rendered":"https:\/\/math.univ-lyon1.fr\/gdr-hdm\/?page_id=104"},"modified":"2022-09-27T11:22:17","modified_gmt":"2022-09-27T09:22:17","slug":"le-seminaire-dhistoire-des-mathematiques-de-linstitut-henri-poincare","status":"publish","type":"page","link":"https:\/\/math.univ-lyon1.fr\/gdr-hdm\/?page_id=104","title":{"rendered":"Le s\u00e9minaire d&rsquo;Histoire des Math\u00e9matiques de l&rsquo;Institut Henri Poincar\u00e9"},"content":{"rendered":"\r\n<p>Fond\u00e9 en 1948, le s\u00e9minaire d&rsquo;histoire des math\u00e9matiques de l&rsquo;IHP est un lieu d\u2019\u00e9change entre historiens des math\u00e9matiques et participe \u00e9galement \u00e0 maintenir et d\u00e9velopper les liens entre math\u00e9maticiens et historiens.<\/p>\r\n\r\n\r\n\r\n<p>Les s\u00e9ances du s\u00e9minaire visent \u00e0 faire le point de recherches actuelles sur un th\u00e8me qui peut constituer la pr\u00e9sentation du travail d\u2019un groupe de recherche ou \u00eatre sp\u00e9cialement construit pour le s\u00e9minaire.<\/p>\r\n\r\n\r\n\r\n<p>Le s\u00e9minaire est financ\u00e9 par le GDR d&rsquo;Histoire des Math\u00e9matiques.<\/p>\r\n\r\n\r\n\r\n\r\n\r\n<p>Le programme pour l&rsquo;ann\u00e9e en cours est consultable <a href=\"https:\/\/indico.math.cnrs.fr\/category\/515\/\">ici<\/a>. <!-- Vous pouvez aussi retrouver le programme des prochaines s\u00e9ances dans l'<a href=\"https:\/\/gdr-hdm.math.cnrs.fr\/agenda\/\">agenda<\/a>.<\/p>--><\/p>\r\n<p>&nbsp;<\/p>\r\n<h2>Histoire du s\u00e9minaire depuis sa cr\u00e9ation en 1948<\/h2>\r\n<p>Vous trouverez ci-dessous les programmes du s\u00e9minaire depuis sa cr\u00e9ation.<\/p>\r\n<h4><a href=\"https:\/\/math.univ-lyon1.fr\/gdr-hdm\/wp-content\/uploads\/2022\/09\/Seminaire_IHP_1948-1954.pdf\">1948&#8211;1954 : direction de Pierre Sergescu (1893&#8211;1954)<\/a><\/h4>\r\n<h4><a href=\"https:\/\/math.univ-lyon1.fr\/gdr-hdm\/wp-content\/uploads\/2022\/09\/Seminaire_IHP_1954-1977.pdf\">1954&#8211;1977 : direction de Ren\u00e9 Taton (1915&#8211;2004)<\/a><\/h4>\r\n<h4><a href=\"https:\/\/math.univ-lyon1.fr\/gdr-hdm\/wp-content\/uploads\/2022\/09\/Seminaire_IHP_1977-1988.pdf\">1977&#8211;1988 : direction de Pierre Dugac (1926&#8211;2000)<\/a><\/h4>\r\n<h4><a href=\"https:\/\/math.univ-lyon1.fr\/gdr-hdm\/wp-content\/uploads\/2022\/09\/Seminaire_IHP_1988-1995.pdf\">1988&#8211;1995 : adoption d&rsquo;une direction collective<\/a><\/h4>\r\n<h4><a href=\"https:\/\/math.univ-lyon1.fr\/gdr-hdm\/wp-content\/uploads\/2022\/09\/Seminaire_IHP_1995-2008.pdf\">1995&#8211;2008 : adoption d&rsquo;une structure de mini-colloque th\u00e9matique<\/a><\/h4>\r\n<h4><a href=\"https:\/\/math.univ-lyon1.fr\/gdr-hdm\/wp-content\/uploads\/2022\/09\/Seminaire_IHP_2008-present.pdf\">2008&#8211;&#8230; : conf\u00e9rences \u00e0 vis\u00e9e r\u00e9flexive, m\u00e9thodologique et historiographique<\/a><\/h4>\r\n<p>&nbsp;<\/p>","protected":false},"excerpt":{"rendered":"<p>Fond\u00e9 en 1948, le s\u00e9minaire d&rsquo;histoire des math\u00e9matiques de l&rsquo;IHP est un lieu d\u2019\u00e9change entre historiens des math\u00e9matiques et participe &hellip; <\/p>\n","protected":false},"author":2,"featured_media":0,"parent":0,"menu_order":0,"comment_status":"closed","ping_status":"closed","template":"","meta":{"footnotes":""},"class_list":["post-104","page","type-page","status-publish","hentry"],"_links":{"self":[{"href":"https:\/\/math.univ-lyon1.fr\/gdr-hdm\/index.php?rest_route=\/wp\/v2\/pages\/104","targetHints":{"allow":["GET"]}}],"collection":[{"href":"https:\/\/math.univ-lyon1.fr\/gdr-hdm\/index.php?rest_route=\/wp\/v2\/pages"}],"about":[{"href":"https:\/\/math.univ-lyon1.fr\/gdr-hdm\/index.php?rest_route=\/wp\/v2\/types\/page"}],"author":[{"embeddable":true,"href":"https:\/\/math.univ-lyon1.fr\/gdr-hdm\/index.php?rest_route=\/wp\/v2\/users\/2"}],"replies":[{"embeddable":true,"href":"https:\/\/math.univ-lyon1.fr\/gdr-hdm\/index.php?rest_route=%2Fwp%2Fv2%2Fcomments&post=104"}],"version-history":[{"count":11,"href":"https:\/\/math.univ-lyon1.fr\/gdr-hdm\/index.php?rest_route=\/wp\/v2\/pages\/104\/revisions"}],"predecessor-version":[{"id":205,"href":"https:\/\/math.univ-lyon1.fr\/gdr-hdm\/index.php?rest_route=\/wp\/v2\/pages\/104\/revisions\/205"}],"wp:attachment":[{"href":"https:\/\/math.univ-lyon1.fr\/gdr-hdm\/index.php?rest_route=%2Fwp%2Fv2%2Fmedia&parent=104"}],"curies":[{"name":"wp","href":"https:\/\/api.w.org\/{rel}","templated":true}]}}