{"id":117,"date":"2022-01-26T15:06:40","date_gmt":"2022-01-26T14:06:40","guid":{"rendered":"https:\/\/math.univ-lyon1.fr\/gdr-hdm\/?page_id=117"},"modified":"2022-12-19T13:44:30","modified_gmt":"2022-12-19T12:44:30","slug":"la-revue-dhistoire-des-mathematiques","status":"publish","type":"page","link":"https:\/\/math.univ-lyon1.fr\/gdr-hdm\/?page_id=117","title":{"rendered":"La Revue d&rsquo;Histoire des Math\u00e9matiques"},"content":{"rendered":"\r\n<p style=\"text-align: justify;\">La <em><a href=\"https:\/\/smf.emath.fr\/publications\/revue-dhistoire-des-mathematiques\">Revue d&rsquo;histoire des math\u00e9matiques<\/a> (RHM)\u00a0<\/em>est la seule revue fran\u00e7aise exclusivement consacr\u00e9e au domaine. \u00c9dit\u00e9e par la Soci\u00e9t\u00e9 Math\u00e9matique de France, la RHM publie des articles originaux, en fran\u00e7ais ou en anglais, consacr\u00e9s \u00e0 l\u2019histoire des math\u00e9matiques, de l\u2019Antiquit\u00e9 \u00e0 nos jours. Les sciences math\u00e9matiques y sont consid\u00e9r\u00e9es aussi bien dans leur d\u00e9veloppement propre que dans leurs rapports \u00e0 d\u2019autres disciplines ou dans leurs contextes (culturel, institutionnel, social). La RHM a l\u2019ambition de servir la communaut\u00e9 nationale et internationale des historien\u00b7ne\u00b7s des math\u00e9matiques en offrant aussi un espace de d\u00e9bat critique ouvert \u00e0 des bilans historiographiques et des notes prospectives ou programmatiques.<\/p>\r\n\r\n\r\n\r\n<p>Le GDR soutient la RHM pour l\u2019organisation d\u2019un colloque annuel \u00e0 l\u2019occasion de la r\u00e9union automnale de son comit\u00e9 de r\u00e9daction (sauf l\u2019ann\u00e9e de l\u2019\u00c9cole du GDR). Ce colloque participe \u00e0 la visibilit\u00e9 de la revue, en particulier aupr\u00e8s des jeunes chercheur\u00b7e\u00b7s, invit\u00e9\u00b7e\u00b7s \u00e0 y participer. Enfin, l\u2019organisation d\u2019un tel colloque permet aux historien\u00b7ne\u00b7s des math\u00e9matiques de montrer l\u2019\u00e9tat de la recherche dans leur domaine dans diff\u00e9rentes universit\u00e9s.<\/p>\r\n\r\n\r\n\r\n\r\n\r\n<p class=\"has-text-color has-medium-font-size has-vivid-cyan-blue-color\"><strong>Les colloques de la RHM soutenus par le GDR<\/strong><\/p>\r\n<ul>\r\n<li>2022 : Wuppertal (<a href=\"https:\/\/math.univ-lyon1.fr\/gdr-hdm\/wp-content\/uploads\/2022\/12\/2022RHMprogrammeWuppertal.pdf\">programme<\/a>)<\/li>\r\n<li>2021 : Paris (<a href=\"https:\/\/math.univ-lyon1.fr\/gdr-hdm\/wp-content\/uploads\/2022\/12\/2021RHMprogrammeParis.pdf\">programme<\/a>)<\/li>\r\n<li>2019 : Nantes<\/li>\r\n<li>2018 : Turin (<a href=\"https:\/\/math.univ-lyon1.fr\/gdr-hdm\/wp-content\/uploads\/2022\/02\/2018Program-Turin_CaseStudiesHM.pdf\">programme<\/a>)<\/li>\r\n<li>2017 : Paris <\/li>\r\n<li>2016 : Strasbourg (<a href=\"https:\/\/math.univ-lyon1.fr\/gdr-hdm\/wp-content\/uploads\/2022\/02\/2016RHM_Programme.pdf\">programme<\/a>)<\/li>\r\n<li>2015 : Limoges (<a href=\"https:\/\/math.univ-lyon1.fr\/gdr-hdm\/wp-content\/uploads\/2022\/02\/2015rhm_programme_resume.pdf\">programme<\/a>)<\/li>\r\n<li>2014 : Strasbourg (<a href=\"https:\/\/math.univ-lyon1.fr\/gdr-hdm\/wp-content\/uploads\/2022\/02\/2014ColloqueRHM.pdf\">programme<\/a>)<\/li>\r\n<li>2012 : Nancy<\/li>\r\n<li>2011 : Grenoble (<a href=\"https:\/\/math.univ-lyon1.fr\/gdr-hdm\/wp-content\/uploads\/2022\/02\/2011RHM_Grenoble.pdf\">programme<\/a>)<\/li>\r\n<li>2010 : Strasbourg (<a href=\"https:\/\/math.univ-lyon1.fr\/gdr-hdm\/wp-content\/uploads\/2022\/02\/2010Programme.pdf\">programme<\/a>)<\/li>\r\n<\/ul>\r\n\r\n\r\n\r\n\r\n\r\n\r\n\r\n\r\n\r\n\r\n\r\n\r\n","protected":false},"excerpt":{"rendered":"<p>La Revue d&rsquo;histoire des math\u00e9matiques (RHM)\u00a0est la seule revue fran\u00e7aise exclusivement consacr\u00e9e au domaine. \u00c9dit\u00e9e par la Soci\u00e9t\u00e9 Math\u00e9matique de &hellip; <\/p>\n","protected":false},"author":2,"featured_media":0,"parent":0,"menu_order":0,"comment_status":"closed","ping_status":"closed","template":"","meta":{"footnotes":""},"class_list":["post-117","page","type-page","status-publish","hentry"],"_links":{"self":[{"href":"https:\/\/math.univ-lyon1.fr\/gdr-hdm\/index.php?rest_route=\/wp\/v2\/pages\/117","targetHints":{"allow":["GET"]}}],"collection":[{"href":"https:\/\/math.univ-lyon1.fr\/gdr-hdm\/index.php?rest_route=\/wp\/v2\/pages"}],"about":[{"href":"https:\/\/math.univ-lyon1.fr\/gdr-hdm\/index.php?rest_route=\/wp\/v2\/types\/page"}],"author":[{"embeddable":true,"href":"https:\/\/math.univ-lyon1.fr\/gdr-hdm\/index.php?rest_route=\/wp\/v2\/users\/2"}],"replies":[{"embeddable":true,"href":"https:\/\/math.univ-lyon1.fr\/gdr-hdm\/index.php?rest_route=%2Fwp%2Fv2%2Fcomments&post=117"}],"version-history":[{"count":9,"href":"https:\/\/math.univ-lyon1.fr\/gdr-hdm\/index.php?rest_route=\/wp\/v2\/pages\/117\/revisions"}],"predecessor-version":[{"id":210,"href":"https:\/\/math.univ-lyon1.fr\/gdr-hdm\/index.php?rest_route=\/wp\/v2\/pages\/117\/revisions\/210"}],"wp:attachment":[{"href":"https:\/\/math.univ-lyon1.fr\/gdr-hdm\/index.php?rest_route=%2Fwp%2Fv2%2Fmedia&parent=117"}],"curies":[{"name":"wp","href":"https:\/\/api.w.org\/{rel}","templated":true}]}}