{"id":22,"date":"2022-01-25T12:35:03","date_gmt":"2022-01-25T11:35:03","guid":{"rendered":"https:\/\/math.univ-lyon1.fr\/gdr-hdm\/?page_id=22"},"modified":"2022-02-02T17:10:58","modified_gmt":"2022-02-02T16:10:58","slug":"groupement-de-recherche-histoire-des-mathematiques","status":"publish","type":"page","link":"https:\/\/math.univ-lyon1.fr\/gdr-hdm\/","title":{"rendered":"Groupement de Recherche &#8211; Histoire des Math\u00e9matiques"},"content":{"rendered":"<p><img loading=\"lazy\" decoding=\"async\" class=\"size-medium wp-image-111 alignleft\" src=\"https:\/\/math.univ-lyon1.fr\/gdr-hdm\/wp-content\/uploads\/2022\/01\/Montucla-254x300.jpg\" alt=\"\" width=\"254\" height=\"300\" srcset=\"https:\/\/math.univ-lyon1.fr\/gdr-hdm\/wp-content\/uploads\/2022\/01\/Montucla-254x300.jpg 254w, https:\/\/math.univ-lyon1.fr\/gdr-hdm\/wp-content\/uploads\/2022\/01\/Montucla.jpg 751w\" sizes=\"auto, (max-width: 254px) 100vw, 254px\" \/><\/p>\r\n\r\n<p>Depuis sa cr\u00e9ation, en 2011, le GDR 3398 \u00ab Histoire des math\u00e9matiques \u00bb sert \u00e0 f\u00e9d\u00e9rer la communaut\u00e9 des historien\u00b7ne\u00b7s des math\u00e9matiques en France, en favorisant tout d\u2019abord des \u00e9changes r\u00e9guliers et de qualit\u00e9, tenant compte de la diversit\u00e9 des sujets abord\u00e9s et de la dispersion g\u00e9ographique des chercheur\u00b7e\u00b7s.<\/p>\r\n\r\n<p>&nbsp;<\/p>","protected":false},"excerpt":{"rendered":"<p>Depuis sa cr\u00e9ation, en 2011, le GDR 3398 \u00ab Histoire des math\u00e9matiques \u00bb sert \u00e0 f\u00e9d\u00e9rer la communaut\u00e9 des historien\u00b7ne\u00b7s &hellip; <\/p>\n","protected":false},"author":2,"featured_media":0,"parent":0,"menu_order":0,"comment_status":"closed","ping_status":"closed","template":"template-home.php","meta":{"footnotes":""},"class_list":["post-22","page","type-page","status-publish","hentry"],"_links":{"self":[{"href":"https:\/\/math.univ-lyon1.fr\/gdr-hdm\/index.php?rest_route=\/wp\/v2\/pages\/22","targetHints":{"allow":["GET"]}}],"collection":[{"href":"https:\/\/math.univ-lyon1.fr\/gdr-hdm\/index.php?rest_route=\/wp\/v2\/pages"}],"about":[{"href":"https:\/\/math.univ-lyon1.fr\/gdr-hdm\/index.php?rest_route=\/wp\/v2\/types\/page"}],"author":[{"embeddable":true,"href":"https:\/\/math.univ-lyon1.fr\/gdr-hdm\/index.php?rest_route=\/wp\/v2\/users\/2"}],"replies":[{"embeddable":true,"href":"https:\/\/math.univ-lyon1.fr\/gdr-hdm\/index.php?rest_route=%2Fwp%2Fv2%2Fcomments&post=22"}],"version-history":[{"count":7,"href":"https:\/\/math.univ-lyon1.fr\/gdr-hdm\/index.php?rest_route=\/wp\/v2\/pages\/22\/revisions"}],"predecessor-version":[{"id":137,"href":"https:\/\/math.univ-lyon1.fr\/gdr-hdm\/index.php?rest_route=\/wp\/v2\/pages\/22\/revisions\/137"}],"wp:attachment":[{"href":"https:\/\/math.univ-lyon1.fr\/gdr-hdm\/index.php?rest_route=%2Fwp%2Fv2%2Fmedia&parent=22"}],"curies":[{"name":"wp","href":"https:\/\/api.w.org\/{rel}","templated":true}]}}