{"id":48,"date":"2022-01-25T13:27:02","date_gmt":"2022-01-25T12:27:02","guid":{"rendered":"https:\/\/math.univ-lyon1.fr\/gdr-hdm\/?page_id=48"},"modified":"2023-01-20T11:31:50","modified_gmt":"2023-01-20T10:31:50","slug":"la-structure-du-gdr","status":"publish","type":"page","link":"https:\/\/math.univ-lyon1.fr\/gdr-hdm\/?page_id=48","title":{"rendered":"La structure du GDR"},"content":{"rendered":"\r\n<p>Le GDR est structur\u00e9 en \u00ab\u00a0n\u0153uds\u00a0\u00bb dont le correspondant ou la correspondant participe au bureau du GDR. Le bureau est le comit\u00e9 scientifique du GDR. Chaque correspondant\u00b7e a pour mission de diffuser aux membres de son n\u0153ud les informations \u00e9chang\u00e9es dans le cadre du bureau. Le bureau du GDR est compos\u00e9 de 17 membres et est pilot\u00e9 par un comit\u00e9 compos\u00e9 de deux coll\u00e8gues : S\u00e9bastien Gauthier (Institut Camille Jordan, UMR 5208, Lyon) et Marc Moyon (Institut XLIM, UMR 7252, Limoges).<\/p>\r\n\r\n\r\n\r\n<h2 class=\"wp-block-heading\">Liste des n\u0153uds<\/h2>\r\n\r\n\r\n\r\n<ul class=\"wp-block-list\">\r\n<li>Aix \u2013 Marseille 1 Universit\u00e9 \/ Centre Gilles Gaston Granger, UMR 7304\r\n<ul>\r\n<li>Correspondant : Philippe Abgrall<\/li>\r\n<\/ul>\r\n<\/li>\r\n<li>ArScAn &#8211; HAROC\r\n<ul>\r\n<li>Correspondante : C\u00e9cile Michel<\/li>\r\n<\/ul>\r\n<\/li>\r\n<li>EHESS \/ Centre A. Koyr\u00e9\r\n<ul>\r\n<li>Correspondante : Giovanna Cifoletti<\/li>\r\n<\/ul>\r\n<\/li>\r\n<li>Institut de math\u00e9matiques de Jussieu \u2013 Paris Rive Gauche\r\n<ul>\r\n<li>Correspondante : Catherine Goldstein<\/li>\r\n<\/ul>\r\n<\/li>\r\n<li>Universit\u00e9 de Lille\r\n<ul>\r\n<li>Correspondante : Rossana Tazzioli<\/li>\r\n<\/ul>\r\n<\/li>\r\n<li>Universit\u00e9 Clermont Auvergne\r\n<ul>\r\n<li>Correspondant : S\u00e9bastien Gandon<\/li>\r\n<\/ul>\r\n<\/li>\r\n<li>Polytechnique<br \/>\r\n<ul>\r\n<li>Correspondant : Fr\u00e9d\u00e9ric Brechenmacher<\/li>\r\n<\/ul>\r\n<\/li>\r\n<li>COMUE Lille Nord de France\r\n<ul>\r\n<li>Correspondant : Thomas Morel<\/li>\r\n<\/ul>\r\n<\/li>\r\n<li>Universit\u00e9 de la R\u00e9union\r\n<ul>\r\n<li>Correspondant : Dominique Tourn\u00e8s<\/li>\r\n<\/ul>\r\n<\/li>\r\n<li>Universit\u00e9 de Limoges\r\n<ul>\r\n<li>Correspondant : Marc Moyon<\/li>\r\n<\/ul>\r\n<\/li>\r\n<li>Est\r\n<ul>\r\n<li>Correspondant : Christophe Eckes<\/li>\r\n<\/ul>\r\n<\/li>\r\n<li>Universit\u00e9 Lyon 1\r\n<ul>\r\n<li>Correspondant : S\u00e9bastien Gauthier<\/li>\r\n<\/ul>\r\n<\/li>\r\n<li>Universit\u00e9 de Paris-Sud \/ GHDSO\r\n<ul>\r\n<li>Correspondant : Norbert Verdier<\/li>\r\n<\/ul>\r\n<\/li>\r\n<li>Universit\u00e9 de Paris 8\r\n<ul>\r\n<li>Correspondant : Maarten Bullynck<\/li>\r\n<\/ul>\r\n<\/li>\r\n<li>Universit\u00e9 Paris Diderot \/ SPHERE\r\n<ul>\r\n<li>Correspondant : Vincenzo de Risi<\/li>\r\n<\/ul>\r\n<\/li>\r\n<li>Universit\u00e9 Paul Sabatier, Toulouse\r\n<ul>\r\n<li>Correspondant : Guillaume Loizelet<\/li>\r\n<\/ul>\r\n<\/li>\r\n<li>Grand Ouest\r\n<ul>\r\n<li>Correspondante : Jenny Boucard<\/li>\r\n<\/ul>\r\n<\/li>\r\n<\/ul>\r\n\r\n<p>&nbsp;<\/p>","protected":false},"excerpt":{"rendered":"<p>Le GDR est structur\u00e9 en \u00ab\u00a0n\u0153uds\u00a0\u00bb dont le correspondant ou la correspondant participe au bureau du GDR. Le bureau est &hellip; <\/p>\n","protected":false},"author":2,"featured_media":0,"parent":33,"menu_order":0,"comment_status":"closed","ping_status":"closed","template":"","meta":{"footnotes":""},"class_list":["post-48","page","type-page","status-publish","hentry"],"_links":{"self":[{"href":"https:\/\/math.univ-lyon1.fr\/gdr-hdm\/index.php?rest_route=\/wp\/v2\/pages\/48","targetHints":{"allow":["GET"]}}],"collection":[{"href":"https:\/\/math.univ-lyon1.fr\/gdr-hdm\/index.php?rest_route=\/wp\/v2\/pages"}],"about":[{"href":"https:\/\/math.univ-lyon1.fr\/gdr-hdm\/index.php?rest_route=\/wp\/v2\/types\/page"}],"author":[{"embeddable":true,"href":"https:\/\/math.univ-lyon1.fr\/gdr-hdm\/index.php?rest_route=\/wp\/v2\/users\/2"}],"replies":[{"embeddable":true,"href":"https:\/\/math.univ-lyon1.fr\/gdr-hdm\/index.php?rest_route=%2Fwp%2Fv2%2Fcomments&post=48"}],"version-history":[{"count":5,"href":"https:\/\/math.univ-lyon1.fr\/gdr-hdm\/index.php?rest_route=\/wp\/v2\/pages\/48\/revisions"}],"predecessor-version":[{"id":212,"href":"https:\/\/math.univ-lyon1.fr\/gdr-hdm\/index.php?rest_route=\/wp\/v2\/pages\/48\/revisions\/212"}],"up":[{"embeddable":true,"href":"https:\/\/math.univ-lyon1.fr\/gdr-hdm\/index.php?rest_route=\/wp\/v2\/pages\/33"}],"wp:attachment":[{"href":"https:\/\/math.univ-lyon1.fr\/gdr-hdm\/index.php?rest_route=%2Fwp%2Fv2%2Fmedia&parent=48"}],"curies":[{"name":"wp","href":"https:\/\/api.w.org\/{rel}","templated":true}]}}