{"id":57,"date":"2022-01-25T13:47:31","date_gmt":"2022-01-25T12:47:31","guid":{"rendered":"https:\/\/math.univ-lyon1.fr\/gdr-hdm\/?page_id=57"},"modified":"2022-01-26T11:31:29","modified_gmt":"2022-01-26T10:31:29","slug":"ecole-du-gdr-2013","status":"publish","type":"page","link":"https:\/\/math.univ-lyon1.fr\/gdr-hdm\/?page_id=57","title":{"rendered":"\u00c9cole du GDR &#8211; 2013"},"content":{"rendered":"<div id=\"pl-921\" class=\"panel-layout\">\n<div id=\"pg-921-0\" class=\"panel-grid panel-no-style\">\n<div id=\"pgc-921-0-0\" class=\"panel-grid-cell\" data-weight=\"1\">\n<div id=\"panel-921-0-0-0\" class=\"so-panel widget widget_sow-editor panel-first-child panel-last-child\" data-index=\"0\" data-style=\"{&quot;background_image_attachment&quot;:false,&quot;background_display&quot;:&quot;tile&quot;}\">\n<div class=\"so-widget-sow-editor so-widget-sow-editor-base\">\n<h1 class=\"widget-title\">Sources in the history of mathematics \/ Sources en histoire des math\u00e9matiques<\/h1>\n<p>&nbsp;<\/p>\n<div class=\"siteorigin-widget-tinymce textwidget\">\n<div class=\"siteorigin-widget-tinymce textwidget\">\n<p>From November 4 to 8, 2013, the <em>GDR Histoire des Math\u00e9matiques<\/em>\u00a0organizes his first <em>\u00c9cole<\/em>. It will take place at the <a href=\"https:\/\/www.cirm-math.fr\/\">CIRM<\/a> (Luminy, close to Marseille).<\/p>\n<p>This School is specially directed towards young researchers in the history of mathematics. It is structured along three units, or blocks, each one of which contains a plenary lecture course as well as three workshops in parallel sessions (between the blocks). Roughly half of the teaching will be in English (the other half being in French). A detailed presentation of each block can be downloaded by clicking on its title.<\/p>\n<p>&nbsp;<\/p>\n<h2><a href=\"https:\/\/math.univ-lyon1.fr\/gdr-hdm\/wp-content\/uploads\/2022\/01\/Block1_2013.pdf\">Block 1. The variety of mathematical sources and the question of their interpretation<\/a><\/h2>\n<p>Organizers: Karine Chemla, Renaud Chorlay, Baptiste M\u00e9l\u00e8s, with the active participation of Agathe Keller, C\u00e9cile Michel, Christine Proust, Dominique Tourn\u00e8s.<\/p>\n<p>Documents.<\/p>\n<ul>\n<li>Lecture course (K. Chemla): <a href=\"https:\/\/math.univ-lyon1.fr\/gdr-hdm\/wp-content\/uploads\/2022\/01\/GDR-CIRM-CHEMLA-13Def.pdf\">Presentation file<\/a>.<\/li>\n<li>Workshop 2:\n<ul>\n<li>C. Proust: <a href=\"https:\/\/math.univ-lyon1.fr\/gdr-hdm\/wp-content\/uploads\/2022\/01\/CIRM-diapos-Proust.pdf\">Presentation file<\/a> and <a href=\"https:\/\/math.univ-lyon1.fr\/gdr-hdm\/wp-content\/uploads\/2022\/01\/CIRM-handout-Proust.pdf\">Handout<\/a>.<\/li>\n<li>C. Michel: <a href=\"https:\/\/math.univ-lyon1.fr\/gdr-hdm\/wp-content\/uploads\/2022\/01\/CIRM_Cecile_Michel_diapo.pdf\">Presentation file<\/a> and <a href=\"https:\/\/math.univ-lyon1.fr\/gdr-hdm\/wp-content\/uploads\/2022\/01\/CIRM_Cecile_Michel_handout.pdf\">Handout<\/a>.<\/li>\n<li><a href=\"https:\/\/math.univ-lyon1.fr\/gdr-hdm\/wp-content\/uploads\/2022\/01\/biblio-Proust-Michel.pdf\">References<\/a>.<\/li>\n<\/ul>\n<\/li>\n<li>Workshop 3:\n<ul>\n<li>D. Tourn\u00e8s: <a href=\"https:\/\/math.univ-lyon1.fr\/gdr-hdm\/wp-content\/uploads\/2022\/01\/GDR_Block1_Workshop3.pdf\">Presentation file<\/a>.<\/li>\n<\/ul>\n<\/li>\n<\/ul>\n<p>&nbsp;<\/p>\n<h2><a href=\"https:\/\/math.univ-lyon1.fr\/gdr-hdm\/wp-content\/uploads\/2022\/01\/Block2_2013.pdf\">Block 2. Constructing collectives of texts<\/a><\/h2>\n<p>Organizers: Fr\u00e9d\u00e9ric Brechenmacher, H\u00e9l\u00e8ne Gispert, with the active participation of Jenny Boucard, Matthieu Husson, Philippe Nabonnand, Jeanne Peiffer, Sabine Rommevaux.<\/p>\n<p>Documents.<\/p>\n<ul>\n<li>Lecture cours:\n<ul>\n<li>H. Gispert: <a href=\"https:\/\/math.univ-lyon1.fr\/gdr-hdm\/wp-content\/uploads\/2022\/01\/Cours-GDR.-HG.-nov-2013.pdf\">Presentation file<\/a>.<\/li>\n<li>F. Brechenmacher: <a href=\"https:\/\/math.univ-lyon1.fr\/gdr-hdm\/wp-content\/uploads\/2022\/01\/Brechenmacher-GDR.pdf\">Presentation file<\/a>.<\/li>\n<li><a href=\"https:\/\/math.univ-lyon1.fr\/gdr-hdm\/wp-content\/uploads\/2022\/01\/GDR.-Bibliographie-du-cours-Construire-des-collectifs-de-textes1.pdf\">References<\/a>.<\/li>\n<\/ul>\n<\/li>\n<li>Workshop 1:\n<ul>\n<li>J. Boucard: <a href=\"https:\/\/webusers.imj-prg.fr\/~catherine.goldstein\/BasicIntroThamous.pdf\">A Basic Introduction to Thamous<\/a> by C. Goldstein.<\/li>\n<\/ul>\n<\/li>\n<li>Workshop 2:\n<ul>\n<li>P. Nabonnand: <a href=\"https:\/\/math.univ-lyon1.fr\/gdr-hdm\/wp-content\/uploads\/2022\/01\/NouvellesAnnales.pdf\">Presentation file<\/a>.<\/li>\n<li>J. Peiffer: <a href=\"https:\/\/math.univ-lyon1.fr\/gdr-hdm\/wp-content\/uploads\/2022\/01\/JPeifferAtelier_CIRM2013.pdf\">Presentation file<\/a> and an extract of the <a href=\"https:\/\/math.univ-lyon1.fr\/gdr-hdm\/wp-content\/uploads\/2022\/01\/MATH_7_11_13.xls\">Database of the <em>Journal des Savants<\/em><\/a>.<\/li>\n<\/ul>\n<\/li>\n<li>Workshop 3:\n<ul>\n<li>S. Rommevaux: <a href=\"https:\/\/math.univ-lyon1.fr\/gdr-hdm\/wp-content\/uploads\/2022\/01\/ParcoursMathsMed.pdf\">Presentation file<\/a>.<\/li>\n<li>M. Husson: <a href=\"https:\/\/math.univ-lyon1.fr\/gdr-hdm\/wp-content\/uploads\/2022\/01\/Florilege-de-manuscrits.pdf\">Presentation file<\/a>.<\/li>\n<li><a href=\"https:\/\/math.univ-lyon1.fr\/gdr-hdm\/wp-content\/uploads\/2022\/01\/Biblio-MathsMed.pdf\">References<\/a>.<\/li>\n<\/ul>\n<\/li>\n<\/ul>\n<p>&nbsp;<\/p>\n<h2><a href=\"https:\/\/math.univ-lyon1.fr\/gdr-hdm\/wp-content\/uploads\/2022\/01\/Block3_2013.pdf\">Block 3. Problems, methods, and practices of editing mathematical texts in the digital age<\/a><\/h2>\n<p>Organizers: Fabio Acerbi, Alexandre Guilbaud, with the active participation of Ramon Masi\u00e0, Ir\u00e8ne Passeron, Bernard Vitrac.<\/p>\n<p>&nbsp;<\/p>\n<h2 style=\"text-align: left;\"><a href=\"https:\/\/math.univ-lyon1.fr\/gdr-hdm\/wp-content\/uploads\/2022\/01\/Schedule_2013.pdf\">Schedule<\/a><\/h2>\n<p>&nbsp;<\/p>\n<p class=\"paragraph_style_3\">For more information contact Norbert Schappacher &lt;<a title=\"mailto:schappacher@math.unistra.fr\">schappacher@math.unistra.fr<\/a>&gt;\u00a0and\u00a0<span class=\"style_9\">S\u00e9bastien Gauthier &lt;<\/span><a title=\"mailto:gauthier@math.univ-lyon1.fr\">gauthier@math.univ-lyon1.fr<\/a><span class=\"style_9\">&gt;.<\/span><\/p>\n<\/div>\n<\/div>\n<\/div>\n<\/div>\n<\/div>\n<\/div>\n<\/div>\n","protected":false},"excerpt":{"rendered":"<p>Sources in the history of mathematics \/ Sources en histoire des math\u00e9matiques &nbsp; From November 4 to 8, 2013, the &hellip; <\/p>\n","protected":false},"author":2,"featured_media":0,"parent":53,"menu_order":0,"comment_status":"closed","ping_status":"closed","template":"","meta":{"footnotes":""},"class_list":["post-57","page","type-page","status-publish","hentry"],"_links":{"self":[{"href":"https:\/\/math.univ-lyon1.fr\/gdr-hdm\/index.php?rest_route=\/wp\/v2\/pages\/57","targetHints":{"allow":["GET"]}}],"collection":[{"href":"https:\/\/math.univ-lyon1.fr\/gdr-hdm\/index.php?rest_route=\/wp\/v2\/pages"}],"about":[{"href":"https:\/\/math.univ-lyon1.fr\/gdr-hdm\/index.php?rest_route=\/wp\/v2\/types\/page"}],"author":[{"embeddable":true,"href":"https:\/\/math.univ-lyon1.fr\/gdr-hdm\/index.php?rest_route=\/wp\/v2\/users\/2"}],"replies":[{"embeddable":true,"href":"https:\/\/math.univ-lyon1.fr\/gdr-hdm\/index.php?rest_route=%2Fwp%2Fv2%2Fcomments&post=57"}],"version-history":[{"count":13,"href":"https:\/\/math.univ-lyon1.fr\/gdr-hdm\/index.php?rest_route=\/wp\/v2\/pages\/57\/revisions"}],"predecessor-version":[{"id":108,"href":"https:\/\/math.univ-lyon1.fr\/gdr-hdm\/index.php?rest_route=\/wp\/v2\/pages\/57\/revisions\/108"}],"up":[{"embeddable":true,"href":"https:\/\/math.univ-lyon1.fr\/gdr-hdm\/index.php?rest_route=\/wp\/v2\/pages\/53"}],"wp:attachment":[{"href":"https:\/\/math.univ-lyon1.fr\/gdr-hdm\/index.php?rest_route=%2Fwp%2Fv2%2Fmedia&parent=57"}],"curies":[{"name":"wp","href":"https:\/\/api.w.org\/{rel}","templated":true}]}}