{"id":1032,"date":"2024-02-08T13:23:48","date_gmt":"2024-02-08T12:23:48","guid":{"rendered":"https:\/\/web1-math.univ-lyon1.fr\/wpinterneticj\/?page_id=1032"},"modified":"2026-03-22T19:49:33","modified_gmt":"2026-03-22T18:49:33","slug":"recrutements","status":"publish","type":"page","link":"https:\/\/math.univ-lyon1.fr\/icj\/recrutements\/","title":{"rendered":"Recrutements"},"content":{"rendered":"\n<div class=\"wp-block-group is-nowrap is-layout-flex wp-container-core-group-is-layout-6c531013 wp-block-group-is-layout-flex\">\n<div class=\"wp-block-columns are-vertically-aligned-center wp-container-content-9cfa9a5a is-layout-flex wp-container-core-columns-is-layout-28f84493 wp-block-columns-is-layout-flex\">\n<div class=\"wp-block-column is-vertically-aligned-center is-layout-flow wp-block-column-is-layout-flow\" style=\"flex-basis:350px\">\n<figure class=\"wp-block-image aligncenter size-full\"><img loading=\"lazy\" decoding=\"async\" width=\"300\" height=\"300\" src=\"https:\/\/math.univ-lyon1.fr\/icj\/wp-content\/uploads\/2024\/02\/Logo_Recrutements_300x300.png\" alt=\"\" class=\"wp-image-1504\" srcset=\"https:\/\/math.univ-lyon1.fr\/icj\/wp-content\/uploads\/2024\/02\/Logo_Recrutements_300x300.png 300w, https:\/\/math.univ-lyon1.fr\/icj\/wp-content\/uploads\/2024\/02\/Logo_Recrutements_300x300-150x150.png 150w\" sizes=\"auto, (max-width: 300px) 100vw, 300px\" \/><\/figure>\n<\/div>\n\n\n\n<div class=\"wp-block-column is-vertically-aligned-center is-layout-flow wp-block-column-is-layout-flow\">\n<h1 class=\"wp-block-heading\">Pr\u00e9vision d&rsquo;ouvertures de postes en 2026 \u00e0 l&rsquo;ICJ <\/h1>\n\n\n\n<p>Sont susceptibles d&rsquo;\u00eatre ouverts au recrutement en 2026 \u00e0 l&rsquo;ICJ les postes suivants (attente de validation par les conseils) : \u00e0 l\u2019universit\u00e9 Claude Bernard Lyon 1, <\/p>\n\n\n\n<ul class=\"wp-block-list\">\n<li>d\u00e9partement de math\u00e9matiques\n<ul class=\"wp-block-list\">\n<li><a href=\"https:\/\/math.univ-lyon1.fr\/icj\/wp-content\/uploads\/2025\/11\/Fiche-profil-enseignant-chercheur-2026_algebre_web.pdf\">MCF section 25 en alg\u00e8bre<\/a>, les lettres de recommandation sont accept\u00e9es, mais pas obligatoires. Merci de les envoyer \u00e0 schraen@math.univ-lyon1.fr et ressayre@math.univ-lyon1.fr.<\/li>\n\n\n\n<li><a href=\"https:\/\/math.univ-lyon1.fr\/icj\/wp-content\/uploads\/2025\/11\/Fiche-profil-enseignant-chercheur-2026_Probabilites_vf.pdf\">MCF section 26 en probabilit\u00e9s<\/a>, les lettres de recommandation sont accept\u00e9es, mais pas obligatoires. Merci de les envoyer \u00e0 aubrun@math.univ-lyon1.fr. <\/li>\n<\/ul>\n<\/li>\n\n\n\n<li>Polytech Lyon\n<ul class=\"wp-block-list\">\n<li><a href=\"https:\/\/math.univ-lyon1.fr\/icj\/wp-content\/uploads\/2025\/11\/Fiche-profil-enseignant-chercheur-2026-PR-26-MSODE_web.pdf\">PR section 26 \u00ab\u00a0Mod\u00e9lisation,\u00a0simulation, optimisation, dans un environnement riche en donn\u00e9es\u00a0\u00bb<\/a>, les lettres de recommandation sont accept\u00e9es, mais pas obligatoires. Merci de les envoyer \u00e0 damien.tromeur-dervout@univ-lyon1.fr et gabriela.ciuperca@univ-lyon1.fr. <\/li>\n<\/ul>\n<\/li>\n<\/ul>\n<\/div>\n<\/div>\n<\/div>\n\n\n\n<p><\/p>\n\n\n\n<h3 class=\"wp-block-heading alignfull has-text-align-center has-background\" style=\"background-color:#d7f2fb\">Arriv\u00e9es \u00e0 l&rsquo;ICJ par ann\u00e9e<\/h3>\n\n\n\n<h4 class=\"wp-block-heading\">Personnes arriv\u00e9es en 2025<\/h4>\n\n\n\n<figure class=\"wp-block-table\"><table><tbody><tr><td>Tom Ferragut<\/td><td>&nbsp;<\/td><td>PRAG UCBL<\/td><td>&nbsp;<\/td><td>Alg\u00e8bre<\/td><\/tr><tr><td>Mikhail Gorsky<\/td><td>&nbsp;<\/td><td>MCF UJM<\/td><td>&nbsp;<\/td><td>Th\u00e9orie des repr\u00e9sentations, n\u0153uds et tresses.<\/td><\/tr><tr><td>Clara Lage<\/td><td><\/td><td>MCF Centrale Lyon<\/td><td><\/td><td>Optimisation stochastique, mod\u00e8les parcimonieux<\/td><\/tr><tr><td>Carlo Marcati<\/td><td><\/td><td>CPJ UCBL<\/td><td><\/td><td>Approximations de fonctions, r\u00e9seaux physiquement inform\u00e9s <\/td><\/tr><tr><td>Nicolas Michel<\/td><td>&nbsp;<\/td><td>MCF UCBL<\/td><td>&nbsp;<\/td><td>Histoire et \u00e9pist\u00e9mologie des math\u00e9matiques<\/td><\/tr><tr><td>Sophie Thery<\/td><td><\/td><td>MCF INSA<\/td><td><\/td><td>Couplage multi-physique, mod\u00e8les de propagation de vagues<\/td><\/tr><tr><td>Bruno Schapira<\/td><td><\/td><td>PR UCBL<\/td><td><\/td><td>Probabilit\u00e9s, marches al\u00e9atoires. <\/td><\/tr><tr><td>Andrea Vaccaro<\/td><td>&nbsp;<\/td><td>MCF UCBL<\/td><td>&nbsp;<\/td><td>C* alg\u00e8bres, logique math\u00e9matique<\/td><\/tr><tr><td>Marie-H\u00e9l\u00e8ne Vignal<\/td><td>&nbsp;<\/td><td>PR UCBL<\/td><td>&nbsp;<\/td><td>Sch\u00e9mas num\u00e9riques, mod\u00e9lisation<\/td><\/tr><\/tbody><\/table><\/figure>\n\n\n\n<h4 class=\"wp-block-heading\">Personnes arriv\u00e9es en 2024<\/h4>\n\n\n\n<figure class=\"wp-block-table\"><table><tbody><tr><td>Laurent Bartholdi<\/td><td><\/td><td>DR CNRS<\/td><td><\/td><td>th\u00e9orie des groupes et alg\u00e8bre, syst\u00e8mes dynamiques<\/td><\/tr><tr><td>Amandine Escalier<\/td><td>&nbsp;<\/td><td>MCF UCBL<\/td><td>&nbsp;<\/td><td>th\u00e9orie g\u00e9om\u00e9trique et mesur\u00e9e des groupes<\/td><\/tr><tr><td>Thomas Gerber<\/td><td>&nbsp;<\/td><td>MCF UCBL<\/td><td>&nbsp;<\/td><td>combinatoire alg\u00e9brique<\/td><\/tr><tr><td>Ivailo Hartarsky<\/td><td>&nbsp;<\/td><td>CR CNRS<\/td><td>&nbsp;<\/td><td>probabilit\u00e9s, dynamique stochastique<\/td><\/tr><tr><td>Kaniav Kamary<\/td><td>&nbsp;<\/td><td>MCF INSA<\/td><td>&nbsp;<\/td><td>statistique computationnelle<\/td><\/tr><tr><td>Blagoje Oblak<\/td><td><\/td><td>CR CNRS<\/td><td><\/td><td>physique math\u00e9matique<\/td><\/tr><tr><td>R\u00e9mi Reboulet<\/td><td>&nbsp;<\/td><td>CR CNRS<\/td><td>&nbsp;<\/td><td>g\u00e9om\u00e9trie kh\u00e4l\u00e9rienne<\/td><\/tr><tr><td>Michele Romanos<\/td><td><\/td><td>CR CNRS<\/td><td><\/td><td>bio-math\u00e9matiques<\/td><\/tr><tr><td>Olga Paris-Romaskevich<\/td><td>&nbsp;<\/td><td>CR CNRS<\/td><td>&nbsp;<\/td><td>dynamique g\u00e9om\u00e9trique<\/td><\/tr><tr><td>Alexander Thomas<\/td><td>&nbsp;<\/td><td>MCF UCBL<\/td><td>&nbsp;<\/td><td>physique math\u00e9matique<\/td><\/tr><\/tbody><\/table><\/figure>\n\n\n\n<p><\/p>\n\n\n\n<h4 class=\"wp-block-heading\">Personnes arriv\u00e9es en 2023<\/h4>\n\n\n\n<figure class=\"wp-block-table\"><table><tbody><tr><td>Matthieu Bonnivard<\/td><td>&nbsp;<\/td><td>PR ECL<\/td><td>&nbsp;<\/td><td>optimisation et m\u00e9canique des fluides<\/td><\/tr><tr><td>Cl\u00e9ment Erignoux<\/td><td>&nbsp;<\/td><td>CR Inria<\/td><td>&nbsp;<\/td><td>physique statistique, limites hydrodynamiques<\/td><\/tr><tr><td>William Kengne<\/td><td>&nbsp;<\/td><td>PR UJM<\/td><td>&nbsp;<\/td><td>statistique, apprentissage statistique<\/td><\/tr><tr><td>Marc Munsch<\/td><td>&nbsp;<\/td><td>MCF UJM<\/td><td>&nbsp;<\/td><td>th\u00e9orie des nombres<\/td><\/tr><tr><td>Pierre Roux<\/td><td>&nbsp;<\/td><td>MCF ECL<\/td><td>&nbsp;<\/td><td>bio-math\u00e9matiques<\/td><\/tr><tr><td>Benjamin Schraen<\/td><td>&nbsp;<\/td><td>PR UCBL<\/td><td>&nbsp;<\/td><td>alg\u00e8bre et g\u00e9om\u00e9trie<\/td><\/tr><tr><td>Zaineb Smida<\/td><td>&nbsp;<\/td><td>MCF INSA<\/td><td>&nbsp;<\/td><td>bio-statistiques<\/td><\/tr><\/tbody><\/table><\/figure>\n\n\n\n<h4 class=\"wp-block-heading\">Recrutements 2022<\/h4>\n\n\n\n<figure class=\"wp-block-table\"><table><tbody><tr><td>Camille Carvalho<\/td><td>&nbsp;<\/td><td>MCF INSA<\/td><td>&nbsp;<\/td><td>mod\u00e9lisation math\u00e9matique, calcul scientifique<\/td><\/tr><tr><td>Gilles Cohen<\/td><td>&nbsp;<\/td><td>PAST UCBL<\/td><td>&nbsp;<\/td><td>statistiques<\/td><\/tr><tr><td>Raphael Ducatez<\/td><td>&nbsp;<\/td><td>MCF UCBL<\/td><td>&nbsp;<\/td><td>probabilit\u00e9s<\/td><\/tr><tr><td>R\u00e9mi Jaoui<\/td><td>&nbsp;<\/td><td>CR CNRS<\/td><td>&nbsp;<\/td><td>th\u00e9orie des mod\u00e8les, alg\u00e8bre<\/td><\/tr><tr><td>Eveline Legendre<\/td><td>&nbsp;<\/td><td>PR UCBL<\/td><td>&nbsp;<\/td><td>g\u00e9om\u00e9trie<\/td><\/tr><tr><td>Youcef Mammeri<\/td><td>&nbsp;<\/td><td>PR UJM<\/td><td>&nbsp;<\/td><td>EDP, mod\u00e9lisation<\/td><\/tr><tr><td>Anthony Po\u00ebls<\/td><td>&nbsp;<\/td><td>MCF UCBL<\/td><td>&nbsp;<\/td><td>th\u00e9orie des nombres<\/td><\/tr><tr><td>Leonid Ryvkin<\/td><td>&nbsp;<\/td><td>MCF UCBL<\/td><td>&nbsp;<\/td><td>physique math\u00e9matique<\/td><\/tr><tr><td>Marielle Simon<\/td><td>&nbsp;<\/td><td>PR UCBL<\/td><td>&nbsp;<\/td><td>probabilit\u00e9s, physique statistique, EDP<\/td><\/tr><\/tbody><\/table><\/figure>\n\n\n\n<h4 class=\"wp-block-heading\">Recrutements 2021<\/h4>\n\n\n\n<figure class=\"wp-block-table\"><table><tbody><tr><td>Aymeric Baradat<\/td><td>&nbsp;<\/td><td>CR CNRS<\/td><td>&nbsp;<\/td><td>transport optimal, EDP<\/td><\/tr><tr><td>Laurent B\u00e9termin<\/td><td>&nbsp;<\/td><td>MCF UCBL<\/td><td>&nbsp;<\/td><td>calcul des variations, EDP<\/td><\/tr><\/tbody><\/table><\/figure>\n\n\n\n<h4 class=\"wp-block-heading\">Recrutements 2020<\/h4>\n\n\n\n<figure class=\"wp-block-table\"><table><tbody><tr><td>L\u00e9o Girardin<\/td><td>&nbsp;<\/td><td>CR CNRS<\/td><td>&nbsp;<\/td><td>analyse des EDP, biomath\u00e9matiques<\/td><\/tr><tr><td>Igor Honor\u00e9<\/td><td>&nbsp;<\/td><td>MCF UCBL<\/td><td>&nbsp;<\/td><td>analyse stochastique, probabilit\u00e9s num\u00e9riques<\/td><\/tr><tr><td>Nicol\u00e1s Matte Bon<\/td><td>&nbsp;<\/td><td>CR CNRS<\/td><td>&nbsp;<\/td><td>th\u00e9orie des groupes, syst\u00e8mes dynamiques<\/td><\/tr><tr><td>Benjamin Texier<\/td><td>&nbsp;<\/td><td>MCF UCBL<\/td><td>&nbsp;<\/td><td>analyse des EDP, physique math\u00e9matique<\/td><\/tr><\/tbody><\/table><\/figure>\n\n\n\n<h4 class=\"wp-block-heading alignfull has-text-align-center has-background\" style=\"background-color:#d7f2fb\">Recrutements ant\u00e9rieurs \u00e0 2020 :<\/h4>\n\n\n\n<p class=\"has-text-align-center\"><a href=\"https:\/\/math.univ-lyon1.fr\/icj\/recrutements-archives\/\">Archives de nos recrutements<\/a><\/p>\n","protected":false},"excerpt":{"rendered":"<p>Pr\u00e9vision d&rsquo;ouvertures de postes en 2026 \u00e0 l&rsquo;ICJ Sont susceptibles d&rsquo;\u00eatre ouverts au recrutement en 2026 \u00e0 l&rsquo;ICJ les postes suivants (attente de validation par les conseils) : \u00e0 l\u2019universit\u00e9 Claude Bernard Lyon 1, Arriv\u00e9es \u00e0 l&rsquo;ICJ par ann\u00e9e Personnes arriv\u00e9es en 2025 Tom Ferragut &nbsp; PRAG UCBL &nbsp; Alg\u00e8bre Mikhail Gorsky &nbsp; MCF UJM [&hellip;]<\/p>\n","protected":false},"author":1,"featured_media":0,"parent":0,"menu_order":0,"comment_status":"closed","ping_status":"closed","template":"","meta":{"footnotes":""},"class_list":["post-1032","page","type-page","status-publish","hentry"],"_links":{"self":[{"href":"https:\/\/math.univ-lyon1.fr\/icj\/wp-json\/wp\/v2\/pages\/1032","targetHints":{"allow":["GET"]}}],"collection":[{"href":"https:\/\/math.univ-lyon1.fr\/icj\/wp-json\/wp\/v2\/pages"}],"about":[{"href":"https:\/\/math.univ-lyon1.fr\/icj\/wp-json\/wp\/v2\/types\/page"}],"author":[{"embeddable":true,"href":"https:\/\/math.univ-lyon1.fr\/icj\/wp-json\/wp\/v2\/users\/1"}],"replies":[{"embeddable":true,"href":"https:\/\/math.univ-lyon1.fr\/icj\/wp-json\/wp\/v2\/comments?post=1032"}],"version-history":[{"count":67,"href":"https:\/\/math.univ-lyon1.fr\/icj\/wp-json\/wp\/v2\/pages\/1032\/revisions"}],"predecessor-version":[{"id":2528,"href":"https:\/\/math.univ-lyon1.fr\/icj\/wp-json\/wp\/v2\/pages\/1032\/revisions\/2528"}],"wp:attachment":[{"href":"https:\/\/math.univ-lyon1.fr\/icj\/wp-json\/wp\/v2\/media?parent=1032"}],"curies":[{"name":"wp","href":"https:\/\/api.w.org\/{rel}","templated":true}]}}