{"id":1046,"date":"2024-02-08T13:49:23","date_gmt":"2024-02-08T12:49:23","guid":{"rendered":"https:\/\/web1-math.univ-lyon1.fr\/wpinterneticj\/?page_id=1046"},"modified":"2025-11-10T12:48:42","modified_gmt":"2025-11-10T11:48:42","slug":"activites-evenements-scientifique","status":"publish","type":"page","link":"https:\/\/math.univ-lyon1.fr\/icj\/activites-evenements-scientifique\/","title":{"rendered":"Activit\u00e9s"},"content":{"rendered":"\n<div class=\"wp-block-group is-nowrap is-layout-flex wp-container-core-group-is-layout-6c531013 wp-block-group-is-layout-flex\">\n<div class=\"wp-block-columns is-layout-flex wp-container-core-columns-is-layout-28f84493 wp-block-columns-is-layout-flex\">\n<div class=\"wp-block-column is-vertically-aligned-center is-layout-flow wp-block-column-is-layout-flow\" style=\"flex-basis:350px\">\n<figure class=\"wp-block-image aligncenter size-full\"><img loading=\"lazy\" decoding=\"async\" width=\"300\" height=\"300\" src=\"https:\/\/math.univ-lyon1.fr\/icj\/wp-content\/uploads\/2024\/02\/Logo_Activites_300x300.png\" alt=\"\" class=\"wp-image-1477\" srcset=\"https:\/\/math.univ-lyon1.fr\/icj\/wp-content\/uploads\/2024\/02\/Logo_Activites_300x300.png 300w, https:\/\/math.univ-lyon1.fr\/icj\/wp-content\/uploads\/2024\/02\/Logo_Activites_300x300-150x150.png 150w\" sizes=\"auto, (max-width: 300px) 100vw, 300px\" \/><\/figure>\n<\/div>\n\n\n\n<div class=\"wp-block-column is-vertically-aligned-center is-layout-flow wp-block-column-is-layout-flow\">\n<h4 class=\"wp-block-heading\">Le laboratoire anime de multiples activit\u00e9s scientifiques : pour sp\u00e9cialistes, organisation de colloques et de s\u00e9minaires, \u00e9dition d\u2019une revue internationale, diffusion des pr\u00e9publications sur des archives ouvertes ; diffusion des math\u00e9matiques aupr\u00e8s du \u00ab grand public \u00bb ; valorisation et collaborations de recherche avec des entreprises.<\/h4>\n<\/div>\n<\/div>\n<\/div>\n\n\n\n<p><\/p>\n\n\n\n<h3 class=\"wp-block-heading\"><strong>S\u00e9minaires et groupes de travail<\/strong><\/h3>\n\n\n\n<p>Les \u00e9quipes de l\u2019ICJ organisent des <a href=\"\/icj\/seminaires\/\">s\u00e9minaires<\/a> et <a href=\"\/icj\/groupes-de-travail\/\">groupes de travail<\/a> r\u00e9guliers.<\/p>\n\n\n\n<h3 class=\"wp-block-heading\"><strong>Colloques<\/strong><\/h3>\n\n\n\n<p>Les membres de l\u2019ICJ organisent ou co-organisent divers <a href=\"https:\/\/indico.math.cnrs.fr\/category\/176\/\" target=\"_blank\" rel=\"noreferrer noopener\">colloques<\/a>.<\/p>\n\n\n\n<h3 class=\"wp-block-heading\"><strong>\u00c9dition<\/strong><\/h3>\n\n\n\n<p>L\u2019ICJ et l\u2019<a href=\"http:\/\/www.umpa.ens-lyon.fr\" target=\"_blank\" rel=\"noreferrer noopener\">UMPA<\/a> co-\u00e9ditent la revue internationale \u00e0 comit\u00e9 de lecture <a href=\"http:\/\/cml.cedram.org\/\" target=\"_blank\" rel=\"noreferrer noopener\">Confluentes Mathematici<\/a>, libre et gratuite pour les auteurs et les lecteurs.<\/p>\n\n\n\n<h3 class=\"wp-block-heading\"><strong>Pr\u00e9publications et m\u00e9moires<\/strong><\/h3>\n\n\n\n<p>Les travaux de recherche des membres de l&rsquo;ICJ sont d\u00e9pos\u00e9s sur le serveur d\u2019archives ouvertes <a href=\"http:\/\/hal.archives-ouvertes.fr\/\" target=\"_blank\" rel=\"noreferrer noopener\">hal<\/a>&nbsp;: pr\u00e9publications et m\u00e9moires de <a href=\"\/icj\/theses-et-hdr\/\">th\u00e8ses et HDR<\/a>.<\/p>\n\n\n\n<h3 class=\"wp-block-heading\"><strong>Diffusion<\/strong><\/h3>\n\n\n\n<p>De nombreux membres de l\u2019ICJ participent \u00e0 des activit\u00e9s de <a href=\"\/icj\/diffusion-scientifique\/\">diffusion des math\u00e9matiques<\/a> pour les scolaires, les \u00e9tudiantes, \u00e9tudiants et le grand public.<\/p>\n\n\n\n<h3 class=\"wp-block-heading\"><strong>Entreprises<\/strong><\/h3>\n\n\n\n<p>Une page est sp\u00e9cialement destin\u00e9e aux <a href=\"\/icj\/entreprises\/\">entreprises<\/a> souhaitant interagir avec des math\u00e9maticiennes et math\u00e9maticiens de l\u2019ICJ.<\/p>\n","protected":false},"excerpt":{"rendered":"<p>Le laboratoire anime de multiples activit\u00e9s scientifiques : pour sp\u00e9cialistes, organisation de colloques et de s\u00e9minaires, \u00e9dition d\u2019une revue internationale, diffusion des pr\u00e9publications sur des archives ouvertes ; diffusion des math\u00e9matiques aupr\u00e8s du \u00ab grand public \u00bb ; valorisation et collaborations de recherche avec des entreprises. S\u00e9minaires et groupes de travail Les \u00e9quipes de l\u2019ICJ [&hellip;]<\/p>\n","protected":false},"author":7,"featured_media":0,"parent":0,"menu_order":0,"comment_status":"closed","ping_status":"closed","template":"","meta":{"footnotes":""},"class_list":["post-1046","page","type-page","status-publish","hentry"],"_links":{"self":[{"href":"https:\/\/math.univ-lyon1.fr\/icj\/wp-json\/wp\/v2\/pages\/1046","targetHints":{"allow":["GET"]}}],"collection":[{"href":"https:\/\/math.univ-lyon1.fr\/icj\/wp-json\/wp\/v2\/pages"}],"about":[{"href":"https:\/\/math.univ-lyon1.fr\/icj\/wp-json\/wp\/v2\/types\/page"}],"author":[{"embeddable":true,"href":"https:\/\/math.univ-lyon1.fr\/icj\/wp-json\/wp\/v2\/users\/7"}],"replies":[{"embeddable":true,"href":"https:\/\/math.univ-lyon1.fr\/icj\/wp-json\/wp\/v2\/comments?post=1046"}],"version-history":[{"count":22,"href":"https:\/\/math.univ-lyon1.fr\/icj\/wp-json\/wp\/v2\/pages\/1046\/revisions"}],"predecessor-version":[{"id":2445,"href":"https:\/\/math.univ-lyon1.fr\/icj\/wp-json\/wp\/v2\/pages\/1046\/revisions\/2445"}],"wp:attachment":[{"href":"https:\/\/math.univ-lyon1.fr\/icj\/wp-json\/wp\/v2\/media?parent=1046"}],"curies":[{"name":"wp","href":"https:\/\/api.w.org\/{rel}","templated":true}]}}