{"id":1051,"date":"2024-02-08T13:55:12","date_gmt":"2024-02-08T12:55:12","guid":{"rendered":"https:\/\/web1-math.univ-lyon1.fr\/wpinterneticj\/?page_id=1051"},"modified":"2024-05-21T08:55:56","modified_gmt":"2024-05-21T06:55:56","slug":"formations","status":"publish","type":"page","link":"https:\/\/math.univ-lyon1.fr\/icj\/formations\/","title":{"rendered":"Formations"},"content":{"rendered":"\n<div class=\"wp-block-group is-nowrap is-layout-flex wp-container-core-group-is-layout-6c531013 wp-block-group-is-layout-flex\">\n<div class=\"wp-block-columns is-layout-flex wp-container-core-columns-is-layout-28f84493 wp-block-columns-is-layout-flex\">\n<div class=\"wp-block-column is-layout-flow wp-block-column-is-layout-flow\" style=\"flex-basis:350px\">\n<figure class=\"wp-block-image aligncenter size-full\"><img loading=\"lazy\" decoding=\"async\" width=\"300\" height=\"300\" src=\"https:\/\/math.univ-lyon1.fr\/icj\/wp-content\/uploads\/2024\/02\/Logo_Formations_300x300.png\" alt=\"\" class=\"wp-image-1168\" srcset=\"https:\/\/math.univ-lyon1.fr\/icj\/wp-content\/uploads\/2024\/02\/Logo_Formations_300x300.png 300w, https:\/\/math.univ-lyon1.fr\/icj\/wp-content\/uploads\/2024\/02\/Logo_Formations_300x300-150x150.png 150w\" sizes=\"auto, (max-width: 300px) 100vw, 300px\" \/><\/figure>\n<\/div>\n\n\n\n<div class=\"wp-block-column is-vertically-aligned-bottom is-layout-flow wp-block-column-is-layout-flow\">\n<h4 class=\"wp-block-heading\" style=\"font-size:clamp(1.301rem, 1.301rem + ((1vw - 0.2rem) * 1.141), 2.1rem);font-style:normal;font-weight:700\">Les membres de l\u2019Institut Camille Jordan sont en majorit\u00e9 des enseignantes-chercheuses et enseignants-chercheurs, \u00e0 l\u2019universit\u00e9 ou en \u00e9cole d\u2019ing\u00e9nieurs. Ils contribuent \u00e0 une large offre de formation en math\u00e9matiques, \u00e0 tous les niveaux de l\u2019enseignement sup\u00e9rieur.<\/h4>\n<\/div>\n<\/div>\n<\/div>\n\n\n\n<p class=\"has-medium-font-size\">Les diff\u00e9rents cursus de math\u00e9matiques sont d\u00e9taill\u00e9s sur les sites des d\u00e9partements, \u00e9coles :<\/p>\n\n\n\n<ul class=\"wp-block-list\">\n<li><a href=\"https:\/\/fst-mathematiques.univ-lyon1.fr\/formation\" target=\"_blank\" rel=\"noreferrer noopener nofollow\">D\u00e9partement de math\u00e9matiques de l&rsquo;universit\u00e9 Claude Bernard Lyon 1<\/a> &#8211; Licence de math\u00e9matiques, incluant des cursus universitaires pr\u00e9paratoires aux grandes \u00e9coles et des parcours <em>math\u00e9matiques &#8211; informatique<\/em>, <em>math\u00e9matiques &#8211; physique &#8211; m\u00e9canique<\/em>, <em>math\u00e9matiques &#8211; \u00e9conomie<\/em> ; masters de math\u00e9matiques ; pr\u00e9paration aux concours de recrutement des enseignants de math\u00e9matiques (CAPES, agr\u00e9gation).<\/li>\n\n\n\n<li><a href=\"https:\/\/fac-sciences.univ-st-etienne.fr\/fr\/formations\/mathematiques.html\" target=\"_blank\" rel=\"noreferrer noopener nofollow\">D\u00e9partement de math\u00e9matiques de l&rsquo;universit\u00e9 Jean Monnet de Saint-Etienne<\/a> &#8211; Licence de math\u00e9matiques, pr\u00e9paration au professorat des \u00e9coles et capes de math\u00e9matiques, parcours du master Math\u00e9matiques en action.<\/li>\n\n\n\n<li>Formation d&rsquo;ing\u00e9nieurs <a href=\"https:\/\/www.insa-lyon.fr\/fr\/formation\" target=\"_blank\" rel=\"noreferrer noopener nofollow\">INSA Lyon<\/a><\/li>\n\n\n\n<li>Formation d&rsquo;ing\u00e9nieurs <a href=\"https:\/\/mi.ec-lyon.fr\/\">Ecole C<\/a><a href=\"https:\/\/mi.ec-lyon.fr\/\" target=\"_blank\" rel=\"noreferrer noopener nofollow\">entrale de Lyon<\/a><\/li>\n\n\n\n<li>Formation d&rsquo;ing\u00e9nieurs <a href=\"http:\/\/www.telecom-st-etienne.fr\/\" target=\"_blank\" rel=\"noreferrer noopener nofollow\">T\u00e9l\u00e9com Saint-\u00c9tienne<\/a><\/li>\n\n\n\n<li>Formation d&rsquo;ing\u00e9nieurs <a href=\"https:\/\/polytech.univ-lyon1.fr\/formation\/cycle-ingenieur\/maths-modelisation\" target=\"_blank\" rel=\"noreferrer noopener nofollow\">Polytech Lyon<\/a><\/li>\n\n\n\n<li>Formation d<a href=\"https:\/\/isfa.univ-lyon1.fr\/formation\" target=\"_blank\" rel=\"noreferrer noopener nofollow\">&lsquo;actuaires ISFA, master \u00e9conom\u00e9trie &amp; statistiques.<\/a><\/li>\n<\/ul>\n\n\n\n<p class=\"has-medium-font-size\">Plus de 100 chercheuses, chercheurs, enseignantes-chercheuses et enseignants-chercheurs sont habilit\u00e9s \u00e0 diriger des recherches et participent \u00e0 la formation doctorale au sein des Ecoles Doctorales <a href=\"http:\/\/edinfomaths.universite-lyon.fr\" target=\"_blank\" rel=\"noreferrer noopener nofollow\">Infomaths<\/a> (Lyon) et <a href=\"http:\/\/edsis.universite-lyon.fr\" target=\"_blank\" rel=\"noreferrer noopener nofollow\">Sciences Ing\u00e9nierie Sant\u00e9<\/a> (Saint-Etienne).<\/p>\n\n\n\n<h3 class=\"wp-block-heading\">D\u00e9bouch\u00e9s professionnels dans le domaine math\u00e9matique<\/h3>\n\n\n\n<ul class=\"wp-block-list\">\n<li>Enseignement primaire ou secondaire via les concours de professeur des \u00e9coles, le CAPES et l\u2019agr\u00e9gation.<\/li>\n\n\n\n<li>Recherche et enseignement sup\u00e9rieur apr\u00e8s master et doctorat (attention, pour acc\u00e9der aux postes d\u2019enseignants-chercheurs relevant du minist\u00e8re de l\u2019enseignement sup\u00e9rieur, il faut avoir la <a href=\"https:\/\/www.galaxie.enseignementsup-recherche.gouv.fr\/ensup\/cand_qualification.htm\" target=\"_blank\" rel=\"noreferrer noopener nofollow\">qualification<\/a>).<\/li>\n\n\n\n<li>Ing\u00e9nierie math\u00e9matique (statistique, informatique, calcul num\u00e9rique&#8230;) apr\u00e8s un master ou une fili\u00e8re math\u00e9matique en \u00e9cole d\u2019ing\u00e9nieurs, pour travailler dans l\u2019industrie pharmaceutique, l\u2019industrie chimique, le secteur bancaire et plus g\u00e9n\u00e9ralement le secteur tertiaire, les grands instituts de la recherche publique ou priv\u00e9e. Pour plus d\u2019informations, voir le livret de l\u2019<a href=\"https:\/\/www.onisep.fr\/\">ONISEP<\/a>&nbsp;: <a href=\"https:\/\/www.onisep.fr\/content\/download\/769765\/file\/zoom-les%20m%C3%A9tiers%20des%20math%C3%A9matiques,%20statistique%20et%20informatique.pdf\" target=\"_blank\" rel=\"noreferrer noopener nofollow\">Zoom sur les m\u00e9tiers des math\u00e9matiques, statistique et informatique.<\/a> (2021).<\/li>\n<\/ul>\n","protected":false},"excerpt":{"rendered":"<p>Les membres de l\u2019Institut Camille Jordan sont en majorit\u00e9 des enseignantes-chercheuses et enseignants-chercheurs, \u00e0 l\u2019universit\u00e9 ou en \u00e9cole d\u2019ing\u00e9nieurs. Ils contribuent \u00e0 une large offre de formation en math\u00e9matiques, \u00e0 tous les niveaux de l\u2019enseignement sup\u00e9rieur. Les diff\u00e9rents cursus de math\u00e9matiques sont d\u00e9taill\u00e9s sur les sites des d\u00e9partements, \u00e9coles : Plus de 100 chercheuses, chercheurs, [&hellip;]<\/p>\n","protected":false},"author":1,"featured_media":0,"parent":0,"menu_order":0,"comment_status":"closed","ping_status":"closed","template":"","meta":{"footnotes":""},"class_list":["post-1051","page","type-page","status-publish","hentry"],"_links":{"self":[{"href":"https:\/\/math.univ-lyon1.fr\/icj\/wp-json\/wp\/v2\/pages\/1051","targetHints":{"allow":["GET"]}}],"collection":[{"href":"https:\/\/math.univ-lyon1.fr\/icj\/wp-json\/wp\/v2\/pages"}],"about":[{"href":"https:\/\/math.univ-lyon1.fr\/icj\/wp-json\/wp\/v2\/types\/page"}],"author":[{"embeddable":true,"href":"https:\/\/math.univ-lyon1.fr\/icj\/wp-json\/wp\/v2\/users\/1"}],"replies":[{"embeddable":true,"href":"https:\/\/math.univ-lyon1.fr\/icj\/wp-json\/wp\/v2\/comments?post=1051"}],"version-history":[{"count":50,"href":"https:\/\/math.univ-lyon1.fr\/icj\/wp-json\/wp\/v2\/pages\/1051\/revisions"}],"predecessor-version":[{"id":1899,"href":"https:\/\/math.univ-lyon1.fr\/icj\/wp-json\/wp\/v2\/pages\/1051\/revisions\/1899"}],"wp:attachment":[{"href":"https:\/\/math.univ-lyon1.fr\/icj\/wp-json\/wp\/v2\/media?parent=1051"}],"curies":[{"name":"wp","href":"https:\/\/api.w.org\/{rel}","templated":true}]}}