{"id":1053,"date":"2024-02-08T13:55:58","date_gmt":"2024-02-08T12:55:58","guid":{"rendered":"https:\/\/web1-math.univ-lyon1.fr\/wpinterneticj\/?page_id=1053"},"modified":"2024-02-15T13:47:24","modified_gmt":"2024-02-15T12:47:24","slug":"communaute","status":"publish","type":"page","link":"https:\/\/math.univ-lyon1.fr\/icj\/communaute\/","title":{"rendered":"Communaut\u00e9"},"content":{"rendered":"\n<div class=\"wp-block-group is-nowrap is-layout-flex wp-container-core-group-is-layout-6c531013 wp-block-group-is-layout-flex\">\n<div class=\"wp-block-columns is-layout-flex wp-container-core-columns-is-layout-28f84493 wp-block-columns-is-layout-flex\">\n<div class=\"wp-block-column is-layout-flow wp-block-column-is-layout-flow\" style=\"flex-basis:350px\">\n<figure class=\"wp-block-image aligncenter size-full\"><img loading=\"lazy\" decoding=\"async\" width=\"300\" height=\"300\" src=\"https:\/\/math.univ-lyon1.fr\/icj\/wp-content\/uploads\/2024\/02\/Logo_Communaute2_300x300.png\" alt=\"\" class=\"wp-image-1092\" srcset=\"https:\/\/math.univ-lyon1.fr\/icj\/wp-content\/uploads\/2024\/02\/Logo_Communaute2_300x300.png 300w, https:\/\/math.univ-lyon1.fr\/icj\/wp-content\/uploads\/2024\/02\/Logo_Communaute2_300x300-150x150.png 150w\" sizes=\"auto, (max-width: 300px) 100vw, 300px\" \/><\/figure>\n<\/div>\n\n\n\n<div class=\"wp-block-column is-vertically-aligned-bottom is-layout-flow wp-block-column-is-layout-flow\">\n<h2 class=\"wp-block-heading\" style=\"font-size:clamp(1.301rem, 1.301rem + ((1vw - 0.2rem) * 1.141), 2.1rem);font-style:normal;font-weight:700\">L\u2019ICJ s\u2019inscrit au c\u0153ur d\u2019un r\u00e9seau de structures et d\u2019actions de la communaut\u00e9 math\u00e9matique.<\/h2>\n<\/div>\n<\/div>\n<\/div>\n\n\n\n<h2 class=\"wp-block-heading\">L<strong>ocal<\/strong><\/h2>\n\n\n\n<p>L\u2019<em>Institut Camille Jordan<\/em> (<a href=\"https:\/\/math.univ-lyon1.fr\/icj\">ICJ<\/a>) est l\u2019une des trois unit\u00e9s mixtes de recherche (UMR) associ\u00e9es au Laboratoire d\u2019excellence <a href=\"http:\/\/milyon.universite-lyon.fr\/\">MILyon<\/a>, avec l\u2019<em>Unit\u00e9 de Math\u00e9matiques Pures et Appliqu\u00e9es<\/em> (<a href=\"http:\/\/www.umpa.ens-lyon.fr\/\">UMPA<\/a>) et le <em>Laboratoire de l\u2019Informatique du Parall\u00e9lisme<\/em> (<a href=\"http:\/\/www.ens-lyon.fr\/LIP\/\">LIP<\/a>).<\/p>\n\n\n\n<p>L\u2019une des actions phare de MILyon est la <a href=\"http:\/\/math.univ-lyon1.fr\/mmi\/\">Maison des Math\u00e9matiques et de l\u2019Informatique<\/a>, bas\u00e9e \u00e0 Lyon Gerland et dont l\u2019objectif est de cr\u00e9er, diffuser et promouvoir la culture scientifique dans le domaine des math\u00e9matiques et de l\u2019informatique.<\/p>\n\n\n\n<p>L\u2019ICJ m\u00e8ne des actions communes avec l\u2019Institut de recherche sur l\u2019enseignement des math\u00e9matiques de Lyon (<a href=\"http:\/\/math.univ-lyon1.fr\/irem\/\">IREM Lyon<\/a>), avec lequel il partage le b\u00e2timent Braconnier sur le campus de la Doua.<\/p>\n\n\n\n<h2 class=\"wp-block-heading\">R<strong>\u00e9gional<\/strong><\/h2>\n\n\n\n<p>L\u2019ICJ fait partie avec les autres laboratoires de math\u00e9matiques de la r\u00e9gion Auvergne Rh\u00f4ne-Alpes de la <em>F\u00e9d\u00e9ration de recherche en math\u00e9matiques Rh\u00f4ne-Alpes-Auvergne<\/em> (<a href=\"http:\/\/frmraa.math.cnrs.fr\/\">FRMRAA<\/a>).<\/p>\n\n\n\n<h2 class=\"wp-block-heading\"><strong>National<\/strong><\/h2>\n\n\n\n<p>L\u2019ICJ h\u00e9berge les groupements de service (GDS)<\/p>\n\n\n\n<ul class=\"wp-block-list\">\n<li><a href=\"http:\/\/www.mathrice.fr\">Mathrice<\/a>,<\/li>\n\n\n\n<li><em>Autour de la diffusion des math\u00e9matiques<\/em> (AuDiMath),<\/li>\n<\/ul>\n\n\n\n<p>et participe au <a href=\"https:\/\/portail.math.cnrs.fr\/\">portail M4TH<\/a>.<\/p>\n","protected":false},"excerpt":{"rendered":"<p>L\u2019ICJ s\u2019inscrit au c\u0153ur d\u2019un r\u00e9seau de structures et d\u2019actions de la communaut\u00e9 math\u00e9matique. Local L\u2019Institut Camille Jordan (ICJ) est l\u2019une des trois unit\u00e9s mixtes de recherche (UMR) associ\u00e9es au Laboratoire d\u2019excellence MILyon, avec l\u2019Unit\u00e9 de Math\u00e9matiques Pures et Appliqu\u00e9es (UMPA) et le Laboratoire de l\u2019Informatique du Parall\u00e9lisme (LIP). L\u2019une des actions phare de MILyon [&hellip;]<\/p>\n","protected":false},"author":1,"featured_media":0,"parent":0,"menu_order":0,"comment_status":"closed","ping_status":"closed","template":"","meta":{"footnotes":""},"class_list":["post-1053","page","type-page","status-publish","hentry"],"_links":{"self":[{"href":"https:\/\/math.univ-lyon1.fr\/icj\/wp-json\/wp\/v2\/pages\/1053","targetHints":{"allow":["GET"]}}],"collection":[{"href":"https:\/\/math.univ-lyon1.fr\/icj\/wp-json\/wp\/v2\/pages"}],"about":[{"href":"https:\/\/math.univ-lyon1.fr\/icj\/wp-json\/wp\/v2\/types\/page"}],"author":[{"embeddable":true,"href":"https:\/\/math.univ-lyon1.fr\/icj\/wp-json\/wp\/v2\/users\/1"}],"replies":[{"embeddable":true,"href":"https:\/\/math.univ-lyon1.fr\/icj\/wp-json\/wp\/v2\/comments?post=1053"}],"version-history":[{"count":11,"href":"https:\/\/math.univ-lyon1.fr\/icj\/wp-json\/wp\/v2\/pages\/1053\/revisions"}],"predecessor-version":[{"id":1253,"href":"https:\/\/math.univ-lyon1.fr\/icj\/wp-json\/wp\/v2\/pages\/1053\/revisions\/1253"}],"wp:attachment":[{"href":"https:\/\/math.univ-lyon1.fr\/icj\/wp-json\/wp\/v2\/media?parent=1053"}],"curies":[{"name":"wp","href":"https:\/\/api.w.org\/{rel}","templated":true}]}}