{"id":1116,"date":"2024-02-09T15:59:00","date_gmt":"2024-02-09T14:59:00","guid":{"rendered":"https:\/\/web1-math.univ-lyon1.fr\/wpinterneticj\/?page_id=1116"},"modified":"2026-01-20T15:53:14","modified_gmt":"2026-01-20T14:53:14","slug":"administration","status":"publish","type":"page","link":"https:\/\/math.univ-lyon1.fr\/icj\/administration\/","title":{"rendered":"Administration"},"content":{"rendered":"\n<div class=\"wp-block-group is-nowrap is-layout-flex wp-container-core-group-is-layout-6c531013 wp-block-group-is-layout-flex\">\n<div class=\"wp-block-columns are-vertically-aligned-center wp-container-content-9cfa9a5a is-layout-flex wp-container-core-columns-is-layout-28f84493 wp-block-columns-is-layout-flex\">\n<div class=\"wp-block-column is-vertically-aligned-center is-layout-flow wp-block-column-is-layout-flow\" style=\"flex-basis:350px\">\n<figure class=\"wp-block-image size-full\"><img loading=\"lazy\" decoding=\"async\" width=\"300\" height=\"300\" src=\"https:\/\/math.univ-lyon1.fr\/icj\/wp-content\/uploads\/2024\/07\/Logo_Eq-Admin-Gest-Support_300x300.png\" alt=\"\" class=\"wp-image-1958\" srcset=\"https:\/\/math.univ-lyon1.fr\/icj\/wp-content\/uploads\/2024\/07\/Logo_Eq-Admin-Gest-Support_300x300.png 300w, https:\/\/math.univ-lyon1.fr\/icj\/wp-content\/uploads\/2024\/07\/Logo_Eq-Admin-Gest-Support_300x300-150x150.png 150w\" sizes=\"auto, (max-width: 300px) 100vw, 300px\" \/><\/figure>\n<\/div>\n\n\n\n<div class=\"wp-block-column is-vertically-aligned-center is-layout-flow wp-block-column-is-layout-flow\">\n<h5 class=\"wp-block-heading\"><strong>Directrice&nbsp;:<\/strong> <a href=\"https:\/\/math.univ-lyon1.fr\/~maume\" target=\"_blank\" rel=\"noreferrer noopener nofollow\">V\u00e9ronique MAUME-DESCHAMPS<\/a><br><strong>Directeur-adjoint&nbsp;:<\/strong> <a href=\"https:\/\/perso.univ-st-etienne.fr\/esdr9935\/Page_D.Essouabri.htm\" target=\"_blank\" rel=\"noreferrer noopener\">Driss ESSOUABRI<\/a><br><strong>Administratrice&nbsp;:<\/strong> Christine LE SUEUR<\/h5>\n<\/div>\n<\/div>\n<\/div>\n\n\n\n<h4 class=\"wp-block-heading\">Administration et support informatique<\/h4>\n\n\n\n\t\t<br \/>\n\t\t<table style=\"width: 600px;\">\n\t\t\t<tr style=\"background-color: white;\">\n\t\t\t\t<td align=\"left\" style=\"font-size: 14px;\">\n\t\t\t\t\t&nbsp;Lydia Barlerin&nbsp;\t\t\t\t<\/td>\n\t\t\t\t<td align=\"right\" style=\"font-size: 14px;\">\n\t\t\t\t\t&nbsp;+33 (0)472432941&nbsp;\t\t\t\t<\/td>\n\t\t\t\t<td align=\"right\" style=\"font-size: 14px;\">\n\t\t\t\t\t&nbsp;(UCBL-Braconnier&nbsp;&nbsp;235)\t\t\t\t<\/td>\n\t\t\t<\/tr>\n\t\t\t<tr style=\"background-color: #eaeaea;\">\n\t\t\t\t<td align=\"left\" style=\"font-size: 14px;\">\n\t\t\t\t\t&nbsp;Audrey Bretton&nbsp;\t\t\t\t<\/td>\n\t\t\t\t<td align=\"right\" style=\"font-size: 14px;\">\n\t\t\t\t\t&nbsp;+33 (0)426234559&nbsp;\t\t\t\t<\/td>\n\t\t\t\t<td align=\"right\" style=\"font-size: 14px;\">\n\t\t\t\t\t&nbsp;(UCBL-Braconnier&nbsp;&nbsp;203)\t\t\t\t<\/td>\n\t\t\t<\/tr>\n\t\t\t<tr style=\"background-color: white;\">\n\t\t\t\t<td align=\"left\" style=\"font-size: 14px;\">\n\t\t\t\t\t&nbsp;Francis Chavanon&nbsp;\t\t\t\t<\/td>\n\t\t\t\t<td align=\"right\" style=\"font-size: 14px;\">\n\t\t\t\t\t&nbsp;+33 (0)472186457&nbsp;\t\t\t\t<\/td>\n\t\t\t\t<td align=\"right\" style=\"font-size: 14px;\">\n\t\t\t\t\t&nbsp;(ECL-E6&nbsp;&nbsp;6211)\t\t\t\t<\/td>\n\t\t\t<\/tr>\n\t\t\t<tr style=\"background-color: #eaeaea;\">\n\t\t\t\t<td align=\"left\" style=\"font-size: 14px;\">\n\t\t\t\t\t&nbsp;Claire Cizeron&nbsp;\t\t\t\t<\/td>\n\t\t\t\t<td align=\"right\" style=\"font-size: 14px;\">\n\t\t\t\t\t&nbsp;+33 (0)&nbsp;\t\t\t\t<\/td>\n\t\t\t\t<td align=\"right\" style=\"font-size: 14px;\">\n\t\t\t\t\t&nbsp;(UCBL-Braconnier&nbsp;&nbsp;0)\t\t\t\t<\/td>\n\t\t\t<\/tr>\n\t\t\t<tr style=\"background-color: white;\">\n\t\t\t\t<td align=\"left\" style=\"font-size: 14px;\">\n\t\t\t\t\t&nbsp;Sandrine Danon&nbsp;\t\t\t\t<\/td>\n\t\t\t\t<td align=\"right\" style=\"font-size: 14px;\">\n\t\t\t\t\t&nbsp;+33 (0)472437539&nbsp;\t\t\t\t<\/td>\n\t\t\t\t<td align=\"right\" style=\"font-size: 14px;\">\n\t\t\t\t\t&nbsp;(INSA-Vinci&nbsp;&nbsp;...)\t\t\t\t<\/td>\n\t\t\t<\/tr>\n\t\t\t<tr style=\"background-color: #eaeaea;\">\n\t\t\t\t<td align=\"left\" style=\"font-size: 14px;\">\n\t\t\t\t\t&nbsp;Roland Denis&nbsp;\t\t\t\t<\/td>\n\t\t\t\t<td align=\"right\" style=\"font-size: 14px;\">\n\t\t\t\t\t&nbsp;+33 (0)472448523&nbsp;\t\t\t\t<\/td>\n\t\t\t\t<td align=\"right\" style=\"font-size: 14px;\">\n\t\t\t\t\t&nbsp;(UCBL-Braconnier&nbsp;&nbsp;257)\t\t\t\t<\/td>\n\t\t\t<\/tr>\n\t\t\t<tr style=\"background-color: white;\">\n\t\t\t\t<td align=\"left\" style=\"font-size: 14px;\">\n\t\t\t\t\t&nbsp;Isabelle Dominique&nbsp;\t\t\t\t<\/td>\n\t\t\t\t<td align=\"right\" style=\"font-size: 14px;\">\n\t\t\t\t\t&nbsp;+33 (0)472186442&nbsp;\t\t\t\t<\/td>\n\t\t\t\t<td align=\"right\" style=\"font-size: 14px;\">\n\t\t\t\t\t&nbsp;(ECL-E6&nbsp;&nbsp;6204)\t\t\t\t<\/td>\n\t\t\t<\/tr>\n\t\t\t<tr style=\"background-color: #eaeaea;\">\n\t\t\t\t<td align=\"left\" style=\"font-size: 14px;\">\n\t\t\t\t\t&nbsp;<a class=\"spip_out\" href=\"https:\/\/math.univ-lyon1.fr\/~fabreges\/\">Benoit Fabr\u00e8ges<\/a>&nbsp;\t\t\t\t<\/td>\n\t\t\t\t<td align=\"right\" style=\"font-size: 14px;\">\n\t\t\t\t\t&nbsp;+33 (0)472448523&nbsp;\t\t\t\t<\/td>\n\t\t\t\t<td align=\"right\" style=\"font-size: 14px;\">\n\t\t\t\t\t&nbsp;(UCBL-Braconnier&nbsp;&nbsp;257)\t\t\t\t<\/td>\n\t\t\t<\/tr>\n\t\t\t<tr style=\"background-color: white;\">\n\t\t\t\t<td align=\"left\" style=\"font-size: 14px;\">\n\t\t\t\t\t&nbsp;<a class=\"spip_out\" href=\"https:\/\/math.univ-lyon1.fr\/perso\/vincent-farget\/\">Vincent Farget<\/a>&nbsp;\t\t\t\t<\/td>\n\t\t\t\t<td align=\"right\" style=\"font-size: 14px;\">\n\t\t\t\t\t&nbsp;+33 (0)472447912&nbsp;\t\t\t\t<\/td>\n\t\t\t\t<td align=\"right\" style=\"font-size: 14px;\">\n\t\t\t\t\t&nbsp;(UCBL-Braconnier&nbsp;&nbsp;236)\t\t\t\t<\/td>\n\t\t\t<\/tr>\n\t\t\t<tr style=\"background-color: #eaeaea;\">\n\t\t\t\t<td align=\"left\" style=\"font-size: 14px;\">\n\t\t\t\t\t&nbsp;Eddy Frey&nbsp;\t\t\t\t<\/td>\n\t\t\t\t<td align=\"right\" style=\"font-size: 14px;\">\n\t\t\t\t\t&nbsp;+33 (0)472448546&nbsp;\t\t\t\t<\/td>\n\t\t\t\t<td align=\"right\" style=\"font-size: 14px;\">\n\t\t\t\t\t&nbsp;(UCBL-Braconnier&nbsp;&nbsp;236)\t\t\t\t<\/td>\n\t\t\t<\/tr>\n\t\t\t<tr style=\"background-color: white;\">\n\t\t\t\t<td align=\"left\" style=\"font-size: 14px;\">\n\t\t\t\t\t&nbsp;<a class=\"spip_out\" href=\"http:\/\/math.univ-lyon1.fr\/~goiffon\/\">R\u00e9gis Goiffon<\/a>&nbsp;\t\t\t\t<\/td>\n\t\t\t\t<td align=\"right\" style=\"font-size: 14px;\">\n\t\t\t\t\t&nbsp;+33 (0)472448512&nbsp;\t\t\t\t<\/td>\n\t\t\t\t<td align=\"right\" style=\"font-size: 14px;\">\n\t\t\t\t\t&nbsp;(UCBL-Braconnier&nbsp;&nbsp;132)\t\t\t\t<\/td>\n\t\t\t<\/tr>\n\t\t\t<tr style=\"background-color: #eaeaea;\">\n\t\t\t\t<td align=\"left\" style=\"font-size: 14px;\">\n\t\t\t\t\t&nbsp;Sofia Hadjab&nbsp;\t\t\t\t<\/td>\n\t\t\t\t<td align=\"right\" style=\"font-size: 14px;\">\n\t\t\t\t\t&nbsp;+33 (0)4........&nbsp;\t\t\t\t<\/td>\n\t\t\t\t<td align=\"right\" style=\"font-size: 14px;\">\n\t\t\t\t\t&nbsp;(ECL-E6&nbsp;&nbsp;6233)\t\t\t\t<\/td>\n\t\t\t<\/tr>\n\t\t\t<tr style=\"background-color: white;\">\n\t\t\t\t<td align=\"left\" style=\"font-size: 14px;\">\n\t\t\t\t\t&nbsp;Houda Jerray&nbsp;\t\t\t\t<\/td>\n\t\t\t\t<td align=\"right\" style=\"font-size: 14px;\">\n\t\t\t\t\t&nbsp;+33 (0)472431154&nbsp;\t\t\t\t<\/td>\n\t\t\t\t<td align=\"right\" style=\"font-size: 14px;\">\n\t\t\t\t\t&nbsp;(UCBL-Braconnier&nbsp;&nbsp;205)\t\t\t\t<\/td>\n\t\t\t<\/tr>\n\t\t\t<tr style=\"background-color: #eaeaea;\">\n\t\t\t\t<td align=\"left\" style=\"font-size: 14px;\">\n\t\t\t\t\t&nbsp;Maria Konieczny&nbsp;\t\t\t\t<\/td>\n\t\t\t\t<td align=\"right\" style=\"font-size: 14px;\">\n\t\t\t\t\t&nbsp;+33 (0)472446216&nbsp;\t\t\t\t<\/td>\n\t\t\t\t<td align=\"right\" style=\"font-size: 14px;\">\n\t\t\t\t\t&nbsp;(UCBL-Braconnier&nbsp;&nbsp;235)\t\t\t\t<\/td>\n\t\t\t<\/tr>\n\t\t\t<tr style=\"background-color: white;\">\n\t\t\t\t<td align=\"left\" style=\"font-size: 14px;\">\n\t\t\t\t\t&nbsp;Christine Le Sueur&nbsp;\t\t\t\t<\/td>\n\t\t\t\t<td align=\"right\" style=\"font-size: 14px;\">\n\t\t\t\t\t&nbsp;+33 (0)472431362&nbsp;\t\t\t\t<\/td>\n\t\t\t\t<td align=\"right\" style=\"font-size: 14px;\">\n\t\t\t\t\t&nbsp;(UCBL-Braconnier&nbsp;&nbsp;237)\t\t\t\t<\/td>\n\t\t\t<\/tr>\n\t\t\t<tr style=\"background-color: #eaeaea;\">\n\t\t\t\t<td align=\"left\" style=\"font-size: 14px;\">\n\t\t\t\t\t&nbsp;Laura Macard&nbsp;\t\t\t\t<\/td>\n\t\t\t\t<td align=\"right\" style=\"font-size: 14px;\">\n\t\t\t\t\t&nbsp;+33 (0)4724.....&nbsp;\t\t\t\t<\/td>\n\t\t\t\t<td align=\"right\" style=\"font-size: 14px;\">\n\t\t\t\t\t&nbsp;(UCBL-Braconnier&nbsp;&nbsp;203)\t\t\t\t<\/td>\n\t\t\t<\/tr>\n\t\t\t<tr style=\"background-color: white;\">\n\t\t\t\t<td align=\"left\" style=\"font-size: 14px;\">\n\t\t\t\t\t&nbsp;Nabila Manoubi&nbsp;\t\t\t\t<\/td>\n\t\t\t\t<td align=\"right\" style=\"font-size: 14px;\">\n\t\t\t\t\t&nbsp;+33 (0)472448524&nbsp;\t\t\t\t<\/td>\n\t\t\t\t<td align=\"right\" style=\"font-size: 14px;\">\n\t\t\t\t\t&nbsp;(UCBL-Braconnier&nbsp;&nbsp;205)\t\t\t\t<\/td>\n\t\t\t<\/tr>\n\t\t\t<tr style=\"background-color: #eaeaea;\">\n\t\t\t\t<td align=\"left\" style=\"font-size: 14px;\">\n\t\t\t\t\t&nbsp;Claire Sauer&nbsp;\t\t\t\t<\/td>\n\t\t\t\t<td align=\"right\" style=\"font-size: 14px;\">\n\t\t\t\t\t&nbsp;+33 (0)472437490&nbsp;\t\t\t\t<\/td>\n\t\t\t\t<td align=\"right\" style=\"font-size: 14px;\">\n\t\t\t\t\t&nbsp;(INRIA-CE1&nbsp;&nbsp;...)\t\t\t\t<\/td>\n\t\t\t<\/tr>\n\t\t\t<tr style=\"background-color: white;\">\n\t\t\t\t<td align=\"left\" style=\"font-size: 14px;\">\n\t\t\t\t\t&nbsp;Pascale Villet&nbsp;\t\t\t\t<\/td>\n\t\t\t\t<td align=\"right\" style=\"font-size: 14px;\">\n\t\t\t\t\t&nbsp;+33 (0)477485105&nbsp;\t\t\t\t<\/td>\n\t\t\t\t<td align=\"right\" style=\"font-size: 14px;\">\n\t\t\t\t\t&nbsp;(UJM-Manufacture&nbsp;&nbsp;M003)\t\t\t\t<\/td>\n\t\t\t<\/tr>\n\t\t\t<tr>\n\t\t\t\t<td colspan=\"3\" style=\"font-size: 13px;\">\n<br \/>Nombre de personnes : 19<br \/>\n\t\t\t\t<\/td>\n\t\t\t<\/tr>\n\t\t<\/table>\n\n\n\n\n<figure class=\"wp-block-image size-full is-resized\"><img loading=\"lazy\" decoding=\"async\" width=\"1083\" height=\"436\" src=\"https:\/\/math.univ-lyon1.fr\/icj\/wp-content\/uploads\/2025\/10\/Teletravail-JUIN2025.jpg\" alt=\"\" class=\"wp-image-2414\" style=\"width:1200px;height:auto\" srcset=\"https:\/\/math.univ-lyon1.fr\/icj\/wp-content\/uploads\/2025\/10\/Teletravail-JUIN2025.jpg 1083w, https:\/\/math.univ-lyon1.fr\/icj\/wp-content\/uploads\/2025\/10\/Teletravail-JUIN2025-300x121.jpg 300w, https:\/\/math.univ-lyon1.fr\/icj\/wp-content\/uploads\/2025\/10\/Teletravail-JUIN2025-1024x412.jpg 1024w, https:\/\/math.univ-lyon1.fr\/icj\/wp-content\/uploads\/2025\/10\/Teletravail-JUIN2025-768x309.jpg 768w\" sizes=\"auto, (max-width: 1083px) 100vw, 1083px\" \/><\/figure>\n\n\n\n<h4 class=\"wp-block-heading\"><strong>Organisation interne du laboratoire<\/strong><\/h4>\n\n\n\n<ul class=\"wp-block-list\">\n<li><strong>Direction<\/strong>\n<ul class=\"wp-block-list\">\n<li>Directrice&nbsp;: V\u00e9ronique Maume-Deschamps<\/li>\n\n\n\n<li>Directeur adjoint : Driss Essouabri<\/li>\n\n\n\n<li>Responsable administrative et financi\u00e8re : Christine Le Sueur<\/li>\n<\/ul>\n<\/li>\n\n\n\n<li><strong>Responsables de site<\/strong>\n<ul class=\"wp-block-list\">\n<li>Site Doua-Braconnier (UCBL)&nbsp;: V\u00e9ronique Maume-Deschamps<\/li>\n\n\n\n<li>Site Doua-Vinci (INSA) : Yves Renard<\/li>\n\n\n\n<li>Site Doua-INRIA : Mostafa Adimy<\/li>\n\n\n\n<li>Site Ecully (ECL) : Yohann De Castro<\/li>\n\n\n\n<li>Site Saint-Etienne (UJM) : Driss Essouabri<\/li>\n<\/ul>\n<\/li>\n\n\n\n<li><strong>\u00c9quipe de direction<\/strong>\n<ul class=\"wp-block-list\">\n<li>Directrice, directeur adjoint et administratrice de l\u2019ICJ<\/li>\n\n\n\n<li>Responsables d\u2019\u00e9quipe&nbsp;:\n<ul class=\"wp-block-list\">\n<li>AGL&nbsp;: Eveline Legendre<\/li>\n\n\n\n<li>CTN&nbsp;: Julien Roques<\/li>\n\n\n\n<li>EDPA&nbsp;: Mikael de la Salle<\/li>\n\n\n\n<li>HM&nbsp;: Fran\u00e7ois L\u00ea<\/li>\n\n\n\n<li>MMCS&nbsp;: Filippo Santambrogio<\/li>\n\n\n\n<li>PSPM&nbsp;: Christophe Garban<\/li>\n<\/ul>\n<\/li>\n<\/ul>\n<\/li>\n\n\n\n<li><strong>\u00c9quipe de gestion<\/strong>\n<ul class=\"wp-block-list\">\n<li>Responsable administrative et financi\u00e8re : Christine Le Sueur<\/li>\n\n\n\n<li>Gestionnaires&nbsp;:\n<ul class=\"wp-block-list\">\n<li>Lydia Barlerin : secr\u00e9tariat \/ Equipe HM (UCBL\/CNRS)<\/li>\n\n\n\n<li>Audrey Bretton : Equipe MMCS (UCBL\/CNRS)<\/li>\n\n\n\n<li>Sandrine Danon : Equipes MMCS et PSPM (INSA de Lyon)<\/li>\n\n\n\n<li>Isabelle Dominique : Equipes MMCS et PSPM (ECL)<\/li>\n\n\n\n<li>Houda Jerray : Equipes CTN et EDPA (UCBL\/CNRS)<\/li>\n\n\n\n<li>Maria Konieczny : Responsable budg\u00e9taire \/ Equipe AGL (UCBL\/CNRS)<\/li>\n\n\n\n<li>Nabila Manoubi : Equipe PSMP (UCBL\/CNRS)<\/li>\n\n\n\n<li> Equipe-projet INRIA MUSICS<\/li>\n\n\n\n<li>Pascale Villet : Equipes EDPA, MMCS et PSPM (UJM)<\/li>\n<\/ul>\n<\/li>\n<\/ul>\n<\/li>\n\n\n\n<li><strong>\u00c9quipe informatique<\/strong>\n<ul class=\"wp-block-list\">\n<li>CSSI : &#8230;<\/li>\n\n\n\n<li>Ing\u00e9nieur support : Francis Chavanon (ECL),<\/li>\n\n\n\n<li>Ing\u00e9nieurs calcul : Roland Denis, Benoit Fabr\u00e8ges<\/li>\n\n\n\n<li>Ing\u00e9nieur support, d\u00e9veloppeur et int\u00e9grateur web : Vincent Farget (UCBL\/CNRS\/INSA\/UJM)<\/li>\n<\/ul>\n<\/li>\n\n\n\n<li><strong>\u00c9quipe de la Biblioth\u00e8que de Math\u00e9matiques<\/strong>\n<ul class=\"wp-block-list\">\n<li>Raluca Dinca : Responsable de la biblioth\u00e8que<\/li>\n\n\n\n<li>Claire Dozier : Responsable des collections<\/li>\n<\/ul>\n<\/li>\n\n\n\n<li><strong>Commissions<\/strong>\n<ul class=\"wp-block-list\">\n<li><strong>Biblioth\u00e8que<\/strong>\n<ul class=\"wp-block-list\">\n<li>Responsable scientifique de la biblioth\u00e8que&nbsp;: Fabien Vignes-Tourneret<\/li>\n\n\n\n<li>Repr\u00e9sentantes du SCD de l\u2019UCBL1&nbsp;: Raluca Dinca (responsable), Claire Dozier<\/li>\n\n\n\n<li>Membres (\u00e9lus, nomm\u00e9s, de droit) de la commission : Salom\u00e9 Chauvet, Raluca Dinca, Claire Dozier, Ivan Gentil, Olga Kravchenko, Alexandre Lanar, Fran\u00e7ois L\u00ea, Christine Le Sueur, Filippo Nuccio, Fabien Vignes-Tourneret<\/li>\n\n\n\n<li>Invit\u00e9e permanente : Delphine Rich\u00e9 (Responsable des services du SCD UCBL1)<\/li>\n<\/ul>\n<\/li>\n\n\n\n<li><strong>Communication<\/strong>\n<ul class=\"wp-block-list\">\n<li>Responsable communication&nbsp;: Rouchdi Bahloul<\/li>\n\n\n\n<li>Animation scientifique&nbsp;: Christophe Garban<\/li>\n\n\n\n<li>Diffusion des math\u00e9matiques&nbsp;: Louis Dupaigne<\/li>\n\n\n\n<li>Publications&nbsp;: Fabien Vignes-Tourneret<\/li>\n\n\n\n<li>Webmestre : Vincent Farget<\/li>\n<\/ul>\n<\/li>\n\n\n\n<li><strong>Valorisation, relations avec les entreprises&nbsp;:<\/strong> Elie Bretin, Damien Tromeur-Dervout, Youcef Mammeri<\/li>\n\n\n\n<li><strong>Hygi\u00e8ne, s\u00e9curit\u00e9 et conditions de travail<\/strong>\n<ul class=\"wp-block-list\">\n<li><strong>Assistantes de pr\u00e9vention&nbsp;:<\/strong> Maria Konieczny, Houda Jerray<\/li>\n\n\n\n<li><strong>R\u00e9f\u00e9rents Parit\u00e9<\/strong>\n<ul class=\"wp-block-list\">\n<li>Fr\u00e9d\u00e9rique Bienven\u00fce, Vincent Borrelli, Olga Paris-Romaskevich, Amandine Escalier<\/li>\n<\/ul>\n<\/li>\n\n\n\n<li><strong>Commission \u00ab\u00a0Impact environnemental\u00a0\u00bb<\/strong>\n<ul class=\"wp-block-list\">\n<li>Membres : Guillaume Aubrun, Samuel Bernard, Luca Castelli, Fr\u00e9d\u00e9ric Chardard, Yohann De Castro, Roland Denis, Antoine Detaille, Louis Dupaigne, Anne-Laure Foug\u00e8res, L\u00e9o Girardin, Laurence Grammont, Johannes Kellendonk, Eveline Legendre, Christine Le Sueur, Cl\u00e9ment Marteau.<\/li>\n<\/ul>\n<\/li>\n<\/ul>\n<\/li>\n<\/ul>\n<\/li>\n\n\n\n<li><strong>Conseil de laboratoire<\/strong>\n<ul class=\"wp-block-list\">\n<li>Directrice, directeur adjoint <\/li>\n\n\n\n<li>Membres \u00e9lus&nbsp;: Camille Carvalho, Luca Castelli, Vincent Farget, C\u00e9line Helbert, Eveline Legendre, Thomas Lepoutre, Christophe Poquet, Nermin Salepci, Filippo Santambrogio, Pierre-Damien Thizy.<\/li>\n\n\n\n<li>membres nomm\u00e9s&nbsp;: Nora Boulerie, Eric Delaygue, Roland Denis, Florence Fauquant-Millet, Alessandra Frabetti, Dragos Iftimie, Filippo Nuccio, Jean-Yves Welschinger.<\/li>\n\n\n\n<li>Invit\u00e9s permanents&nbsp;: responsables de sites, secr\u00e9taire g\u00e9n\u00e9rale de l\u2019ICJ<\/li>\n<\/ul>\n<\/li>\n\n\n\n<li><strong>Conseil scientifique<\/strong>\n<ul class=\"wp-block-list\">\n<li>Membres du conseil de laboratoire<\/li>\n\n\n\n<li>Responsables d\u2019\u00e9quipes<\/li>\n\n\n\n<li>Membres nomm\u00e9s\u00a0: Elie Bretin, Valentina Busuioc, Fr\u00e9d\u00e9ric Chardard, Yohann De Castro, Na\u00efma Debit, St\u00e9phane Druel, Ivaillo Hartarsky, Fr\u00e9d\u00e9ric Lagouti\u00e8re, Youcef Mammeri, Nicolas Matte Bon, Julien Roques, Todor Tsankov, Fabien Vignes-Tourneret.<\/li>\n\n\n\n<li>Invit\u00e9s permanents&nbsp;: Olivier Gipouloux, Petru Mironescu, Yves Renard, Frank Wagner, membres ext\u00e9rieurs du Comit\u00e9 d&rsquo;Orientation Strat\u00e9gique<\/li>\n<\/ul>\n<\/li>\n\n\n\n<li><strong>Conseil d&rsquo;orientation Strat\u00e9gique<\/strong>\n<ul class=\"wp-block-list\">\n<li>Membres locaux : Sylvie Benzoni, Christophe Garban, St\u00e9phane Gaussent, V\u00e9ronique Maume-Deschamps, Petru Mironescu, Daniel Le Roux, Julien Roques, Jean-Yves Welschinger<\/li>\n\n\n\n<li>Membres ext\u00e9rieurs : Antoine Ducros (IMJ-PRG, Sorbonne universit\u00e9), Patricia Raynaud-Bouret (laboratoire J. A. Dieudonn\u00e9, Universit\u00e9 C\u00f4te d\u2019Azur), Mireille Bousquet-M\u00e9lou (LABRI, CNRS), G\u00e9rard BESSON (IF, CNRS), Didier Bresch (LAMA, CNRS), Rapha\u00eblle Herbin (I2M, Aix-Marseille universit\u00e9).<\/li>\n<\/ul>\n<\/li>\n\n\n\n<li><strong>Comit\u00e9 des th\u00e8ses<\/strong> (ED InfoMaths)\n<ul class=\"wp-block-list\">\n<li>Directrice et directeur adjoint de l\u2019ICJ<\/li>\n\n\n\n<li>Responsables d\u2019\u00e9quipes<\/li>\n\n\n\n<li>Membres nomm\u00e9s&nbsp;: Frank Wagner, Jean-Yves Welschinger, Luca Zamboni, Lorenzo Brandolese, Daniel Le Roux, Benjamin Texier, Oriane Blondel, Fabien Vignes-Tourneret<\/li>\n\n\n\n<li>Invit\u00e9s permanents&nbsp;: responsables de sites, co-directeur de l&rsquo;ED InfoMaths, responsable scientifique et technique du LabEx<\/li>\n<\/ul>\n<\/li>\n<\/ul>\n\n\n\n<p><\/p>\n","protected":false},"excerpt":{"rendered":"<p>Directrice&nbsp;: V\u00e9ronique MAUME-DESCHAMPSDirecteur-adjoint&nbsp;: Driss ESSOUABRIAdministratrice&nbsp;: Christine LE SUEUR Administration et support informatique Organisation interne du laboratoire<\/p>\n","protected":false},"author":4,"featured_media":0,"parent":0,"menu_order":0,"comment_status":"closed","ping_status":"closed","template":"","meta":{"footnotes":""},"class_list":["post-1116","page","type-page","status-publish","hentry"],"_links":{"self":[{"href":"https:\/\/math.univ-lyon1.fr\/icj\/wp-json\/wp\/v2\/pages\/1116","targetHints":{"allow":["GET"]}}],"collection":[{"href":"https:\/\/math.univ-lyon1.fr\/icj\/wp-json\/wp\/v2\/pages"}],"about":[{"href":"https:\/\/math.univ-lyon1.fr\/icj\/wp-json\/wp\/v2\/types\/page"}],"author":[{"embeddable":true,"href":"https:\/\/math.univ-lyon1.fr\/icj\/wp-json\/wp\/v2\/users\/4"}],"replies":[{"embeddable":true,"href":"https:\/\/math.univ-lyon1.fr\/icj\/wp-json\/wp\/v2\/comments?post=1116"}],"version-history":[{"count":72,"href":"https:\/\/math.univ-lyon1.fr\/icj\/wp-json\/wp\/v2\/pages\/1116\/revisions"}],"predecessor-version":[{"id":2498,"href":"https:\/\/math.univ-lyon1.fr\/icj\/wp-json\/wp\/v2\/pages\/1116\/revisions\/2498"}],"wp:attachment":[{"href":"https:\/\/math.univ-lyon1.fr\/icj\/wp-json\/wp\/v2\/media?parent=1116"}],"curies":[{"name":"wp","href":"https:\/\/api.w.org\/{rel}","templated":true}]}}