{"id":1336,"date":"2024-02-19T16:34:59","date_gmt":"2024-02-19T15:34:59","guid":{"rendered":"https:\/\/math.univ-lyon1.fr\/icj\/?page_id=1336"},"modified":"2024-04-24T18:51:54","modified_gmt":"2024-04-24T16:51:54","slug":"entreprises","status":"publish","type":"page","link":"https:\/\/math.univ-lyon1.fr\/icj\/entreprises\/","title":{"rendered":"Entreprises"},"content":{"rendered":"\n<div class=\"wp-block-group is-nowrap is-layout-flex wp-container-core-group-is-layout-6c531013 wp-block-group-is-layout-flex\">\n<div class=\"wp-block-columns is-layout-flex wp-container-core-columns-is-layout-28f84493 wp-block-columns-is-layout-flex\">\n<div class=\"wp-block-column is-layout-flow wp-block-column-is-layout-flow\" style=\"flex-basis:350px\">\n<figure class=\"wp-block-image size-full\"><img loading=\"lazy\" decoding=\"async\" width=\"300\" height=\"300\" src=\"https:\/\/math.univ-lyon1.fr\/icj\/wp-content\/uploads\/2024\/02\/Logo_ValSEM_300x300.png\" alt=\"\" class=\"wp-image-1340\" srcset=\"https:\/\/math.univ-lyon1.fr\/icj\/wp-content\/uploads\/2024\/02\/Logo_ValSEM_300x300.png 300w, https:\/\/math.univ-lyon1.fr\/icj\/wp-content\/uploads\/2024\/02\/Logo_ValSEM_300x300-150x150.png 150w\" sizes=\"auto, (max-width: 300px) 100vw, 300px\" \/><\/figure>\n<\/div>\n\n\n\n<div class=\"wp-block-column is-vertically-aligned-bottom is-layout-flow wp-block-column-is-layout-flow\">\n<h4 class=\"wp-block-heading\"><strong>VaLSEM <\/strong>\u00a0: Valorisation Lyon Saint-Etienne en Math\u00e9matiques, un groupement de chercheurs en math\u00e9matiques en interaction avec les entreprises.<br><br>Entreprises\u00a0: dopez votre comp\u00e9titivit\u00e9 par les math\u00e9matiques. L\u2019Institut Camille Jordan (ICJ) peut vous aider dans votre innovation. <strong>Contactez-nous pour toute demande en lien avec les math\u00e9matiques\u00a0!<\/strong><br><br><strong><a href=\"mailto:valsem@math.univ-lyon1.fr\">valsem@math.univ-lyon1.fr<\/a><\/strong><\/h4>\n<\/div>\n<\/div>\n<\/div>\n\n\n\n<h3 class=\"wp-block-heading\">Les math\u00e9matiques participent \u00e0 15% de la valeur ajout\u00e9e fran\u00e7aise.<\/h3>\n\n\n\n<p><a href=\"http:\/\/www.agence-maths-entreprises.fr\/a\/eisem\" target=\"_blank\" rel=\"noreferrer noopener\">Consulter l\u2019enqu\u00eate.<\/a><\/p>\n\n\n\n<h4 class=\"wp-block-heading\"><strong>Nos domaines d\u2019expertise<\/strong><\/h4>\n\n\n\n<p>L\u2019ICJ couvre l\u2019ensemble du spectre math\u00e9matique et poss\u00e8de des comp\u00e9tences et expertises mobilisables pour les entreprises&nbsp;:<\/p>\n\n\n\n<div class=\"wp-block-group is-nowrap is-layout-flex wp-container-core-group-is-layout-6c531013 wp-block-group-is-layout-flex\">\n<div class=\"wp-block-columns is-layout-flex wp-container-core-columns-is-layout-28f84493 wp-block-columns-is-layout-flex\">\n<div class=\"wp-block-column is-layout-flow wp-block-column-is-layout-flow\" style=\"flex-basis:700px\">\n<ul class=\"wp-block-list\">\n<li>Mod\u00e9lisation probabiliste, mesures de risque, simulation al\u00e9atoire<\/li>\n\n\n\n<li>Apprentissage, analyse des donn\u00e9es, analyse de sensibilit\u00e9, plans d\u2019exp\u00e9rience, pr\u00e9visions statistiques<\/li>\n\n\n\n<li>Evaluation des risques extr\u00eames, statistique spatiale<\/li>\n\n\n\n<li>Calcul haute performance (HPC), calcul parall\u00e8le<\/li>\n\n\n\n<li>M\u00e9thodes num\u00e9riques avanc\u00e9es, \u00e9l\u00e9ments finis, m\u00e9thodes de Galerkin discontinu<\/li>\n\n\n\n<li>D\u00e9veloppement de solveurs lin\u00e9aires et non lin\u00e9aires, techniques de pr\u00e9-conditionnement.<\/li>\n\n\n\n<li>Mod\u00e9lisation par \u00e9quations diff\u00e9rentielles, \u00e9quations aux d\u00e9riv\u00e9es partielles<\/li>\n\n\n\n<li>Traitement d\u2019images 2D, 3D, 4D<\/li>\n\n\n\n<li>Optimisation, contr\u00f4le optimal, probl\u00e8mes inverses<\/li>\n\n\n\n<li>Cryptographie<\/li>\n<\/ul>\n<\/div>\n\n\n\n<div class=\"wp-block-column is-vertically-aligned-center is-layout-flow wp-block-column-is-layout-flow\" style=\"flex-basis:140px\">\n<figure class=\"wp-block-image aligncenter size-full\"><img loading=\"lazy\" decoding=\"async\" width=\"132\" height=\"137\" src=\"https:\/\/math.univ-lyon1.fr\/icj\/wp-content\/uploads\/2024\/02\/pneu_trottoir.png\" alt=\"\" class=\"wp-image-1361\" \/><\/figure>\n<\/div>\n<\/div>\n<\/div>\n\n\n\n<p>Les domaines d\u2019application sont vari\u00e9s<\/p>\n\n\n\n<ul class=\"wp-block-list\">\n<li>Environnement<\/li>\n\n\n\n<li>M\u00e9decine<\/li>\n\n\n\n<li>Finance, assurance<\/li>\n\n\n\n<li>M\u00e9catronique<\/li>\n\n\n\n<li>Energie<\/li>\n\n\n\n<li>Transport r\u00e9actif<\/li>\n<\/ul>\n\n\n\n<h4 class=\"wp-block-heading\"><strong>Une recherche li\u00e9e aux formations, des possibilit\u00e9s de stages<\/strong><\/h4>\n\n\n\n<p><strong>Les membres de l\u2019ICJ participent aux formations de math\u00e9matiques des divers \u00e9tablissements d\u2019enseignement sup\u00e9rieur et de recherche du site Lyon &#8211; Saint-Etienne&nbsp;: [<br><a href=\"http:\/\/www.univ-lyon1.fr\" target=\"_blank\" rel=\"noreferrer noopener\">Universit\u00e9 Claude Bernard Lyon 1<\/a> (<a href=\"http:\/\/fst-mathematiques.univ-lyon1.fr\/\">D\u00e9partement de Math\u00e9matiques de la Facult\u00e9 des Sciences et Techniques<\/a>, <a href=\"http:\/\/www.isfa.fr\/\">Institut de Sciences Financi\u00e8re et d\u2019Assurances<\/a>, <a href=\"http:\/\/polytech.univ-lyon1.fr\/\">Polytech Lyon<\/a>), <a href=\"http:\/\/www.ec-lyon.fr\/\">Ecole Centrale de Lyon<\/a>, <a href=\"http:\/\/www.insa-lyon.fr\/\">INSA Lyon<\/a>, <a href=\"http:\/\/www.univ-st-etienne.fr\">Universit\u00e9 Jean Monnet Saint Etienne<\/a>. Les \u00e9tudiants de ces formations peuvent \u00eatre de futurs stagiaires ou collaborateurs dans vos entreprises.<\/strong><\/p>\n\n\n\n<h4 class=\"wp-block-heading\"><strong>Des partenariats et collaborations de recherche<\/strong><\/h4>\n\n\n\n<p>L\u2019ICJ a d\u00e9velopp\u00e9 et d\u00e9veloppe diverses collaborations avec des partenaires industriels dont&nbsp;: Michelin, EDF, CEA, Exxon Mobil,Plaxis, Siemens, Intel, Mentor Graphics, Renault, IFPEN, Gerflor &#8230;<\/p>\n\n\n\n<p>Ces actions illustrent l\u2019apport des math\u00e9matiques dans des cadres applicatifs et industriels \u00e0 diff\u00e9rents niveaux. L\u2019ICJ peut vous accompagner sur diff\u00e9rents types de projets&nbsp;:<\/p>\n\n\n\n<ul class=\"wp-block-list\">\n<li>Formations courtes (un besoin en formation continue, contactez nous).<\/li>\n\n\n\n<li>Expertises (ponctuelles et de courte dur\u00e9e).<\/li>\n\n\n\n<li>Contrats de recherche (projets plus ambitieux et de plus longue dur\u00e9e)&nbsp;:\n<ul class=\"wp-block-list\">\n<li>Th\u00e8ses en entreprise (conventions CIFRE par exemple),<\/li>\n\n\n\n<li>Partenariats ou chaires d\u2019excellence en enseignement et recherche.<\/li>\n<\/ul>\n<\/li>\n<\/ul>\n\n\n\n<h4 class=\"wp-block-heading\"><strong>Nos \u00ab\u00a0Success Stories\u00a0\u00bb<\/strong><\/h4>\n\n\n\n<p><strong>Exemples de collaborations industrielles r\u00e9ussies<\/strong><\/p>\n\n\n\n<ul class=\"wp-block-list\">\n<li><a href=\"https:\/\/math.univ-lyon1.fr\/icj\/entreprises\/#michelin\" data-type=\"link\" data-id=\"https:\/\/math.univ-lyon1.fr\/icj\/entreprises\/\">Michelin<\/a>\u00a0: partenariat de recherche depuis 2007, m\u00e9thodes num\u00e9riques pour la simulation de pneumatiques.<\/li>\n\n\n\n<li><a href=\"https:\/\/math.univ-lyon1.fr\/icj\/entreprises\/#MicrodB\">MicrodB<\/a>\u00a0: identification et caract\u00e9risation de sources acoustiques, collaboration dans le cadre d\u2019un FUI.<\/li>\n\n\n\n<li><a href=\"https:\/\/math.univ-lyon1.fr\/icj\/entreprises\/#Neolys\">N\u00e9olys<\/a>\u00a0: co-financement avec MILyon d\u2019une th\u00e8se sur la quantification de la r\u00e9ponse d\u2019une tumeur apr\u00e8s traitement par radioth\u00e9rapie.<\/li>\n\n\n\n<li><a href=\"https:\/\/math.univ-lyon1.fr\/icj\/entreprises\/#EDF\">Electricit\u00e9 De France<\/a> \u00a0: contrat de recherche sur la mod\u00e9lisation et l\u2019\u00e9valuation des risques extr\u00eames conjoints.<\/li>\n\n\n\n<li><a href=\"https:\/\/math.univ-lyon1.fr\/icj\/entreprises\/#thales\">Thal\u00e8s et CNES<\/a>\u00a0: deux collaborations entre Lyon et Toulouse ont \u00e9t\u00e9 men\u00e9es. Ces collaborations ont port\u00e9e sur des mod\u00e8les pour les syst\u00e8mes de navigation par satellites.<\/li>\n\n\n\n<li><a href=\"https:\/\/math.univ-lyon1.fr\/icj\/entreprises\/#volvo\">Volvo<\/a>\u00a0: g\u00e9n\u00e9rateur de cycles d\u2019itin\u00e9raires par des m\u00e9thodes statistiques.<\/li>\n\n\n\n<li><em>Ecole Nationale d\u2019Architecture de Lyon<\/em>&nbsp;: sur une \u00e9tude entre l\u2019architecture et l\u2019autisme.<\/li>\n\n\n\n<li><a href=\"https:\/\/events.mines-stetienne.fr\/oquaido\/index.html\" target=\"_blank\" rel=\"noreferrer noopener\">Chaire OQUAIDO<\/a>\u00a0: consortium sur l\u2019Optimisation et QUAntification d\u2019Incertitude pour les Donn\u00e9es On\u00e9reuses.<\/li>\n\n\n\n<li><em>Hospices Civils de Lyon<\/em>&nbsp;: collaboration avec le Service d\u2019H\u00e9matologie Clinique&nbsp;sur la mod\u00e9lisation des leuc\u00e9mies. Collaboration avec des m\u00e9decins sur une \u00e9tude sur la schizophr\u00e9nie. Etude statistique, avec des chercheurs en neurosciences, sur des tests cliniques olfactifs.<\/li>\n<\/ul>\n\n\n\n<div class=\"wp-block-group is-nowrap is-layout-flex wp-container-core-group-is-layout-6c531013 wp-block-group-is-layout-flex\">\n<div class=\"wp-block-columns is-layout-flex wp-container-core-columns-is-layout-28f84493 wp-block-columns-is-layout-flex\">\n<div class=\"wp-block-column is-vertically-aligned-center is-layout-flow wp-block-column-is-layout-flow\">\n<p>Les projets de partenariats peuvent \u00eatre soutenus par des aides pour financer cet effort d\u2019innovation, d\u2019ing\u00e9nierie avanc\u00e9e ou de recherche appliqu\u00e9e.<\/p>\n\n\n\n<p>L\u2019Institut Camille Jordan est en lien \u00e9troit avec <a href=\"http:\/\/www.agence-maths-entreprises.fr\/\" target=\"_blank\" rel=\"noreferrer noopener\">l\u2019 Agence pour les math\u00e9matiques en interaction avec l\u2019entreprise et la soci\u00e9t\u00e9 (AMIES)<\/a> ainsi qu\u2019avec les cellules de valorisation de ses diff\u00e9rentes tutelles (Universit\u00e9 Lyon 1, CNRS, &#8230;). Le <a href=\"http:\/\/milyon.universite-lyon.fr\/\" target=\"_blank\" rel=\"noreferrer noopener\">laboratoire d\u2019excellence MILyon<\/a> (Math\u00e9matiques et Informatique fondamentale \u00e0 Lyon qui regroupe trois laboratoires&nbsp;: <a href=\"http:\/\/www.umpa.ens-lyon.fr\/\" target=\"_blank\" rel=\"noreferrer noopener\">UMPA<\/a>, <a href=\"http:\/\/www.ens-lyon.fr\/LIP\" target=\"_blank\" rel=\"noreferrer noopener\">LIP<\/a>, ICJ) apporte aussi son soutien \u00e0 ces actions.<\/p>\n<\/div>\n\n\n\n<div class=\"wp-block-column is-layout-flow wp-block-column-is-layout-flow\">\n<figure class=\"wp-block-image aligncenter size-full\"><img loading=\"lazy\" decoding=\"async\" width=\"200\" height=\"271\" src=\"https:\/\/math.univ-lyon1.fr\/icj\/wp-content\/uploads\/2024\/02\/alpes_esa_petit.png\" alt=\"\" class=\"wp-image-1362\" \/><\/figure>\n<\/div>\n<\/div>\n<\/div>\n\n\n\n<h1 class=\"wp-block-heading\" id=\"EDF\">EDF<\/h1>\n\n\n\n<p>Dans le cadre d\u2019une collaboration de recherche ayant notamment impliqu\u00e9 l\u2019encadrement de deux stagiaires, d\u2019un post-doc et d\u2019un doctorant, nous avons \u00e9tudi\u00e9 des questions sp\u00e9cifiques en lien avec l\u2019\u00e9valuation de risques extr\u00eames conjoints, du type : comment pr\u00e9voir la probabilit\u00e9 de d\u00e9passement de diff\u00e9rents seuils simultan\u00e9ment pour plusieurs variables fix\u00e9es ? comment extrapoler \u00e0 l\u2019aide d\u2019informations provenant de diff\u00e9rents sites connus la survenue d\u2019un \u00e9v\u00e9nement extr\u00eame en un nouveau site ? Les r\u00e9ponses apport\u00e9es mettent en \u0153uvre de nombreux aspects de la th\u00e9orie des valeurs extr\u00eames multivari\u00e9e, de la statistique des s\u00e9ries temporelles, de la mod\u00e9lisation spatiale ou spatio-temporelle.<\/p>\n\n\n\n<h1 class=\"wp-block-heading\" id=\"michelin\">Michelin<\/h1>\n\n\n\n<div class=\"wp-block-group is-nowrap is-layout-flex wp-container-core-group-is-layout-6c531013 wp-block-group-is-layout-flex\">\n<div class=\"wp-block-columns is-layout-flex wp-container-core-columns-is-layout-28f84493 wp-block-columns-is-layout-flex\">\n<div class=\"wp-block-column is-vertically-aligned-center is-layout-flow wp-block-column-is-layout-flow\">\n<p>Les th\u00e9matiques d\u00e9velopp\u00e9es tournent autour de l\u2019am\u00e9lioration de la performance des m\u00e9thodes num\u00e9riques en particulier sur la prise en compte des conditions de contact avec frottement (enjeu central dans la simulation de pneumatiques), la simulation des renforts et la prise en compte de concentrations de contraintes.<\/p>\n<\/div>\n\n\n\n<div class=\"wp-block-column is-layout-flow wp-block-column-is-layout-flow\">\n<figure class=\"wp-block-image aligncenter size-full\"><img loading=\"lazy\" decoding=\"async\" width=\"228\" height=\"185\" src=\"https:\/\/math.univ-lyon1.fr\/icj\/wp-content\/uploads\/2024\/02\/pneu_indenteur.png\" alt=\"\" class=\"wp-image-1388\" \/><\/figure>\n<\/div>\n<\/div>\n<\/div>\n\n\n\n<p>Michelin dispose d\u2019une \u00e9quipe qui d\u00e9veloppe ses propres codes de calcul au Centre de Technologies Europe (Clermont-Ferrand). A la fronti\u00e8re entre m\u00e9canique des solides, math\u00e9matiques appliqu\u00e9es et calcul haute performance, cette \u00e9quipe tisse de nombreux liens avec des laboratoires de recherche dans le monde entier. Une collaboration tripartite s\u2019est \u00e9tablie entre l\u2019ICJ, Michelin ainsi que l\u2019ENIT de Tunis dans ce cadre \u00e0 partir de 2007. Cette collaboration, qui se continue toujours, \u00e0 donn\u00e9 lieu au financement de 5 th\u00e8ses, 4 stages de master et 1 stage post-doctoral.<\/p>\n\n\n\n<h1 class=\"wp-block-heading\" id=\"MicrodB\">MicrodB<\/h1>\n\n\n\n<p><a href=\"http:\/\/www.microdb.vibratecgroup.com\/\">MicrodB<\/a> est une PME bas\u00e9e \u00e0 Ecully (69), sp\u00e9cialis\u00e9e dans l\u2019identification et la caract\u00e9risation de sources acoustiques.&nbsp;Elle intervient dans de nombreux domaines o\u00f9 ce type de probl\u00e9matique est pr\u00e9pond\u00e9rant (automobile, a\u00e9ronautique, marine,&#8230;), en fournissant aussi bien des outils de mesure, que des solutions permettant une cartographie pr\u00e9cise des sources acoustiques.<\/p>\n\n\n\n<div class=\"wp-block-group is-nowrap is-layout-flex wp-container-core-group-is-layout-6c531013 wp-block-group-is-layout-flex\">\n<div class=\"wp-block-columns is-layout-flex wp-container-core-columns-is-layout-28f84493 wp-block-columns-is-layout-flex\">\n<div class=\"wp-block-column is-vertically-aligned-center is-layout-flow wp-block-column-is-layout-flow\">\n<p>Les premi\u00e8res collaborations avec l\u2019Institut Camille Jordan ont d\u00e9marr\u00e9 au printemps 2016 dans le cadre de discussions avec le <a href=\"http:\/\/celya.universite-lyon.fr\/actualites-affiches-en-page-d-accueil\/presentation-du-laboratoire-commun-p3a-plateforme-d-antennerie-aeroacoustique-labelise-par-l-anr-320364.kjsp\">Laboratoire Commun P3A<\/a>. En particulier, un stage post-doctoral a pu \u00eatre propos\u00e9, ce qui a permis de mettre en \u00e9vidence un lien entre certaines th\u00e9matiques de recherches d\u00e9velopp\u00e9es \u00e0 l\u2019ICJ, au <a href=\"http:\/\/lva.insa-lyon.fr\/\">Laboratoire de Vibration Acoustique<\/a> et MicrodB. Cette collaboration se poursuit actuellement dans le cadre du projet FUI LUG2 port\u00e9 par la soci\u00e9t\u00e9 MicrodB et soutenu par le p\u00f4le de comp\u00e9titivit\u00e9 <a href=\"http:\/\/www.minalogic.com\/\">Minalogic<\/a>.<\/p>\n<\/div>\n\n\n\n<div class=\"wp-block-column is-layout-flow wp-block-column-is-layout-flow\">\n<figure class=\"wp-block-image aligncenter size-full\"><img loading=\"lazy\" decoding=\"async\" width=\"263\" height=\"195\" src=\"https:\/\/math.univ-lyon1.fr\/icj\/wp-content\/uploads\/2024\/02\/microdb.jpg\" alt=\"\" class=\"wp-image-1384\" \/><\/figure>\n<\/div>\n<\/div>\n<\/div>\n\n\n\n<h1 class=\"wp-block-heading\" id=\"Neolys\">Neolys<\/h1>\n\n\n\n<p>La start-up <a href=\"http:\/\/www.neolysdiagnostics.com\/fr\/\">N\u00e9olys Diagnostics<\/a> co-finance avec le Labex <a href=\"http:\/\/milyon.universite-lyon.fr\/\">MILyon<\/a> une th\u00e8se en math\u00e9matiques appliqu\u00e9es \u00e0 l\u2019\u00e9tude de la quantification de la r\u00e9ponse d\u2019une tumeur solide apr\u00e8s un traitement par radioth\u00e9rapie.<br>Cette th\u00e8se \u00e0 mi-chemin entre le milieu industriel et acad\u00e9mique a pour objectif \u00e0 la fois de rapprocher&nbsp;ces deux mondes et de d\u00e9velopper des aspects innovants de radiobiologie.<\/p>\n\n\n\n<p>Visualisation d\u2019une cellule, avec en fluorescence, les prot\u00e9ines (ATM)&nbsp;qui sont impliqu\u00e9es dans la r\u00e9paration de l\u2019ADN apr\u00e8s irradiation.<\/p>\n\n\n\n<figure class=\"wp-block-image aligncenter size-full\"><img loading=\"lazy\" decoding=\"async\" width=\"588\" height=\"443\" src=\"https:\/\/math.univ-lyon1.fr\/icj\/wp-content\/uploads\/2024\/02\/neolys.jpg\" alt=\"\" class=\"wp-image-1394\" srcset=\"https:\/\/math.univ-lyon1.fr\/icj\/wp-content\/uploads\/2024\/02\/neolys.jpg 588w, https:\/\/math.univ-lyon1.fr\/icj\/wp-content\/uploads\/2024\/02\/neolys-300x226.jpg 300w\" sizes=\"auto, (max-width: 588px) 100vw, 588px\" \/><\/figure>\n\n\n\n<h1 class=\"wp-block-heading\" id=\"thales\">Thal\u00e8s et CNES<\/h1>\n\n\n\n<p>Deux collaborations avec Thal\u00e8s et le CNES, entre Lyon et Toulouse ont \u00e9t\u00e9 men\u00e9es.<\/p>\n\n\n\n<ul class=\"wp-block-list\">\n<li>Un premier travail a consist\u00e9 \u00e0 appliquer la th\u00e9orie des valeurs extr\u00eames univari\u00e9e sur les donn\u00e9es form\u00e9es comme des quotients entre les erreurs estim\u00e9es et les erreurs r\u00e9elles sur la localisation GNSS. Le but \u00e9tant de contr\u00f4ler ces quotients et donc de caract\u00e9riser les extr\u00eames en estimant la queue de distribution.<\/li>\n\n\n\n<li>Une seconde collaboration a \u00e9t\u00e9 mise en place pour \u00e9tudier la duplication des trajectoires pour l\u2019int\u00e9grit\u00e9 et la continuit\u00e9 EGNOS (EGNOS : syst\u00e8me utilisant les signaux de satellites en orbite g\u00e9ostationnaire) &#8211; GALILEO. Dans ce second travail la duplication de trajectoires (Splitting) a permis d\u2019estimer au mieux des \u00e9v\u00e9nement rares. Ces al\u00e9as redout\u00e9s sont des pannes ou des indisponibilit\u00e9s de composants dans un syst\u00e8me. L\u2019action men\u00e9e comprend \u00e9galement une comparaison \u00e0 d\u2019autres m\u00e9thodes de fiabilit\u00e9 et particuli\u00e8rement le r\u00e9seau de P\u00e9tri.<\/li>\n<\/ul>\n\n\n\n<figure class=\"wp-block-image aligncenter size-full\"><img loading=\"lazy\" decoding=\"async\" width=\"266\" height=\"152\" src=\"https:\/\/math.univ-lyon1.fr\/icj\/wp-content\/uploads\/2024\/02\/aero_gnss.png\" alt=\"\" class=\"wp-image-1400\" \/><\/figure>\n\n\n\n<h1 class=\"wp-block-heading\" id=\"volvo\">Volvo<\/h1>\n\n\n\n<p>Collaboration entre <strong>Volvo<\/strong> et <strong>l\u2019universit\u00e9 Lyon 1<\/strong> sur la cr\u00e9ation un g\u00e9n\u00e9rateur de cycles des itin\u00e9raires par des m\u00e9thodes statistiques.<\/p>\n\n\n\n<p>Un premier contrat de recherche avec l\u2019universit\u00e9 Chalmers (Su\u00e8de) et l\u2019entreprise Volvo (G\u00f6teborg, Su\u00e8de) a \u00e9t\u00e9 l\u2019occasion d\u2019une \u00e9tude comparative de traitements anti-corrosion \u00e0 l\u2019aide de mod\u00e8les de valeurs extr\u00eames. Dans le contexte de la corrosion de mat\u00e9riaux l\u00e9gers (aluminium, magn\u00e9sium, etc.), le risque \u00e0 \u00e9valuer est celui d\u2019une perforation (ph\u00e9nom\u00e8ne local de \u00ab\u00a0pit corrosion\u00a0\u00bb). La profondeur maximale des zones corrod\u00e9es est par suite la variable d\u2019int\u00e9r\u00eat, et les techniques classiques d\u2019analyse de variance ne sont pas applicables pour la comparaison des traitements dans ce cadre. Une m\u00e9thodologie pour la comparaison de traitements a \u00e9t\u00e9 mise en place, avec r\u00e9alisation d\u2019un logiciel destin\u00e9 \u00e0 l\u2019entreprise Volvo.<\/p>\n\n\n\n<div class=\"wp-block-group is-nowrap is-layout-flex wp-container-core-group-is-layout-8ccd210f wp-block-group-is-layout-flex\" style=\"border-top-width:2px;margin-top:var(--wp--preset--spacing--40);padding-top:var(--wp--preset--spacing--40)\">\n<div class=\"wp-block-columns are-vertically-aligned-center wp-container-content-9cfa9a5a is-layout-flex wp-container-core-columns-is-layout-28f84493 wp-block-columns-is-layout-flex\">\n<div class=\"wp-block-column is-vertically-aligned-center is-layout-flow wp-block-column-is-layout-flow\" style=\"flex-basis:220px\">\n<figure class=\"wp-block-image size-full\"><img loading=\"lazy\" decoding=\"async\" width=\"200\" height=\"165\" src=\"https:\/\/math.univ-lyon1.fr\/icj\/wp-content\/uploads\/2024\/03\/Logo_MSOAuRA__200x165.png\" alt=\"\" class=\"wp-image-1630\" \/><\/figure>\n<\/div>\n\n\n\n<div class=\"wp-block-column is-vertically-aligned-center is-layout-flow wp-block-column-is-layout-flow\">\n<h6 class=\"wp-block-heading\"><strong>VaLSEM est un noeud de MSO-AuRA (Mod\u00e9lisation, Simulation et Optimisation en r\u00e9gion Auvergne Rh\u00f4ne-Alpes) qui est partie prenante du r\u00e9seau des MSO national.<\/strong><\/h6>\n<\/div>\n\n\n\n<div class=\"wp-block-column is-vertically-aligned-center is-layout-flow wp-block-column-is-layout-flow\" style=\"flex-basis:220px\">\n<figure class=\"wp-block-image size-full\"><img loading=\"lazy\" decoding=\"async\" width=\"160\" height=\"150\" src=\"https:\/\/math.univ-lyon1.fr\/icj\/wp-content\/uploads\/2024\/03\/Logo_MSO__165x150.jpg\" alt=\"\" class=\"wp-image-1629\" \/><\/figure>\n<\/div>\n<\/div>\n<\/div>\n","protected":false},"excerpt":{"rendered":"<p>VaLSEM \u00a0: Valorisation Lyon Saint-Etienne en Math\u00e9matiques, un groupement de chercheurs en math\u00e9matiques en interaction avec les entreprises. Entreprises\u00a0: dopez votre comp\u00e9titivit\u00e9 par les math\u00e9matiques. L\u2019Institut Camille Jordan (ICJ) peut vous aider dans votre innovation. Contactez-nous pour toute demande en lien avec les math\u00e9matiques\u00a0! valsem@math.univ-lyon1.fr Les math\u00e9matiques participent \u00e0 15% de la valeur ajout\u00e9e fran\u00e7aise. [&hellip;]<\/p>\n","protected":false},"author":15,"featured_media":0,"parent":0,"menu_order":0,"comment_status":"closed","ping_status":"closed","template":"","meta":{"footnotes":""},"class_list":["post-1336","page","type-page","status-publish","hentry"],"_links":{"self":[{"href":"https:\/\/math.univ-lyon1.fr\/icj\/wp-json\/wp\/v2\/pages\/1336","targetHints":{"allow":["GET"]}}],"collection":[{"href":"https:\/\/math.univ-lyon1.fr\/icj\/wp-json\/wp\/v2\/pages"}],"about":[{"href":"https:\/\/math.univ-lyon1.fr\/icj\/wp-json\/wp\/v2\/types\/page"}],"author":[{"embeddable":true,"href":"https:\/\/math.univ-lyon1.fr\/icj\/wp-json\/wp\/v2\/users\/15"}],"replies":[{"embeddable":true,"href":"https:\/\/math.univ-lyon1.fr\/icj\/wp-json\/wp\/v2\/comments?post=1336"}],"version-history":[{"count":48,"href":"https:\/\/math.univ-lyon1.fr\/icj\/wp-json\/wp\/v2\/pages\/1336\/revisions"}],"predecessor-version":[{"id":1888,"href":"https:\/\/math.univ-lyon1.fr\/icj\/wp-json\/wp\/v2\/pages\/1336\/revisions\/1888"}],"wp:attachment":[{"href":"https:\/\/math.univ-lyon1.fr\/icj\/wp-json\/wp\/v2\/media?parent=1336"}],"curies":[{"name":"wp","href":"https:\/\/api.w.org\/{rel}","templated":true}]}}