{"id":1639,"date":"2024-03-11T12:42:41","date_gmt":"2024-03-11T11:42:41","guid":{"rendered":"https:\/\/math.univ-lyon1.fr\/icj\/?page_id=1639"},"modified":"2024-03-11T16:23:25","modified_gmt":"2024-03-11T15:23:25","slug":"seminaires","status":"publish","type":"page","link":"https:\/\/math.univ-lyon1.fr\/icj\/seminaires\/","title":{"rendered":"S\u00e9minaires"},"content":{"rendered":"\n<p>dans les prochains jours :<\/p>\n\n\n\n<div id=\"icon-cards-section\" style=\"background-color:#ffffff !important;border:solid 2px #6aa4d1;padding:20px\">Le&nbsp;mercredi 08 avril&nbsp;&agrave;&nbsp;14:00 : \nS\u00e9minaire Tensor Journal Club<br \/>\n<br \/>\nBenjamin McKenna: Moment-based approach to the injective norm of random tensors<br \/>\n<br \/>\n<div class=\"wp-block-button is-style-outline\"><a class=\"wp-block-button__link has-text-color wp-element-button\" style=\"border-radius:0px\" href=\"https:\/\/indico.math.cnrs.fr\/event\/16370\/\" target=\"_blank\">En savoir plus&#8230;<\/a><\/div>\n<\/div>\n<div id=\"icon-cards-section\" style=\"background-color:#ffffff !important;border:solid 2px #6aa4d1;padding:20px\">Le&nbsp;jeudi 09 avril&nbsp;&agrave;&nbsp;14:00 : \nS\u00e9minaire d'arithm\u00e9tique \u00e0 Lyon<br \/>\nArnab Kundu\n<br \/>\nPurity of Motivic Cohomology in mixed-characteristic<br \/>\n<br \/>\n<div class=\"wp-block-button is-style-outline\"><a class=\"wp-block-button__link has-text-color wp-element-button\" style=\"border-radius:0px\" href=\"https:\/\/indico.math.cnrs.fr\/event\/16329\/\" target=\"_blank\">En savoir plus&#8230;<\/a><\/div>\n<\/div>\n<div id=\"icon-cards-section\" style=\"background-color:#ffffff !important;border:solid 2px #6aa4d1;padding:20px\">Le&nbsp;jeudi 09 avril&nbsp;&agrave;&nbsp;14:00 : \nS\u00e9minaire de Probabilit\u00e9s commun ICJ\/UMPA<br \/>\nArmand Riera\n - LPSM<br \/>\nENS, 435<br \/>\nSelf-similar Markov trees<br \/>\n<br \/>\n<div class=\"wp-block-button is-style-outline\"><a class=\"wp-block-button__link has-text-color wp-element-button\" style=\"border-radius:0px\" href=\"https:\/\/indico.math.cnrs.fr\/event\/15366\/\" target=\"_blank\">En savoir plus&#8230;<\/a><\/div>\n<\/div>\n<div id=\"icon-cards-section\" style=\"background-color:#ffffff !important;border:solid 2px #6aa4d1;padding:20px\">Le&nbsp;vendredi 10 avril&nbsp;&agrave;&nbsp;11:15 : \nS\u00e9minaire G\u00e9om\u00e9tries ICJ<br \/>\nPac\u00f4me van Overschelde\n - Universit\u00e9 Libre de Bruxelles<br \/>\nICJ, 112<br \/>\nInterplay between Quantitative Aspects of LCS Geometry and Contact Dynamics<br \/>\n<br \/>\n<div class=\"wp-block-button is-style-outline\"><a class=\"wp-block-button__link has-text-color wp-element-button\" style=\"border-radius:0px\" href=\"https:\/\/indico.math.cnrs.fr\/event\/16334\/\" target=\"_blank\">En savoir plus&#8230;<\/a><\/div>\n<\/div>\n<div id=\"icon-cards-section\" style=\"background-color:#ffffff !important;border:solid 2px #6aa4d1;padding:20px\">Le&nbsp;vendredi 10 avril&nbsp;&agrave;&nbsp;14:00 : \nS\u00e9minaire Physique math\u00e9matique ICJ<br \/>\nYannic Vargas\n - Graz<br \/>\nBat. Braconnier, Fokko du Cloux<br \/>\nCaleidoscope<br \/>\n<br \/>\n<div class=\"wp-block-button is-style-outline\"><a class=\"wp-block-button__link has-text-color wp-element-button\" style=\"border-radius:0px\" href=\"https:\/\/indico.math.cnrs.fr\/event\/15671\/\" target=\"_blank\">En savoir plus&#8230;<\/a><\/div>\n<\/div>\n<div id=\"icon-cards-section\" style=\"background-color:#ffffff !important;border:solid 2px #6aa4d1;padding:20px\">Le&nbsp;lundi 20 avril&nbsp;&agrave;&nbsp;14:00 : \nS\u00e9minaire St\u00e9phanois de Math\u00e9matiques Accessibles<br \/>\nClaire Mme Amiot\n - Universit\u00e9 Grenoble Alpes<br \/>\nManufacture, L219<br \/>\nCarquois, triangulations et cat\u00e9gories.<br \/>\n<br \/>\n<div class=\"wp-block-button is-style-outline\"><a class=\"wp-block-button__link has-text-color wp-element-button\" style=\"border-radius:0px\" href=\"https:\/\/indico.math.cnrs.fr\/event\/16400\/\" target=\"_blank\">En savoir plus&#8230;<\/a><\/div>\n<\/div>\n<div id=\"icon-cards-section\" style=\"background-color:#ffffff !important;border:solid 2px #6aa4d1;padding:20px\">Le&nbsp;mardi 21 avril&nbsp;&agrave;&nbsp;09:00 : \nRencontres Statistiques Lyonnaises<br \/>\nRomane Giard\n<br \/>\nTBA<br \/>\n<br \/>\n<div class=\"wp-block-button is-style-outline\"><a class=\"wp-block-button__link has-text-color wp-element-button\" style=\"border-radius:0px\" href=\"https:\/\/indico.math.cnrs.fr\/event\/16219\/\" target=\"_blank\">En savoir plus&#8230;<\/a><\/div>\n<\/div>\n<div id=\"icon-cards-section\" style=\"background-color:#ffffff !important;border:solid 2px #6aa4d1;padding:20px\">Le&nbsp;mardi 21 avril&nbsp;&agrave;&nbsp;10:45 : \nS\u00e9minaire Combinatoire et Th\u00e9orie des Nombres ICJ<br \/>\nAntoine Abram\n - Universit\u00e9 de Li\u00e8ge<br \/>\nICJ, Universit\u00e9 Lyon 1, Salle Fokko du Cloux<br \/>\nAntoine Abram: TBA<br \/>\n<br \/>\n<div class=\"wp-block-button is-style-outline\"><a class=\"wp-block-button__link has-text-color wp-element-button\" style=\"border-radius:0px\" href=\"https:\/\/indico.math.cnrs.fr\/event\/16015\/\" target=\"_blank\">En savoir plus&#8230;<\/a><\/div>\n<\/div>\n<div id=\"icon-cards-section\" style=\"background-color:#ffffff !important;border:solid 2px #6aa4d1;padding:20px\">Le&nbsp;mardi 21 avril&nbsp;&agrave;&nbsp;14:00 : \nS\u00e9minaire EDP-Analyse ICJ<br \/>\nDaniele Bartolucci\n - Rome \"Tor Vergata\"<br \/>\nICJ, Fokko<br \/>\nThe Rabinowitz continuum of subcritical Gelfand problems and free boundary-type equations arising in plasma physics.<br \/>\n<br \/>\n<div class=\"wp-block-button is-style-outline\"><a class=\"wp-block-button__link has-text-color wp-element-button\" style=\"border-radius:0px\" href=\"https:\/\/indico.math.cnrs.fr\/event\/14815\/\" target=\"_blank\">En savoir plus&#8230;<\/a><\/div>\n<\/div>\n<div id=\"icon-cards-section\" style=\"background-color:#ffffff !important;border:solid 2px #6aa4d1;padding:20px\">Le&nbsp;jeudi 23 avril&nbsp;&agrave;&nbsp;14:00 : \nS\u00e9minaire de Probabilit\u00e9s commun ICJ\/UMPA<br \/>\nManon Michel\n<br \/>\nENS de Lyon, 435<br \/>\nTBD<br \/>\n<br \/>\n<div class=\"wp-block-button is-style-outline\"><a class=\"wp-block-button__link has-text-color wp-element-button\" style=\"border-radius:0px\" href=\"https:\/\/indico.math.cnrs.fr\/event\/15368\/\" target=\"_blank\">En savoir plus&#8230;<\/a><\/div>\n<\/div>\n<div id=\"icon-cards-section\" style=\"background-color:#ffffff !important;border:solid 2px #6aa4d1;padding:20px\">Le&nbsp;vendredi 24 avril&nbsp;&agrave;&nbsp;11:15 : \nS\u00e9minaire G\u00e9om\u00e9tries ICJ<br \/>\n<br \/>\nAndr\u00e9s Moreno, \"A parabolic flow for the large volume heterotic G2 system\"<br \/>\n<br \/>\n<div class=\"wp-block-button is-style-outline\"><a class=\"wp-block-button__link has-text-color wp-element-button\" style=\"border-radius:0px\" href=\"https:\/\/indico.math.cnrs.fr\/event\/16153\/\" target=\"_blank\">En savoir plus&#8230;<\/a><\/div>\n<\/div>\n<div id=\"icon-cards-section\" style=\"background-color:#ffffff !important;border:solid 2px #6aa4d1;padding:20px\">Le&nbsp;mardi 28 avril&nbsp;&agrave;&nbsp;11:15 : \nSeminaire Analyse Fonctionnelle<br \/>\n<br \/>\nMilan Donvil (ENS): TBA<br \/>\n<br \/>\n<div class=\"wp-block-button is-style-outline\"><a class=\"wp-block-button__link has-text-color wp-element-button\" style=\"border-radius:0px\" href=\"https:\/\/indico.math.cnrs.fr\/event\/16088\/\" target=\"_blank\">En savoir plus&#8230;<\/a><\/div>\n<\/div>\n<div id=\"icon-cards-section\" style=\"background-color:#ffffff !important;border:solid 2px #6aa4d1;padding:20px\">Le&nbsp;mardi 28 avril&nbsp;&agrave;&nbsp;14:00 : \nS\u00e9minaire MACS (Mod\u00e9lisation, Analyse et Calcul Scientifique).<br \/>\n<br \/>\nTino Laidin : \"TBA\"<br \/>\n<br \/>\n<div class=\"wp-block-button is-style-outline\"><a class=\"wp-block-button__link has-text-color wp-element-button\" style=\"border-radius:0px\" href=\"https:\/\/indico.math.cnrs.fr\/event\/15844\/\" target=\"_blank\">En savoir plus&#8230;<\/a><\/div>\n<\/div>\n<div id=\"icon-cards-section\" style=\"background-color:#ffffff !important;border:solid 2px #6aa4d1;padding:20px\">Le&nbsp;mardi 28 avril&nbsp;&agrave;&nbsp;15:15 : \nS\u00e9minaire MACS (Mod\u00e9lisation, Analyse et Calcul Scientifique).<br \/>\n<br \/>\nLouis Gar\u00e9naux : \"TBA\"<br \/>\n<br \/>\n<div class=\"wp-block-button is-style-outline\"><a class=\"wp-block-button__link has-text-color wp-element-button\" style=\"border-radius:0px\" href=\"https:\/\/indico.math.cnrs.fr\/event\/15911\/\" target=\"_blank\">En savoir plus&#8230;<\/a><\/div>\n<\/div>\n<div id=\"icon-cards-section\" style=\"background-color:#ffffff !important;border:solid 2px #6aa4d1;padding:20px\">Le&nbsp;mercredi 29 avril&nbsp;&agrave;&nbsp;14:00 : \nS\u00e9minaire Tensor Journal Club<br \/>\n<br \/>\nHannes Keppler<br \/>\n<br \/>\n<div class=\"wp-block-button is-style-outline\"><a class=\"wp-block-button__link has-text-color wp-element-button\" style=\"border-radius:0px\" href=\"https:\/\/indico.math.cnrs.fr\/event\/16369\/\" target=\"_blank\">En savoir plus&#8230;<\/a><\/div>\n<\/div>\n<div id=\"icon-cards-section\" style=\"background-color:#ffffff !important;border:solid 2px #6aa4d1;padding:20px\">Le&nbsp;jeudi 30 avril&nbsp;&agrave;&nbsp;11:15 : \nS\u00e9minaire Alg\u00e8bre ICJ<br \/>\nReinier Sorgdrager\n<br \/>\nBraconnier, 112<br \/>\nTBA<br \/>\n<br \/>\n<div class=\"wp-block-button is-style-outline\"><a class=\"wp-block-button__link has-text-color wp-element-button\" style=\"border-radius:0px\" href=\"https:\/\/indico.math.cnrs.fr\/event\/16164\/\" target=\"_blank\">En savoir plus&#8230;<\/a><\/div>\n<\/div>\n<div id=\"icon-cards-section\" style=\"background-color:#ffffff !important;border:solid 2px #6aa4d1;padding:20px\">Le&nbsp;jeudi 30 avril&nbsp;&agrave;&nbsp;14:00 : \nS\u00e9minaire de Probabilit\u00e9s commun ICJ\/UMPA<br \/>\nLucas Teyssier\n - IECL<br \/>\nICJ, Fokko du Cloux<br \/>\nTBD<br \/>\n<br \/>\n<div class=\"wp-block-button is-style-outline\"><a class=\"wp-block-button__link has-text-color wp-element-button\" style=\"border-radius:0px\" href=\"https:\/\/indico.math.cnrs.fr\/event\/15369\/\" target=\"_blank\">En savoir plus&#8230;<\/a><\/div>\n<\/div>\n<div id=\"icon-cards-section\" style=\"background-color:#ffffff !important;border:solid 2px #6aa4d1;padding:20px\">Le&nbsp;mardi 05 mai&nbsp;&agrave;&nbsp;11:15 : \nSeminaire Analyse Fonctionnelle<br \/>\n<br \/>\nSoham Chakraborty (ENS): TBA<br \/>\n<br \/>\n<div class=\"wp-block-button is-style-outline\"><a class=\"wp-block-button__link has-text-color wp-element-button\" style=\"border-radius:0px\" href=\"https:\/\/indico.math.cnrs.fr\/event\/16089\/\" target=\"_blank\">En savoir plus&#8230;<\/a><\/div>\n<\/div>\n<div id=\"icon-cards-section\" style=\"background-color:#ffffff !important;border:solid 2px #6aa4d1;padding:20px\">Le&nbsp;mardi 05 mai&nbsp;&agrave;&nbsp;14:00 : \nS\u00e9minaire EDP-Analyse ICJ<br \/>\n<br \/>\nICJ, Fokko<br \/>\nTBA.<br \/>\n<br \/>\n<div class=\"wp-block-button is-style-outline\"><a class=\"wp-block-button__link has-text-color wp-element-button\" style=\"border-radius:0px\" href=\"https:\/\/indico.math.cnrs.fr\/event\/14817\/\" target=\"_blank\">En savoir plus&#8230;<\/a><\/div>\n<\/div>\n<div id=\"icon-cards-section\" style=\"background-color:#ffffff !important;border:solid 2px #6aa4d1;padding:20px\">Le&nbsp;mercredi 06 mai&nbsp;&agrave;&nbsp;14:00 : \nS\u00e9minaire Tensor Journal Club<br \/>\n<br \/>\nIlya Chevyrev<br \/>\n<br \/>\n<div class=\"wp-block-button is-style-outline\"><a class=\"wp-block-button__link has-text-color wp-element-button\" style=\"border-radius:0px\" href=\"https:\/\/indico.math.cnrs.fr\/event\/16381\/\" target=\"_blank\">En savoir plus&#8230;<\/a><\/div>\n<\/div>\n<div id=\"icon-cards-section\" style=\"background-color:#ffffff !important;border:solid 2px #6aa4d1;padding:20px\">Le&nbsp;jeudi 07 mai&nbsp;&agrave;&nbsp;09:00 : \nS\u00e9minaire Alg\u00e8bre ICJ<br \/>\nSira Busch\n<br \/>\nBraconnier, 112<br \/>\nTBA<br \/>\n<br \/>\n<div class=\"wp-block-button is-style-outline\"><a class=\"wp-block-button__link has-text-color wp-element-button\" style=\"border-radius:0px\" href=\"https:\/\/indico.math.cnrs.fr\/event\/16119\/\" target=\"_blank\">En savoir plus&#8230;<\/a><\/div>\n<\/div>\n<div id=\"icon-cards-section\" style=\"background-color:#ffffff !important;border:solid 2px #6aa4d1;padding:20px\">Le&nbsp;jeudi 07 mai&nbsp;&agrave;&nbsp;14:00 : \nS\u00e9minaire de Probabilit\u00e9s commun ICJ\/UMPA<br \/>\nCyril Labb\u00e9\n - LPSM<br \/>\nICJ, Fokko du Cloux<br \/>\nTBD<br \/>\n<br \/>\n<div class=\"wp-block-button is-style-outline\"><a class=\"wp-block-button__link has-text-color wp-element-button\" style=\"border-radius:0px\" href=\"https:\/\/indico.math.cnrs.fr\/event\/15370\/\" target=\"_blank\">En savoir plus&#8230;<\/a><\/div>\n<\/div>\n<div id=\"icon-cards-section\" style=\"background-color:#ffffff !important;border:solid 2px #6aa4d1;padding:20px\">Le&nbsp;mardi 12 mai&nbsp;&agrave;&nbsp;14:00 : \nS\u00e9minaire MACS (Mod\u00e9lisation, Analyse et Calcul Scientifique).<br \/>\n<br \/>\nL\u00e9naic Chizat : \"TBA\"<br \/>\n<br \/>\n<div class=\"wp-block-button is-style-outline\"><a class=\"wp-block-button__link has-text-color wp-element-button\" style=\"border-radius:0px\" href=\"https:\/\/indico.math.cnrs.fr\/event\/15846\/\" target=\"_blank\">En savoir plus&#8230;<\/a><\/div>\n<\/div>\n<div id=\"icon-cards-section\" style=\"background-color:#ffffff !important;border:solid 2px #6aa4d1;padding:20px\">Le&nbsp;mardi 12 mai&nbsp;&agrave;&nbsp;15:15 : \nS\u00e9minaire MACS (Mod\u00e9lisation, Analyse et Calcul Scientifique).<br \/>\n<br \/>\nBertrand Maury: \"TBA\"<br \/>\n<br \/>\n<div class=\"wp-block-button is-style-outline\"><a class=\"wp-block-button__link has-text-color wp-element-button\" style=\"border-radius:0px\" href=\"https:\/\/indico.math.cnrs.fr\/event\/15845\/\" target=\"_blank\">En savoir plus&#8230;<\/a><\/div>\n<\/div>\n<div id=\"icon-cards-section\" style=\"background-color:#ffffff !important;border:solid 2px #6aa4d1;padding:20px\">Le&nbsp;mardi 19 mai&nbsp;&agrave;&nbsp;10:45 : \nS\u00e9minaire Combinatoire et Th\u00e9orie des Nombres ICJ<br \/>\nShalom Eliahou\n - Universit\u00e9 du Littoral C\u00f4te d'Opale (Calais)<br \/>\nICJ, Universit\u00e9 Lyon 1, Salle Fokko du Cloux<br \/>\nShalom Eliahou: TBA<br \/>\n<br \/>\n<div class=\"wp-block-button is-style-outline\"><a class=\"wp-block-button__link has-text-color wp-element-button\" style=\"border-radius:0px\" href=\"https:\/\/indico.math.cnrs.fr\/event\/15967\/\" target=\"_blank\">En savoir plus&#8230;<\/a><\/div>\n<\/div>\n<div id=\"icon-cards-section\" style=\"background-color:#ffffff !important;border:solid 2px #6aa4d1;padding:20px\">Le&nbsp;mardi 19 mai&nbsp;&agrave;&nbsp;14:00 : \nS\u00e9minaire EDP-Analyse ICJ<br \/>\n<br \/>\nICJ, Fokko<br \/>\nTBA.<br \/>\n<br \/>\n<div class=\"wp-block-button is-style-outline\"><a class=\"wp-block-button__link has-text-color wp-element-button\" style=\"border-radius:0px\" href=\"https:\/\/indico.math.cnrs.fr\/event\/14819\/\" target=\"_blank\">En savoir plus&#8230;<\/a><\/div>\n<\/div>\n<div id=\"icon-cards-section\" style=\"background-color:#ffffff !important;border:solid 2px #6aa4d1;padding:20px\">Le&nbsp;jeudi 21 mai&nbsp;&agrave;&nbsp;14:00 : \nS\u00e9minaire de Probabilit\u00e9s commun ICJ\/UMPA<br \/>\nVincent Bansaye\n<br \/>\nENS de Lyon, 435<br \/>\nConvergence of Interacting Particle Systems toward Cross-Diffusion Equations<br \/>\n<br \/>\n<div class=\"wp-block-button is-style-outline\"><a class=\"wp-block-button__link has-text-color wp-element-button\" style=\"border-radius:0px\" href=\"https:\/\/indico.math.cnrs.fr\/event\/15372\/\" target=\"_blank\">En savoir plus&#8230;<\/a><\/div>\n<\/div>\n<div id=\"icon-cards-section\" style=\"background-color:#ffffff !important;border:solid 2px #6aa4d1;padding:20px\">Le&nbsp;vendredi 22 mai&nbsp;&agrave;&nbsp;11:15 : \nS\u00e9minaire G\u00e9om\u00e9tries ICJ<br \/>\nAnthony Genevois\n<br \/>\nICJ, 112<br \/>\nTBA<br \/>\n<br \/>\n<div class=\"wp-block-button is-style-outline\"><a class=\"wp-block-button__link has-text-color wp-element-button\" style=\"border-radius:0px\" href=\"https:\/\/indico.math.cnrs.fr\/event\/15961\/\" target=\"_blank\">En savoir plus&#8230;<\/a><\/div>\n<\/div>\n<div id=\"icon-cards-section\" style=\"background-color:#ffffff !important;border:solid 2px #6aa4d1;padding:20px\">Le&nbsp;mardi 26 mai&nbsp;&agrave;&nbsp;10:45 : \nS\u00e9minaire Combinatoire et Th\u00e9orie des Nombres ICJ<br \/>\nProf. Valentin Bonzom\n - LIGM Universit\u00e9 Gustave Eiffel<br \/>\nICJ, Universit\u00e9 Lyon 1, Salle Fokko du Cloux<br \/>\nValentin Bonzom: TBA<br \/>\n<br \/>\n<div class=\"wp-block-button is-style-outline\"><a class=\"wp-block-button__link has-text-color wp-element-button\" style=\"border-radius:0px\" href=\"https:\/\/indico.math.cnrs.fr\/event\/16336\/\" target=\"_blank\">En savoir plus&#8230;<\/a><\/div>\n<\/div>\n<div id=\"icon-cards-section\" style=\"background-color:#ffffff !important;border:solid 2px #6aa4d1;padding:20px\">Le&nbsp;mardi 26 mai&nbsp;&agrave;&nbsp;14:00 : \nS\u00e9minaire MACS (Mod\u00e9lisation, Analyse et Calcul Scientifique).<br \/>\n<br \/>\nDelphine Salort : \"TBA\"<br \/>\n<br \/>\n<div class=\"wp-block-button is-style-outline\"><a class=\"wp-block-button__link has-text-color wp-element-button\" style=\"border-radius:0px\" href=\"https:\/\/indico.math.cnrs.fr\/event\/15848\/\" target=\"_blank\">En savoir plus&#8230;<\/a><\/div>\n<\/div>\n<div id=\"icon-cards-section\" style=\"background-color:#ffffff !important;border:solid 2px #6aa4d1;padding:20px\">Le&nbsp;mardi 26 mai&nbsp;&agrave;&nbsp;15:15 : \nS\u00e9minaire MACS (Mod\u00e9lisation, Analyse et Calcul Scientifique).<br \/>\n<br \/>\nRaluca Eftimie : \"TBA\"<br \/>\n<br \/>\n<div class=\"wp-block-button is-style-outline\"><a class=\"wp-block-button__link has-text-color wp-element-button\" style=\"border-radius:0px\" href=\"https:\/\/indico.math.cnrs.fr\/event\/15847\/\" target=\"_blank\">En savoir plus&#8230;<\/a><\/div>\n<\/div>\n<div id=\"icon-cards-section\" style=\"background-color:#ffffff !important;border:solid 2px #6aa4d1;padding:20px\">Le&nbsp;jeudi 28 mai&nbsp;&agrave;&nbsp;14:00 : \nS\u00e9minaire de Probabilit\u00e9s commun ICJ\/UMPA<br \/>\nGuillaume Barraquand\n - LPENS<br \/>\nICJ, Fokko du Cloux<br \/>\nTBD<br \/>\n<br \/>\n<div class=\"wp-block-button is-style-outline\"><a class=\"wp-block-button__link has-text-color wp-element-button\" style=\"border-radius:0px\" href=\"https:\/\/indico.math.cnrs.fr\/event\/15373\/\" target=\"_blank\">En savoir plus&#8230;<\/a><\/div>\n<\/div>\n<div id=\"icon-cards-section\" style=\"background-color:#ffffff !important;border:solid 2px #6aa4d1;padding:20px\">Le&nbsp;vendredi 29 mai&nbsp;&agrave;&nbsp;11:15 : \nS\u00e9minaire G\u00e9om\u00e9tries ICJ<br \/>\nAnne Parreau\n - Universit\u00e9 Grenoble-Alpes<br \/>\nICJ, 112<br \/>\nTBA<br \/>\n<br \/>\n<div class=\"wp-block-button is-style-outline\"><a class=\"wp-block-button__link has-text-color wp-element-button\" style=\"border-radius:0px\" href=\"https:\/\/indico.math.cnrs.fr\/event\/16065\/\" target=\"_blank\">En savoir plus&#8230;<\/a><\/div>\n<\/div>\n<div id=\"icon-cards-section\" style=\"background-color:#ffffff !important;border:solid 2px #6aa4d1;padding:20px\">Le&nbsp;vendredi 29 mai&nbsp;&agrave;&nbsp;14:00 : \nS\u00e9minaire Physique math\u00e9matique ICJ<br \/>\nTeun van Nuland\n - Delft<br \/>\nBat. Braconnier, Fokko du Cloux<br \/>\nTBA<br \/>\n<br \/>\n<div class=\"wp-block-button is-style-outline\"><a class=\"wp-block-button__link has-text-color wp-element-button\" style=\"border-radius:0px\" href=\"https:\/\/indico.math.cnrs.fr\/event\/15672\/\" target=\"_blank\">En savoir plus&#8230;<\/a><\/div>\n<\/div>\n<div id=\"icon-cards-section\" style=\"background-color:#ffffff !important;border:solid 2px #6aa4d1;padding:20px\">Le&nbsp;mardi 02 juin&nbsp;&agrave;&nbsp;11:15 : \nSeminaire Analyse Fonctionnelle<br \/>\n<br \/>\nMatthieu Joseph (Universit\u00e9 Paris Cit\u00e9): TBA<br \/>\n<br \/>\n<div class=\"wp-block-button is-style-outline\"><a class=\"wp-block-button__link has-text-color wp-element-button\" style=\"border-radius:0px\" href=\"https:\/\/indico.math.cnrs.fr\/event\/16090\/\" target=\"_blank\">En savoir plus&#8230;<\/a><\/div>\n<\/div>\n<div id=\"icon-cards-section\" style=\"background-color:#ffffff !important;border:solid 2px #6aa4d1;padding:20px\">Le&nbsp;jeudi 04 juin&nbsp;&agrave;&nbsp;14:00 : \nS\u00e9minaire de Probabilit\u00e9s commun ICJ\/UMPA<br \/>\n<br \/>\nICJ, Fokko du Cloux<br \/>\nTBD<br \/>\n<br \/>\n<div class=\"wp-block-button is-style-outline\"><a class=\"wp-block-button__link has-text-color wp-element-button\" style=\"border-radius:0px\" href=\"https:\/\/indico.math.cnrs.fr\/event\/15374\/\" target=\"_blank\">En savoir plus&#8230;<\/a><\/div>\n<\/div>\n<div id=\"icon-cards-section\" style=\"background-color:#ffffff !important;border:solid 2px #6aa4d1;padding:20px\">Le&nbsp;jeudi 04 juin&nbsp;&agrave;&nbsp;14:00 : \nS\u00e9minaire d'arithm\u00e9tique \u00e0 Lyon<br \/>\nCl\u00e9mence Chevignard\n<br \/>\ntba (Cl\u00e9mence Chevignard)<br \/>\n<br \/>\n<div class=\"wp-block-button is-style-outline\"><a class=\"wp-block-button__link has-text-color wp-element-button\" style=\"border-radius:0px\" href=\"https:\/\/indico.math.cnrs.fr\/event\/16282\/\" target=\"_blank\">En savoir plus&#8230;<\/a><\/div>\n<\/div>\n<div id=\"icon-cards-section\" style=\"background-color:#ffffff !important;border:solid 2px #6aa4d1;padding:20px\">Le&nbsp;vendredi 05 juin&nbsp;&agrave;&nbsp;14:00 : \nS\u00e9minaire Physique math\u00e9matique ICJ<br \/>\nRafal Suszek\n<br \/>\nBat. Braconnier, Fokko du Cloux<br \/>\nTBA<br \/>\n<br \/>\n<div class=\"wp-block-button is-style-outline\"><a class=\"wp-block-button__link has-text-color wp-element-button\" style=\"border-radius:0px\" href=\"https:\/\/indico.math.cnrs.fr\/event\/16353\/\" target=\"_blank\">En savoir plus&#8230;<\/a><\/div>\n<\/div>\n<div id=\"icon-cards-section\" style=\"background-color:#ffffff !important;border:solid 2px #6aa4d1;padding:20px\">Le&nbsp;mardi 09 juin&nbsp;&agrave;&nbsp;10:45 : \nS\u00e9minaire Combinatoire et Th\u00e9orie des Nombres ICJ<br \/>\nJudith Marquardt\n - Universit\u00e9 de Grenoble Alpes<br \/>\nICJ, Universit\u00e9 Lyon 1, Salle Fokko du Cloux<br \/>\nTBA<br \/>\n<br \/>\n<div class=\"wp-block-button is-style-outline\"><a class=\"wp-block-button__link has-text-color wp-element-button\" style=\"border-radius:0px\" href=\"https:\/\/indico.math.cnrs.fr\/event\/15924\/\" target=\"_blank\">En savoir plus&#8230;<\/a><\/div>\n<\/div>\n<div id=\"icon-cards-section\" style=\"background-color:#ffffff !important;border:solid 2px #6aa4d1;padding:20px\">Le&nbsp;mardi 09 juin&nbsp;&agrave;&nbsp;11:15 : \nSeminaire Analyse Fonctionnelle<br \/>\n<br \/>\nVincent Dumoncel: TBA<br \/>\n<br \/>\n<div class=\"wp-block-button is-style-outline\"><a class=\"wp-block-button__link has-text-color wp-element-button\" style=\"border-radius:0px\" href=\"https:\/\/indico.math.cnrs.fr\/event\/16284\/\" target=\"_blank\">En savoir plus&#8230;<\/a><\/div>\n<\/div>\n<div id=\"icon-cards-section\" style=\"background-color:#ffffff !important;border:solid 2px #6aa4d1;padding:20px\">Le&nbsp;jeudi 11 juin&nbsp;&agrave;&nbsp;14:00 : \nS\u00e9minaire d'arithm\u00e9tique \u00e0 Lyon<br \/>\nJulien Soumier\n<br \/>\ntba (Julien Soumier)<br \/>\n<br \/>\n<div class=\"wp-block-button is-style-outline\"><a class=\"wp-block-button__link has-text-color wp-element-button\" style=\"border-radius:0px\" href=\"https:\/\/indico.math.cnrs.fr\/event\/16283\/\" target=\"_blank\">En savoir plus&#8230;<\/a><\/div>\n<\/div>\n<div id=\"icon-cards-section\" style=\"background-color:#ffffff !important;border:solid 2px #6aa4d1;padding:20px\">Le&nbsp;jeudi 11 juin&nbsp;&agrave;&nbsp;14:00 : \nS\u00e9minaire de Probabilit\u00e9s commun ICJ\/UMPA<br \/>\n<br \/>\nICJ, Fokko du Cloux<br \/>\nTBD<br \/>\n<br \/>\n<div class=\"wp-block-button is-style-outline\"><a class=\"wp-block-button__link has-text-color wp-element-button\" style=\"border-radius:0px\" href=\"https:\/\/indico.math.cnrs.fr\/event\/15375\/\" target=\"_blank\">En savoir plus&#8230;<\/a><\/div>\n<\/div>\n<div id=\"icon-cards-section\" style=\"background-color:#ffffff !important;border:solid 2px #6aa4d1;padding:20px\">Le&nbsp;vendredi 12 juin&nbsp;&agrave;&nbsp;11:15 : \nS\u00e9minaire G\u00e9om\u00e9tries ICJ<br \/>\nMarie Trin\n<br \/>\nICJ, 112<br \/>\nTBA<br \/>\n<br \/>\n<div class=\"wp-block-button is-style-outline\"><a class=\"wp-block-button__link has-text-color wp-element-button\" style=\"border-radius:0px\" href=\"https:\/\/indico.math.cnrs.fr\/event\/15962\/\" target=\"_blank\">En savoir plus&#8230;<\/a><\/div>\n<\/div>\n<div id=\"icon-cards-section\" style=\"background-color:#ffffff !important;border:solid 2px #6aa4d1;padding:20px\">Le&nbsp;jeudi 18 juin&nbsp;&agrave;&nbsp;14:00 : \nS\u00e9minaire de Probabilit\u00e9s commun ICJ\/UMPA<br \/>\n<br \/>\nICJ, Fokko du Cloux<br \/>\nTBD<br \/>\n<br \/>\n<div class=\"wp-block-button is-style-outline\"><a class=\"wp-block-button__link has-text-color wp-element-button\" style=\"border-radius:0px\" href=\"https:\/\/indico.math.cnrs.fr\/event\/15376\/\" target=\"_blank\">En savoir plus&#8230;<\/a><\/div>\n<\/div>\n<div id=\"icon-cards-section\" style=\"background-color:#ffffff !important;border:solid 2px #6aa4d1;padding:20px\">Le&nbsp;vendredi 19 juin&nbsp;&agrave;&nbsp;11:15 : \nS\u00e9minaire G\u00e9om\u00e9tries ICJ<br \/>\nJean Lecureux\n - Universit\u00e9 de Bordeaux<br \/>\nICJ, 112<br \/>\nTBA<br \/>\n<br \/>\n<div class=\"wp-block-button is-style-outline\"><a class=\"wp-block-button__link has-text-color wp-element-button\" style=\"border-radius:0px\" href=\"https:\/\/indico.math.cnrs.fr\/event\/16077\/\" target=\"_blank\">En savoir plus&#8230;<\/a><\/div>\n<\/div>\n<div id=\"icon-cards-section\" style=\"background-color:#ffffff !important;border:solid 2px #6aa4d1;padding:20px\">Le&nbsp;jeudi 25 juin&nbsp;&agrave;&nbsp;14:00 : \nS\u00e9minaire de Probabilit\u00e9s commun ICJ\/UMPA<br \/>\n<br \/>\nICJ, Fokko du Cloux<br \/>\nTBD<br \/>\n<br \/>\n<div class=\"wp-block-button is-style-outline\"><a class=\"wp-block-button__link has-text-color wp-element-button\" style=\"border-radius:0px\" href=\"https:\/\/indico.math.cnrs.fr\/event\/15377\/\" target=\"_blank\">En savoir plus&#8230;<\/a><\/div>\n<\/div>\n\n","protected":false},"excerpt":{"rendered":"<p>dans les prochains jours :<\/p>\n","protected":false},"author":1,"featured_media":0,"parent":0,"menu_order":0,"comment_status":"closed","ping_status":"closed","template":"","meta":{"footnotes":""},"class_list":["post-1639","page","type-page","status-publish","hentry"],"_links":{"self":[{"href":"https:\/\/math.univ-lyon1.fr\/icj\/wp-json\/wp\/v2\/pages\/1639","targetHints":{"allow":["GET"]}}],"collection":[{"href":"https:\/\/math.univ-lyon1.fr\/icj\/wp-json\/wp\/v2\/pages"}],"about":[{"href":"https:\/\/math.univ-lyon1.fr\/icj\/wp-json\/wp\/v2\/types\/page"}],"author":[{"embeddable":true,"href":"https:\/\/math.univ-lyon1.fr\/icj\/wp-json\/wp\/v2\/users\/1"}],"replies":[{"embeddable":true,"href":"https:\/\/math.univ-lyon1.fr\/icj\/wp-json\/wp\/v2\/comments?post=1639"}],"version-history":[{"count":4,"href":"https:\/\/math.univ-lyon1.fr\/icj\/wp-json\/wp\/v2\/pages\/1639\/revisions"}],"predecessor-version":[{"id":1646,"href":"https:\/\/math.univ-lyon1.fr\/icj\/wp-json\/wp\/v2\/pages\/1639\/revisions\/1646"}],"wp:attachment":[{"href":"https:\/\/math.univ-lyon1.fr\/icj\/wp-json\/wp\/v2\/media?parent=1639"}],"curies":[{"name":"wp","href":"https:\/\/api.w.org\/{rel}","templated":true}]}}