{"id":1739,"date":"2024-03-19T11:09:20","date_gmt":"2024-03-19T10:09:20","guid":{"rendered":"https:\/\/math.univ-lyon1.fr\/icj\/?page_id=1739"},"modified":"2024-03-19T12:26:59","modified_gmt":"2024-03-19T11:26:59","slug":"recrutements-archives","status":"publish","type":"page","link":"https:\/\/math.univ-lyon1.fr\/icj\/recrutements-archives\/","title":{"rendered":"Recrutements archives"},"content":{"rendered":"\n<div class=\"wp-block-group is-nowrap is-layout-flex wp-container-core-group-is-layout-6c531013 wp-block-group-is-layout-flex\">\n<div class=\"wp-block-columns are-vertically-aligned-center wp-container-content-9cfa9a5a is-layout-flex wp-container-core-columns-is-layout-28f84493 wp-block-columns-is-layout-flex\">\n<div class=\"wp-block-column is-vertically-aligned-center is-layout-flow wp-block-column-is-layout-flow\" style=\"flex-basis:350px\">\n<figure class=\"wp-block-image size-full\"><img loading=\"lazy\" decoding=\"async\" width=\"300\" height=\"300\" src=\"https:\/\/math.univ-lyon1.fr\/icj\/wp-content\/uploads\/2024\/02\/Logo_Recrutements_300x300.png\" alt=\"\" class=\"wp-image-1504\" srcset=\"https:\/\/math.univ-lyon1.fr\/icj\/wp-content\/uploads\/2024\/02\/Logo_Recrutements_300x300.png 300w, https:\/\/math.univ-lyon1.fr\/icj\/wp-content\/uploads\/2024\/02\/Logo_Recrutements_300x300-150x150.png 150w\" sizes=\"auto, (max-width: 300px) 100vw, 300px\" \/><\/figure>\n<\/div>\n\n\n\n<div class=\"wp-block-column is-vertically-aligned-center is-layout-flow wp-block-column-is-layout-flow\">\n<h1 class=\"wp-block-heading\">Recrutements archives :<\/h1>\n<\/div>\n<\/div>\n<\/div>\n\n\n\n<h4 class=\"wp-block-heading\">Recrutements 2019<\/h4>\n\n\n\n<figure class=\"wp-block-table\"><table><tbody><tr><td>Yohann De Castro<\/td><td>&nbsp;<\/td><td>PR ECL<\/td><td>&nbsp;<\/td><td>statistiques, apprentissage<\/td><\/tr><tr><td>Tuan Ngo Dac<\/td><td>&nbsp;<\/td><td>CR CNRS<\/td><td>&nbsp;<\/td><td>arithm\u00e9tique, combinatoire<\/td><\/tr><tr><td>Todor Tsankov<\/td><td>&nbsp;<\/td><td>PR UCBL<\/td><td>&nbsp;<\/td><td>syst\u00e8mes dynamiques, th\u00e9orie des mod\u00e8les<\/td><\/tr><\/tbody><\/table><\/figure>\n\n\n\n<h4 class=\"wp-block-heading\">Recrutements 2018<\/h4>\n\n\n\n<figure class=\"wp-block-table\"><table><tbody><tr><td>Jehanne Dousse<\/td><td>&nbsp;<\/td><td>CR CNRS<\/td><td>&nbsp;<\/td><td>combinatoire, th\u00e9orie des nombres<\/td><\/tr><tr><td>St\u00e9phane Druel<\/td><td>&nbsp;<\/td><td>DR CNRS<\/td><td>&nbsp;<\/td><td>g\u00e9om\u00e9trie, alg\u00e8bre<\/td><\/tr><tr><td>Dieter Mitsche<\/td><td>&nbsp;<\/td><td>PR UJM<\/td><td>&nbsp;<\/td><td>probabilit\u00e9s<\/td><\/tr><tr><td>Julien Roques<\/td><td>&nbsp;<\/td><td>PR UCBL<\/td><td>&nbsp;<\/td><td>th\u00e9orie des nombres<\/td><\/tr><tr><td>Filippo Santambrogio<\/td><td>&nbsp;<\/td><td>PR UCBL<\/td><td>&nbsp;<\/td><td>optimisation, analyse, mod\u00e9lisation<\/td><\/tr><\/tbody><\/table><\/figure>\n\n\n\n<h4 class=\"wp-block-heading\">Recrutements 2017<\/h4>\n\n\n\n<figure class=\"wp-block-table\"><table><tbody><tr><td>Olivier Bodart<\/td><td>&nbsp;<\/td><td>MCF UJM<\/td><td>&nbsp;<\/td><td>calcul scientifique<\/td><\/tr><tr><td>Yves de Cornulier<\/td><td>&nbsp;<\/td><td>DR CNRS<\/td><td>&nbsp;<\/td><td>g\u00e9om\u00e9trie<\/td><\/tr><tr><td>H\u00e9l\u00e8ne Hivert<\/td><td>&nbsp;<\/td><td>MCF ECL<\/td><td>&nbsp;<\/td><td>analyse num\u00e9rique<\/td><\/tr><tr><td>Ludovic Patey<\/td><td>&nbsp;<\/td><td>CR CNRS<\/td><td>&nbsp;<\/td><td>combinatoire, logique<\/td><\/tr><tr><td>Pierre-Damien Thizy<\/td><td>&nbsp;<\/td><td>MCF UCBL<\/td><td>&nbsp;<\/td><td>analyse<\/td><\/tr><\/tbody><\/table><\/figure>\n\n\n\n<h4 class=\"wp-block-heading\">Recrutements 2016<\/h4>\n\n\n\n<figure class=\"wp-block-table\"><table><tbody><tr><td>Sylvain Arguill\u00e8re<\/td><td>&nbsp;<\/td><td>CR CNRS<\/td><td>&nbsp;<\/td><td>mod\u00e9lisation, analyse<\/td><\/tr><tr><td>Vincent Calvez<\/td><td>&nbsp;<\/td><td>DR CNRS<\/td><td>&nbsp;<\/td><td>mod\u00e9lisation, EDP<\/td><\/tr><tr><td>Roland Denis<\/td><td>&nbsp;<\/td><td>IR CNRS<\/td><td>&nbsp;<\/td><td>calcul scientifique<\/td><\/tr><tr><td>Arnaud Duran<\/td><td>&nbsp;<\/td><td>MCF UCBL<\/td><td>&nbsp;<\/td><td>analyse num\u00e9rique<\/td><\/tr><tr><td>Benoit Fabr\u00e8ges<\/td><td>&nbsp;<\/td><td>IR UCBL<\/td><td>&nbsp;<\/td><td>calcul scientifique<\/td><\/tr><tr><td>Fr\u00e9d\u00e9ric Lagouti\u00e8re<\/td><td>&nbsp;<\/td><td>PR UCBL<\/td><td>&nbsp;<\/td><td>analyse num\u00e9rique<\/td><\/tr><tr><td>Fran\u00e7ois L\u00ea<\/td><td>&nbsp;<\/td><td>MCF UCBL<\/td><td>&nbsp;<\/td><td>histoire des math\u00e9matiques<\/td><\/tr><tr><td>Klaus Niederkr\u00fcger<\/td><td>&nbsp;<\/td><td>PR UCBL<\/td><td>&nbsp;<\/td><td>g\u00e9om\u00e9trie<\/td><\/tr><tr><td>Jean-Marie St\u00e9phan<\/td><td>&nbsp;<\/td><td>CR CNRS<\/td><td>&nbsp;<\/td><td>physique math\u00e9matique<\/td><\/tr><\/tbody><\/table><\/figure>\n\n\n\n<h4 class=\"wp-block-heading\">Recrutements 2015<\/h4>\n\n\n\n<figure class=\"wp-block-table\"><table><tbody><tr><td>Charles-\u00c9douard Br\u00e9hier<\/td><td>&nbsp;<\/td><td>CR CNRS<\/td><td>&nbsp;<\/td><td>probabilit\u00e9s, statistique, physique math\u00e9matique<\/td><\/tr><tr><td>Nguyen Viet Dang<\/td><td>&nbsp;<\/td><td>MCF UCBL<\/td><td>&nbsp;<\/td><td>probabilit\u00e9s, statistique, physique math\u00e9matique<\/td><\/tr><tr><td>Francesco Fanelli<\/td><td>&nbsp;<\/td><td>MCF UCBL<\/td><td>&nbsp;<\/td><td>EDP, analyse<\/td><\/tr><tr><td>Cl\u00e9ment Marteau<\/td><td>&nbsp;<\/td><td>PR UCBL<\/td><td>&nbsp;<\/td><td>probabilit\u00e9s, statistique, physique math\u00e9matique<\/td><\/tr><tr><td>Christophe Poquet<\/td><td>&nbsp;<\/td><td>MCF UCBL<\/td><td>&nbsp;<\/td><td>probabilit\u00e9s, statistique, physique math\u00e9matique<\/td><\/tr><tr><td>Laurent Seppecher<\/td><td>&nbsp;<\/td><td>MCF ECL<\/td><td>&nbsp;<\/td><td>mod\u00e9lisation math\u00e9matique, calcul scientifique<\/td><\/tr><\/tbody><\/table><\/figure>\n\n\n\n<h4 class=\"wp-block-heading\">Recrutements 2014<\/h4>\n\n\n\n<figure class=\"wp-block-table\"><table><tbody><tr><td>Oriane Blondel<\/td><td>&nbsp;<\/td><td>CR CNRS<\/td><td>&nbsp;<\/td><td>probabilit\u00e9s, statistique, physique math\u00e9matique<\/td><\/tr><tr><td>Alexandre Boritchev<\/td><td>&nbsp;<\/td><td>MCF UCBL<\/td><td>&nbsp;<\/td><td>mod\u00e9lisation math\u00e9matique, calcul scientifique<\/td><\/tr><tr><td>Xinxin Chen<\/td><td>&nbsp;<\/td><td>MCF UCBL<\/td><td>&nbsp;<\/td><td>probabilit\u00e9s, statistique, physique math\u00e9matique<\/td><\/tr><tr><td>Lie Fu<\/td><td>&nbsp;<\/td><td>MCF UCBL<\/td><td>&nbsp;<\/td><td>alg\u00e8bre, g\u00e9om\u00e9trie, logique<\/td><\/tr><tr><td>Christophe Garban<\/td><td>&nbsp;<\/td><td>PR UCBL<\/td><td>&nbsp;<\/td><td>probabilit\u00e9s, statistique, physique math\u00e9matique<\/td><\/tr><tr><td>Xiangyu Liang<\/td><td>&nbsp;<\/td><td>MCF UCBL<\/td><td>&nbsp;<\/td><td>EDP, analyse<\/td><\/tr><tr><td>Khaled Saleh<\/td><td>&nbsp;<\/td><td>MCF UCBL<\/td><td>&nbsp;<\/td><td>mod\u00e9lisation math\u00e9matique, calcul scientifique<\/td><\/tr><tr><td>Mathieu Sart<\/td><td>&nbsp;<\/td><td>MCF UJM &#8211; IAE<\/td><td>&nbsp;<\/td><td>probabilit\u00e9s, statistique, physique math\u00e9matique,<\/td><\/tr><tr><td>Nicolas Vichery<\/td><td>&nbsp;<\/td><td>MCF UCBL<\/td><td>&nbsp;<\/td><td>alg\u00e8bre, g\u00e9om\u00e9trie, logique<\/td><\/tr><\/tbody><\/table><\/figure>\n\n\n\n<h4 class=\"wp-block-heading\">Recrutements 2013<\/h4>\n\n\n\n<figure class=\"wp-block-table\"><table><tbody><tr><td>Olivier Druet<\/td><td>&nbsp;<\/td><td>DR CNRS<\/td><td>&nbsp;<\/td><td>EDP, analyse<\/td><\/tr><tr><td>Louis Dupaigne<\/td><td>&nbsp;<\/td><td>MCF UCBL<\/td><td>&nbsp;<\/td><td>EDP, analyse<\/td><\/tr><tr><td>Philippe Gille<\/td><td>&nbsp;<\/td><td>DR CNRS<\/td><td>&nbsp;<\/td><td>alg\u00e8bre, g\u00e9om\u00e9trie, logique<\/td><\/tr><tr><td>Kate Juschenko<\/td><td>&nbsp;<\/td><td>CR CNRS<\/td><td>&nbsp;<\/td><td>alg\u00e8bre<\/td><\/tr><tr><td>Jan Manschot<\/td><td>&nbsp;<\/td><td>MCF UCBL<\/td><td>&nbsp;<\/td><td>probabilit\u00e9s, statistique, physique math\u00e9matique<\/td><\/tr><tr><td>Filippo Nuccio-Mortarino<\/td><td>&nbsp;<\/td><td>MCF UJM<\/td><td>&nbsp;<\/td><td>th\u00e9orie des nombres, combinatoire, structures discr\u00e8tes<\/td><\/tr><tr><td>Pierre Simon<\/td><td>&nbsp;<\/td><td>CR CNRS<\/td><td>&nbsp;<\/td><td>alg\u00e8bre, g\u00e9om\u00e9trie, logique<\/td><\/tr><tr><td>L\u00e9on Tine<\/td><td>&nbsp;<\/td><td>MCF UCBL<\/td><td>&nbsp;<\/td><td>mod\u00e9lisation math\u00e9matique, calcul scientifique<\/td><\/tr><tr><td>Julian Tugaut<\/td><td>&nbsp;<\/td><td>MCF T\u00e9l\u00e9com Saint-\u00c9tienne<\/td><td>&nbsp;<\/td><td>probabilit\u00e9s, statistique, physique math\u00e9matique<\/td><\/tr><\/tbody><\/table><\/figure>\n\n\n\n<h4 class=\"wp-block-heading\">Recrutements 2012<\/h4>\n\n\n\n<figure class=\"wp-block-table\"><table><tbody><tr><td>Morgane Bergot<\/td><td>&nbsp;<\/td><td>MCF UCBL<\/td><td>&nbsp;<\/td><td>mod\u00e9lisation math\u00e9matique, calcul scientifique<\/td><\/tr><tr><td>Fr\u00e9d\u00e9ric Chardard<\/td><td>&nbsp;<\/td><td>MCF UJM<\/td><td>&nbsp;<\/td><td>mod\u00e9lisation math\u00e9matique, calcul scientifique<\/td><\/tr><tr><td>\u00c9ric Delaygue<\/td><td>&nbsp;<\/td><td>MCF UCBL<\/td><td>&nbsp;<\/td><td>combinatoire, th\u00e9orie des nombres<\/td><\/tr><tr><td>Thibaut Espinasse<\/td><td>&nbsp;<\/td><td>MCF UCBL<\/td><td>&nbsp;<\/td><td>probabilit\u00e9s, statistiques, physique math\u00e9matique<\/td><\/tr><tr><td>St\u00e9phane Gaussent<\/td><td>&nbsp;<\/td><td>PR UJM<\/td><td>&nbsp;<\/td><td>alg\u00e8bre, g\u00e9om\u00e9trie, logique<\/td><\/tr><tr><td>Olivier Marchal<\/td><td>&nbsp;<\/td><td>MCF UJM<\/td><td>&nbsp;<\/td><td>probabilit\u00e9s, statistiques, physique math\u00e9matique<\/td><\/tr><tr><td>Nermin Salepci<\/td><td>&nbsp;<\/td><td>MCF UCBL<\/td><td>&nbsp;<\/td><td>alg\u00e8bre, g\u00e9om\u00e9trie, logique<\/td><\/tr><tr><td>Fabio Toninelli<\/td><td>&nbsp;<\/td><td>DR CNRS<\/td><td>&nbsp;<\/td><td>probabilit\u00e9s, statistiques, physique math\u00e9matique<\/td><\/tr><\/tbody><\/table><\/figure>\n\n\n\n<h4 class=\"wp-block-heading\">Recrutements 2011<\/h4>\n\n\n\n<figure class=\"wp-block-table\"><table><tbody><tr><td>\u00c9lie Bretin<\/td><td>&nbsp;<\/td><td>MCF INSA<\/td><td>&nbsp;<\/td><td>mod\u00e9lisation math\u00e9matique, calcul scientifique<\/td><\/tr><tr><td>Micha\u00ebl Bulois<\/td><td>&nbsp;<\/td><td>MCF UJM<\/td><td>&nbsp;<\/td><td>alg\u00e8bre, g\u00e9om\u00e9trie, logique<\/td><\/tr><tr><td>Yoann Dabrowski<\/td><td>&nbsp;<\/td><td>MCF UCBL<\/td><td>&nbsp;<\/td><td>probabilit\u00e9s, statistique, physique math\u00e9matique<\/td><\/tr><tr><td>Philippe Nadeau<\/td><td>&nbsp;<\/td><td>CR CNRS<\/td><td>&nbsp;<\/td><td>combinatoire, th\u00e9orie des nombres<\/td><\/tr><tr><td>Adrien Petrov<\/td><td>&nbsp;<\/td><td>MCF INSA<\/td><td>&nbsp;<\/td><td>mod\u00e9lisation math\u00e9matique, calcul scientifique<\/td><\/tr><tr><td>Nicolas Ressayre<\/td><td>&nbsp;<\/td><td>PR UCBL<\/td><td>&nbsp;<\/td><td>alg\u00e8bre, g\u00e9om\u00e9trie, logique<\/td><\/tr><tr><td>C\u00e9line Vial<\/td><td>&nbsp;<\/td><td>MCF UCBL &#8211; EPUL<\/td><td>&nbsp;<\/td><td>probabilit\u00e9s, statistique, physique math\u00e9matique<\/td><\/tr><tr><td>Gr\u00e9gory Vial<\/td><td>&nbsp;<\/td><td>PR ECL<\/td><td>&nbsp;<\/td><td>mod\u00e9lisation math\u00e9matique, calcul scientifique<\/td><\/tr><\/tbody><\/table><\/figure>\n\n\n\n<h4 class=\"wp-block-heading\">Recrutements 2010<\/h4>\n\n\n\n<figure class=\"wp-block-table\"><table><tbody><tr><td>Jean-Baptiste Aubin<\/td><td>&nbsp;<\/td><td>MCF INSA<\/td><td>&nbsp;<\/td><td>probabilit\u00e9s, statistiques, physique math\u00e9matique<\/td><\/tr><tr><td>Marianne Clausel-Lesourd<\/td><td>&nbsp;<\/td><td>PRAG INSA<\/td><td>&nbsp;<\/td><td>probabilit\u00e9s, statistiques, physique math\u00e9matique<\/td><\/tr><tr><td>\u00c9lise Fouassier<\/td><td>&nbsp;<\/td><td>MCF<\/td><td>&nbsp;<\/td><td>mod\u00e9lisation math\u00e9matique, calcul scientifique<\/td><\/tr><tr><td>Ivan Gentil<\/td><td>&nbsp;<\/td><td>PR UCBL<\/td><td>&nbsp;<\/td><td>EDP, analyse<\/td><\/tr><tr><td>Thomas Lepoutre<\/td><td>&nbsp;<\/td><td>CR INRIA<\/td><td>&nbsp;<\/td><td>mod\u00e9lisation math\u00e9matique, calcul scientifique<\/td><\/tr><tr><td>Tanguy Rivoal<\/td><td>&nbsp;<\/td><td>DR CNRS<\/td><td>&nbsp;<\/td><td>th\u00e9orie des nombres, combinatoire, structures discr\u00e8tes<\/td><\/tr><tr><td>C\u00e9dric Villani<\/td><td>&nbsp;<\/td><td>PR UCBL<\/td><td>&nbsp;<\/td><td>EDP, analyse<\/td><\/tr><\/tbody><\/table><\/figure>\n\n\n\n<h4 class=\"wp-block-heading\">Recrutements 2009<\/h4>\n\n\n\n<figure class=\"wp-block-table\"><table><tbody><tr><td>Mostafa Adimy<\/td><td>&nbsp;<\/td><td>DR INRIA<\/td><td>&nbsp;<\/td><td>mod\u00e9lisation math\u00e9matique, calcul scientifique,<\/td><\/tr><tr><td>Maria Carrizosa<\/td><td>&nbsp;<\/td><td>MCF UCBL<\/td><td>&nbsp;<\/td><td>th\u00e9orie des nombres, combinatoire, structures discr\u00e8tes<\/td><\/tr><tr><td>Simon Masnou<\/td><td>&nbsp;<\/td><td>PR UCBL<\/td><td>&nbsp;<\/td><td>mod\u00e9lisation math\u00e9matique, calcul scientifique<\/td><\/tr><tr><td>Fabien Vignes-Tourneret<\/td><td>&nbsp;<\/td><td>CR CNRS<\/td><td>&nbsp;<\/td><td>probabilit\u00e9s, statistique, physique math\u00e9matique<\/td><\/tr><tr><td>Jean-Yves Welschinger<\/td><td>&nbsp;<\/td><td>DR CNRS<\/td><td>&nbsp;<\/td><td>alg\u00e8bre, g\u00e9om\u00e9trie, logique<\/td><\/tr><\/tbody><\/table><\/figure>\n\n\n\n<h4 class=\"wp-block-heading\">Recrutements 2008<\/h4>\n\n\n\n<figure class=\"wp-block-table\"><table><tbody><tr><td>Nadine Badr<\/td><td>&nbsp;<\/td><td>MCF UCBL<\/td><td>&nbsp;<\/td><td>EDP et analyse<\/td><\/tr><tr><td>Sarah Delcourte<\/td><td>&nbsp;<\/td><td>MCF UCBL &#8211; ISTIL<\/td><td>&nbsp;<\/td><td>mod\u00e9lisation math\u00e9matique, calcul scientifique<\/td><\/tr><tr><td>Anne-Laure Foug\u00e8res<\/td><td>&nbsp;<\/td><td>PR UCBL<\/td><td>&nbsp;<\/td><td>probabilit\u00e9s, statistique, physique math\u00e9matique<\/td><\/tr><tr><td>Ir\u00e8ne Gannaz<\/td><td>&nbsp;<\/td><td>MCF INSA<\/td><td>&nbsp;<\/td><td>probabilit\u00e9s, statistique, physique math\u00e9matique<\/td><\/tr><tr><td>S\u00e9bastien Gauthier<\/td><td>&nbsp;<\/td><td>MCF UCBL<\/td><td>&nbsp;<\/td><td>histoire des math\u00e9matiques<\/td><\/tr><tr><td>Daniel Le Roux<\/td><td>&nbsp;<\/td><td>PR UCBL<\/td><td>&nbsp;<\/td><td>mod\u00e9lisation math\u00e9matique, calcul scientifique<\/td><\/tr><tr><td>Samuela Leoni-Aubin<\/td><td>&nbsp;<\/td><td>MCF INSA<\/td><td>&nbsp;<\/td><td>probabilit\u00e9s, statistiques, physique math\u00e9matique<\/td><\/tr><tr><td>Luis Miguel Rodrigues<\/td><td>&nbsp;<\/td><td>MCF UCBL<\/td><td>&nbsp;<\/td><td>mod\u00e9lisation, EDP, analyse<\/td><\/tr><tr><td>Julien Vovelle<\/td><td>&nbsp;<\/td><td>CR CNRS<\/td><td>&nbsp;<\/td><td>mod\u00e9lisation, EDP, analyse<\/td><\/tr><tr><td>Luca Zamboni<\/td><td>&nbsp;<\/td><td>PR UCBL<\/td><td>&nbsp;<\/td><td>th\u00e9orie des nombres, combinatoire, structures discr\u00e8tes<\/td><\/tr><\/tbody><\/table><\/figure>\n\n\n\n<h4 class=\"wp-block-heading\">Recrutements 2007<\/h4>\n\n\n\n<figure class=\"wp-block-table\"><table><tbody><tr><td>Samuel Bernard<\/td><td>&nbsp;<\/td><td>CR CNRS<\/td><td>&nbsp;<\/td><td>mod\u00e9lisation math\u00e9matique en m\u00e9decine et biologie<\/td><\/tr><tr><td>Julien Berro<\/td><td>&nbsp;<\/td><td>MCF UCBL<\/td><td>&nbsp;<\/td><td>mod\u00e9lisation math\u00e9matique pour la biologie cellulaire et mol\u00e9culaire<\/td><\/tr><tr><td>Theresia Eisenkoelbl<\/td><td>&nbsp;<\/td><td>MCF UCBL<\/td><td>&nbsp;<\/td><td>combinatoire<\/td><\/tr><tr><td>Kenji Iohara<\/td><td>&nbsp;<\/td><td>PR UCBL<\/td><td>&nbsp;<\/td><td>alg\u00e8bre<\/td><\/tr><tr><td>Aim\u00e9 Lachal<\/td><td>&nbsp;<\/td><td>MCF INSA<\/td><td>&nbsp;<\/td><td>probabilit\u00e9s<\/td><\/tr><tr><td>Amador Martin-Pizarro<\/td><td>&nbsp;<\/td><td>CR CNRS<\/td><td>&nbsp;<\/td><td>logique<\/td><\/tr><tr><td>V\u00e9ronique Maume-Deschamps<\/td><td>&nbsp;<\/td><td>PR UCBL &#8211; ISFA<\/td><td>&nbsp;<\/td><td>probabilit\u00e9s, statistiques<\/td><\/tr><tr><td>Julien Melleray<\/td><td>&nbsp;<\/td><td>MCF UCBL<\/td><td>&nbsp;<\/td><td>logique<\/td><\/tr><tr><td>Yves Renard<\/td><td>&nbsp;<\/td><td>PR INSA<\/td><td>&nbsp;<\/td><td>mod\u00e9lisation, analyse num\u00e9rique, calcul scientifique<\/td><\/tr><tr><td>Christian Reichert<\/td><td>&nbsp;<\/td><td>MCF INSA<\/td><td>&nbsp;<\/td><td>mod\u00e9lisation, analyse<\/td><\/tr><tr><td>Christophette Scalliet \u00e9p. Blanchet<\/td><td>&nbsp;<\/td><td>MCF ECL<\/td><td>&nbsp;<\/td><td>probabilit\u00e9s<\/td><\/tr><tr><td>Thomas Strobl<\/td><td>&nbsp;<\/td><td>PR UCBL<\/td><td>&nbsp;<\/td><td>physique math\u00e9matique<\/td><\/tr><\/tbody><\/table><\/figure>\n\n\n\n<h4 class=\"wp-block-heading\">Recrutements 2006<\/h4>\n\n\n\n<figure class=\"wp-block-table\"><table><tbody><tr><td>Guillaume Aubrun<\/td><td>&nbsp;<\/td><td>MCF UCBL<\/td><td>&nbsp;<\/td><td>probabilit\u00e9s<\/td><\/tr><tr><td>Rouchdi Bahloul<\/td><td>&nbsp;<\/td><td>MCF UCBL<\/td><td>&nbsp;<\/td><td>alg\u00e8bre<\/td><\/tr><tr><td>Ita\u00ef Ben Yaacov<\/td><td>&nbsp;<\/td><td>PR UCBL<\/td><td>&nbsp;<\/td><td>logique<\/td><\/tr><tr><td>Damien Calaque<\/td><td>&nbsp;<\/td><td>MCF UCBL<\/td><td>&nbsp;<\/td><td>alg\u00e8bre<\/td><\/tr><tr><td>Fabien Crauste<\/td><td>&nbsp;<\/td><td>CR CNRS<\/td><td>&nbsp;<\/td><td>mod\u00e9lisation math\u00e9matique en m\u00e9decine et biologie<\/td><\/tr><tr><td>Francis Filbet<\/td><td>&nbsp;<\/td><td>PR UCBL<\/td><td>&nbsp;<\/td><td>mod\u00e9lisation, analyse num\u00e9rique<\/td><\/tr><tr><td>C\u00e9cile Mercadier<\/td><td>&nbsp;<\/td><td>MCF UCBL<\/td><td>&nbsp;<\/td><td>probabilit\u00e9s<\/td><\/tr><tr><td>Philippe Michel<\/td><td>&nbsp;<\/td><td>MCF ECL<\/td><td>&nbsp;<\/td><td>mod\u00e9lisation<\/td><\/tr><tr><td>Olivier Pinaud<\/td><td>&nbsp;<\/td><td>MCF UCBL &#8211; ISTIL<\/td><td>&nbsp;<\/td><td>mod\u00e9lisation<\/td><\/tr><tr><td>Yves Renard<\/td><td>&nbsp;<\/td><td>MCF INSA<\/td><td>&nbsp;<\/td><td>mod\u00e9lisation, analyse num\u00e9rique, calcul scientifique<\/td><\/tr><tr><td>Serge Richard<\/td><td>&nbsp;<\/td><td>MCF UCBL<\/td><td>&nbsp;<\/td><td>analyse<\/td><\/tr><tr><td>Christophe Sabot<\/td><td>&nbsp;<\/td><td>PR UCBL<\/td><td>&nbsp;<\/td><td>probabilit\u00e9s<\/td><\/tr><tr><td>Amaury Thuillier<\/td><td>&nbsp;<\/td><td>MCF UCBL<\/td><td>&nbsp;<\/td><td>alg\u00e8bre<\/td><\/tr><\/tbody><\/table><\/figure>\n\n\n\n<h4 class=\"wp-block-heading\">Recrutements 2005<\/h4>\n\n\n\n<figure class=\"wp-block-table\"><table><tbody><tr><td>V\u00e9ronique Battie<\/td><td>&nbsp;<\/td><td>MCF UCBL<\/td><td>&nbsp;<\/td><td>didactique<\/td><\/tr><tr><td>Riccardo Biagioli<\/td><td>&nbsp;<\/td><td>MCF UCBL<\/td><td>&nbsp;<\/td><td>combinatoire<\/td><\/tr><tr><td>Beno\u00eet Collins<\/td><td>&nbsp;<\/td><td>CR CNRS<\/td><td>&nbsp;<\/td><td>probabilit\u00e9s<\/td><\/tr><tr><td>Fr\u00e9d\u00e9ric Jouhet<\/td><td>&nbsp;<\/td><td>MCF UCBL &#8211; IUT B<\/td><td>&nbsp;<\/td><td>combinatoire<\/td><\/tr><tr><td>Gr\u00e9goire Loeper<\/td><td>&nbsp;<\/td><td>MCF UCBL<\/td><td>&nbsp;<\/td><td>analyse des EDP<\/td><\/tr><tr><td>Philippe Malbos<\/td><td>&nbsp;<\/td><td>MCF UCBL<\/td><td>&nbsp;<\/td><td>alg\u00e8bre appliqu\u00e9e<\/td><\/tr><tr><td>Laurent Pujo-Menjouet<\/td><td>&nbsp;<\/td><td>MCF UCBL<\/td><td>&nbsp;<\/td><td>mod\u00e9lisation en biologie<\/td><\/tr><tr><td>Klaas-Jan Slooten<\/td><td>&nbsp;<\/td><td>MCF UCBL<\/td><td>&nbsp;<\/td><td>alg\u00e8bre<\/td><\/tr><\/tbody><\/table><\/figure>\n\n\n\n<h4 class=\"wp-block-heading\">Recrutements 2004<\/h4>\n\n\n\n<figure class=\"wp-block-table\"><table><tbody><tr><td>Boris Adamczewski<\/td><td>&nbsp;<\/td><td>CR CNRS<\/td><td>&nbsp;<\/td><td>th\u00e9orie des nombres<\/td><\/tr><tr><td>St\u00e9phane Attal<\/td><td>&nbsp;<\/td><td>PR UCBL<\/td><td>&nbsp;<\/td><td>probabilit\u00e9s<\/td><\/tr><tr><td>H\u00e9l\u00e8ne Charri\u00e8re<\/td><td>&nbsp;<\/td><td>MCF UCBL<\/td><td>&nbsp;<\/td><td>analyse<\/td><\/tr><tr><td>Laurent Chupin<\/td><td>&nbsp;<\/td><td>MCF INSA<\/td><td>&nbsp;<\/td><td>EDP, mod\u00e9lisation<\/td><\/tr><tr><td>Christophe Delaunay<\/td><td>&nbsp;<\/td><td>MCF UCBL<\/td><td>&nbsp;<\/td><td>cryptographie et th\u00e9orie des nombres<\/td><\/tr><tr><td>Damien Gayet<\/td><td>&nbsp;<\/td><td>MCF UCBL<\/td><td>&nbsp;<\/td><td>g\u00e9om\u00e9trie<\/td><\/tr><tr><td>Petru Mironescu<\/td><td>&nbsp;<\/td><td>PR UCBL<\/td><td>&nbsp;<\/td><td>EDP, analyse<\/td><\/tr><tr><td>Abderezak Ould Houcine<\/td><td>&nbsp;<\/td><td>MCF UCBL<\/td><td>&nbsp;<\/td><td>logique<\/td><\/tr><tr><td>Pascal Noble<\/td><td>&nbsp;<\/td><td>MCF UCBL<\/td><td>&nbsp;<\/td><td>EDP, mod\u00e9lisation<\/td><\/tr><tr><td>Denis Perrot<\/td><td>&nbsp;<\/td><td>MCF UCBL<\/td><td>&nbsp;<\/td><td>analyse, physique math\u00e9matique<\/td><\/tr><tr><td>Bertrand R\u00e9my<\/td><td>&nbsp;<\/td><td>PR UCBL<\/td><td>&nbsp;<\/td><td>alg\u00e8bre et g\u00e9om\u00e9trie<\/td><\/tr><tr><td>Emmanuel Risler<\/td><td>&nbsp;<\/td><td>PR INSA<\/td><td>&nbsp;<\/td><td>biomath\u00e9matiques<\/td><\/tr><\/tbody><\/table><\/figure>\n\n\n\n<h4 class=\"wp-block-heading\">Recrutements 2003<\/h4>\n\n\n\n<figure class=\"wp-block-table\"><table><tbody><tr><td>Lorenzo Brandolese<\/td><td>&nbsp;<\/td><td>MCF UCBL<\/td><td>&nbsp;<\/td><td>EDP, analyse<\/td><\/tr><tr><td>Adriana Valentina Busuioc<\/td><td>&nbsp;<\/td><td>MCF UJM<\/td><td>&nbsp;<\/td><td>EDP, analyse<\/td><\/tr><tr><td>Fr\u00e9d\u00e9ric Chapoton<\/td><td>&nbsp;<\/td><td>CR CNRS<\/td><td>&nbsp;<\/td><td>alg\u00e8bre et physique math\u00e9matique<\/td><\/tr><tr><td>Dragos Iftimie<\/td><td>&nbsp;<\/td><td>PR UCBL<\/td><td>&nbsp;<\/td><td>EDP, analyse<\/td><\/tr><tr><td>Johannes Kellendonk<\/td><td>&nbsp;<\/td><td>PR UCBL<\/td><td>&nbsp;<\/td><td>analyse, physique math\u00e9matique<\/td><\/tr><tr><td>Martin Sombra<\/td><td>&nbsp;<\/td><td>MCF UCBL<\/td><td>&nbsp;<\/td><td>fronti\u00e8res<\/td><\/tr><tr><td>Alexis Tchoudjem<\/td><td>&nbsp;<\/td><td>MCF UCBL<\/td><td>&nbsp;<\/td><td>alg\u00e8bre et th\u00e9orie des repr\u00e9sentations.<\/td><\/tr><\/tbody><\/table><\/figure>\n\n\n\n<h4 class=\"wp-block-heading\">Recrutements 2002<\/h4>\n\n\n\n<figure class=\"wp-block-table\"><table><tbody><tr><td>Sylvie Benzoni<\/td><td>&nbsp;<\/td><td>PR UCBL<\/td><td>&nbsp;<\/td><td>mod\u00e9lisation, edp, analyse<\/td><\/tr><tr><td>Jean B\u00e9rard<\/td><td>&nbsp;<\/td><td>MCF UCBL<\/td><td>&nbsp;<\/td><td>probabilit\u00e9s<\/td><\/tr><tr><td>Thomas Blossier<\/td><td>&nbsp;<\/td><td>MCF UCBL<\/td><td>&nbsp;<\/td><td>logique<\/td><\/tr><tr><td>Laurent Habsieger<\/td><td>&nbsp;<\/td><td>DR CNRS<\/td><td>&nbsp;<\/td><td>combinatoire<\/td><\/tr><tr><td>Christian Krattenthaler<\/td><td>&nbsp;<\/td><td>PR UCBL<\/td><td>&nbsp;<\/td><td>combinatoire<\/td><\/tr><tr><td>St\u00e9phane Lamy<\/td><td>&nbsp;<\/td><td>MCF UCBL<\/td><td>&nbsp;<\/td><td>alg\u00e8bre<\/td><\/tr><tr><td>Bodo Lass<\/td><td>&nbsp;<\/td><td>CR CNRS<\/td><td>&nbsp;<\/td><td>combinatoire<\/td><\/tr><tr><td>Jean-Francois Quint<\/td><td>&nbsp;<\/td><td>CR CNRS<\/td><td>&nbsp;<\/td><td>alg\u00e8bre<\/td><\/tr><tr><td>Damien Tromeur-Dervout<\/td><td><\/td><td>PR UCBL<\/td><td><\/td><td>calcul scientifique<\/td><\/tr><\/tbody><\/table><\/figure>\n","protected":false},"excerpt":{"rendered":"<p>Recrutements archives : Recrutements 2019 Yohann De Castro &nbsp; PR ECL &nbsp; statistiques, apprentissage Tuan Ngo Dac &nbsp; CR CNRS &nbsp; arithm\u00e9tique, combinatoire Todor Tsankov &nbsp; PR UCBL &nbsp; syst\u00e8mes dynamiques, th\u00e9orie des mod\u00e8les Recrutements 2018 Jehanne Dousse &nbsp; CR CNRS &nbsp; combinatoire, th\u00e9orie des nombres St\u00e9phane Druel &nbsp; DR CNRS &nbsp; g\u00e9om\u00e9trie, alg\u00e8bre Dieter [&hellip;]<\/p>\n","protected":false},"author":1,"featured_media":0,"parent":0,"menu_order":0,"comment_status":"closed","ping_status":"closed","template":"","meta":{"footnotes":""},"class_list":["post-1739","page","type-page","status-publish","hentry"],"_links":{"self":[{"href":"https:\/\/math.univ-lyon1.fr\/icj\/wp-json\/wp\/v2\/pages\/1739","targetHints":{"allow":["GET"]}}],"collection":[{"href":"https:\/\/math.univ-lyon1.fr\/icj\/wp-json\/wp\/v2\/pages"}],"about":[{"href":"https:\/\/math.univ-lyon1.fr\/icj\/wp-json\/wp\/v2\/types\/page"}],"author":[{"embeddable":true,"href":"https:\/\/math.univ-lyon1.fr\/icj\/wp-json\/wp\/v2\/users\/1"}],"replies":[{"embeddable":true,"href":"https:\/\/math.univ-lyon1.fr\/icj\/wp-json\/wp\/v2\/comments?post=1739"}],"version-history":[{"count":6,"href":"https:\/\/math.univ-lyon1.fr\/icj\/wp-json\/wp\/v2\/pages\/1739\/revisions"}],"predecessor-version":[{"id":1750,"href":"https:\/\/math.univ-lyon1.fr\/icj\/wp-json\/wp\/v2\/pages\/1739\/revisions\/1750"}],"wp:attachment":[{"href":"https:\/\/math.univ-lyon1.fr\/icj\/wp-json\/wp\/v2\/media?parent=1739"}],"curies":[{"name":"wp","href":"https:\/\/api.w.org\/{rel}","templated":true}]}}