{"id":1768,"date":"2024-03-21T12:42:37","date_gmt":"2024-03-21T11:42:37","guid":{"rendered":"https:\/\/math.univ-lyon1.fr\/icj\/?page_id=1768"},"modified":"2025-10-15T11:53:40","modified_gmt":"2025-10-15T09:53:40","slug":"doctorantes-et-doctorants","status":"publish","type":"page","link":"https:\/\/math.univ-lyon1.fr\/icj\/doctorantes-et-doctorants\/","title":{"rendered":"Doctorantes et Doctorants"},"content":{"rendered":"\n<p>Les doctorantes et doctorants de l\u2019ICJ disposent d\u2019un <strong>BDD<\/strong> compos\u00e9 actuellement de <strong>Guillaume GEOFFROY<\/strong> (<a href=\"mailto:francone@math.univ-lyon1.fr\">geoffroy@math.univ-lyon1.fr<\/a>) et de <strong>Jules GRASS<\/strong> (<a href=\"mailto:elhajj@math.univ-lyon1.fr\">grass@math.univ-lyon1.fr<\/a>).<br>N\u2019h\u00e9sitez pas \u00e0 les contacter si n\u00e9cessaire.<\/p>\n\n\n\n<p><em>PhD students at ICJ have at their disposal a students\u2019 committee that is currently composed of <strong>Guillaume GEOFFROY<\/strong> (<a href=\"mailto:francone@math.univ-lyon1.fr\">geoffroy@math.univ-lyon1.fr<\/a>) and <strong>Jules GRASS<\/strong> (<a href=\"mailto:elhajj@math.univ-lyon1.fr\">grass@math.univ-lyon1.fr<\/a>).<\/em><br><em>Do not hesitate to get in touch with them if necessary.<\/em><\/p>\n\n\n\n<p><\/p>\n\n\n\n<hr class=\"wp-block-separator has-alpha-channel-opacity\" \/>\n\n\n\n<p>Vous trouverez ci-dessous un document d\u2019accueil des nouveaux et nouvelles doctorant.e.s de l\u2019ICJ qui pr\u00e9sente un certain nombre d\u2019informations sur le fonctionnement du laboratoire ainsi qu\u2019un guide pr\u00e9par\u00e9 par le Comit\u00e9 pour la Science Ouverte, con\u00e7u pour accompagner les doctorant\u00b7e\u00b7s \u00e0 chaque \u00e9tape de leur parcours de recherche, quel que soit leur champ disciplinaire&nbsp;:<\/p>\n\n\n\n<figure class=\"wp-block-image aligncenter size-full\"><a href=\"https:\/\/math.univ-lyon1.fr\/icj\/wp-content\/uploads\/2025\/10\/Accompagnement_doctorants.pdf\" target=\"_blank\" rel=\"noreferrer noopener\"><img loading=\"lazy\" decoding=\"async\" width=\"783\" height=\"1106\" src=\"https:\/\/math.univ-lyon1.fr\/icj\/wp-content\/uploads\/2025\/10\/Accompagnement_doctorants_Page_1_Page_1_Page_1-1.jpg\" alt=\"\" class=\"wp-image-2406\" srcset=\"https:\/\/math.univ-lyon1.fr\/icj\/wp-content\/uploads\/2025\/10\/Accompagnement_doctorants_Page_1_Page_1_Page_1-1.jpg 783w, https:\/\/math.univ-lyon1.fr\/icj\/wp-content\/uploads\/2025\/10\/Accompagnement_doctorants_Page_1_Page_1_Page_1-1-212x300.jpg 212w, https:\/\/math.univ-lyon1.fr\/icj\/wp-content\/uploads\/2025\/10\/Accompagnement_doctorants_Page_1_Page_1_Page_1-1-725x1024.jpg 725w, https:\/\/math.univ-lyon1.fr\/icj\/wp-content\/uploads\/2025\/10\/Accompagnement_doctorants_Page_1_Page_1_Page_1-1-768x1085.jpg 768w\" sizes=\"auto, (max-width: 783px) 100vw, 783px\" \/><\/a><\/figure>\n\n\n\n<p><em>You will find below an information sheet to welcome you at ICJ and give you a certain amount of information about the laboratory as well as a guide provided by the Open Science Committee to accompany you along every stage of your research curriculum, whatever the disciplinary field&nbsp;:<\/em><\/p>\n\n\n\n<figure class=\"wp-block-image aligncenter size-full\"><a href=\"https:\/\/math.univ-lyon1.fr\/icj\/wp-content\/uploads\/2025\/10\/Accompagnement_doctorants-ENG.pdf\" target=\"_blank\" rel=\"noreferrer noopener\"><img loading=\"lazy\" decoding=\"async\" width=\"899\" height=\"1270\" src=\"https:\/\/math.univ-lyon1.fr\/icj\/wp-content\/uploads\/2025\/10\/Accompagnement_doctorants-ENG_Page_1_Page_1_Page_1-1.jpg\" alt=\"\" class=\"wp-image-2407\" srcset=\"https:\/\/math.univ-lyon1.fr\/icj\/wp-content\/uploads\/2025\/10\/Accompagnement_doctorants-ENG_Page_1_Page_1_Page_1-1.jpg 899w, https:\/\/math.univ-lyon1.fr\/icj\/wp-content\/uploads\/2025\/10\/Accompagnement_doctorants-ENG_Page_1_Page_1_Page_1-1-212x300.jpg 212w, https:\/\/math.univ-lyon1.fr\/icj\/wp-content\/uploads\/2025\/10\/Accompagnement_doctorants-ENG_Page_1_Page_1_Page_1-1-725x1024.jpg 725w, https:\/\/math.univ-lyon1.fr\/icj\/wp-content\/uploads\/2025\/10\/Accompagnement_doctorants-ENG_Page_1_Page_1_Page_1-1-768x1085.jpg 768w\" sizes=\"auto, (max-width: 899px) 100vw, 899px\" \/><\/a><\/figure>\n\n\n\n<hr class=\"wp-block-separator has-alpha-channel-opacity\" \/>\n\n\n\n<figure class=\"wp-block-image aligncenter size-full\"><a href=\"\/icj\/wp-content\/uploads\/autres-icj\/passeport-pour-la-science-ouverte_guide-a-lusage-des-doctorants_04-09-2020.pdf\" target=\"_blank\" rel=\"noreferrer noopener\"><img loading=\"lazy\" decoding=\"async\" width=\"330\" height=\"452\" src=\"https:\/\/math.univ-lyon1.fr\/icj\/wp-content\/uploads\/2024\/03\/passeport-pour-la-science-ouverte.png\" alt=\"\" class=\"wp-image-1773\" srcset=\"https:\/\/math.univ-lyon1.fr\/icj\/wp-content\/uploads\/2024\/03\/passeport-pour-la-science-ouverte.png 330w, https:\/\/math.univ-lyon1.fr\/icj\/wp-content\/uploads\/2024\/03\/passeport-pour-la-science-ouverte-219x300.png 219w\" sizes=\"auto, (max-width: 330px) 100vw, 330px\" \/><\/a><\/figure>\n\n\n\n<hr class=\"wp-block-separator has-alpha-channel-opacity\" \/>\n\n\n\n<p class=\"has-text-align-center\"><strong><a href=\"https:\/\/math.univ-lyon1.fr\/icj\/wp-content\/uploads\/2025\/10\/Procedure-Missions.pdf\" target=\"_blank\" rel=\"noreferrer noopener\">PROC\u00c9DURE MISSIONS A L\u2019ICJ \/ HOW TO DECLARE A MISSION AT ICJ<\/a><\/strong><\/p>\n\n\n\n<hr class=\"wp-block-separator has-alpha-channel-opacity\" \/>\n\n\n\n<p class=\"has-text-align-center\"><strong><a href=\"https:\/\/math.univ-lyon1.fr\/icj\/wp-content\/uploads\/2025\/10\/IMPRESSION-DES-THESES-OCT25.pdf\" target=\"_blank\" rel=\"noreferrer noopener\">IMPRESSION DES TH\u00c8SES A L\u2019ICJ \/ PRINTING OF THESIS AT ICJ<\/a><\/strong><\/p>\n\n\n\n<div style=\"height:20px\" aria-hidden=\"true\" class=\"wp-block-spacer\"><\/div>\n\n\n\n<p><\/p>\n","protected":false},"excerpt":{"rendered":"<p>Les doctorantes et doctorants de l\u2019ICJ disposent d\u2019un BDD compos\u00e9 actuellement de Guillaume GEOFFROY (geoffroy@math.univ-lyon1.fr) et de Jules GRASS (grass@math.univ-lyon1.fr).N\u2019h\u00e9sitez pas \u00e0 les contacter si n\u00e9cessaire. PhD students at ICJ have at their disposal a students\u2019 committee that is currently composed of Guillaume GEOFFROY (geoffroy@math.univ-lyon1.fr) and Jules GRASS (grass@math.univ-lyon1.fr).Do not hesitate to get in touch [&hellip;]<\/p>\n","protected":false},"author":1,"featured_media":0,"parent":0,"menu_order":0,"comment_status":"closed","ping_status":"closed","template":"","meta":{"footnotes":""},"class_list":["post-1768","page","type-page","status-publish","hentry"],"_links":{"self":[{"href":"https:\/\/math.univ-lyon1.fr\/icj\/wp-json\/wp\/v2\/pages\/1768","targetHints":{"allow":["GET"]}}],"collection":[{"href":"https:\/\/math.univ-lyon1.fr\/icj\/wp-json\/wp\/v2\/pages"}],"about":[{"href":"https:\/\/math.univ-lyon1.fr\/icj\/wp-json\/wp\/v2\/types\/page"}],"author":[{"embeddable":true,"href":"https:\/\/math.univ-lyon1.fr\/icj\/wp-json\/wp\/v2\/users\/1"}],"replies":[{"embeddable":true,"href":"https:\/\/math.univ-lyon1.fr\/icj\/wp-json\/wp\/v2\/comments?post=1768"}],"version-history":[{"count":21,"href":"https:\/\/math.univ-lyon1.fr\/icj\/wp-json\/wp\/v2\/pages\/1768\/revisions"}],"predecessor-version":[{"id":2413,"href":"https:\/\/math.univ-lyon1.fr\/icj\/wp-json\/wp\/v2\/pages\/1768\/revisions\/2413"}],"wp:attachment":[{"href":"https:\/\/math.univ-lyon1.fr\/icj\/wp-json\/wp\/v2\/media?parent=1768"}],"curies":[{"name":"wp","href":"https:\/\/api.w.org\/{rel}","templated":true}]}}