{"id":1961,"date":"2024-08-30T15:49:46","date_gmt":"2024-08-30T13:49:46","guid":{"rendered":"https:\/\/math.univ-lyon1.fr\/icj\/?page_id=1961"},"modified":"2024-10-11T08:11:28","modified_gmt":"2024-10-11T06:11:28","slug":"journee-filles-maths-info","status":"publish","type":"page","link":"https:\/\/math.univ-lyon1.fr\/icj\/journee-filles-maths-info\/","title":{"rendered":"Journ\u00e9e Filles, Math\u00e9matiques, Informatique &#8211; 2024"},"content":{"rendered":"\n<p>Une journ\u00e9e <em>Filles, Maths, Informatique : une \u00e9quation lumineuse<\/em> est organis\u00e9e sur le campus de la Doua par l&rsquo;<a href=\"http:\/\/math.univ-lyon1.fr\/icj\">Institut Camille Jordan<\/a>, le <a href=\"https:\/\/liris.cnrs.fr\/\">Laboratoire d&rsquo;InfoRmatique en Image et Syst\u00e8mes d&rsquo;information<\/a> et le <a href=\"http:\/\/www.ens-lyon.fr\/LIP\/\">Laboratoire d&rsquo;Informatique et du Parall\u00e9lisme<\/a>, en partenariat avec les associations <a href=\"https:\/\/femmes-et-maths.fr\">Femmes et Maths<\/a> et <a href=\"http:\/\/animath.fr\" target=\"_blank\" rel=\"noreferrer noopener\">Animath<\/a> et avec le financement de l&rsquo;<a href=\"https:\/\/include.univ-lyon1.fr\/\">ANR Include<\/a>, de <a href=\"http:\/\/safran-groupe.com\/fr\">Safran<\/a> et du Pass Culture.<\/p>\n\n\n\n<p>Elle permet \u00e0 des jeunes lyc\u00e9ennes de classes de 1\u00e8re et Terminale de se rencontrer, d&rsquo;\u00e9changer avec des \u00e9tudiantes et des femmes scientifiques ayant fait des \u00e9tudes avec une forte composante de math\u00e9matiques ou d&rsquo;informatique, et de r\u00e9fl\u00e9chir aux st\u00e9r\u00e9otypes de genre et de leur impact sur les choix d&rsquo;orientation. Le but de ces journ\u00e9es est de faire prendre conscience aux participantes de l\u2019omnipr\u00e9sence des st\u00e9r\u00e9otypes sociaux de genre et de leur impact dans les choix d\u2019orientation. <\/p>\n\n\n\n<p><strong>A noter que les lyc\u00e9ennes restent sous la responsabilit\u00e9 de leur \u00e9tablissement et doivent \u00eatre accompagn\u00e9es<\/strong>.<\/p>\n\n\n\n<p><strong>Modif 26\/09 : la journ\u00e9e est compl\u00e8te, nous n&rsquo;acceptons plus d&rsquo;inscriptions !<\/strong> <\/p>\n\n\n\n<p><\/p>\n\n\n\n<p>Programme provisoire :<\/p>\n\n\n\n<ul class=\"wp-block-list\">\n<li>8 h 30 &#8211; 9 h : Accueil (amphi Caullery, B\u00e2timent Darwin, entr\u00e9e C)<\/li>\n\n\n\n<li>9 h &#8211; 10 h : Conf\u00e9rence scientifique par <a href=\"https:\/\/olga.pa-ro.net\/\" target=\"_blank\" rel=\"noreferrer noopener\">Olga Paris-Romaskevich<\/a>, math\u00e9maticienne et autrice du livre <a href=\"https:\/\/www.insmi.cnrs.fr\/fr\/matheuses\" data-type=\"link\" data-id=\"https:\/\/www.insmi.cnrs.fr\/fr\/matheuses\">Matheuses, les filles, avenir des math\u00e9matiques<\/a><\/li>\n\n\n\n<li>10 h &#8211; 11 h 30 : Rencontre avec des \u00e9tudiantes et doctorantes ; visite guid\u00e9e du campus<\/li>\n\n\n\n<li>11 h 30 &#8211; 12 h 30 : D\u00e9jeuner<\/li>\n\n\n\n<li>12 h 45 &#8211; 14 h 15 : Speed meetings<\/li>\n\n\n\n<li>14 h 30 &#8211; 17h : Pi\u00e8ce de th\u00e9\u00e2tre-forum<\/li>\n<\/ul>\n\n\n\n<p>La journ\u00e9e (repas et d\u00e9placements compris) est enti\u00e8rement prise en charge.<\/p>\n\n\n\n<div class=\"wp-block-columns are-vertically-aligned-center is-layout-flex wp-container-core-columns-is-layout-28f84493 wp-block-columns-is-layout-flex\">\n<div class=\"wp-block-column is-vertically-aligned-center is-layout-flow wp-block-column-is-layout-flow\">\n<figure class=\"wp-block-image aligncenter size-full is-resized\"><a href=\"https:\/\/univ-lyon1.fr\" target=\"_blank\" rel=\"noreferrer noopener\"><img loading=\"lazy\" decoding=\"async\" width=\"247\" height=\"129\" src=\"https:\/\/math.univ-lyon1.fr\/icj\/wp-content\/uploads\/2024\/09\/LogoLyon1Sig_CoulCmjn300dpi-2.png\" alt=\"\" class=\"wp-image-1984\" style=\"width:181px;height:auto\" \/><\/a><\/figure>\n<\/div>\n\n\n\n<div class=\"wp-block-column is-vertically-aligned-center is-layout-flow wp-block-column-is-layout-flow\">\n<figure class=\"wp-block-image aligncenter size-full is-resized\"><a href=\"https:\/\/anr.fr\" target=\"_blank\" rel=\"noreferrer noopener\"><img loading=\"lazy\" decoding=\"async\" width=\"520\" height=\"160\" src=\"https:\/\/math.univ-lyon1.fr\/icj\/wp-content\/uploads\/2024\/09\/anr-logo-2021.png\" alt=\"\" class=\"wp-image-1977\" style=\"width:182px;height:auto\" srcset=\"https:\/\/math.univ-lyon1.fr\/icj\/wp-content\/uploads\/2024\/09\/anr-logo-2021.png 520w, https:\/\/math.univ-lyon1.fr\/icj\/wp-content\/uploads\/2024\/09\/anr-logo-2021-300x92.png 300w\" sizes=\"auto, (max-width: 520px) 100vw, 520px\" \/><\/a><\/figure>\n<\/div>\n\n\n\n<div class=\"wp-block-column is-vertically-aligned-center is-layout-flow wp-block-column-is-layout-flow\">\n<figure class=\"wp-block-image aligncenter size-large is-resized\"><a href=\"https:\/\/include.univ-lyon1.fr\" target=\"_blank\" rel=\"noreferrer noopener\"><img loading=\"lazy\" decoding=\"async\" width=\"1024\" height=\"431\" src=\"https:\/\/math.univ-lyon1.fr\/icj\/wp-content\/uploads\/2024\/09\/Logo_include-1-1024x431.png\" alt=\"\" class=\"wp-image-1981\" style=\"width:183px;height:auto\" srcset=\"https:\/\/math.univ-lyon1.fr\/icj\/wp-content\/uploads\/2024\/09\/Logo_include-1-1024x431.png 1024w, https:\/\/math.univ-lyon1.fr\/icj\/wp-content\/uploads\/2024\/09\/Logo_include-1-300x126.png 300w, https:\/\/math.univ-lyon1.fr\/icj\/wp-content\/uploads\/2024\/09\/Logo_include-1-768x323.png 768w, https:\/\/math.univ-lyon1.fr\/icj\/wp-content\/uploads\/2024\/09\/Logo_include-1-1536x646.png 1536w, https:\/\/math.univ-lyon1.fr\/icj\/wp-content\/uploads\/2024\/09\/Logo_include-1-2048x862.png 2048w\" sizes=\"auto, (max-width: 1024px) 100vw, 1024px\" \/><\/a><\/figure>\n<\/div>\n\n\n\n<div class=\"wp-block-column is-vertically-aligned-center is-layout-flow wp-block-column-is-layout-flow\">\n<figure class=\"wp-block-image aligncenter size-full is-resized\"><a href=\"https:\/\/femmes-et-maths.fr\" target=\"_blank\" rel=\"noreferrer noopener\"><img loading=\"lazy\" decoding=\"async\" width=\"300\" height=\"156\" src=\"https:\/\/math.univ-lyon1.fr\/icj\/wp-content\/uploads\/2024\/09\/logofetm-300x156-1.jpg\" alt=\"\" class=\"wp-image-1990\" style=\"width:220px;height:auto\" \/><\/a><\/figure>\n<\/div>\n\n\n\n<div class=\"wp-block-column is-vertically-aligned-center is-layout-flow wp-block-column-is-layout-flow\">\n<figure class=\"wp-block-image aligncenter size-full is-resized\"><a href=\"animath.fr\" target=\"_blank\" rel=\"noreferrer noopener\"><img loading=\"lazy\" decoding=\"async\" width=\"523\" height=\"258\" src=\"https:\/\/math.univ-lyon1.fr\/icj\/wp-content\/uploads\/2024\/10\/Animath.jpg\" alt=\"\" class=\"wp-image-2116\" style=\"width:181px;height:auto\" srcset=\"https:\/\/math.univ-lyon1.fr\/icj\/wp-content\/uploads\/2024\/10\/Animath.jpg 523w, https:\/\/math.univ-lyon1.fr\/icj\/wp-content\/uploads\/2024\/10\/Animath-300x148.jpg 300w\" sizes=\"auto, (max-width: 523px) 100vw, 523px\" \/><\/a><\/figure>\n<\/div>\n\n\n\n<div class=\"wp-block-column is-vertically-aligned-center is-layout-flow wp-block-column-is-layout-flow\">\n<figure class=\"wp-block-image aligncenter size-large\"><a href=\"https:\/\/fondation-blaise-pascal.org\" target=\"_blank\" rel=\"noreferrer noopener\"><img loading=\"lazy\" decoding=\"async\" width=\"1024\" height=\"191\" src=\"https:\/\/math.univ-lyon1.fr\/icj\/wp-content\/uploads\/2024\/09\/Logo-fondation-blaise-pascal.svg_-1024x191.png\" alt=\"\" class=\"wp-image-1995\" srcset=\"https:\/\/math.univ-lyon1.fr\/icj\/wp-content\/uploads\/2024\/09\/Logo-fondation-blaise-pascal.svg_-1024x191.png 1024w, https:\/\/math.univ-lyon1.fr\/icj\/wp-content\/uploads\/2024\/09\/Logo-fondation-blaise-pascal.svg_-300x56.png 300w, https:\/\/math.univ-lyon1.fr\/icj\/wp-content\/uploads\/2024\/09\/Logo-fondation-blaise-pascal.svg_-768x143.png 768w, https:\/\/math.univ-lyon1.fr\/icj\/wp-content\/uploads\/2024\/09\/Logo-fondation-blaise-pascal.svg_-1536x286.png 1536w, https:\/\/math.univ-lyon1.fr\/icj\/wp-content\/uploads\/2024\/09\/Logo-fondation-blaise-pascal.svg_.png 1920w\" sizes=\"auto, (max-width: 1024px) 100vw, 1024px\" \/><\/a><\/figure>\n<\/div>\n<\/div>\n\n\n\n<div class=\"wp-block-columns is-layout-flex wp-container-core-columns-is-layout-28f84493 wp-block-columns-is-layout-flex\">\n<div class=\"wp-block-column is-vertically-aligned-center is-layout-flow wp-block-column-is-layout-flow\">\n<figure class=\"wp-block-image aligncenter size-full\"><a href=\"https:\/\/math.univ-lyon1.fr\/icj\/\" target=\"_blank\" rel=\"noreferrer noopener\"><img loading=\"lazy\" decoding=\"async\" width=\"400\" height=\"200\" src=\"https:\/\/math.univ-lyon1.fr\/icj\/wp-content\/uploads\/2024\/09\/Logo_ICJ_pour-bandeau.png\" alt=\"\" class=\"wp-image-1980\" srcset=\"https:\/\/math.univ-lyon1.fr\/icj\/wp-content\/uploads\/2024\/09\/Logo_ICJ_pour-bandeau.png 400w, https:\/\/math.univ-lyon1.fr\/icj\/wp-content\/uploads\/2024\/09\/Logo_ICJ_pour-bandeau-300x150.png 300w\" sizes=\"auto, (max-width: 400px) 100vw, 400px\" \/><\/a><\/figure>\n<\/div>\n\n\n\n<div class=\"wp-block-column is-vertically-aligned-center is-layout-flow wp-block-column-is-layout-flow\">\n<figure class=\"wp-block-image aligncenter size-full is-resized\"><a href=\"https:\/\/ens-lyon.fr\/LIP\" target=\"_blank\" rel=\"noreferrer noopener\"><img loading=\"lazy\" decoding=\"async\" width=\"567\" height=\"378\" src=\"https:\/\/math.univ-lyon1.fr\/icj\/wp-content\/uploads\/2024\/09\/logo_lip.png\" alt=\"\" class=\"wp-image-1985\" style=\"width:187px;height:auto\" srcset=\"https:\/\/math.univ-lyon1.fr\/icj\/wp-content\/uploads\/2024\/09\/logo_lip.png 567w, https:\/\/math.univ-lyon1.fr\/icj\/wp-content\/uploads\/2024\/09\/logo_lip-300x200.png 300w\" sizes=\"auto, (max-width: 567px) 100vw, 567px\" \/><\/a><\/figure>\n<\/div>\n\n\n\n<div class=\"wp-block-column is-vertically-aligned-center is-layout-flow wp-block-column-is-layout-flow\">\n<figure class=\"wp-block-image aligncenter size-full\"><a href=\"https:\/\/liris.cnrs.fr\" target=\"_blank\" rel=\"noreferrer noopener\"><img loading=\"lazy\" decoding=\"async\" width=\"210\" height=\"102\" src=\"https:\/\/math.univ-lyon1.fr\/icj\/wp-content\/uploads\/2024\/09\/liris_210.png\" alt=\"\" class=\"wp-image-1991\" \/><\/a><\/figure>\n<\/div>\n\n\n\n<div class=\"wp-block-column is-vertically-aligned-center is-layout-flow wp-block-column-is-layout-flow\">\n<figure class=\"wp-block-image aligncenter size-large\"><a href=\"https:\/\/alstom.com\/fr\" target=\"_blank\" rel=\"noreferrer noopener\"><img loading=\"lazy\" decoding=\"async\" width=\"1024\" height=\"283\" src=\"https:\/\/math.univ-lyon1.fr\/icj\/wp-content\/uploads\/2024\/09\/Alstom_logo.svg_-1-1024x283.png\" alt=\"\" class=\"wp-image-2005\" srcset=\"https:\/\/math.univ-lyon1.fr\/icj\/wp-content\/uploads\/2024\/09\/Alstom_logo.svg_-1-1024x283.png 1024w, https:\/\/math.univ-lyon1.fr\/icj\/wp-content\/uploads\/2024\/09\/Alstom_logo.svg_-1-300x83.png 300w, https:\/\/math.univ-lyon1.fr\/icj\/wp-content\/uploads\/2024\/09\/Alstom_logo.svg_-1-768x212.png 768w, https:\/\/math.univ-lyon1.fr\/icj\/wp-content\/uploads\/2024\/09\/Alstom_logo.svg_-1-1536x424.png 1536w, https:\/\/math.univ-lyon1.fr\/icj\/wp-content\/uploads\/2024\/09\/Alstom_logo.svg_-1.png 1920w\" sizes=\"auto, (max-width: 1024px) 100vw, 1024px\" \/><\/a><\/figure>\n<\/div>\n\n\n\n<div class=\"wp-block-column is-vertically-aligned-center is-layout-flow wp-block-column-is-layout-flow\">\n<figure class=\"wp-block-image aligncenter size-large\"><a href=\"https:\/\/safran-group.com\/fr\" target=\"_blank\" rel=\"noreferrer noopener\"><img loading=\"lazy\" decoding=\"async\" width=\"1024\" height=\"219\" src=\"https:\/\/math.univ-lyon1.fr\/icj\/wp-content\/uploads\/2024\/09\/Safran_-_logo_2016-1024x219.png\" alt=\"\" class=\"wp-image-1988\" srcset=\"https:\/\/math.univ-lyon1.fr\/icj\/wp-content\/uploads\/2024\/09\/Safran_-_logo_2016-1024x219.png 1024w, https:\/\/math.univ-lyon1.fr\/icj\/wp-content\/uploads\/2024\/09\/Safran_-_logo_2016-300x64.png 300w, https:\/\/math.univ-lyon1.fr\/icj\/wp-content\/uploads\/2024\/09\/Safran_-_logo_2016-768x165.png 768w, https:\/\/math.univ-lyon1.fr\/icj\/wp-content\/uploads\/2024\/09\/Safran_-_logo_2016.png 1400w\" sizes=\"auto, (max-width: 1024px) 100vw, 1024px\" \/><\/a><\/figure>\n<\/div>\n<\/div>\n\n\n\n<p><\/p>\n","protected":false},"excerpt":{"rendered":"<p>Une journ\u00e9e Filles, Maths, Informatique : une \u00e9quation lumineuse est organis\u00e9e sur le campus de la Doua par l&rsquo;Institut Camille Jordan, le Laboratoire d&rsquo;InfoRmatique en Image et Syst\u00e8mes d&rsquo;information et le Laboratoire d&rsquo;Informatique et du Parall\u00e9lisme, en partenariat avec les associations Femmes et Maths et Animath et avec le financement de l&rsquo;ANR Include, de Safran [&hellip;]<\/p>\n","protected":false},"author":14,"featured_media":0,"parent":0,"menu_order":0,"comment_status":"closed","ping_status":"closed","template":"","meta":{"footnotes":""},"class_list":["post-1961","page","type-page","status-publish","hentry"],"_links":{"self":[{"href":"https:\/\/math.univ-lyon1.fr\/icj\/wp-json\/wp\/v2\/pages\/1961","targetHints":{"allow":["GET"]}}],"collection":[{"href":"https:\/\/math.univ-lyon1.fr\/icj\/wp-json\/wp\/v2\/pages"}],"about":[{"href":"https:\/\/math.univ-lyon1.fr\/icj\/wp-json\/wp\/v2\/types\/page"}],"author":[{"embeddable":true,"href":"https:\/\/math.univ-lyon1.fr\/icj\/wp-json\/wp\/v2\/users\/14"}],"replies":[{"embeddable":true,"href":"https:\/\/math.univ-lyon1.fr\/icj\/wp-json\/wp\/v2\/comments?post=1961"}],"version-history":[{"count":30,"href":"https:\/\/math.univ-lyon1.fr\/icj\/wp-json\/wp\/v2\/pages\/1961\/revisions"}],"predecessor-version":[{"id":2120,"href":"https:\/\/math.univ-lyon1.fr\/icj\/wp-json\/wp\/v2\/pages\/1961\/revisions\/2120"}],"wp:attachment":[{"href":"https:\/\/math.univ-lyon1.fr\/icj\/wp-json\/wp\/v2\/media?parent=1961"}],"curies":[{"name":"wp","href":"https:\/\/api.w.org\/{rel}","templated":true}]}}