{"id":2037,"date":"2024-09-23T19:35:01","date_gmt":"2024-09-23T17:35:01","guid":{"rendered":"https:\/\/math.univ-lyon1.fr\/icj\/?page_id=2037"},"modified":"2024-10-04T19:05:40","modified_gmt":"2024-10-04T17:05:40","slug":"fete-de-la-science-2024","status":"publish","type":"page","link":"https:\/\/math.univ-lyon1.fr\/icj\/fete-de-la-science-2024\/","title":{"rendered":"F\u00eate de la Science 2024"},"content":{"rendered":"\n<p class=\"has-text-align-center\"><strong>B\u00e2timent Braconnier, 21 avenue Claude Bernard, Villeurbanne<\/strong><\/p>\n\n\n\n<p>Le jeudi 10 et le vendredi 11 octobre sont consacr\u00e9s (inscriptions obligatoires) \u00e0 l\u2019accueil des scolaires autour de rencontres avec des chercheurs et d\u2019ateliers ludiques.<\/p>\n\n\n\n<p class=\"has-text-align-left has-medium-font-size\"><strong>Le samedi 12 octobre apr\u00e8s midi de 14h \u00e0 18h, la F\u00eate de la Science \u00e0 l\u2019Institut Camille Jordan c\u2019est la F\u00eate des Math\u00e9matiques pour tout public&nbsp;(entr\u00e9e libre et gratuite)<\/strong><\/p>\n\n\n\n<p class=\"has-text-align-center has-large-font-size\"><strong>Vous \u00eates toutes et tous invit\u00e9s \u00e0 d\u00e9couvrir une autre facette des math\u00e9matiques !&nbsp;<\/strong><\/p>\n\n\n\n<figure class=\"wp-block-image aligncenter size-large\"><img loading=\"lazy\" decoding=\"async\" width=\"1024\" height=\"576\" src=\"https:\/\/math.univ-lyon1.fr\/icj\/wp-content\/uploads\/2024\/10\/teaser-f-te-de-la-science-2024-2162-1024x576.jpg\" alt=\"\" class=\"wp-image-2069\" srcset=\"https:\/\/math.univ-lyon1.fr\/icj\/wp-content\/uploads\/2024\/10\/teaser-f-te-de-la-science-2024-2162-1024x576.jpg 1024w, https:\/\/math.univ-lyon1.fr\/icj\/wp-content\/uploads\/2024\/10\/teaser-f-te-de-la-science-2024-2162-300x169.jpg 300w, https:\/\/math.univ-lyon1.fr\/icj\/wp-content\/uploads\/2024\/10\/teaser-f-te-de-la-science-2024-2162-768x432.jpg 768w, https:\/\/math.univ-lyon1.fr\/icj\/wp-content\/uploads\/2024\/10\/teaser-f-te-de-la-science-2024-2162.jpg 1280w\" sizes=\"auto, (max-width: 1024px) 100vw, 1024px\" \/><\/figure>\n\n\n\n<p class=\"has-text-align-center has-medium-font-size\"><strong>Au programme :&nbsp;<\/strong><\/p>\n\n\n\n<ul class=\"wp-block-list\">\n<li>&nbsp;Des objets surprenants \u00e0 manipuler (un toroflux, un parabolo\u00efde hyperbolique, le pavage de Penrose, \u2026), des ateliers interactifs  MathaLyon (toute l\u2019apr\u00e8s midi)<\/li>\n\n\n\n<li>Philippe Caldero a concoct\u00e9 une vid\u00e9o grand public sp\u00e9ciale pour la F\u00eate de la Science 2024 \u00e0 l\u2019I\u2019ICJ, \u00ab&nbsp;Les nombres puissants &#8211; autour d&rsquo;une conversation au sommet&nbsp;\u00bb (\u00e0 14h50)<\/li>\n\n\n\n<li>&nbsp;Un show de magie math\u00e9matique anim\u00e9 par Jean-Baptiste Aubin et Hai Ch\u00e2u Nguyen (de 15h \u00e0 16h)<\/li>\n\n\n\n<li>&nbsp;Un cin\u00e9 d\u00e9bat avec la pr\u00e9sentation du film \u00ab&nbsp;Ils ont eu raison du tore plat&nbsp;!&nbsp;\u00bb, suivie d\u2019une discussion avec Vincent Borelli (de 16h \u00e0 17h)&nbsp;<\/li>\n\n\n\n<li>+ Des projections de vid\u00e9os, comment\u00e9es par les auteurs des chaines Youtube <a href=\"https:\/\/www.youtube.com\/c\/thomaths\" data-type=\"link\" data-id=\"https:\/\/www.youtube.com\/c\/thomaths\">Thomaths<\/a> et <a href=\"https:\/\/www.youtube.com\/channel\/UCZ5bgGfyXy4nnPzV__uJ7Kg\" data-type=\"link\" data-id=\"https:\/\/www.youtube.com\/channel\/UCZ5bgGfyXy4nnPzV__uJ7Kg\">Phil Caldero<\/a>, des&nbsp;vid\u00e9os d\u2019<a href=\"https:\/\/video.math.cnrs.fr\" data-type=\"link\" data-id=\"https:\/\/video.math.cnrs.fr\">Audimath<\/a>&nbsp;et d&rsquo;autres (<a href=\"https:\/\/www.dimensions-math.org\/Dim_fr.htm\" data-type=\"link\" data-id=\"https:\/\/www.dimensions-math.org\/Dim_fr.htm\">Dimensions<\/a>, <a href=\"https:\/\/www.chaos-math.org\/fr.html\" data-type=\"link\" data-id=\"https:\/\/www.chaos-math.org\/fr.html\">Chaos<\/a> &#8230;) <\/li>\n<\/ul>\n\n\n\n<p>T\u00e9l\u00e9charger l&rsquo;<a href=\"https:\/\/math.univ-lyon1.fr\/icj\/wp-content\/uploads\/2024\/10\/2024-affiche-fdls-qr-code.pdf\">affiche<\/a><\/p>\n\n\n\n<figure class=\"wp-block-image aligncenter size-large\"><img decoding=\"async\" src=\"https:\/\/math.univ-lyon1.fr\/irem\/local\/cache-vignettes\/L142xH150\/arton482-4d2e5.png\" alt=\"\" \/><\/figure>\n\n\n\n<p><\/p>\n","protected":false},"excerpt":{"rendered":"<p>B\u00e2timent Braconnier, 21 avenue Claude Bernard, Villeurbanne Le jeudi 10 et le vendredi 11 octobre sont consacr\u00e9s (inscriptions obligatoires) \u00e0 l\u2019accueil des scolaires autour de rencontres avec des chercheurs et d\u2019ateliers ludiques. Le samedi 12 octobre apr\u00e8s midi de 14h \u00e0 18h, la F\u00eate de la Science \u00e0 l\u2019Institut Camille Jordan c\u2019est la F\u00eate des [&hellip;]<\/p>\n","protected":false},"author":17,"featured_media":0,"parent":0,"menu_order":0,"comment_status":"closed","ping_status":"closed","template":"","meta":{"footnotes":""},"class_list":["post-2037","page","type-page","status-publish","hentry"],"_links":{"self":[{"href":"https:\/\/math.univ-lyon1.fr\/icj\/wp-json\/wp\/v2\/pages\/2037","targetHints":{"allow":["GET"]}}],"collection":[{"href":"https:\/\/math.univ-lyon1.fr\/icj\/wp-json\/wp\/v2\/pages"}],"about":[{"href":"https:\/\/math.univ-lyon1.fr\/icj\/wp-json\/wp\/v2\/types\/page"}],"author":[{"embeddable":true,"href":"https:\/\/math.univ-lyon1.fr\/icj\/wp-json\/wp\/v2\/users\/17"}],"replies":[{"embeddable":true,"href":"https:\/\/math.univ-lyon1.fr\/icj\/wp-json\/wp\/v2\/comments?post=2037"}],"version-history":[{"count":29,"href":"https:\/\/math.univ-lyon1.fr\/icj\/wp-json\/wp\/v2\/pages\/2037\/revisions"}],"predecessor-version":[{"id":2096,"href":"https:\/\/math.univ-lyon1.fr\/icj\/wp-json\/wp\/v2\/pages\/2037\/revisions\/2096"}],"wp:attachment":[{"href":"https:\/\/math.univ-lyon1.fr\/icj\/wp-json\/wp\/v2\/media?parent=2037"}],"curies":[{"name":"wp","href":"https:\/\/api.w.org\/{rel}","templated":true}]}}