{"id":240,"date":"2023-05-24T14:15:13","date_gmt":"2023-05-24T12:15:13","guid":{"rendered":"https:\/\/web1-math.univ-lyon1.fr\/wpinterneticj\/?page_id=240"},"modified":"2025-09-15T09:51:28","modified_gmt":"2025-09-15T07:51:28","slug":"diffusion-scientifique","status":"publish","type":"page","link":"https:\/\/math.univ-lyon1.fr\/icj\/diffusion-scientifique\/","title":{"rendered":"Diffusion scientifique"},"content":{"rendered":"\n<div class=\"wp-block-group is-nowrap is-layout-flex wp-container-core-group-is-layout-6c531013 wp-block-group-is-layout-flex\">\n<div class=\"wp-block-columns are-vertically-aligned-center is-layout-flex wp-container-core-columns-is-layout-28f84493 wp-block-columns-is-layout-flex\">\n<div class=\"wp-block-column is-vertically-aligned-center is-layout-flow wp-block-column-is-layout-flow\" style=\"flex-basis:350px\">\n<figure class=\"wp-block-image aligncenter size-full\"><img loading=\"lazy\" decoding=\"async\" width=\"300\" height=\"300\" src=\"https:\/\/math.univ-lyon1.fr\/icj\/wp-content\/uploads\/2024\/02\/Logo_Diffusion_300x300.png\" alt=\"\" class=\"wp-image-1498\" srcset=\"https:\/\/math.univ-lyon1.fr\/icj\/wp-content\/uploads\/2024\/02\/Logo_Diffusion_300x300.png 300w, https:\/\/math.univ-lyon1.fr\/icj\/wp-content\/uploads\/2024\/02\/Logo_Diffusion_300x300-150x150.png 150w\" sizes=\"auto, (max-width: 300px) 100vw, 300px\" \/><\/figure>\n<\/div>\n\n\n\n<div class=\"wp-block-column is-vertically-aligned-center is-layout-flow wp-block-column-is-layout-flow\">\n<p style=\"font-size:clamp(0.901rem, 0.901rem + ((1vw - 0.2rem) * 0.641), 1.35rem);\">Les membres de l\u2019Institut Camille Jordan sont impliqu\u00e9s dans les activit\u00e9s de diffusion des math\u00e9matiques vers le \u00ab&nbsp;grand public&nbsp;\u00bb. Ces activit\u00e9s se font le plus souvent en collaboration \u00e9troite avec l\u2019<a href=\"http:\/\/www.umpa.ens-lyon.fr\">UMPA<\/a> (<a href=\"http:\/\/www.ens-lyon.fr\">ENS Lyon<\/a>) et <strong><a href=\"https:\/\/mmi-lyon.fr\/\">la Maison des Math\u00e9matiques et de l\u2019Informatique<\/a><\/strong>, dirig\u00e9e par O. Druet (ICJ). <\/p>\n<\/div>\n<\/div>\n\n\n\n<p><\/p>\n<\/div>\n\n\n\n<p><strong><a href=\"https:\/\/math.univ-lyon1.fr\/icj\/fete-de-la-science-2025-au-village-de-sciences-de-liut-lyon-1\/\" data-type=\"page\" data-id=\"2368\">F\u00eate de la Science 2025<\/a><\/strong>, coordonn\u00e9e par JB Aubin, L. Dupaigne, R. Goiffon, HC N&rsquo;Guyen, A. Thomas (ICJ).<\/p>\n\n\n\n<p><a href=\"https:\/\/www.fondation-blaise-pascal.org\/nos-actions\/les-projets-de-la-fondation\/camp-biomaths-a-la-decouverte-des-interfaces-mathematiques-et-sciences-de-la-vie\/\">Camp Biomaths<\/a> du 20 au 24 octobre 2025<\/p>\n\n\n\n<p><\/p>\n\n\n\n<p><strong>L\u2019 exposition itin\u00e9rante <a href=\"https:\/\/mmi-lyon.fr\/?site_atelier=mathalyon\">Math\u03b1Lyon<\/a><\/strong>, coordonn\u00e9e par L. Dupaigne (ICJ), R. Goiffon (ICJ) et S. Zugmeyer (UMPA), propose des manipulations et rencontres avec des chercheurs en math\u00e9matiques, au sein des coll\u00e8ges et lyc\u00e9es de la r\u00e9gion, durant 2 jours. Elle comporte 17 ateliers interactifs issus de l\u2019exposition internationale \u00ab Pourquoi les math\u00e9matiques ? \u00bb de l\u2019UNESCO, anim\u00e9s par 4 chercheurs de l&rsquo;ICJ et de l&rsquo;UMPA. Les \u00e9l\u00e8ves peuvent exp\u00e9rimenter, poser des questions, formuler des conjectures, les \u00ab tester \u00bb, les prouver\u2026 Math\u03b1Lyon s\u2019installe dans un \u00e9tablissement et les classes viennent profiter des ateliers \u00e0 tour de r\u00f4le.<\/p>\n\n\n\n<figure class=\"wp-block-image size-full is-resized\"><img loading=\"lazy\" decoding=\"async\" width=\"1024\" height=\"681\" src=\"https:\/\/math.univ-lyon1.fr\/icj\/wp-content\/uploads\/2024\/09\/image.png\" alt=\"\" class=\"wp-image-2055\" style=\"width:213px;height:auto\" srcset=\"https:\/\/math.univ-lyon1.fr\/icj\/wp-content\/uploads\/2024\/09\/image.png 1024w, https:\/\/math.univ-lyon1.fr\/icj\/wp-content\/uploads\/2024\/09\/image-300x200.png 300w, https:\/\/math.univ-lyon1.fr\/icj\/wp-content\/uploads\/2024\/09\/image-768x511.png 768w\" sizes=\"auto, (max-width: 1024px) 100vw, 1024px\" \/><\/figure>\n\n\n\n<p>Les chercheurs Math \u00e0 Lyon en 2024-2025: Dragos Iftimie, Pierre-Damien Thizy, Eric Canon, Simon Zugmeyer, Olivier Gipouloux, Olivier Bodart, Fr\u00e9d\u00e9ric Chardard,Youcef Mammeri, Th\u00e9o Pellarin, Julien Fombaro, Filippo Santambroggio, J\u00e9r\u00f4me Coville, Benjamin Fleuriault, Guillaume Pignon-Ywanne, Slim Kammoun, Mathieu Cal\u00e9ro, Christian Mercat, Loan le Maguet, Lo\u00efc Jean, Fran\u00e7ois Brunault, Thomas Budzinski, Emmanuel Jacob, Christophe Sabot, Pierrick Le Vourc\u2019h, Antoine Detaill\u00e9, Marielle Simon, Sophie Morel, Milan Boutros, Guillaume Geoffroy, No\u00e9 Fellman, Charles Baffour, Mathilde Daudet, Ilyana Benreguig, Alexandre Tillier, Tuna Altinel, Solal Gaudin, Pierrick Tolle, Stanley Cantereau, Nino Emery, Baptiste Peaucelle, Mich\u00e8le Romanos, Laurent Chevillard, Pierrick Tolle, Alice Bouillet, Simon Pitte, Louis Dupaigne, Ivan Gentil, Simon Zugmeyer, Baptiste Devyver, Nicolas Mattebon, Thomas Lepoutre, Mathieu Calero, Johannes Kellendonk, Nicolas Ressayre, L\u00e9on Matar Tine, Klaus Niderkrueger, Jean-Yves Welschinger, Vincent Borelli et, comme chaque mois de chaque ann\u00e9e, R\u00e9gis Goiffon.<\/p>\n\n\n\n<p>Les <a href=\"https:\/\/filles-et-maths.fr\/jfmi\/\"><strong>Journ\u00e9es Filles, Maths et Informatique: une \u00e9quation lumineuse<\/strong>, <\/a>se sont d\u00e9roul\u00e9es \u00e0 Lyon en 2024 et sont coorganis\u00e9es par F. Bienven\u00fce et V. Borelli<\/p>\n\n\n\n<p><a href=\"https:\/\/math.univ-lyon1.fr\/icj\/fete-de-la-science-2024\/\" data-type=\"page\" data-id=\"2037\"><strong>F\u00eate de la Science 2024<\/strong><\/a>, coordonn\u00e9e par L. Dupaigne, R. Goiffon et A. Thomas (ICJ).<\/p>\n\n\n\n<p><a href=\"http:\/\/images.math.cnrs.fr\/\"><strong>Images des Math\u00e9matiques<\/strong><\/a> est le site de r\u00e9f\u00e9rence pour la diffusion des math\u00e9matiques en France. De l&rsquo;ICJ, R. Goiffon, J. Germoni et M. Jeannin font partie de l&rsquo;\u00e9quipe \u00e9ditoriale de sa <a href=\"http:\/\/images.math.cnrs.fr\/-Actualites-.html\">revue de presse<\/a>.<\/p>\n\n\n\n<p>Le <a href=\"http:\/\/rallye-math.univ-lyon1.fr\/\"><strong>rallye math\u00e9matique de Lyon<\/strong><\/a> est co-organis\u00e9 chaque ann\u00e9e par l\u2019<a href=\"http:\/\/math.univ-lyon1.fr\/irem\/\">IREM de Lyon<\/a>. Les vainqueurs remportent une intervention Math\u03b1Lyon.<\/p>\n\n\n\n<p>Lyon est un des six centres nationaux o\u00f9 est organis\u00e9e la finale nationale du <a href=\"https:\/\/www.ffjm.org\/fr\/le-championnat-2023\"><strong>championnat international de jeux math\u00e9matiques<\/strong><\/a>. De l&rsquo;ICJ, R. Goiffon et B. Lass, sont aussi du voyage pour accompagner l&rsquo;\u00e9quipe de France \u00e0 la finale internationale.<\/p>\n\n\n\n<p>Le <a href=\"http:\/\/math.univ-lyon1.fr\/~lass\/club.html\"><strong>club de math\u00e9matiques discr\u00e8tes de Lyon<\/strong><\/a> est anim\u00e9 par <a href=\"http:\/\/math.univ-lyon1.fr\/~lass\/\">B. Lass<\/a>, <a href=\"https:\/\/math.univ-lyon1.fr\/~ducatez\/\">R. Ducatez<\/a>, chercheurs \u00e0 l\u2019ICJ, T. Budzinski, chercheur \u00e0 l&rsquo;ENS de Lyon et M. Scuturici, chercheur \u00e0 l&rsquo;INSA de Lyon et au LIRIS. Un dimanche toutes les deux semaines et certaines semaines durant les vacances sont propos\u00e9s des cours de maths olympiques pour coll\u00e8giens\/lyc\u00e9ens.<\/p>\n\n\n\n<p><a href=\"https:\/\/mmi-lyon.fr\/?site_conference=soirees-mathematiques-de-lyon\"><strong>Les soir\u00e9es math\u00e9matiques de Lyon<\/strong><\/a>  proposent chaque mois une v\u00e9ritable rencontre avec un chercheur&nbsp;autour d\u2019un th\u00e8me de recherche actuel, sous la forme d\u2019une conf\u00e9rence suivie d\u2019un pot convivial pour prolonger les discussions. <a href=\"https:\/\/www.youtube.com\/playlist?list=PL4lBLBS9SXPezypStlAFdyWoZ8TQN94Q5\">Des captations vid\u00e9os<\/a> sont disponibles en ligne.<\/p>\n\n\n\n<p>L&rsquo;ICJ, repr\u00e9sent\u00e9 par R. Goiffon et A. Thomas, vient place Saint Sulpice \u00e0 Paris chaque ann\u00e9e, \u00e0 l&rsquo;occasion du <a href=\"https:\/\/salon-math.fr\/\"><strong>Salon Culture &amp; Jeux Math\u00e9matiques<\/strong><\/a><\/p>\n\n\n\n<div class=\"wp-block-group has-global-padding is-layout-constrained wp-block-group-is-layout-constrained\">\n<p>Retrouvez les vid\u00e9os de vulgarisation de notre coll\u00e8gue A.Thomas sur sa cha\u00eene <a href=\"https:\/\/www.youtube.com\/@Thomaths\"><strong>Thomaths.<\/strong><\/a><\/p>\n\n\n\n<div class=\"wp-block-columns is-layout-flex wp-container-core-columns-is-layout-28f84493 wp-block-columns-is-layout-flex\">\n<div class=\"wp-block-column is-vertically-aligned-top is-layout-flow wp-block-column-is-layout-flow\" style=\"flex-basis:100%\">\n<div class=\"wp-block-group has-global-padding is-layout-constrained wp-block-group-is-layout-constrained\">\n<figure class=\"wp-block-image alignright size-full is-resized\"><img loading=\"lazy\" decoding=\"async\" width=\"661\" height=\"601\" src=\"https:\/\/math.univ-lyon1.fr\/icj\/wp-content\/uploads\/2024\/09\/logo-tomate.png\" alt=\"\" class=\"wp-image-2045\" style=\"width:88px;height:auto\" srcset=\"https:\/\/math.univ-lyon1.fr\/icj\/wp-content\/uploads\/2024\/09\/logo-tomate.png 661w, https:\/\/math.univ-lyon1.fr\/icj\/wp-content\/uploads\/2024\/09\/logo-tomate-300x273.png 300w\" sizes=\"auto, (max-width: 661px) 100vw, 661px\" \/><\/figure>\n<\/div>\n<\/div>\n<\/div>\n<\/div>\n\n\n\n<p>Le dernier <a href=\"https:\/\/www.mathenjeans.fr\/Congres2022\"><strong>congr\u00e8s <\/strong><\/a><strong><a href=\"https:\/\/www.univ-lyon1.fr\/actualites\/math-en-jeans-a-lucbl\">Maths<\/a><\/strong><a href=\"https:\/\/www.mathenjeans.fr\/Congres2022\"><strong> en Jeans<\/strong><\/a> ayant eu lieu \u00e0 Lyon s&rsquo;est d\u00e9roul\u00e9 les 4 et 5 avril 2024.<\/p>\n\n\n\n<p>L&rsquo;ICJ participe au groupement de services CNRS <strong><a href=\"https:\/\/audimath.math.cnrs.fr\/\">Autour de la Diffusion des Math\u00e9matiques<\/a> (<a href=\"http:\/\/audimath.math.cnrs.fr\/\">AuDiMath<\/a>).<\/strong><\/p>\n","protected":false},"excerpt":{"rendered":"<p>Les membres de l\u2019Institut Camille Jordan sont impliqu\u00e9s dans les activit\u00e9s de diffusion des math\u00e9matiques vers le \u00ab&nbsp;grand public&nbsp;\u00bb. Ces activit\u00e9s se font le plus souvent en collaboration \u00e9troite avec l\u2019UMPA (ENS Lyon) et la Maison des Math\u00e9matiques et de l\u2019Informatique, dirig\u00e9e par O. Druet (ICJ). F\u00eate de la Science 2025, coordonn\u00e9e par JB Aubin, [&hellip;]<\/p>\n","protected":false},"author":17,"featured_media":0,"parent":0,"menu_order":0,"comment_status":"closed","ping_status":"closed","template":"","meta":{"footnotes":""},"class_list":["post-240","page","type-page","status-publish","hentry"],"_links":{"self":[{"href":"https:\/\/math.univ-lyon1.fr\/icj\/wp-json\/wp\/v2\/pages\/240","targetHints":{"allow":["GET"]}}],"collection":[{"href":"https:\/\/math.univ-lyon1.fr\/icj\/wp-json\/wp\/v2\/pages"}],"about":[{"href":"https:\/\/math.univ-lyon1.fr\/icj\/wp-json\/wp\/v2\/types\/page"}],"author":[{"embeddable":true,"href":"https:\/\/math.univ-lyon1.fr\/icj\/wp-json\/wp\/v2\/users\/17"}],"replies":[{"embeddable":true,"href":"https:\/\/math.univ-lyon1.fr\/icj\/wp-json\/wp\/v2\/comments?post=240"}],"version-history":[{"count":43,"href":"https:\/\/math.univ-lyon1.fr\/icj\/wp-json\/wp\/v2\/pages\/240\/revisions"}],"predecessor-version":[{"id":2371,"href":"https:\/\/math.univ-lyon1.fr\/icj\/wp-json\/wp\/v2\/pages\/240\/revisions\/2371"}],"wp:attachment":[{"href":"https:\/\/math.univ-lyon1.fr\/icj\/wp-json\/wp\/v2\/media?parent=240"}],"curies":[{"name":"wp","href":"https:\/\/api.w.org\/{rel}","templated":true}]}}