{"id":2499,"date":"2026-02-26T08:18:17","date_gmt":"2026-02-26T07:18:17","guid":{"rendered":"https:\/\/math.univ-lyon1.fr\/icj\/?page_id=2499"},"modified":"2026-04-09T17:53:28","modified_gmt":"2026-04-09T15:53:28","slug":"may-12-2026","status":"publish","type":"page","link":"https:\/\/math.univ-lyon1.fr\/icj\/may-12-2026\/","title":{"rendered":"May 12 2026"},"content":{"rendered":"\n<p>Cette journ\u00e9e est organis\u00e9e par le comit\u00e9 Parit\u00e9, \u00e9galit\u00e9, lutte contre les discriminations de l&rsquo;Institut Camille Jordan. Elle est ouverte \u00e0 toutes et tous. Merci de remplir <a href=\"https:\/\/evento.renater.fr\/survey\/may-12-2026-institut-camille-jordan-3h30hrw3\" target=\"_blank\" rel=\"noreferrer noopener\">ce formulaire pour vous inscrire au repas<\/a> et\/ou \u00e0 l&rsquo;atelier sur l&rsquo;enseignement sensible au genre et de <a href=\"mailto:parite@math.univ-lyon1.fr\" data-type=\"mailto\" data-id=\"mailto:parite@math.univ-lyon1.fr\">nous \u00e9crire<\/a> si vous souhaitez proposer une id\u00e9e pour la brocante math\u00e9matique.<\/p>\n\n\n\n<p>Le 12 mai, anniversaire de Maryam Mirzakhani, premi\u00e8re femme laur\u00e9ate de la m\u00e9daille Fields, est la journ\u00e9e internationale pour la promotion des femmes en maths.<\/p>\n\n\n\n<p><\/p>\n\n\n\n<h3 class=\"wp-block-heading has-text-align-center\">Programme pr\u00e9visionnel<\/h3>\n\n\n\n<div class=\"wp-block-media-text has-media-on-the-right is-stacked-on-mobile\" style=\"grid-template-columns:auto 34%\"><div class=\"wp-block-media-text__content\">\n<p>8h45 &#8211; 9h15 Caf\u00e9 d&rsquo;accueil<br>9h15 &#8211; 9h30 Introduction \u00e0 la journ\u00e9e : enjeux puis programme<br>9h30 &#8211; 10h30 Premier expos\u00e9 de math\u00e9maticienne invit\u00e9e<br>10h30 &#8211; 11h Pause caf\u00e9<br>11h &#8211; 12h Deuxi\u00e8me expos\u00e9 de math\u00e9maticienne invit\u00e9e<br>12h &#8211; 13h30 Pause d\u00e9jeuner (Buffet)<br>13h30 &#8211; 14h30 \u00ab Brocante math\u00e9matique \u00bb\u00a0\u00a0<br>14h30 &#8211; 14h45 Pause<br>14h45 &#8211; 15h30 Expos\u00e9 introductif sur l&rsquo;enseignement conscient du genre\u00a0(Violaine Dutrop)<br>15h30 &#8211; 17h Atelier sur les pratiques d&rsquo;Enseignement conscient du \u00a0genre autour d&rsquo;un go\u00fbter.<\/p>\n<\/div><figure class=\"wp-block-media-text__media\"><img loading=\"lazy\" decoding=\"async\" width=\"730\" height=\"1024\" src=\"https:\/\/math.univ-lyon1.fr\/icj\/wp-content\/uploads\/2026\/04\/May-12_image-730x1024.png\" alt=\"\" class=\"wp-image-2544 size-full\" srcset=\"https:\/\/math.univ-lyon1.fr\/icj\/wp-content\/uploads\/2026\/04\/May-12_image-730x1024.png 730w, https:\/\/math.univ-lyon1.fr\/icj\/wp-content\/uploads\/2026\/04\/May-12_image-214x300.png 214w, https:\/\/math.univ-lyon1.fr\/icj\/wp-content\/uploads\/2026\/04\/May-12_image-768x1077.png 768w, https:\/\/math.univ-lyon1.fr\/icj\/wp-content\/uploads\/2026\/04\/May-12_image-1095x1536.png 1095w, https:\/\/math.univ-lyon1.fr\/icj\/wp-content\/uploads\/2026\/04\/May-12_image-1460x2048.png 1460w, https:\/\/math.univ-lyon1.fr\/icj\/wp-content\/uploads\/2026\/04\/May-12_image.png 1701w\" sizes=\"auto, (max-width: 730px) 100vw, 730px\" \/><\/figure><\/div>\n","protected":false},"excerpt":{"rendered":"<p>Cette journ\u00e9e est organis\u00e9e par le comit\u00e9 Parit\u00e9, \u00e9galit\u00e9, lutte contre les discriminations de l&rsquo;Institut Camille Jordan. Elle est ouverte \u00e0 toutes et tous. Merci de remplir ce formulaire pour vous inscrire au repas et\/ou \u00e0 l&rsquo;atelier sur l&rsquo;enseignement sensible au genre et de nous \u00e9crire si vous souhaitez proposer une id\u00e9e pour la brocante [&hellip;]<\/p>\n","protected":false},"author":14,"featured_media":2501,"parent":0,"menu_order":0,"comment_status":"closed","ping_status":"closed","template":"","meta":{"footnotes":""},"class_list":["post-2499","page","type-page","status-publish","has-post-thumbnail","hentry"],"_links":{"self":[{"href":"https:\/\/math.univ-lyon1.fr\/icj\/wp-json\/wp\/v2\/pages\/2499","targetHints":{"allow":["GET"]}}],"collection":[{"href":"https:\/\/math.univ-lyon1.fr\/icj\/wp-json\/wp\/v2\/pages"}],"about":[{"href":"https:\/\/math.univ-lyon1.fr\/icj\/wp-json\/wp\/v2\/types\/page"}],"author":[{"embeddable":true,"href":"https:\/\/math.univ-lyon1.fr\/icj\/wp-json\/wp\/v2\/users\/14"}],"replies":[{"embeddable":true,"href":"https:\/\/math.univ-lyon1.fr\/icj\/wp-json\/wp\/v2\/comments?post=2499"}],"version-history":[{"count":7,"href":"https:\/\/math.univ-lyon1.fr\/icj\/wp-json\/wp\/v2\/pages\/2499\/revisions"}],"predecessor-version":[{"id":2546,"href":"https:\/\/math.univ-lyon1.fr\/icj\/wp-json\/wp\/v2\/pages\/2499\/revisions\/2546"}],"wp:featuredmedia":[{"embeddable":true,"href":"https:\/\/math.univ-lyon1.fr\/icj\/wp-json\/wp\/v2\/media\/2501"}],"wp:attachment":[{"href":"https:\/\/math.univ-lyon1.fr\/icj\/wp-json\/wp\/v2\/media?parent=2499"}],"curies":[{"name":"wp","href":"https:\/\/api.w.org\/{rel}","templated":true}]}}