{"id":25,"date":"2023-05-05T12:34:33","date_gmt":"2023-05-05T10:34:33","guid":{"rendered":"https:\/\/web1-math.univ-lyon1.fr\/wpinterneticj\/?page_id=25"},"modified":"2024-07-05T13:27:03","modified_gmt":"2024-07-05T11:27:03","slug":"presentation","status":"publish","type":"page","link":"https:\/\/math.univ-lyon1.fr\/icj\/presentation\/","title":{"rendered":"Pr\u00e9sentation"},"content":{"rendered":"\n<p>L&rsquo;Institut Camille Jordan (ICJ \u2013 UMR 5208) a \u00e9t\u00e9 cr\u00e9\u00e9 en janvier 2005 suite au regroupement de 4 laboratoires de math\u00e9matiques lyonnais : l&rsquo;Institut Girard Desargues (math\u00e9matiques fondamentales), le laboratoire Maply (math\u00e9matiques appliqu\u00e9es), le LAPCS (probabilit\u00e9s, statistiques et combinatoire) et le MCS (mod\u00e9lisation et calcul scientifique). En janvier 2011, il a fusionn\u00e9 avec le Laboratoire de Math\u00e9matiques Unifi\u00e9es de Saint-Etienne (LaMUSE). L\u2019ICJ a ainsi tutelles&nbsp;: Universit\u00e9 Claude Bernard Lyon 1 qui h\u00e9berge la majorit\u00e9 de ses membres et son \u00e9quipe administrative&nbsp;; le CNRS&nbsp;; l\u2019\u00e9cole Centrale de Lyon&nbsp;; l\u2019INSA&nbsp;; l\u2019universit\u00e9 Jean Monnet de Saint-Etienne et Inria comme partenaire.<\/p>\n\n\n\n<p>L\u2019ICJ regroupe environ 280 membres, dont environ 180 membres permanents. Il est actuellement dirig\u00e9 <a href=\"http:\/\/math.univ-lyon1.fr\/~maume\">V\u00e9ronique Maume-Deschamps<\/a>. Christine Le Sueur est sa responsable administrative et financi\u00e8re, <a href=\"https:\/\/perso.univ-st-etienne.fr\/esdr9935\/Page_D.Essouabri.htm\">Driss Essouabri<\/a> est directeur adjoint et responsable du site de Saint-Etienne&nbsp;; <a href=\"http:\/\/math.univ-lyon1.fr\/~renard\/\">Yves Renard<\/a> est responsable du site INSA Lyon&nbsp;; <a href=\"https:\/\/ydecastro.github.io\/\">Yohann de Castro<\/a> est responsable du site Ecole Centrale de Lyon.<\/p>\n\n\n\n<p>Les enseignantes-chercheuses, enseignants-chercheurs, chercheuses, chercheurs de l&rsquo;Institut Camille Jordan se r\u00e9partissent sur <a href=\"https:\/\/math.univ-lyon1.fr\/icj\/\">6 \u00e9quipes qui couvrent un tr\u00e8s large spectre des math\u00e9matiques<\/a>. L\u2019ICJ collabore avec le centre Inria de Lyon au travers des \u00e9quipes-projet DRACULA et Qinfo (liens).<\/p>\n\n\n\n<p>L\u2019ICJ est membre de la F\u00e9d\u00e9ration de Recherche en math\u00e9matiques Auvergne Rh\u00f4ne Alpes qui regroupe les laboratoires de math\u00e9matiques de la r\u00e9gion (UMPA, IF, LJK, LMBP, LAMA) et f\u00e9d\u00e8re l\u2019activit\u00e9 de recherche en math\u00e9matiques. L\u2019ICJ porte aussi deux r\u00e9seaux th\u00e9matiques du CNRS&nbsp;: Th\u00e9orie de nombres et Optimisation.<\/p>\n\n\n\n<p>Les recherches de l\u2019ICJ portent sur l\u2019ensemble des champs math\u00e9matiques, en lien avec d\u2019autres disciplines (biologie, physique, informatique et le monde socio-\u00e9conomique, et sont reconnues par de nombreux prix et distinctions (membres de l\u2019IUF, membres de l\u2019acad\u00e9mie de sciences, prix Montucla, prix Jean-Jacques Moreau\u2026) et soutenues par des financements publics et priv\u00e9s (ANR, ERC, CIFRE, \u2026). D\u2019importantes <a href=\"https:\/\/math.univ-lyon1.fr\/icj\/diffusion-scientifique\/\">actions de diffusion<\/a> sont men\u00e9es \u00e0 l\u2019ICJ et de nombreuses <a href=\"https:\/\/math.univ-lyon1.fr\/icj\/entreprises\/\">activit\u00e9s en lien avec les entreprises<\/a> sont d\u00e9velopp\u00e9es.<\/p>\n\n\n\n<p>La <a href=\"https:\/\/math.univ-lyon1.fr\/icj\/bibliotheque\/\">biblioth\u00e8que<\/a> de math\u00e9matiques, situ\u00e9e au b\u00e2timent Braconnier, est rattach\u00e9e au Service Commun de la Documentation (<a href=\"https:\/\/portaildoc.univ-lyon1.fr\/\" target=\"_blank\" rel=\"noreferrer noopener\">SCD<\/a>) de l\u2019Universit\u00e9 Claude Bernard Lyon&nbsp;1 et participe au <a href=\"http:\/\/www.rnbm.org\/\">R\u00e9seau National des Biblioth\u00e8ques de Math\u00e9matiques<\/a>. Elle est g\u00e9r\u00e9e par Raluca Dinca (responsable de la biblioth\u00e8que) et Claire Dozier, avec la commission biblioth\u00e8que de l\u2019ICJ.<\/p>\n","protected":false},"excerpt":{"rendered":"<p>L&rsquo;Institut Camille Jordan (ICJ \u2013 UMR 5208) a \u00e9t\u00e9 cr\u00e9\u00e9 en janvier 2005 suite au regroupement de 4 laboratoires de math\u00e9matiques lyonnais : l&rsquo;Institut Girard Desargues (math\u00e9matiques fondamentales), le laboratoire Maply (math\u00e9matiques appliqu\u00e9es), le LAPCS (probabilit\u00e9s, statistiques et combinatoire) et le MCS (mod\u00e9lisation et calcul scientifique). En janvier 2011, il a fusionn\u00e9 avec le Laboratoire [&hellip;]<\/p>\n","protected":false},"author":4,"featured_media":0,"parent":0,"menu_order":0,"comment_status":"closed","ping_status":"closed","template":"","meta":{"footnotes":""},"class_list":["post-25","page","type-page","status-publish","hentry"],"_links":{"self":[{"href":"https:\/\/math.univ-lyon1.fr\/icj\/wp-json\/wp\/v2\/pages\/25","targetHints":{"allow":["GET"]}}],"collection":[{"href":"https:\/\/math.univ-lyon1.fr\/icj\/wp-json\/wp\/v2\/pages"}],"about":[{"href":"https:\/\/math.univ-lyon1.fr\/icj\/wp-json\/wp\/v2\/types\/page"}],"author":[{"embeddable":true,"href":"https:\/\/math.univ-lyon1.fr\/icj\/wp-json\/wp\/v2\/users\/4"}],"replies":[{"embeddable":true,"href":"https:\/\/math.univ-lyon1.fr\/icj\/wp-json\/wp\/v2\/comments?post=25"}],"version-history":[{"count":20,"href":"https:\/\/math.univ-lyon1.fr\/icj\/wp-json\/wp\/v2\/pages\/25\/revisions"}],"predecessor-version":[{"id":1907,"href":"https:\/\/math.univ-lyon1.fr\/icj\/wp-json\/wp\/v2\/pages\/25\/revisions\/1907"}],"wp:attachment":[{"href":"https:\/\/math.univ-lyon1.fr\/icj\/wp-json\/wp\/v2\/media?parent=25"}],"curies":[{"name":"wp","href":"https:\/\/api.w.org\/{rel}","templated":true}]}}