{"id":285,"date":"2023-07-06T11:41:19","date_gmt":"2023-07-06T09:41:19","guid":{"rendered":"https:\/\/web1-math.univ-lyon1.fr\/wpinterneticj\/?page_id=285"},"modified":"2025-07-09T15:48:09","modified_gmt":"2025-07-09T13:48:09","slug":"bibliotheque","status":"publish","type":"page","link":"https:\/\/math.univ-lyon1.fr\/icj\/bibliotheque\/","title":{"rendered":"Biblioth\u00e8que"},"content":{"rendered":"\n<div class=\"wp-block-group is-nowrap is-layout-flex wp-container-core-group-is-layout-6c531013 wp-block-group-is-layout-flex\">\n<div class=\"wp-block-columns is-layout-flex wp-container-core-columns-is-layout-28f84493 wp-block-columns-is-layout-flex\">\n<div class=\"wp-block-column is-vertically-aligned-center is-layout-flow wp-block-column-is-layout-flow\" style=\"flex-basis:350px\">\n<figure class=\"wp-block-image size-large\"><img loading=\"lazy\" decoding=\"async\" width=\"1024\" height=\"637\" src=\"https:\/\/math.univ-lyon1.fr\/icj\/wp-content\/uploads\/2025\/07\/LogoChouette-1024x637.png\" alt=\"\" class=\"wp-image-2348\" srcset=\"https:\/\/math.univ-lyon1.fr\/icj\/wp-content\/uploads\/2025\/07\/LogoChouette-1024x637.png 1024w, https:\/\/math.univ-lyon1.fr\/icj\/wp-content\/uploads\/2025\/07\/LogoChouette-300x187.png 300w, https:\/\/math.univ-lyon1.fr\/icj\/wp-content\/uploads\/2025\/07\/LogoChouette-768x478.png 768w, https:\/\/math.univ-lyon1.fr\/icj\/wp-content\/uploads\/2025\/07\/LogoChouette-1536x956.png 1536w, https:\/\/math.univ-lyon1.fr\/icj\/wp-content\/uploads\/2025\/07\/LogoChouette.png 1708w\" sizes=\"auto, (max-width: 1024px) 100vw, 1024px\" \/><\/figure>\n<\/div>\n\n\n\n<div class=\"wp-block-column is-vertically-aligned-center is-layout-flow wp-block-column-is-layout-flow\">\n<h4 class=\"wp-block-heading\">La biblioth\u00e8que de Math\u00e9matiques est une composante du Service Commun de la Documentation de l\u2019Universit\u00e9 Claude Bernard Lyon 1.<\/h4>\n<\/div>\n<\/div>\n<\/div>\n\n\n\n<main class=\"wp-block-group has-global-padding is-layout-constrained wp-container-core-group-is-layout-ff1584c1 wp-block-group-is-layout-constrained\" style=\"padding-top:var(--wp--preset--spacing--30);padding-right:var(--wp--preset--spacing--30);padding-bottom:var(--wp--preset--spacing--30);padding-left:var(--wp--preset--spacing--30)\">\n<div class=\"wp-block-group is-horizontal is-content-justification-center is-layout-flex wp-container-core-group-is-layout-8558f6ec wp-block-group-is-layout-flex\">\n<div class=\"wp-block-columns are-vertically-aligned-top is-layout-flex wp-container-core-columns-is-layout-28f84493 wp-block-columns-is-layout-flex\">\n<div class=\"wp-block-column is-vertically-aligned-top has-global-padding is-content-justification-center is-layout-constrained wp-block-column-is-layout-constrained\">\n<div class=\"wp-block-group alignwide is-vertical is-content-justification-center is-layout-flex wp-container-core-group-is-layout-ce155fab wp-block-group-is-layout-flex\">\n<div class=\"wp-block-columns are-vertically-aligned-top is-layout-flex wp-container-core-columns-is-layout-28f84493 wp-block-columns-is-layout-flex\">\n<div class=\"wp-block-column is-vertically-aligned-top has-global-padding is-content-justification-center is-layout-constrained wp-block-column-is-layout-constrained\">\n<figure class=\"wp-block-image aligncenter size-large is-style-default\"><img decoding=\"async\" src=\"https:\/\/math.univ-lyon1.fr\/icj\/wp-content\/uploads\/2023\/12\/Photo_Bibliotheque-de-Math.jpg\" alt=\"\" \/><\/figure>\n<\/div>\n<\/div>\n\n\n\n<div class=\"wp-block-columns are-vertically-aligned-top is-layout-flex wp-container-core-columns-is-layout-28f84493 wp-block-columns-is-layout-flex\">\n<div class=\"wp-block-column is-vertically-aligned-top has-global-padding is-content-justification-center is-layout-constrained wp-block-column-is-layout-constrained\">\n<p><strong>La biblioth\u00e8que de Math\u00e9matiques<\/strong> est situ\u00e9e dans le b\u00e2timent Braconnier sur le campus de la Doua, et participe au <a href=\"http:\/\/www.rnbm.org\/\">R\u00e9seau National des Biblioth\u00e8ques de Math\u00e9matiques<\/a>.<\/p>\n\n\n\n<p>Suite aux \u00e9lections qui se sont tenues du lundi 10 au mercredi 12 janvier 2022 et suite \u00e0 la d\u00e9signation par les responsables de site de repr\u00e9sentants, voici la nouvelle composition de la <strong>\u00ab&nbsp;commission biblioth\u00e8que&nbsp;\u00bb<\/strong>&nbsp;:<\/p>\n\n\n\n<ul class=\"wp-block-list\">\n<li>Salom\u00e9 CHAUVET (nomm\u00e9e)<\/li>\n\n\n\n<li>Yohann DE CASTRO (d\u00e9sign\u00e9 pour le site ECL)<\/li>\n\n\n\n<li>Raluca DINCA (responsable de la biblioth\u00e8que)<\/li>\n\n\n\n<li>Ivan GENTIL (\u00e9lu)<\/li>\n\n\n\n<li>Olga KRAVCHENKO (\u00e9lue)<\/li>\n\n\n\n<li>Alexandre LANAR (\u00e9lu)<\/li>\n\n\n\n<li>Fran\u00e7ois L\u00ca (\u00e9lu)<\/li>\n\n\n\n<li>Christine LE SUEUR (responsable administrative de l\u2019ICJ)<\/li>\n\n\n\n<li>Filippo NUCCIO (\u00e9lu et d\u00e9sign\u00e9 pour le site UJM)<\/li>\n\n\n\n<li>Emmanuel RISLER (d\u00e9sign\u00e9 pour le site INSA)<\/li>\n\n\n\n<li>Fabien VIGNES-TOURNERET (\u00e9lu)<\/li>\n<\/ul>\n\n\n\n<p>La premi\u00e8re r\u00e9union de la commission a eu lieu le 10 f\u00e9vrier 2022 lors de laquelle Fabien VIGNES-TOURNERET a \u00e9t\u00e9 \u00e9lu responsable scientifique de la biblioth\u00e8que.<\/p>\n\n\n\n<p>Deux adresses \u00e9lectroniques g\u00e9n\u00e9riques sont \u00e0 votre disposition pour joindre les membres de la commission biblioth\u00e8que&nbsp;:<\/p>\n\n\n\n<ul class=\"wp-block-list\">\n<li><a href=\"mailto:responsables-bib-icj@math.univ-lyon1.fr\">responsables-bib-icj[at]math.univ-lyon1.fr<\/a> (qui renvoie actuellement \u00e0 Raluca DINCA et Fabien VIGNES-TOURNERET),<\/li>\n\n\n\n<li><a href=\"mailto:commission-bib-icj@math.univ-lyon1.fr\">commission-bib-icj[at]math.univ-lyon1.fr<\/a> (pour \u00e9crire \u00e0 tous les membres de la commission).<\/li>\n<\/ul>\n\n\n\n<p>Le mandat de cette commission prendra fin le 31 d\u00e9cembre 2026 avec l\u2019actuelle p\u00e9riode quinquennale.<\/p>\n\n\n\n<p>Pour toute question relative aux collections, veuillez contacter Claire Dozier (<a href=\"mailto:claire.dozier@univ-lyon1.fr\">claire.dozier[at]univ-lyon1.fr<\/a>).<\/p>\n\n\n\n<p>Les ressources de la biblioth\u00e8que sont accessibles sur le <a href=\"http:\/\/portaildoc.univ-lyon1.fr\/\">portail documentaire<\/a> du Service Commun de Documentation (SCD).<\/p>\n\n\n\n<p><strong>Adresse&nbsp;:<\/strong> B\u00e2timent Jean Braconnier \/ 21 avenue Claude Bernard \/ BP 2215 &#8211; 69603 Villeurbanne<\/p>\n\n\n\n<p><strong>Horaires&nbsp;:<\/strong> du lundi au vendredi de 9h00 \u00e0 18h00 (<a href=\"https:\/\/portaildoc.univ-lyon1.fr\/bibliotheques\/bibliotheques-de-sciences\/bu-mathematiques\" target=\"_blank\" rel=\"noreferrer noopener nofollow\">calendrier d\u00e9taill\u00e9<\/a>)<\/p>\n\n\n\n<p><\/p>\n<\/div>\n<\/div>\n\n\n\n<div class=\"wp-block-columns is-layout-flex wp-container-core-columns-is-layout-28f84493 wp-block-columns-is-layout-flex\">\n<div class=\"wp-block-column is-layout-flow wp-block-column-is-layout-flow\">\n<div style=\"height:30px\" aria-hidden=\"true\" class=\"wp-block-spacer\"><\/div>\n<\/div>\n<\/div>\n<\/div>\n<\/div>\n<\/div>\n<\/div>\n\n\n\n<div class=\"wp-block-group is-content-justification-left is-nowrap is-layout-flex wp-container-core-group-is-layout-a1ed96d5 wp-block-group-is-layout-flex\">\n<div class=\"wp-block-columns is-layout-flex wp-container-core-columns-is-layout-28f84493 wp-block-columns-is-layout-flex\">\n<div class=\"wp-block-column has-global-padding is-layout-constrained wp-block-column-is-layout-constrained\" style=\"flex-basis:60%\">\n<p class=\"has-foreground-color has-text-color has-link-color has-large-2-font-size wp-elements-6c519a8c462cd91c65a0bea3ab235373\">LIENS SCD<\/p>\n\n\n\n<figure class=\"wp-block-table is-style-regular\"><table class=\"has-border-color has-light-border-color has-fixed-layout\" style=\"border-width:1px\"><thead><tr><th class=\"has-text-align-center\" data-align=\"center\">COLLECTIONS<\/th><th class=\"has-text-align-center\" data-align=\"center\">SERVICES<\/th><\/tr><\/thead><tbody><tr><td class=\"has-text-align-center\" data-align=\"center\"><a href=\"https:\/\/portaildoc.univ-lyon1.fr\/\">CATALOGUE LIVRES <\/a><br><a href=\"https:\/\/portaildoc.univ-lyon1.fr\/\">(papier)<\/a><\/td><td class=\"has-text-align-center\" data-align=\"center\"><a href=\"http:\/\/hola.univ-lyon1.fr\/ipac20\/ipac.jsp?profile=scdcas&amp;menu=account\" data-type=\"link\" data-id=\"http:\/\/hola.univ-lyon1.fr\/ipac20\/ipac.jsp?profile=scdcas&amp;menu=account\">COMPTE LECTEURICE<\/a><\/td><\/tr><tr><td class=\"has-text-align-center\" data-align=\"center\"><a href=\"https:\/\/publications.ebsco.com\/?custId=s2941747&amp;groupId=main&amp;profileId=pfui\" target=\"_blank\" rel=\"noreferrer noopener nofollow\">CATALOGUE LIVRES<br>(\u00e9lectronique)<\/a><\/td><td class=\"has-text-align-center\" data-align=\"center\"><a href=\"https:\/\/portaildoc.univ-lyon1.fr\/les-services\/obtenir-un-document-france-etranger-peb\">PR\u00caT ENTRE BIBLIOTH\u00c8QUES<\/a><\/td><\/tr><tr><td class=\"has-text-align-center\" data-align=\"center\"><a href=\"https:\/\/cfp.mathdoc.fr\/library\/24\/etat\/\" target=\"_blank\" rel=\"noreferrer noopener\">JOURNAUX (papier)<\/a><\/td><td class=\"has-text-align-center\" data-align=\"center\"><a href=\"https:\/\/scd-rel.univ-lyon1.fr\/rel\/Tickets\/New\/?SimpleMaster=1&amp;categoryId=1029\">SUGGESTION D\u2019ACHATS<\/a><\/td><\/tr><tr><td class=\"has-text-align-center\" data-align=\"center\"><a href=\"https:\/\/cfp.mathdoc.fr\/geslic\/library\/24\/\" target=\"_blank\" rel=\"noreferrer noopener\">JOURNAUX (num\u00e9riques)<\/a><\/td><td class=\"has-text-align-center\" data-align=\"center\"><a href=\"https:\/\/portaildoc.univ-lyon1.fr\/demander-un-renseignement\">GUICHET UNIQUE<\/a><\/td><\/tr><tr><td class=\"has-text-align-center\" data-align=\"center\"><a href=\"http:\/\/portaildoc.univ-lyon1.fr\/les-collections\/explorer-par-themes\/mathematiques-652870.kjsp?RH=1464709310076\">LIENS DOCUMENTAIRES<\/a><\/td><td class=\"has-text-align-center\" data-align=\"center\"><\/td><\/tr><tr><td class=\"has-text-align-center\" data-align=\"center\"><a href=\"http:\/\/portaildoc.univ-lyon1.fr\/les-collections\/fonds-patrimoniaux\/la-bibliotheque-jean-et-gilles-itard-un-fonds-d-histoire-des-mathematiques-a-la-bibliotheque-universitaire-de-mathematique-de-lyon-1-823168.kjsp?RH=ZYZYZYZYZYZYZYZYZYZYZY#.V-okozGkw0A\">FONDS ITARD<\/a><\/td><td class=\"has-text-align-center\" data-align=\"center\"><\/td><\/tr><tr><td class=\"has-text-align-center\" data-align=\"center\"><a href=\"https:\/\/link-springer-com.docelec.univ-lyon1.fr\/bookseries\/304\">LECTURE NOTES IN MATHEMATICS<\/a><\/td><td class=\"has-text-align-center\" data-align=\"center\"><\/td><\/tr><\/tbody><\/table><\/figure>\n<\/div>\n\n\n\n<div class=\"wp-block-column has-global-padding is-layout-constrained wp-block-column-is-layout-constrained\" style=\"flex-basis:50%\"><\/div>\n<\/div>\n<\/div>\n\n\n\n<div class=\"wp-block-group is-nowrap is-layout-flex wp-container-core-group-is-layout-6c531013 wp-block-group-is-layout-flex\">\n<div class=\"wp-block-columns is-layout-flex wp-container-core-columns-is-layout-28f84493 wp-block-columns-is-layout-flex\">\n<div class=\"wp-block-column has-global-padding is-layout-constrained wp-block-column-is-layout-constrained\" style=\"flex-basis:100%\">\n<div style=\"height:15px\" aria-hidden=\"true\" class=\"wp-block-spacer\"><\/div>\n<\/div>\n<\/div>\n<\/div>\n\n\n\n<div class=\"wp-block-group is-nowrap is-layout-flex wp-container-core-group-is-layout-6c531013 wp-block-group-is-layout-flex\">\n<div class=\"wp-block-columns is-layout-flex wp-container-core-columns-is-layout-28f84493 wp-block-columns-is-layout-flex\">\n<div class=\"wp-block-column is-layout-flow wp-block-column-is-layout-flow\">\n<p class=\"has-text-align-left\">Voir en ligne&nbsp;: <a href=\"https:\/\/portaildoc.univ-lyon1.fr\/bibliotheques\/bibliotheques-de-sciences\/bu-mathematiques\" target=\"_blank\" rel=\"noreferrer noopener nofollow\">page descriptive sur le portail documentaire<\/a> <\/p>\n<\/div>\n<\/div>\n<\/div>\n<\/main>\n","protected":false},"excerpt":{"rendered":"<p>La biblioth\u00e8que de Math\u00e9matiques est une composante du Service Commun de la Documentation de l\u2019Universit\u00e9 Claude Bernard Lyon 1. La biblioth\u00e8que de Math\u00e9matiques est situ\u00e9e dans le b\u00e2timent Braconnier sur le campus de la Doua, et participe au R\u00e9seau National des Biblioth\u00e8ques de Math\u00e9matiques. Suite aux \u00e9lections qui se sont tenues du lundi 10 au [&hellip;]<\/p>\n","protected":false},"author":13,"featured_media":0,"parent":0,"menu_order":0,"comment_status":"closed","ping_status":"closed","template":"","meta":{"footnotes":""},"class_list":["post-285","page","type-page","status-publish","hentry"],"_links":{"self":[{"href":"https:\/\/math.univ-lyon1.fr\/icj\/wp-json\/wp\/v2\/pages\/285","targetHints":{"allow":["GET"]}}],"collection":[{"href":"https:\/\/math.univ-lyon1.fr\/icj\/wp-json\/wp\/v2\/pages"}],"about":[{"href":"https:\/\/math.univ-lyon1.fr\/icj\/wp-json\/wp\/v2\/types\/page"}],"author":[{"embeddable":true,"href":"https:\/\/math.univ-lyon1.fr\/icj\/wp-json\/wp\/v2\/users\/13"}],"replies":[{"embeddable":true,"href":"https:\/\/math.univ-lyon1.fr\/icj\/wp-json\/wp\/v2\/comments?post=285"}],"version-history":[{"count":25,"href":"https:\/\/math.univ-lyon1.fr\/icj\/wp-json\/wp\/v2\/pages\/285\/revisions"}],"predecessor-version":[{"id":2357,"href":"https:\/\/math.univ-lyon1.fr\/icj\/wp-json\/wp\/v2\/pages\/285\/revisions\/2357"}],"wp:attachment":[{"href":"https:\/\/math.univ-lyon1.fr\/icj\/wp-json\/wp\/v2\/media?parent=285"}],"curies":[{"name":"wp","href":"https:\/\/api.w.org\/{rel}","templated":true}]}}