{"id":342,"date":"2023-07-06T15:28:20","date_gmt":"2023-07-06T13:28:20","guid":{"rendered":"https:\/\/web1-math.univ-lyon1.fr\/wpinterneticj\/?page_id=342"},"modified":"2026-01-14T11:53:48","modified_gmt":"2026-01-14T10:53:48","slug":"parite","status":"publish","type":"page","link":"https:\/\/math.univ-lyon1.fr\/icj\/parite\/","title":{"rendered":"Parit\u00e9, \u00c9galit\u00e9, Lutte contre les discriminations"},"content":{"rendered":"\n<div class=\"wp-block-group is-nowrap is-layout-flex wp-container-core-group-is-layout-6c531013 wp-block-group-is-layout-flex\">\n<div class=\"wp-block-columns wp-container-content-9cfa9a5a is-layout-flex wp-container-core-columns-is-layout-28f84493 wp-block-columns-is-layout-flex\">\n<div class=\"wp-block-column is-layout-flow wp-block-column-is-layout-flow\" style=\"flex-basis:350px\">\n<figure class=\"wp-block-image size-full\"><img loading=\"lazy\" decoding=\"async\" width=\"300\" height=\"300\" src=\"https:\/\/math.univ-lyon1.fr\/icj\/wp-content\/uploads\/2023\/12\/Logo_Parite_300x300.png\" alt=\"\" class=\"wp-image-634\" srcset=\"https:\/\/math.univ-lyon1.fr\/icj\/wp-content\/uploads\/2023\/12\/Logo_Parite_300x300.png 300w, https:\/\/math.univ-lyon1.fr\/icj\/wp-content\/uploads\/2023\/12\/Logo_Parite_300x300-150x150.png 150w\" sizes=\"auto, (max-width: 300px) 100vw, 300px\" \/><\/figure>\n<\/div>\n\n\n\n<div class=\"wp-block-column is-vertically-aligned-center is-layout-flow wp-block-column-is-layout-flow\">\n<h2 class=\"wp-block-heading\">Cette page met \u00e0 disposition des documents d\u2019information sur ce sujet, propose des recommandations concr\u00e8tes visant \u00e0 am\u00e9liorer la situation actuelle et \u00e0 faire r\u00e9fl\u00e9chir aux questions de repr\u00e9sentation des femmes dans les diverses activit\u00e9s scientifiques li\u00e9es au laboratoire.<\/h2>\n<\/div>\n<\/div>\n<\/div>\n\n\n\n<p><\/p>\n\n\n\n<p>Elle est maintenue par les membres du Parit\u00e9, \u00c9galit\u00e9, Lutte contre les discriminations de l&rsquo;ICJ, Fr\u00e9d\u00e9rique Bienven\u00fce (Braconnier 128), Vincent Borrelli (Braconnier 247), Amandine Escalier (Braconnier &#8211; 239) et Olga Paris-Romaskevichb (Braconnier 242). Des messages peuvent leur \u00eatre envoy\u00e9s \u00e0 l\u2019adresse suivante : <a href=\"mailto:parite@math.univ-lyon1.fr\">parite[at]math.univ-lyon1.fr<\/a>.<\/p>\n\n\n\n<h4 class=\"wp-block-heading\">Quelques chiffres<\/h4>\n\n\n\n<figure class=\"wp-block-table\"><table><tbody><tr><td><strong>ICJ<\/strong><\/td><td><strong>Effectif total<\/strong><\/td><td><strong>Effectif femmes<\/strong><\/td><td>Pourcentage de femmes<\/td><\/tr><tr><td>Rang A<\/td><td>59<\/td><td>8 (dont une PR 25)<\/td><td>13,56 %<\/td><\/tr><tr><td>Rang B<\/td><td>112<\/td><td>30<\/td><td>26,79 %<\/td><\/tr><tr><td>Doctorant\u00b7es<\/td><td>59<\/td><td>19<\/td><td>32,20 %<\/td><\/tr><\/tbody><\/table><figcaption class=\"wp-element-caption\">Effectifs de l&rsquo;ICJ (2023)<\/figcaption><\/figure>\n\n\n\n<p>Au niveau national : \u00e9volution de la proportion de femmes entre 2015 et 2021<\/p>\n\n\n\n<figure class=\"wp-block-image aligncenter size-full\"><img loading=\"lazy\" decoding=\"async\" width=\"434\" height=\"303\" src=\"https:\/\/math.univ-lyon1.fr\/icj\/wp-content\/uploads\/2024\/03\/Parite_maths_2015-2021.png\" alt=\"\" class=\"wp-image-1693\" srcset=\"https:\/\/math.univ-lyon1.fr\/icj\/wp-content\/uploads\/2024\/03\/Parite_maths_2015-2021.png 434w, https:\/\/math.univ-lyon1.fr\/icj\/wp-content\/uploads\/2024\/03\/Parite_maths_2015-2021-300x209.png 300w\" sizes=\"auto, (max-width: 434px) 100vw, 434px\" \/><\/figure>\n\n\n\n<h4 class=\"wp-block-heading\">Recommandations adopt\u00e9es en Conseil de Laboratoire<\/h4>\n\n\n\n<ul class=\"wp-block-list\">\n<li><a href=\"https:\/\/math.univ-lyon1.fr\/icj\/wp-content\/uploads\/2023\/12\/charte_soutien_aux_manifestations.pdf\">Organisation de manifestations scientifiques<\/a> soutenues par l\u2019ICJ,<\/li>\n\n\n\n<li><a href=\"https:\/\/math.univ-lyon1.fr\/icj\/wp-content\/uploads\/2025\/06\/bonnes-pratiques-V2.pdf\">Recommandations \u00e0 l\u2019attention des membres des comit\u00e9s de s\u00e9lection<\/a>, visant \u00e0 att\u00e9nuer les biais d\u2019\u00e9valuation de dossiers dont chacun et chacune peuvent \u00eatre empreints.<\/li>\n\n\n\n<li><a href=\"https:\/\/math.univ-lyon1.fr\/icj\/wp-content\/uploads\/2025\/01\/Recommandations_-INSMI-procedures_de_recrutement.pdf\">Recommandations 2024 de l&rsquo;INSMI<\/a> sur les proc\u00e9dures de recrutement.<\/li>\n<\/ul>\n\n\n\n<h4 class=\"wp-block-heading\">Pour s&rsquo;informer<\/h4>\n\n\n\n<ul class=\"wp-block-list\">\n<li>La page de l&rsquo;<a href=\"https:\/\/www.insmi.cnrs.fr\" data-type=\"link\" data-id=\"https:\/\/www.insmi.cnrs.fr\" target=\"_blank\" rel=\"noreferrer noopener\">INSMI<\/a> consacr\u00e9e aux <a href=\"http:\/\/Le site de l\u2019INSMI consacr\u00e9 \u00e0 la parit\u00e9.\" target=\"_blank\" rel=\"noreferrer noopener\">questions de parit\u00e9<\/a> et le <a href=\"https:\/\/www.insmi.cnrs.fr\/fr\/cnrsinfo\/parite-en-mathematiques-un-bilan-janvier-2021\" target=\"_blank\" rel=\"noreferrer noopener\">bilan Parit\u00e9 (2021)<\/a><\/li>\n\n\n\n<li>Des <a href=\"https:\/\/parite.inria.fr\/fr\/biais-dans-les-concours-informations-et-recommandations\/\">transparents sur la parit\u00e9 et l\u2019\u00e9galit\u00e9 des chances<\/a> dans les concours <a href=\"https:\/\/parite.inria.fr\/fr\/biais-dans-les-concours-informations-et-recommandations\/\" data-type=\"link\" data-id=\"https:\/\/parite.inria.fr\/fr\/biais-dans-les-concours-informations-et-recommandations\/\" target=\"_blank\" rel=\"noreferrer noopener\">INRIA<\/a>, r\u00e9alis\u00e9s par le <a href=\"https:\/\/parite.inria.fr\" target=\"_blank\" rel=\"noreferrer noopener\">Comit\u00e9 Parit\u00e9 d&rsquo;INRIA<\/a>.<\/li>\n\n\n\n<li>La pages des <a href=\"http:\/\/postes.smai.emath.fr\/apres\/parite\/index.php\">Journ\u00e9es Parit\u00e9 en math\u00e9matiques<\/a><\/li>\n\n\n\n<li>L&rsquo;ouvrage \u00ab\u00a0<a href=\"https:\/\/www.cnrseditions.fr\/catalogue\/mathematiques\/matheuses\/\">Matheuses : Les filles, avenir des math\u00e9matiques<\/a>\u00ab\u00a0, de Cl\u00e9mence Perronnet, Claire Marc et Olga Paris-Romaskevich. <em>Ce livre est consultable dans la salle de rencontre du b\u00e2timent Braconnier, et la biblioth\u00e8que de Lyon 1 en propose plusieurs exemplaires \u00e0 emprunter.<\/em><\/li>\n\n\n\n<li>Une <a href=\"https:\/\/www.youtube.com\/watch?v=xKH7Dpkclao\" target=\"_blank\" rel=\"noreferrer noopener\">vid\u00e9o r\u00e9alis\u00e9e par Sara Checcoli et Damien Gayet<\/a>, r\u00e9f\u00e9rent\u00b7es parit\u00e9 de l&rsquo;Institut Fourier<\/li>\n\n\n\n<li>Rapport (2022) sur l\u2019<a href=\"https:\/\/www.fonction-publique.gouv.fr\/toutes-les-publications\/rapport-2022-sur-legalite-professionnelle-entre-les-femmes-et-les-hommes-dans-la-fonction-publique\" target=\"_blank\" rel=\"noreferrer noopener\">\u00e9galit\u00e9 professionnelle<\/a> entre les femmes et les hommes dans la fonction publique<\/li>\n\n\n\n<li><a href=\"https:\/\/www.assises-des-mathematiques.fr\/medias\/fichiers\/enquete_parite.pdf\" target=\"_blank\" rel=\"noreferrer noopener\">Rapport sur la parit\u00e9 dans les carri\u00e8res<\/a> des Assises des math\u00e9matiques<\/li>\n\n\n\n<li><a href=\"https:\/\/www.youtube.com\/watch?v=1Xt91hMqneI&amp;feature=emb_title\" target=\"_blank\" rel=\"noreferrer noopener\">La Minute \u00c9galit\u00e9<\/a> : des capsules vid\u00e9o de la D\u00e9l\u00e9gation Hauts-de-France du CNRS<\/li>\n<\/ul>\n\n\n\n<h4 class=\"wp-block-heading\">Des associations qui font bouger les lignes<\/h4>\n\n\n\n<ul class=\"wp-block-list\">\n<li><a href=\"http:\/\/www.femmes-et-maths.fr\" target=\"_blank\" rel=\"noreferrer noopener\">Femmes et Math\u00e9matiques<\/a><\/li>\n\n\n\n<li><a href=\"http:\/\/www.europeanwomeninmaths.org\" target=\"_blank\" rel=\"noreferrer noopener\">European Women in Mathematics<\/a><\/li>\n\n\n\n<li><a href=\"http:\/\/www.femmesetsciences.fr\/\" target=\"_blank\" rel=\"noreferrer noopener\">Femmes et Sciences<\/a> <\/li>\n\n\n\n<li><a href=\"http:\/\/www.epws.org\/\" target=\"_blank\" rel=\"noreferrer noopener\">European Platform of Women Scientists<\/a>.<\/li>\n<\/ul>\n\n\n\n<h4 class=\"wp-block-heading\">Ressources sur la violence et le harc\u00e8lement<\/h4>\n\n\n\n<ul class=\"wp-block-list\">\n<li><a href=\"http:\/\/egalite-diversite.univ-lyon1.fr\/\" target=\"_blank\" rel=\"noreferrer noopener\">Mission \u00c9galit\u00e9-Diversit\u00e9 de l\u2019Universit\u00e9 de Lyon 1<\/a> et la <a href=\"https:\/\/signalement.univ-lyon1.fr\/\" target=\"_blank\" rel=\"noreferrer noopener\">plate-forme de signalement<\/a><\/li>\n\n\n\n<li><a href=\"https:\/\/www.economie.gouv.fr\/files\/files\/2020\/Guide-violences-sexistes-et-sexuelles-Comprendre-et-Agir.docx.pdf\" target=\"_blank\" rel=\"noreferrer noopener\">Lutte contre les violences faites aux femmes<\/a><\/li>\n\n\n\n<li>Commissions Parit\u00e9 d&rsquo;autres laboratoires de math\u00e9matiques : <a href=\"https:\/\/www.imj-prg.fr\/comite-parite\/\" target=\"_blank\" rel=\"noreferrer noopener\">Institut de Math\u00e9matiques de Jussieu-Paris Rive Gauche<\/a>, <a href=\"http:\/\/parite.iecl.univ-lorraine.fr\" target=\"_blank\" rel=\"noreferrer noopener\">Institut \u00c9lie Cartan<\/a>, <a href=\"https:\/\/math.univ-lille.fr\/laboratoire\/commission-egalite-1\" target=\"_blank\" rel=\"noreferrer noopener\">Laboratoire Paul Painlev\u00e9<\/a><\/li>\n<\/ul>\n\n\n\n<p><\/p>\n","protected":false},"excerpt":{"rendered":"<p>Cette page met \u00e0 disposition des documents d\u2019information sur ce sujet, propose des recommandations concr\u00e8tes visant \u00e0 am\u00e9liorer la situation actuelle et \u00e0 faire r\u00e9fl\u00e9chir aux questions de repr\u00e9sentation des femmes dans les diverses activit\u00e9s scientifiques li\u00e9es au laboratoire. Elle est maintenue par les membres du Parit\u00e9, \u00c9galit\u00e9, Lutte contre les discriminations de l&rsquo;ICJ, Fr\u00e9d\u00e9rique [&hellip;]<\/p>\n","protected":false},"author":14,"featured_media":0,"parent":0,"menu_order":0,"comment_status":"closed","ping_status":"closed","template":"","meta":{"footnotes":""},"class_list":["post-342","page","type-page","status-publish","hentry"],"_links":{"self":[{"href":"https:\/\/math.univ-lyon1.fr\/icj\/wp-json\/wp\/v2\/pages\/342","targetHints":{"allow":["GET"]}}],"collection":[{"href":"https:\/\/math.univ-lyon1.fr\/icj\/wp-json\/wp\/v2\/pages"}],"about":[{"href":"https:\/\/math.univ-lyon1.fr\/icj\/wp-json\/wp\/v2\/types\/page"}],"author":[{"embeddable":true,"href":"https:\/\/math.univ-lyon1.fr\/icj\/wp-json\/wp\/v2\/users\/14"}],"replies":[{"embeddable":true,"href":"https:\/\/math.univ-lyon1.fr\/icj\/wp-json\/wp\/v2\/comments?post=342"}],"version-history":[{"count":17,"href":"https:\/\/math.univ-lyon1.fr\/icj\/wp-json\/wp\/v2\/pages\/342\/revisions"}],"predecessor-version":[{"id":2492,"href":"https:\/\/math.univ-lyon1.fr\/icj\/wp-json\/wp\/v2\/pages\/342\/revisions\/2492"}],"wp:attachment":[{"href":"https:\/\/math.univ-lyon1.fr\/icj\/wp-json\/wp\/v2\/media?parent=342"}],"curies":[{"name":"wp","href":"https:\/\/api.w.org\/{rel}","templated":true}]}}