{"id":379,"date":"2023-07-06T21:04:41","date_gmt":"2023-07-06T19:04:41","guid":{"rendered":"https:\/\/web1-math.univ-lyon1.fr\/wpinterneticj\/?page_id=379"},"modified":"2025-02-04T11:26:47","modified_gmt":"2025-02-04T10:26:47","slug":"environnement","status":"publish","type":"page","link":"https:\/\/math.univ-lyon1.fr\/icj\/environnement\/","title":{"rendered":"Environnement"},"content":{"rendered":"\n<div class=\"wp-block-group is-nowrap is-layout-flex wp-container-core-group-is-layout-6c531013 wp-block-group-is-layout-flex\">\n<div class=\"wp-block-columns is-layout-flex wp-container-core-columns-is-layout-28f84493 wp-block-columns-is-layout-flex\">\n<div class=\"wp-block-column is-vertically-aligned-center is-layout-flow wp-block-column-is-layout-flow\" style=\"flex-basis:350px\">\n<figure class=\"wp-block-image aligncenter size-large is-resized\"><img loading=\"lazy\" decoding=\"async\" width=\"992\" height=\"1024\" src=\"https:\/\/math.univ-lyon1.fr\/icj\/wp-content\/uploads\/2025\/02\/Logo-nouveau-992x1024.png\" alt=\"\" class=\"wp-image-2280\" style=\"object-fit:cover;width:282px;height:auto\" srcset=\"https:\/\/math.univ-lyon1.fr\/icj\/wp-content\/uploads\/2025\/02\/Logo-nouveau-992x1024.png 992w, https:\/\/math.univ-lyon1.fr\/icj\/wp-content\/uploads\/2025\/02\/Logo-nouveau-291x300.png 291w, https:\/\/math.univ-lyon1.fr\/icj\/wp-content\/uploads\/2025\/02\/Logo-nouveau-768x793.png 768w, https:\/\/math.univ-lyon1.fr\/icj\/wp-content\/uploads\/2025\/02\/Logo-nouveau.png 1226w\" sizes=\"auto, (max-width: 992px) 100vw, 992px\" \/><\/figure>\n<\/div>\n\n\n\n<div class=\"wp-block-column is-vertically-aligned-center is-layout-flow wp-block-column-is-layout-flow\">\n<h1 class=\"wp-block-heading has-text-align-left\">Impact Environnemental<\/h1>\n<\/div>\n<\/div>\n<\/div>\n\n\n\n<div class=\"wp-block-group is-layout-flow wp-block-group-is-layout-flow\">\n<div class=\"wp-block-group has-global-padding is-layout-constrained wp-container-core-group-is-layout-23b1a4dc wp-block-group-is-layout-constrained\" style=\"padding-top:var(--wp--preset--spacing--30);padding-right:var(--wp--preset--spacing--30);padding-bottom:var(--wp--preset--spacing--30);padding-left:var(--wp--preset--spacing--30)\">\n<div class=\"wp-block-group is-nowrap is-layout-flex wp-container-core-group-is-layout-6c531013 wp-block-group-is-layout-flex\">\n<div class=\"wp-block-columns is-layout-flex wp-container-core-columns-is-layout-28f84493 wp-block-columns-is-layout-flex\">\n<div class=\"wp-block-column is-layout-flow wp-block-column-is-layout-flow\">\n<p class=\"has-small-font-size\">Pour r\u00e9pondre aux attentes de ses \u00e9tablissements tutelles sur les enjeux climatiques et \u00e9cologiques, l\u2019Institut Camille Jordan a d\u00e9cid\u00e9 de se doter <strong>d\u2019une commission \u00ab\u00a0Impact environnemental\u00a0\u00bb<\/strong>.<\/p>\n\n\n\n<p>Au travers de celle-ci, l\u2019ICJ s\u2019est \u00e9galement port\u00e9 volontaire pour faire partie des 20 laboratoires <strong>pilotes<\/strong> qui ont rejoint <strong>l\u2019Exp\u00e91point5<\/strong> lanc\u00e9e par le <strong>collectif Labos 1point5<\/strong>.<\/p>\n\n\n\n<p><strong>Plus d\u2019informations sur Labos 1point5<\/strong> <strong><a href=\"https:\/\/labos1point5.org\/\" target=\"_blank\" rel=\"noreferrer noopener\">ici<\/a><\/strong>.<\/p>\n\n\n\n<p>Afin de porter ces th\u00e9matiques \u00e0 tous les niveaux possibles, la commission accueille \u00e9galement toute personne int\u00e9ress\u00e9e des d\u00e9partements de math\u00e9matiques des \u00e9tablissements tutelles de l\u2019ICJ.<\/p>\n\n\n\n<p class=\"has-medium-font-size\">Celle-ci a pour objectifs principaux&nbsp;:<\/p>\n\n\n\n<ul class=\"wp-block-list\">\n<li>De pr\u00e9parer le bilan carbone et le bilan gaz \u00e0 effets de serre (BGES) de l\u2019Institut Camille Jordan \u00e0 l\u2019aide de l\u2019outil GES1.5 (mis \u00e0 disposition par le Collectif Labos 1.5).<\/li>\n\n\n\n<li>De r\u00e9fl\u00e9chir aux questions d\u2019\u00e9cologie en lien avec la vie du laboratoire afin de faire \u00e9voluer l\u2019ensemble de ses pratiques communautaires pour les rendre plus \u00ab\u00a0\u00e9coresponsables\u00a0\u00bb.<\/li>\n\n\n\n<li>De r\u00e9diger puis de mettre \u00e0 jour r\u00e9guli\u00e8rement une charte des bonnes pratiques regroupant les principes et les actions contraignantes adopt\u00e9es en assembl\u00e9e g\u00e9n\u00e9rale visant \u00e0 diminuer l\u2019empreinte carbone du laboratoire de 50&nbsp;% d\u2019ici 2, 3, 5 ans.<\/li>\n\n\n\n<li>D\u2019alerter les directions du laboratoire, des composantes et\/ou des \u00e9tablissements tutelles de l\u2019ICJ sur toute question d\u2019impact environnemental qu\u2019elle jugera pertinente.<\/li>\n<\/ul>\n\n\n\n<p>La commission se r\u00e9unit autant que n\u00e9cessaire mais pas moins de 4 fois par an (1 fois par trimestre). Chaque r\u00e9union fait l\u2019objet d\u2019un compte-rendu.<\/p>\n\n\n\n<p class=\"has-medium-font-size\">Ses membres actuels sont&nbsp;:<\/p>\n\n\n\n<ul class=\"wp-block-list\">\n<li>Guillaume AUBRUN<\/li>\n\n\n\n<li>Samuel BERNARD<\/li>\n\n\n\n<li>Fr\u00e9d\u00e9rique BIENVEN\u00dcE-DUHEILLE<\/li>\n\n\n\n<li>Oriane BLONDEL<\/li>\n\n\n\n<li>Thomas BLOSSIER<\/li>\n\n\n\n<li>Nora BOULERIE<\/li>\n\n\n\n<li>Luca CASTELLI<\/li>\n\n\n\n<li>Fr\u00e9d\u00e9ric CHARDARD<\/li>\n\n\n\n<li>Roland DENIS<\/li>\n\n\n\n<li>Antoine DETAILLE<\/li>\n\n\n\n<li>Louis DUPAIGNE<\/li>\n\n\n\n<li>Anne-Laure FOUGERES<\/li>\n\n\n\n<li>Ivan GENTIL<\/li>\n\n\n\n<li>L\u00e9o GIRARDIN<\/li>\n\n\n\n<li>Laurence GRAMMONT<\/li>\n\n\n\n<li>Johannes KELLENDONK<\/li>\n\n\n\n<li>Christine LE SUEUR<\/li>\n\n\n\n<li>Cl\u00e9ment MARTEAU<\/li>\n\n\n\n<li>Nicolas MATTE BON<\/li>\n\n\n\n<li>Lorenzo SCAGLIONE<\/li>\n\n\n\n<li>Benjamin TEXIER<\/li>\n\n\n\n<li>Alexander THOMAS<\/li>\n<\/ul>\n\n\n\n<p class=\"has-text-align-center\"><a href=\"https:\/\/apps.labos1point5.org\/travels-simulator\" target=\"_blank\" rel=\"noreferrer noopener\">Simulateur D\u00e9placements professionnels &#8211; Outil Labos 1.5<\/a><\/p>\n\n\n\n<p class=\"has-text-align-center\"><a href=\"\/icj\/wp-content\/uploads\/2023\/12\/bges2019.pdf\" target=\"_blank\" rel=\"noreferrer noopener nofollow\">Bilan BGES 2019<\/a>   <a href=\"https:\/\/math.univ-lyon1.fr\/icj\/wp-content\/uploads\/2025\/02\/BGES2021.jpg\">Bilan BGES 2021<\/a>  <a href=\"https:\/\/math.univ-lyon1.fr\/icj\/wp-content\/uploads\/2025\/02\/BGES2022.jpg\">Bilan BGES 2022<\/a><\/p>\n\n\n\n<p class=\"has-text-align-center\">Attention ! Les donn\u00e9es pr\u00e9sent\u00e9es dans les diff\u00e9rents bilans diff\u00e8rent d&rsquo;une ann\u00e9e \u00e0 l&rsquo;autre <br>en raison de la prise en compte chaque ann\u00e9e de nouveaux param\u00e8tres (num\u00e9rique, alimentation, etc.).<\/p>\n\n\n\n<figure class=\"wp-block-image aligncenter size-large is-resized\"><img loading=\"lazy\" decoding=\"async\" width=\"1024\" height=\"768\" src=\"https:\/\/math.univ-lyon1.fr\/icj\/wp-content\/uploads\/2025\/02\/affiches-horizontales-ver3_Page_2-1024x768.jpg\" alt=\"\" class=\"wp-image-2286\" style=\"width:773px;height:auto\" srcset=\"https:\/\/math.univ-lyon1.fr\/icj\/wp-content\/uploads\/2025\/02\/affiches-horizontales-ver3_Page_2-1024x768.jpg 1024w, https:\/\/math.univ-lyon1.fr\/icj\/wp-content\/uploads\/2025\/02\/affiches-horizontales-ver3_Page_2-300x225.jpg 300w, https:\/\/math.univ-lyon1.fr\/icj\/wp-content\/uploads\/2025\/02\/affiches-horizontales-ver3_Page_2-768x576.jpg 768w, https:\/\/math.univ-lyon1.fr\/icj\/wp-content\/uploads\/2025\/02\/affiches-horizontales-ver3_Page_2-1536x1152.jpg 1536w, https:\/\/math.univ-lyon1.fr\/icj\/wp-content\/uploads\/2025\/02\/affiches-horizontales-ver3_Page_2-2048x1536.jpg 2048w\" sizes=\"auto, (max-width: 1024px) 100vw, 1024px\" \/><\/figure>\n<\/div>\n<\/div>\n<\/div>\n<\/div>\n<\/div>\n","protected":false},"excerpt":{"rendered":"<p>Impact Environnemental Pour r\u00e9pondre aux attentes de ses \u00e9tablissements tutelles sur les enjeux climatiques et \u00e9cologiques, l\u2019Institut Camille Jordan a d\u00e9cid\u00e9 de se doter d\u2019une commission \u00ab\u00a0Impact environnemental\u00a0\u00bb. Au travers de celle-ci, l\u2019ICJ s\u2019est \u00e9galement port\u00e9 volontaire pour faire partie des 20 laboratoires pilotes qui ont rejoint l\u2019Exp\u00e91point5 lanc\u00e9e par le collectif Labos 1point5. Plus [&hellip;]<\/p>\n","protected":false},"author":18,"featured_media":0,"parent":0,"menu_order":0,"comment_status":"closed","ping_status":"closed","template":"","meta":{"footnotes":""},"class_list":["post-379","page","type-page","status-publish","hentry"],"_links":{"self":[{"href":"https:\/\/math.univ-lyon1.fr\/icj\/wp-json\/wp\/v2\/pages\/379","targetHints":{"allow":["GET"]}}],"collection":[{"href":"https:\/\/math.univ-lyon1.fr\/icj\/wp-json\/wp\/v2\/pages"}],"about":[{"href":"https:\/\/math.univ-lyon1.fr\/icj\/wp-json\/wp\/v2\/types\/page"}],"author":[{"embeddable":true,"href":"https:\/\/math.univ-lyon1.fr\/icj\/wp-json\/wp\/v2\/users\/18"}],"replies":[{"embeddable":true,"href":"https:\/\/math.univ-lyon1.fr\/icj\/wp-json\/wp\/v2\/comments?post=379"}],"version-history":[{"count":33,"href":"https:\/\/math.univ-lyon1.fr\/icj\/wp-json\/wp\/v2\/pages\/379\/revisions"}],"predecessor-version":[{"id":2300,"href":"https:\/\/math.univ-lyon1.fr\/icj\/wp-json\/wp\/v2\/pages\/379\/revisions\/2300"}],"wp:attachment":[{"href":"https:\/\/math.univ-lyon1.fr\/icj\/wp-json\/wp\/v2\/media?parent=379"}],"curies":[{"name":"wp","href":"https:\/\/api.w.org\/{rel}","templated":true}]}}