{"id":761,"date":"2024-02-02T15:38:06","date_gmt":"2024-02-02T14:38:06","guid":{"rendered":"https:\/\/web1-math.univ-lyon1.fr\/wpinterneticj\/?page_id=761"},"modified":"2026-04-02T09:10:38","modified_gmt":"2026-04-02T07:10:38","slug":"autres-actualites","status":"publish","type":"page","link":"https:\/\/math.univ-lyon1.fr\/icj\/autres-actualites\/","title":{"rendered":"Autres actualit\u00e9s"},"content":{"rendered":"\n<div class=\"wp-block-group is-nowrap is-layout-flex wp-container-core-group-is-layout-7208ec62 wp-block-group-is-layout-flex\" style=\"border-bottom-color:var(--wp--preset--color--foreground);border-bottom-width:2px;margin-bottom:0;padding-bottom:var(--wp--preset--spacing--30)\">\n<div class=\"wp-block-group is-vertical is-layout-flex wp-container-core-group-is-layout-fe9cc265 wp-block-group-is-layout-flex\">\n<h5 class=\"wp-block-heading\">Michelle Schatzman l&rsquo;une des 72 femmes de sciences \u00e0 l&rsquo;honneur sur la Tour Eiffel<\/h5>\n\n\n\n<p>Le 26 janvier dernier 2026, les noms de 72 femmes scientifiques ont \u00e9t\u00e9 inscrits sur la tour Eiffel (rejoignant ceux d&rsquo;hommes, honor\u00e9s depuis 1889). Parmi ces femmes figure Michelle Schatzman, math\u00e9maticienne lyonnaise.<br>Michelle Schatzman, n\u00e9e le 8 d\u00e9cembre 1949 et morte le 20 ao\u00fbt 2010, est une h\u00e9ro\u00efne des math\u00e9matiques, brillante et atypique.<br>Sa carri\u00e8re de math\u00e9maticienne commence et s\u2019ach\u00e8ve au CNRS. Entre-temps, elle est professeure \u00e0 l&rsquo;universit\u00e9 Claude Bernard Lyon 1. Elle y dirige pendant huit ans le laboratoire de math\u00e9matiques appliqu\u00e9es (MAPLY), commun avec l\u00b4\u00c9cole centrale et l\u2019Insa de Lyon, l\u2019un des anc\u00eatres de l\u2019Institut Camille Jordan dans le paysage acad\u00e9mique lyonnais.<br>Michelle Schatzman, qui \u00e9tait sensible aux m\u00e9dailles et en re\u00e7ut si peu, serait sans doute tr\u00e8s fi\u00e8re de voir son nom sur la Tour Eiffel. Nous le sommes pour elle.<br><br>D\u00e9couvrez le portrait complet \u00e9crit par Sylvie Benzoni \u00e0 cette occasion :<br><a href=\"https:\/\/plmbox.math.cnrs.fr\/seafhttp\/f\/37e42006cb6f4755ba4f\/?op=view\" target=\"_blank\" rel=\"noreferrer noopener nofollow\">https:\/\/plmbox.math.cnrs.fr\/seafhttp\/f\/37e42006cb6f4755ba4f\/?op=view<\/a><br><br>Pour voir la liste des 72 femmes :<br><a href=\"https:\/\/www.femmesetsciences.fr\/femmes-scientifiques-tour-eiffel\" target=\"_blank\" rel=\"noreferrer noopener nofollow\">https:\/\/www.femmesetsciences.fr\/femmes-scientifiques-tour-eiffel<\/a><\/p>\n<\/div>\n<\/div>\n\n\n\n<div class=\"wp-block-group is-nowrap is-layout-flex wp-container-core-group-is-layout-8b09a81d wp-block-group-is-layout-flex\" style=\"border-bottom-color:var(--wp--preset--color--foreground);border-bottom-width:2px;padding-bottom:var(--wp--preset--spacing--30)\">\n<div class=\"wp-block-group is-vertical is-layout-flex wp-container-core-group-is-layout-fe9cc265 wp-block-group-is-layout-flex\">\n<h5 class=\"wp-block-heading\">Prix Blaise Pascal pour Elie Bretin<\/h5>\n\n\n\n<p>F\u00e9licitations \u00e0 notre coll\u00e8gue <strong>Elie Bretin<\/strong>, laur\u00e9at du prix Blaise Pascal (prix de l&rsquo;acad\u00e9mie des sciences).<br><br><strong>\u00c9lie Bretin<\/strong> a re\u00e7u le prix Blaise Pascal pour ses travaux sur la conception, l\u2019analyse et la discr\u00e9tisation num\u00e9rique de mod\u00e8les math\u00e9matiques qui d\u00e9crivent des ph\u00e9nom\u00e8nes vari\u00e9s dans des contextes pluridisciplinaires ou industriels. Ses travaux m\u00ealent optimisation de formes, approximation par champ de phase de flots d\u2019interfaces, r\u00e9solution de probl\u00e8mes inverses pour l\u2019imagerie m\u00e9dicale et, depuis peu, apprentissage par r\u00e9seaux de neurones.<\/p>\n<\/div>\n<\/div>\n\n\n\n<div class=\"wp-block-group is-nowrap is-layout-flex wp-container-core-group-is-layout-8b09a81d wp-block-group-is-layout-flex\" style=\"border-bottom-color:var(--wp--preset--color--foreground);border-bottom-width:2px;padding-bottom:var(--wp--preset--spacing--30)\">\n<div class=\"wp-block-group is-vertical is-layout-flex wp-container-core-group-is-layout-fe9cc265 wp-block-group-is-layout-flex\">\n<h5 class=\"wp-block-heading\">Prix Maurice Audin pour L\u00e9on Matar Tine<\/h5>\n\n\n\n<p>F\u00e9licitations \u00e0 notre coll\u00e8gue <strong>L\u00e9on Matar Tine<\/strong>, laur\u00e9at du prix Maurice Audin (prix de l&rsquo;acad\u00e9mie des sciences).<br><br><strong>L\u00e9on Matar Tine<\/strong> a re\u00e7u le Prix Maurice Audin, pour ses travaux sur la mod\u00e9lisation math\u00e9matique de m\u00e9canismes li\u00e9s \u00e0 la physique et \u00e0 la biologie. En physique il travaille sur les processus de polym\u00e9risation\/d\u00e9polym\u00e9risation dans la formation d&rsquo;agr\u00e9gats de particules gr\u00e2ce aux mod\u00e8les de type Lifshitz-Slyozov o\u00f9 il \u00e9tudie la dynamique des particules. En biologie il d\u00e9veloppe des mod\u00e8les pour la dynamique spatio-temporelle de certaines maladies comme l&rsquo;Alzheimer o\u00f9 les questions sur l&rsquo;initiation et l&rsquo;effet de l&rsquo;inflammation sont \u00e9tudi\u00e9es \u00e0 travers la prot\u00e9ine A\u03b2 responsable des l\u00e9sions extracellulaires.<\/p>\n<\/div>\n<\/div>\n\n\n\n<div class=\"wp-block-group is-nowrap is-layout-flex wp-container-core-group-is-layout-8b09a81d wp-block-group-is-layout-flex\" style=\"border-bottom-color:var(--wp--preset--color--foreground);border-bottom-width:2px;padding-bottom:var(--wp--preset--spacing--30)\">\n<div class=\"wp-block-group is-vertical is-layout-flex wp-container-core-group-is-layout-fe9cc265 wp-block-group-is-layout-flex\">\n<h5 class=\"wp-block-heading\">Prix Servant 2024 pour Laurent Chevillard<\/h5>\n\n\n\n<p>F\u00e9licitations \u00e0 <strong>Laurent Chevillard<\/strong> (affectation jointe ICJ et laboratoire de physique de l&rsquo;ENS), laur\u00e9at du prix Servant 2024 de l&rsquo;Acad\u00e9mie des Sciences.<br><br><strong>Laurent Chevillard<\/strong> d\u00e9veloppe des mod\u00e8les de la turbulence des fluides, observ\u00e9e dans les exp\u00e9riences et les simulations des \u00e9quations de Navier-Stokes. B\u00e9n\u00e9ficiant d\u2019un tissu collaboratif \u00e9to\ufb00\u00e9, il a construit des champs al\u00e9atoires qui rendent compte de la structure statistique fine de ces \u00e9coulements, et a propos\u00e9 une dynamique stochastique simplifi\u00e9e permettant de les r\u00e9aliser.<\/p>\n<\/div>\n<\/div>\n\n\n\n<div class=\"wp-block-group is-nowrap is-layout-flex wp-container-core-group-is-layout-7208ec62 wp-block-group-is-layout-flex\" style=\"border-bottom-color:var(--wp--preset--color--foreground);border-bottom-width:2px;margin-bottom:0;padding-bottom:var(--wp--preset--spacing--30)\">\n<div class=\"wp-block-group is-vertical is-layout-flex wp-container-core-group-is-layout-fe9cc265 wp-block-group-is-layout-flex\">\n<h5 class=\"wp-block-heading\">Prix Tangente 2025<\/h5>\n\n\n\n<p>Sylvie Benzoni-Gavage re\u00e7o\u00eet le prix Tangente 2025 pour son livre \u00ab\u00a0Le Rulpidon sous toutes les coutures\u00a0\u00bb (Dunod 2024). D\u00e9cern\u00e9 chaque ann\u00e9e depuis 2009 dans le cadre de l\u2019association Club Tangente, le prix Tangente r\u00e9compense un livre s&rsquo;adressant \u00e0 un large public sur un ou plusieurs domaines des math\u00e9matiques. Celui-ci raconte le cheminement de son autrice le long de questions li\u00e9es \u00e0 la g\u00e9om\u00e9trie et \u00e0 la topologie du Rulpidon, sculpture d&rsquo;Ulysse Lacoste.<\/p>\n\n\n\n<div class=\"wp-block-buttons is-layout-flex wp-block-buttons-is-layout-flex\">\n<div class=\"wp-block-button\"><a class=\"wp-block-button__link has-primary-color has-background-background-color has-text-color has-background has-link-color has-border-color has-primary-border-color wp-element-button\" href=\"https:\/\/www.linkedin.com\/posts\/sylvie-benzoni-gavage-3218b8181_rulpidon-maisonpoincaraez-rulpidon-activity-7340093385887678465-SuUs\" style=\"border-width:2px;border-radius:0px\" target=\"_blank\" rel=\"noreferrer noopener\">En savoir plus&#8230;<\/a><\/div>\n<\/div>\n<\/div>\n<\/div>\n\n\n\n<div class=\"wp-block-group is-nowrap is-layout-flex wp-container-core-group-is-layout-8b09a81d wp-block-group-is-layout-flex\" style=\"border-bottom-color:var(--wp--preset--color--foreground);border-bottom-width:2px;padding-bottom:var(--wp--preset--spacing--30)\">\n<div class=\"wp-block-group is-vertical is-layout-flex wp-container-core-group-is-layout-fe9cc265 wp-block-group-is-layout-flex\">\n<h5 class=\"wp-block-heading\">Projets MathsVives 2024<\/h5>\n\n\n\n<p>Deux projets port\u00e9s par des membres de l&rsquo;ICJ ont \u00e9t\u00e9 s\u00e9lectionn\u00e9s dans le<br>cadre de l&rsquo;appel \u00e0 projet 2024 du PEPR MathsVives :<br><\/p>\n\n\n\n<ul class=\"wp-block-list\">\n<li>PERMOVE port\u00e9 par Mich\u00e8le Romanos : mieux comprendre la morphogen\u00e8se et<br>la d\u00e9tection et le traitement des maladies cong\u00e9nitales<\/li>\n<\/ul>\n\n\n\n<ul class=\"wp-block-list\">\n<li>CONDORECT port\u00e9 par Jean-Baptiste Aubin : \u00ab\u00a0CONsolider la D\u00e9mOcRatie :<br>Choisir une m\u00e9thode \u00c9lectorale Transparente\u00a0\u00bb , vise \u00e0 comparer les<br>propri\u00e9t\u00e9s de diff\u00e9rents modes de scrutin entre eux et \u00e0 permettre au<br>public de profiter de ces nouvelles recherches.<\/li>\n<\/ul>\n\n\n\n<p>F\u00e9licitations \u00e0 Mich\u00e8le et Jean-Baptiste. <\/p>\n\n\n\n<div class=\"wp-block-buttons is-layout-flex wp-block-buttons-is-layout-flex\">\n<div class=\"wp-block-button\"><a class=\"wp-block-button__link has-primary-color has-background-background-color has-text-color has-background has-link-color has-border-color has-primary-border-color wp-element-button\" href=\"https:\/\/www.maths-vives.fr\/appel-a-projets-2024\/\" style=\"border-width:2px;border-radius:0px\" target=\"_blank\" rel=\"noreferrer noopener\">En savoir plus&#8230;<\/a><\/div>\n<\/div>\n<\/div>\n<\/div>\n\n\n\n<div class=\"wp-block-group is-nowrap is-layout-flex wp-container-core-group-is-layout-8b09a81d wp-block-group-is-layout-flex\" style=\"border-bottom-color:var(--wp--preset--color--foreground);border-bottom-width:2px;padding-bottom:var(--wp--preset--spacing--30)\">\n<div class=\"wp-block-group is-vertical is-layout-flex wp-container-core-group-is-layout-fe9cc265 wp-block-group-is-layout-flex\">\n<h5 class=\"wp-block-heading\">Chaire \u00e0 l&rsquo;IUF<\/h5>\n\n\n\n<p>F\u00e9licitations \u00e0 notre coll\u00e8gue Nicolas Ressayre, laur\u00e9at 2025 d&rsquo;une chaire fondamentale de l&rsquo;IUF.<\/p>\n\n\n\n<div class=\"wp-block-buttons is-layout-flex wp-block-buttons-is-layout-flex\"><\/div>\n<\/div>\n<\/div>\n\n\n\n<div class=\"wp-block-group is-nowrap is-layout-flex wp-container-core-group-is-layout-8b09a81d wp-block-group-is-layout-flex\" style=\"border-bottom-color:var(--wp--preset--color--foreground);border-bottom-width:2px;padding-bottom:var(--wp--preset--spacing--30)\">\n<div class=\"wp-block-group is-vertical is-layout-flex wp-container-core-group-is-layout-fe9cc265 wp-block-group-is-layout-flex\">\n<h5 class=\"wp-block-heading\">Nominations \u00e0 l&rsquo;IUF 2024<\/h5>\n\n\n\n<p>F\u00e9licitations \u00e0 <strong>Marielle Simon<\/strong> et <strong>Pierre-Damien Thizy<\/strong> de l&rsquo;ICJ. Ils sont nomm\u00e9s membres junior \u00e0 l&rsquo;IUF.<\/p>\n\n\n\n<div class=\"wp-block-buttons is-layout-flex wp-block-buttons-is-layout-flex\">\n<div class=\"wp-block-button\"><a class=\"wp-block-button__link has-primary-color has-background-background-color has-text-color has-background has-link-color has-border-color has-primary-border-color wp-element-button\" href=\"https:\/\/www.iufrance.fr\/\" style=\"border-width:2px;border-radius:0px\" target=\"_blank\" rel=\"noreferrer noopener\">En savoir plus&#8230;<\/a><\/div>\n<\/div>\n<\/div>\n<\/div>\n\n\n\n<div class=\"wp-block-group is-nowrap is-layout-flex wp-container-core-group-is-layout-8b09a81d wp-block-group-is-layout-flex\" style=\"border-bottom-color:var(--wp--preset--color--foreground);border-bottom-width:2px;padding-bottom:var(--wp--preset--spacing--30)\">\n<div class=\"wp-block-group is-vertical is-layout-flex wp-container-core-group-is-layout-fe9cc265 wp-block-group-is-layout-flex\">\n<h5 class=\"wp-block-heading\">Cristal collectif CNRS 2024<\/h5>\n\n\n\n<p>Le \u00ab Plan de Conservation partag\u00e9e des p\u00e9riodiques imprim\u00e9s de Math\u00e9matiques \u00bb (PC Math) re\u00e7oit le cristal collectif du CNRS. Est en particulier impliqu\u00e9e <strong>Claire Dozier<\/strong>, charg\u00e9e de Collections de la biblioth\u00e8que de math\u00e9matiques, rattach\u00e9e \u00e0 l&rsquo;ICJ.<\/p>\n\n\n\n<div class=\"wp-block-buttons is-content-justification-left is-layout-flex wp-container-core-buttons-is-layout-fc4fd283 wp-block-buttons-is-layout-flex\">\n<div class=\"wp-block-button is-style-outline is-style-outline--1\"><a class=\"wp-block-button__link has-primary-color has-background-background-color has-text-color has-background wp-element-button\" href=\"https:\/\/www.rhone-auvergne.cnrs.fr\/fr\/cnrsinfo\/cristal-collectif-cnrs-trois-projets-impliquent-des-laboratoires-de-la-circonscription\" style=\"border-radius:0px\" target=\"_blank\" rel=\"noreferrer noopener\">En savoir plus&#8230;<\/a><\/div>\n<\/div>\n<\/div>\n<\/div>\n\n\n\n<div class=\"wp-block-group is-nowrap is-layout-flex wp-container-core-group-is-layout-8b09a81d wp-block-group-is-layout-flex\" style=\"border-bottom-color:var(--wp--preset--color--foreground);border-bottom-width:2px;padding-bottom:var(--wp--preset--spacing--30)\">\n<div class=\"wp-block-group is-vertical is-layout-flex wp-container-core-group-is-layout-fe9cc265 wp-block-group-is-layout-flex\">\n<p class=\"has-medium-font-size\" style=\"text-decoration:underline\">Le lundi 11 mars 2024 :<\/p>\n\n\n\n<p>Wissam El Hajj, doctorant \u00e0 l&rsquo;ICJ, sous la direction de Vitaly VOLPERT (DR CNRS), fait partie des finalistes.<br>Sa th\u00e8se : Mod\u00e9lisation math\u00e9matique de l\u2019Inflammation.<br>La finale locale Universit\u00e9 de Lyon de \u00ab\u00a0ma th\u00e8se en 180 secondes\u00a0\u00bb 2024 aura lieu le 19 mars prochain.<\/p>\n\n\n\n<div class=\"wp-block-buttons is-layout-flex wp-block-buttons-is-layout-flex\">\n<div class=\"wp-block-button\"><a class=\"wp-block-button__link has-primary-color has-background-background-color has-text-color has-background has-link-color has-border-color has-primary-border-color wp-element-button\" href=\"https:\/\/www.univ-lyon1.fr\/actualites\/ma-these-en-180-secondes-2024-les-finalistes-lyon-1\" style=\"border-width:2px;border-radius:0px\" target=\"_blank\" rel=\"noreferrer noopener\">En savoir plus &#8230;<\/a><\/div>\n<\/div>\n<\/div>\n<\/div>\n\n\n\n<div class=\"wp-block-group is-nowrap is-layout-flex wp-container-core-group-is-layout-8b09a81d wp-block-group-is-layout-flex\" style=\"border-bottom-color:var(--wp--preset--color--foreground);border-bottom-width:2px;padding-bottom:var(--wp--preset--spacing--30)\">\n<div class=\"wp-block-group is-vertical is-layout-flex wp-container-core-group-is-layout-fe9cc265 wp-block-group-is-layout-flex\">\n<p class=\"has-medium-font-size\" style=\"text-decoration:underline\">Le jeudi 18 janvier 2024 :<\/p>\n\n\n\n<p>Frank Wagner a remis \u00e0 <strong>R\u00e9gis Goiffon<\/strong> les insignes de l&rsquo;ordre des palmes acad\u00e9miques, en pr\u00e9sence de nombreux membres de l&rsquo;Institut Camille Jordan.<br>R\u00e9gis Goiffon oeuvre depuis pr\u00e8s de 20 ans pour la diffusion de la culture math\u00e9matique aupr\u00e8s des jeunes et de la soci\u00e9t\u00e9. Il encadre plus de 40 stagiaires (de 4\u00e8me \u00e0 2de) au sein de l&rsquo;ICJ chaque ann\u00e9e et est tr\u00e8s actif dans l&rsquo;organisation de <a href=\"https:\/\/mmi-lyon.fr\/?site_atelier=mathalyon\" target=\"_blank\" rel=\"noreferrer noopener\">Math@Lyon<\/a>. Il donne ainsi aux jeunes le go\u00fbt de poursuivre des \u00e9tudes scientifiques et math\u00e9matiques en particulier.<\/p>\n<\/div>\n<\/div>\n\n\n\n<div class=\"wp-block-group is-nowrap is-layout-flex wp-container-core-group-is-layout-8b09a81d wp-block-group-is-layout-flex\" style=\"border-bottom-color:var(--wp--preset--color--foreground);border-bottom-width:2px;padding-bottom:var(--wp--preset--spacing--30)\">\n<div class=\"wp-block-group is-vertical is-layout-flex wp-container-core-group-is-layout-fe9cc265 wp-block-group-is-layout-flex\">\n<p class=\"has-medium-font-size\" style=\"text-decoration:underline\">Le mercredi 08 novembre 2023 :<\/p>\n\n\n\n<p>Maison des math\u00e9matiques et de l&rsquo;informatique.<br>Soir\u00e9es Math\u00e9matiques de Lyon.<br>Conf\u00e9rence \u00ab\u00a0Blaise Pascal, Math\u00e9maticien du c\u0153ur et 1er entrepreneur de la tech\u00a0\u00bb de C\u00e9dric Villani.<\/p>\n\n\n\n<div class=\"wp-block-buttons is-layout-flex wp-block-buttons-is-layout-flex\">\n<div class=\"wp-block-button\"><a class=\"wp-block-button__link has-primary-color has-background-background-color has-text-color has-background has-link-color has-border-color wp-element-button\" href=\"https:\/\/www.youtube.com\/watch?v=WYQF7Hx9W4c\" style=\"border-color:#464E2E;border-width:2px;border-radius:0px\" target=\"_blank\" rel=\"noreferrer noopener\">En savoir plus &#8230;<\/a><\/div>\n<\/div>\n<\/div>\n<\/div>\n\n\n\n<div class=\"wp-block-group is-nowrap is-layout-flex wp-container-core-group-is-layout-6c531013 wp-block-group-is-layout-flex\">\n<div class=\"wp-block-group is-vertical is-layout-flex wp-container-core-group-is-layout-fe9cc265 wp-block-group-is-layout-flex\">\n<p class=\"has-medium-font-size\" style=\"text-decoration:underline\">Le jeudi 19 octobre 2023 :<\/p>\n\n\n\n<p>Notre coll\u00e8gue Christophe Sabot a re\u00e7u mardi 17 octobre 2023 le Prix de Math\u00e9matiques\/Fondation Maurice Servant de l\u2019Acad\u00e9mie des sciences pour <br>ses travaux sur les marches al\u00e9atoires en environnement al\u00e9atoire ou avec m\u00e9moire, et \u00e0 leurs liens avec la physique statistique. F\u00e9licitations Christophe&nbsp;!<\/p>\n\n\n\n<div class=\"wp-block-buttons is-content-justification-left is-layout-flex wp-container-core-buttons-is-layout-fc4fd283 wp-block-buttons-is-layout-flex\">\n<div class=\"wp-block-button\"><a class=\"wp-block-button__link has-primary-color has-background-background-color has-text-color has-background has-link-color has-border-color wp-element-button\" href=\"https:\/\/www.academie-sciences.fr\/fr\/Laureats\/laureats-2023-des-prix-thematiques.html#medaillemath\" style=\"border-color:#464E2E;border-width:2px;border-radius:0px\" target=\"_blank\" rel=\"noreferrer noopener\">En savoir plus &#8230;<\/a><\/div>\n<\/div>\n<\/div>\n<\/div>\n\n\n\n<p><\/p>\n","protected":false},"excerpt":{"rendered":"<p>Michelle Schatzman l&rsquo;une des 72 femmes de sciences \u00e0 l&rsquo;honneur sur la Tour Eiffel Le 26 janvier dernier 2026, les noms de 72 femmes scientifiques ont \u00e9t\u00e9 inscrits sur la tour Eiffel (rejoignant ceux d&rsquo;hommes, honor\u00e9s depuis 1889). Parmi ces femmes figure Michelle Schatzman, math\u00e9maticienne lyonnaise.Michelle Schatzman, n\u00e9e le 8 d\u00e9cembre 1949 et morte le [&hellip;]<\/p>\n","protected":false},"author":16,"featured_media":0,"parent":0,"menu_order":0,"comment_status":"closed","ping_status":"closed","template":"","meta":{"footnotes":""},"class_list":["post-761","page","type-page","status-publish","hentry"],"_links":{"self":[{"href":"https:\/\/math.univ-lyon1.fr\/icj\/wp-json\/wp\/v2\/pages\/761","targetHints":{"allow":["GET"]}}],"collection":[{"href":"https:\/\/math.univ-lyon1.fr\/icj\/wp-json\/wp\/v2\/pages"}],"about":[{"href":"https:\/\/math.univ-lyon1.fr\/icj\/wp-json\/wp\/v2\/types\/page"}],"author":[{"embeddable":true,"href":"https:\/\/math.univ-lyon1.fr\/icj\/wp-json\/wp\/v2\/users\/16"}],"replies":[{"embeddable":true,"href":"https:\/\/math.univ-lyon1.fr\/icj\/wp-json\/wp\/v2\/comments?post=761"}],"version-history":[{"count":55,"href":"https:\/\/math.univ-lyon1.fr\/icj\/wp-json\/wp\/v2\/pages\/761\/revisions"}],"predecessor-version":[{"id":2535,"href":"https:\/\/math.univ-lyon1.fr\/icj\/wp-json\/wp\/v2\/pages\/761\/revisions\/2535"}],"wp:attachment":[{"href":"https:\/\/math.univ-lyon1.fr\/icj\/wp-json\/wp\/v2\/media?parent=761"}],"curies":[{"name":"wp","href":"https:\/\/api.w.org\/{rel}","templated":true}]}}