{"id":938,"date":"2024-02-08T09:02:11","date_gmt":"2024-02-08T08:02:11","guid":{"rendered":"https:\/\/web1-math.univ-lyon1.fr\/wpinterneticj\/?page_id=938"},"modified":"2024-03-21T13:52:33","modified_gmt":"2024-03-21T12:52:33","slug":"mentions-legales","status":"publish","type":"page","link":"https:\/\/math.univ-lyon1.fr\/icj\/mentions-legales\/","title":{"rendered":"Mentions l\u00e9gales"},"content":{"rendered":"\n<p>Site officiel de l&rsquo;<a href=\"\/icj\/presentation\/\">Institut Camille Jordan<\/a>.<\/p>\n\n\n\n<p><\/p>\n\n\n\n<h4 class=\"wp-block-heading\">Editeur<\/h4>\n\n\n\n<p>Directeur de la publication : V\u00e9ronique MAUME-DESCHAMPS, directrice de l&rsquo;<a href=\"\/wpinterneticj\/contact-et-acces\/\">Institut Camille Jordan<\/a>.<\/p>\n\n\n\n<p><\/p>\n\n\n\n<p><\/p>\n\n\n\n<h4 class=\"wp-block-heading\">Protection des donn\u00e9es \u00e0 caract\u00e8re personnel<\/h4>\n\n\n\n<p>Conform\u00e9ment aux <a href=\"http:\/\/www.legifrance.gouv.fr\/affichTexte.do?cidTexte=JORFTEXT000000886460#LEGISCTA000006120416\">articles 38 et suivants de la loi n\u00b078-17 du 6 janvier 1978<\/a> relative \u00e0 l&rsquo;informatique, aux fichiers et aux libert\u00e9s, vous disposez d&rsquo;un droit d&rsquo;acc\u00e8s aux informations vous concernant. Vous pouvez \u00e9galement rectifier ou supprimer ces donn\u00e9es.<\/p>\n\n\n\n<p>Pour exercer ces droits, il vous suffit d&rsquo;\u00e9crire \u00e0 l&rsquo;<a href=\"\/icj\/contact-et-acces\/\">Institut Camille Jordan<\/a>.<\/p>\n\n\n\n<p>Site de la <a href=\"https:\/\/www.cnil.fr\/fr\" target=\"_blank\" rel=\"noreferrer noopener\">CNIL<\/a>.<\/p>\n\n\n\n<p><\/p>\n\n\n\n<h4 class=\"wp-block-heading\">Clause de non-responsabilit\u00e9<\/h4>\n\n\n\n<p>La responsabilit\u00e9 du Institut Camille Jordan ne peut, en aucune mani\u00e8re, \u00eatre engag\u00e9e quant au contenu des informations figurant sur ce site ou aux cons\u00e9quences pouvant r\u00e9sulter de leur utilisation ou interpr\u00e9tation.<\/p>\n\n\n\n<h4 class=\"wp-block-heading\">Propri\u00e9t\u00e9 intellectuelle<\/h4>\n\n\n\n<p>Le site du Institut Camille Jordan est une \u0153uvre de cr\u00e9ation, propri\u00e9t\u00e9 exclusive du Institut Camille Jordan, prot\u00e9g\u00e9e par la l\u00e9gislation fran\u00e7aise et internationale sur le droit de la propri\u00e9t\u00e9 intellectuelle. Aucune reproduction ou repr\u00e9sentation ne peut \u00eatre r\u00e9alis\u00e9e en contravention avec les droits du Institut Camille Jordan issus de la l\u00e9gislation susvis\u00e9e.<\/p>\n\n\n\n<h4 class=\"wp-block-heading\">Liens hypertextes<\/h4>\n\n\n\n<p>La mise en place de liens hypertextes par des tiers vers des pages ou des documents diffus\u00e9s sur le site du Institut Camille Jordan, est autoris\u00e9e sous r\u00e9serve que les liens ne contreviennent pas aux int\u00e9r\u00eats du Institut Camille Jordan, et, qu&rsquo;ils garantissent la possibilit\u00e9 pour l&rsquo;utilisateur d&rsquo;identifier l&rsquo;origine et l&rsquo;auteur du document.<\/p>\n\n\n\n<p><\/p>\n\n\n\n<p><\/p>\n\n\n\n<h4 class=\"wp-block-heading\">Conception et r\u00e9alisation du site<\/h4>\n\n\n\n<p>Conception, \u00e9dition : \u00c9quipe en charge du site oueb de l&rsquo;Institut Camille Jordan.<br>Charte graphique &amp; d\u00e9veloppement oueb sp\u00e9cifique : Vincent FARGET (Ing\u00e9nieur syst\u00e8mes et d\u00e9veloppement web &#8211; Universit\u00e9 Claude Bernard Lyon 1)<br>Th\u00e8me utilis\u00e9 : <a href=\"https:\/\/bloclandfse.xideathemes.com\/\" target=\"_blank\" rel=\"noreferrer noopener\">Blocland FSE<\/a><\/p>\n\n\n\n<p><\/p>\n","protected":false},"excerpt":{"rendered":"<p>Site officiel de l&rsquo;Institut Camille Jordan. Editeur Directeur de la publication : V\u00e9ronique MAUME-DESCHAMPS, directrice de l&rsquo;Institut Camille Jordan. Protection des donn\u00e9es \u00e0 caract\u00e8re personnel Conform\u00e9ment aux articles 38 et suivants de la loi n\u00b078-17 du 6 janvier 1978 relative \u00e0 l&rsquo;informatique, aux fichiers et aux libert\u00e9s, vous disposez d&rsquo;un droit d&rsquo;acc\u00e8s aux informations vous [&hellip;]<\/p>\n","protected":false},"author":1,"featured_media":0,"parent":0,"menu_order":0,"comment_status":"closed","ping_status":"closed","template":"","meta":{"footnotes":""},"class_list":["post-938","page","type-page","status-publish","hentry"],"_links":{"self":[{"href":"https:\/\/math.univ-lyon1.fr\/icj\/wp-json\/wp\/v2\/pages\/938","targetHints":{"allow":["GET"]}}],"collection":[{"href":"https:\/\/math.univ-lyon1.fr\/icj\/wp-json\/wp\/v2\/pages"}],"about":[{"href":"https:\/\/math.univ-lyon1.fr\/icj\/wp-json\/wp\/v2\/types\/page"}],"author":[{"embeddable":true,"href":"https:\/\/math.univ-lyon1.fr\/icj\/wp-json\/wp\/v2\/users\/1"}],"replies":[{"embeddable":true,"href":"https:\/\/math.univ-lyon1.fr\/icj\/wp-json\/wp\/v2\/comments?post=938"}],"version-history":[{"count":14,"href":"https:\/\/math.univ-lyon1.fr\/icj\/wp-json\/wp\/v2\/pages\/938\/revisions"}],"predecessor-version":[{"id":1803,"href":"https:\/\/math.univ-lyon1.fr\/icj\/wp-json\/wp\/v2\/pages\/938\/revisions\/1803"}],"wp:attachment":[{"href":"https:\/\/math.univ-lyon1.fr\/icj\/wp-json\/wp\/v2\/media?parent=938"}],"curies":[{"name":"wp","href":"https:\/\/api.w.org\/{rel}","templated":true}]}}