{"id":1146,"date":"2022-04-19T20:07:01","date_gmt":"2022-04-19T18:07:01","guid":{"rendered":"https:\/\/math.univ-lyon1.fr\/master-mathematiques-et-applications\/?page_id=1146"},"modified":"2022-04-20T15:04:55","modified_gmt":"2022-04-20T13:04:55","slug":"preparation-a-lagregation-ens-lyon","status":"publish","type":"page","link":"https:\/\/math.univ-lyon1.fr\/master-mathematiques-et-applications\/?page_id=1146","title":{"rendered":"Pr\u00e9paration \u00e0 l&rsquo;agr\u00e9gation     ENS Lyon"},"content":{"rendered":"\n<p><\/p>\n\n\n\n<p>Toutes les informations concernant cette formation sont disponibles sur la <a href=\"http:\/\/mathematiques.ens-lyon.fr\/agregation-224737.kjsp?RH=1393855922545&amp;RF=DPT-MATH-AGREG\">page d\u00e9di\u00e9e<\/a> du site de l&rsquo;ENS de Lyon.<\/p>\n","protected":false},"excerpt":{"rendered":"<p>Toutes les informations concernant cette formation sont disponibles sur la page d\u00e9di\u00e9e du site de l&rsquo;ENS de Lyon.<\/p>\n","protected":false},"author":8,"featured_media":0,"parent":0,"menu_order":0,"comment_status":"closed","ping_status":"closed","template":"","meta":[],"_links":{"self":[{"href":"https:\/\/math.univ-lyon1.fr\/master-mathematiques-et-applications\/index.php?rest_route=\/wp\/v2\/pages\/1146"}],"collection":[{"href":"https:\/\/math.univ-lyon1.fr\/master-mathematiques-et-applications\/index.php?rest_route=\/wp\/v2\/pages"}],"about":[{"href":"https:\/\/math.univ-lyon1.fr\/master-mathematiques-et-applications\/index.php?rest_route=\/wp\/v2\/types\/page"}],"author":[{"embeddable":true,"href":"https:\/\/math.univ-lyon1.fr\/master-mathematiques-et-applications\/index.php?rest_route=\/wp\/v2\/users\/8"}],"replies":[{"embeddable":true,"href":"https:\/\/math.univ-lyon1.fr\/master-mathematiques-et-applications\/index.php?rest_route=%2Fwp%2Fv2%2Fcomments&post=1146"}],"version-history":[{"count":4,"href":"https:\/\/math.univ-lyon1.fr\/master-mathematiques-et-applications\/index.php?rest_route=\/wp\/v2\/pages\/1146\/revisions"}],"predecessor-version":[{"id":1288,"href":"https:\/\/math.univ-lyon1.fr\/master-mathematiques-et-applications\/index.php?rest_route=\/wp\/v2\/pages\/1146\/revisions\/1288"}],"wp:attachment":[{"href":"https:\/\/math.univ-lyon1.fr\/master-mathematiques-et-applications\/index.php?rest_route=%2Fwp%2Fv2%2Fmedia&parent=1146"}],"curies":[{"name":"wp","href":"https:\/\/api.w.org\/{rel}","templated":true}]}}