{"id":132,"date":"2018-04-26T13:56:16","date_gmt":"2018-04-26T11:56:16","guid":{"rendered":"https:\/\/forgeim.univ-lyon1.fr\/hkg\/?page_id=132"},"modified":"2026-02-11T17:16:05","modified_gmt":"2026-02-11T16:16:05","slug":"candidatures","status":"publish","type":"page","link":"https:\/\/math.univ-lyon1.fr\/master-mathematiques-et-applications\/?page_id=132","title":{"rendered":"Candidatures 2026-2027"},"content":{"rendered":"<div class=\"node node-page node-full\">\n<div class=\"field field-name-body field-type-text-with-summary field-label-hidden\">\n<div class=\"field-items\">\n<div class=\"field-item even\">\n<h2>Modalit\u00e9s de candidature pour les diff\u00e9rentes formations du master<\/h2>\n<p>\u00a0<\/p>\n<h3><strong>Pour le master 1 Math\u00e9matiques g\u00e9n\u00e9rales \u00e0 l&rsquo;Universit\u00e9 Lyon<\/strong> 1<\/h3>\n<p><strong>Pour les candidat\u00b7es en formation initiale ou en formation continue :<\/strong><\/p>\n<p>Les d\u00e9p\u00f4ts de candidatures se font sur la plateforme nationale <a href=\"https:\/\/www.monmaster.gouv.fr\/\">MonMaster<\/a>.<\/p>\n<p>D\u00e9p\u00f4t des candidatures : du <strong>17 f\u00e9vrier 2026 <\/strong>au<strong> 16 mars 2026.<\/strong><\/p>\n<p>R\u00e9sultats d&rsquo;admission : <strong>juin 2026<\/strong><\/p>\n<p><em>Le seul cas o\u00f9 vous ne pouvez pas utiliser la plateforme MonMaster est le cas o\u00f9 vous vivez dans un pays o\u00f9 la proc\u00e9dure d&rsquo;inscription <a href=\"http:\/\/www.campusfrance.org\/fr\/page\/a-partir-dun-pays-a-procedure-cef\">\u00c9tudes en France<\/a> (Campus France) est implant\u00e9e. Dans ce cas, vous devez <strong>obligatoirement<\/strong> vous adresser \u00e0 Campus France quelques soient la formation et le niveau d&rsquo;entr\u00e9e dans la formation sollicit\u00e9e. Les candidatures doivent \u00eatre saisies sur\u00a0<a href=\"http:\/\/www.campusfrance.org\/\">http:\/\/www.campusfrance.org\/<\/a> . Attention aux dates !<\/em><\/p>\n<h3><strong>Pour le master 2 Math\u00e9matiques g\u00e9n\u00e9rales \u00e0 l&rsquo;Universit\u00e9 Lyon 1<\/strong><\/h3>\n<p>Les d\u00e9p\u00f4ts de candidatures se font via <a href=\"https:\/\/ecandidat.univ-lyon1.fr\/\">eCandidat Lyon 1<\/a>.<\/p>\n<p>D\u00e9p\u00f4t des candidatures : dates \u00e0 venir<strong><br \/><\/strong><\/p>\n<p>R\u00e9sultats d&rsquo;admission : juillet 2026<strong><br \/><\/strong><\/p>\n<p>Date butoir pour accepter ou refuser la proposition de formation :\u00a0\u00a0<strong>\u00e0 venir<\/strong><\/p>\n<p>\u00a0<\/p>\n<\/div>\n<h3><strong>Pour le master 1 Math\u00e9matiques avanc\u00e9es \u00e0 l&rsquo;ENS Lyon<\/strong><\/h3>\n<p>Les d\u00e9tails de la proc\u00e9dure sont indiqu\u00e9s sur la <a href=\"http:\/\/mathematiques.ens-lyon.fr\/admission-en-m1-226835.kjsp?RH=1393855922439&amp;RF=DPT-MATH-MASTER-Admi\">page d\u00e9di\u00e9e<\/a>.<\/p>\n<h3><strong>Pour le master 2 Math\u00e9matiques avanc\u00e9es \u00e0 l&rsquo;ENS Lyon et \u00e0 l&rsquo;Universit\u00e9 Lyon 1<\/strong><\/h3>\n<p>Les d\u00e9p\u00f4ts de candidature doivent se faire dans les deux \u00e9tablissements.\u00a0 Les candidat\u00b7es doivent d\u00e9poser deux dossiers :<\/p>\n<p>&#8212; l&rsquo;un \u00e0 l&rsquo;universit\u00e9 Lyon 1 via <a href=\"https:\/\/ecandidat.univ-lyon1.fr\/\">eCandidat\u00a0 <\/a>: <strong>dates \u00e0 venir<\/strong>.<\/p>\n<p>&#8212; l&rsquo;autre \u00e0 l&rsquo;ENS Lyon via CADENS pour les \u00e9tudiants europ\u00e9ens. Les d\u00e9tails de la proc\u00e9dure pour CADENS sont indiqu\u00e9s sur la <a href=\"http:\/\/mathematiques.ens-lyon.fr\/admission-en-m2-234093.kjsp?RH=1638193268489&amp;RF=1403617341808\">page d\u00e9di\u00e9e<\/a>.<\/p>\n<\/div>\n<\/div>\n<\/div>\n\n\n<p><\/p>\n","protected":false},"excerpt":{"rendered":"<p>Modalit\u00e9s de candidature pour les diff\u00e9rentes formations du master \u00a0 Pour le master 1 Math\u00e9matiques g\u00e9n\u00e9rales \u00e0 l&rsquo;Universit\u00e9 Lyon 1 Pour les candidat\u00b7es en formation initiale ou en formation continue : Les d\u00e9p\u00f4ts de candidatures se font sur la plateforme nationale MonMaster. D\u00e9p\u00f4t des candidatures : du 17 f\u00e9vrier 2026 au 16 mars 2026. R\u00e9sultats <a class=\"more-link\" href=\"https:\/\/math.univ-lyon1.fr\/master-mathematiques-et-applications\/?page_id=132\">Lire plus &#8230;<\/a><\/p>\n","protected":false},"author":8,"featured_media":0,"parent":0,"menu_order":0,"comment_status":"closed","ping_status":"closed","template":"","meta":[],"_links":{"self":[{"href":"https:\/\/math.univ-lyon1.fr\/master-mathematiques-et-applications\/index.php?rest_route=\/wp\/v2\/pages\/132"}],"collection":[{"href":"https:\/\/math.univ-lyon1.fr\/master-mathematiques-et-applications\/index.php?rest_route=\/wp\/v2\/pages"}],"about":[{"href":"https:\/\/math.univ-lyon1.fr\/master-mathematiques-et-applications\/index.php?rest_route=\/wp\/v2\/types\/page"}],"author":[{"embeddable":true,"href":"https:\/\/math.univ-lyon1.fr\/master-mathematiques-et-applications\/index.php?rest_route=\/wp\/v2\/users\/8"}],"replies":[{"embeddable":true,"href":"https:\/\/math.univ-lyon1.fr\/master-mathematiques-et-applications\/index.php?rest_route=%2Fwp%2Fv2%2Fcomments&post=132"}],"version-history":[{"count":54,"href":"https:\/\/math.univ-lyon1.fr\/master-mathematiques-et-applications\/index.php?rest_route=\/wp\/v2\/pages\/132\/revisions"}],"predecessor-version":[{"id":1594,"href":"https:\/\/math.univ-lyon1.fr\/master-mathematiques-et-applications\/index.php?rest_route=\/wp\/v2\/pages\/132\/revisions\/1594"}],"wp:attachment":[{"href":"https:\/\/math.univ-lyon1.fr\/master-mathematiques-et-applications\/index.php?rest_route=%2Fwp%2Fv2%2Fmedia&parent=132"}],"curies":[{"name":"wp","href":"https:\/\/api.w.org\/{rel}","templated":true}]}}