{"id":1368,"date":"2022-09-04T19:54:00","date_gmt":"2022-09-04T17:54:00","guid":{"rendered":"https:\/\/math.univ-lyon1.fr\/master-mathematiques-et-applications\/?page_id=1368"},"modified":"2023-08-28T11:35:03","modified_gmt":"2023-08-28T09:35:03","slug":"preparation-aux-ecrits-de-lagregation","status":"publish","type":"page","link":"https:\/\/math.univ-lyon1.fr\/master-mathematiques-et-applications\/?page_id=1368","title":{"rendered":"S\u00e9ances de travail sur le programme de l&rsquo;agr\u00e9gation"},"content":{"rendered":"\n<h3 class=\"has-text-align-center\">Analyse et Probabilit\u00e9s<\/h3>\n\n\n\n<p>AP1 (Ivan Gentil) : analyse r\u00e9elle<\/p>\n\n\n\n<p>AP2 (Amaury Thuillier) : analyse de Fourier<\/p>\n\n\n\n<p>AP3 Christophe Garban) : calcul diff\u00e9rentiel et analyse num\u00e9rique<\/p>\n\n\n\n<p>AP4 (Ivan Gentil) : probabilit\u00e9s<\/p>\n\n\n\n<p>AP5 (Philippe Caldero) : analyse complexe<\/p>\n\n\n\n<p>AP6 (Petru Mironescu) : analyse fonctionnelle<\/p>\n\n\n\n<p><\/p>\n\n\n\n<h3 class=\"has-text-align-center\">Alg\u00e8bre et G\u00e9om\u00e9trie<\/h3>\n\n\n\n<p>MG1 (Philippe Caldero) : alg\u00e8bre lin\u00e9aire<\/p>\n\n\n\n<p>MG2 (Amaury Thuillier) : arithm\u00e9tique et groupes ab\u00e9liens<\/p>\n\n\n\n<p>MG3 (Nicolas Ressayre) : th\u00e9orie des groupes<\/p>\n\n\n\n<p>MG4 (Philippe Caldero) : formes quadratiques<\/p>\n\n\n\n<p>MG5 (Alexis Tchoudjem) : anneaux et corps <\/p>\n\n\n\n<p>MG6 (Serge Parmentier) : alg\u00e8bre lin\u00e9aire et topologie<\/p>\n","protected":false},"excerpt":{"rendered":"<p>Analyse et Probabilit\u00e9s AP1 (Ivan Gentil) : analyse r\u00e9elle AP2 (Amaury Thuillier) : analyse de Fourier AP3 Christophe Garban) : calcul diff\u00e9rentiel et analyse num\u00e9rique AP4 (Ivan Gentil) : probabilit\u00e9s AP5 (Philippe Caldero) : analyse complexe AP6 (Petru Mironescu) : analyse fonctionnelle Alg\u00e8bre et G\u00e9om\u00e9trie MG1 (Philippe Caldero) : alg\u00e8bre lin\u00e9aire MG2 (Amaury Thuillier) : <a class=\"more-link\" href=\"https:\/\/math.univ-lyon1.fr\/master-mathematiques-et-applications\/?page_id=1368\">Lire plus &#8230;<\/a><\/p>\n","protected":false},"author":10,"featured_media":0,"parent":0,"menu_order":0,"comment_status":"closed","ping_status":"closed","template":"","meta":[],"_links":{"self":[{"href":"https:\/\/math.univ-lyon1.fr\/master-mathematiques-et-applications\/index.php?rest_route=\/wp\/v2\/pages\/1368"}],"collection":[{"href":"https:\/\/math.univ-lyon1.fr\/master-mathematiques-et-applications\/index.php?rest_route=\/wp\/v2\/pages"}],"about":[{"href":"https:\/\/math.univ-lyon1.fr\/master-mathematiques-et-applications\/index.php?rest_route=\/wp\/v2\/types\/page"}],"author":[{"embeddable":true,"href":"https:\/\/math.univ-lyon1.fr\/master-mathematiques-et-applications\/index.php?rest_route=\/wp\/v2\/users\/10"}],"replies":[{"embeddable":true,"href":"https:\/\/math.univ-lyon1.fr\/master-mathematiques-et-applications\/index.php?rest_route=%2Fwp%2Fv2%2Fcomments&post=1368"}],"version-history":[{"count":3,"href":"https:\/\/math.univ-lyon1.fr\/master-mathematiques-et-applications\/index.php?rest_route=\/wp\/v2\/pages\/1368\/revisions"}],"predecessor-version":[{"id":1468,"href":"https:\/\/math.univ-lyon1.fr\/master-mathematiques-et-applications\/index.php?rest_route=\/wp\/v2\/pages\/1368\/revisions\/1468"}],"wp:attachment":[{"href":"https:\/\/math.univ-lyon1.fr\/master-mathematiques-et-applications\/index.php?rest_route=%2Fwp%2Fv2%2Fmedia&parent=1368"}],"curies":[{"name":"wp","href":"https:\/\/api.w.org\/{rel}","templated":true}]}}