{"id":1381,"date":"2022-09-06T15:28:24","date_gmt":"2022-09-06T13:28:24","guid":{"rendered":"https:\/\/math.univ-lyon1.fr\/master-mathematiques-et-applications\/?page_id=1381"},"modified":"2024-09-20T14:49:00","modified_gmt":"2024-09-20T12:49:00","slug":"lecons","status":"publish","type":"page","link":"https:\/\/math.univ-lyon1.fr\/master-mathematiques-et-applications\/?page_id=1381","title":{"rendered":"Le\u00e7ons"},"content":{"rendered":"\n<p><\/p>\n\n\n\n<p><\/p>\n\n\n\n<h3 class=\"has-text-align-left\">Trin\u00f4mes<\/h3>\n\n\n\n<p>A : Lilas Baudelet, Juliette Hamoniaux et Adam Jouve<\/p>\n\n\n\n<p>B : Juliette Mollier, Erwan Payre et Lilio Reveillard<\/p>\n\n\n\n<p>C : M\u00e9lanie Deweerdt, Timoth\u00e9e Foutot et Chlo\u00e9 J\u00e9z\u00e9quel<\/p>\n\n\n\n<p>D :  L\u00e9o Ferrand, Thelma Pinteno et Louane Toumen<\/p>\n\n\n\n<p>E : Maxime Guignandon, Marie Thizy et Efflam Vicart<\/p>\n\n\n\n<p>F : Basile Coquaz, Arthur Kineider et M\u00e2lathi Rangama<\/p>\n\n\n\n<p>G : Gaspar Drazkowski, Am\u00e9lie Guichard et Ambre Monterlos <\/p>\n\n\n\n<p>H : Nicolas Carrier, Julien Fombaron et Mathis Vidal<\/p>\n\n\n\n<p>I : Hugo Amourdom et Lo\u00efc Gardey<\/p>\n\n\n\n<p>J : Fabio de Freitas, Alexandre Da Silva et Yann Vernay<\/p>\n\n\n\n<p>K : Ismael Hezil<\/p>\n","protected":false},"excerpt":{"rendered":"<p>Trin\u00f4mes A : Lilas Baudelet, Juliette Hamoniaux et Adam Jouve B : Juliette Mollier, Erwan Payre et Lilio Reveillard C : M\u00e9lanie Deweerdt, Timoth\u00e9e Foutot et Chlo\u00e9 J\u00e9z\u00e9quel D : L\u00e9o Ferrand, Thelma Pinteno et Louane Toumen E : Maxime Guignandon, Marie Thizy et Efflam Vicart F : Basile Coquaz, Arthur Kineider et M\u00e2lathi Rangama <a class=\"more-link\" href=\"https:\/\/math.univ-lyon1.fr\/master-mathematiques-et-applications\/?page_id=1381\">Lire plus &#8230;<\/a><\/p>\n","protected":false},"author":10,"featured_media":0,"parent":0,"menu_order":0,"comment_status":"closed","ping_status":"closed","template":"","meta":[],"_links":{"self":[{"href":"https:\/\/math.univ-lyon1.fr\/master-mathematiques-et-applications\/index.php?rest_route=\/wp\/v2\/pages\/1381"}],"collection":[{"href":"https:\/\/math.univ-lyon1.fr\/master-mathematiques-et-applications\/index.php?rest_route=\/wp\/v2\/pages"}],"about":[{"href":"https:\/\/math.univ-lyon1.fr\/master-mathematiques-et-applications\/index.php?rest_route=\/wp\/v2\/types\/page"}],"author":[{"embeddable":true,"href":"https:\/\/math.univ-lyon1.fr\/master-mathematiques-et-applications\/index.php?rest_route=\/wp\/v2\/users\/10"}],"replies":[{"embeddable":true,"href":"https:\/\/math.univ-lyon1.fr\/master-mathematiques-et-applications\/index.php?rest_route=%2Fwp%2Fv2%2Fcomments&post=1381"}],"version-history":[{"count":29,"href":"https:\/\/math.univ-lyon1.fr\/master-mathematiques-et-applications\/index.php?rest_route=\/wp\/v2\/pages\/1381\/revisions"}],"predecessor-version":[{"id":1554,"href":"https:\/\/math.univ-lyon1.fr\/master-mathematiques-et-applications\/index.php?rest_route=\/wp\/v2\/pages\/1381\/revisions\/1554"}],"wp:attachment":[{"href":"https:\/\/math.univ-lyon1.fr\/master-mathematiques-et-applications\/index.php?rest_route=%2Fwp%2Fv2%2Fmedia&parent=1381"}],"curies":[{"name":"wp","href":"https:\/\/api.w.org\/{rel}","templated":true}]}}