{"id":143,"date":"2018-04-26T15:01:34","date_gmt":"2018-04-26T13:01:34","guid":{"rendered":"https:\/\/forgeim.univ-lyon1.fr\/hkg\/?page_id=143"},"modified":"2026-02-06T11:18:40","modified_gmt":"2026-02-06T10:18:40","slug":"infos-pratiques","status":"publish","type":"page","link":"https:\/\/math.univ-lyon1.fr\/master-mathematiques-et-applications\/?page_id=143","title":{"rendered":"Contacts"},"content":{"rendered":"\n<h2>&nbsp;<\/h2>\n\n\n\n<h2>Contacts et scolarit\u00e9 \u00e0 l&rsquo;Universit\u00e9 Lyon 1<\/h2>\n\n\n\n<h5><strong>Responsable de la mention de master<\/strong><\/h5>\n\n\n\n<p><a href=\"mailto:sabot@math.univ-lyon1.fr\">Christophe Sabot<\/a> ; t\u00e9l +33 4 72 43 16 94<\/p>\n\n\n\n<h5><strong>Responsables par ann\u00e9e et par parcours<\/strong><\/h5>\n\n\n\n<p>Pour toute demande ou question d&rsquo;ordre p\u00e9dagogique concernant un parcours ou une ann\u00e9e particuli\u00e8re, il est conseill\u00e9 de prendre contact avec l&rsquo;un\u00b7e des responsables ci-dessous.<\/p>\n\n\n\n<ul><li>Master 1 Math\u00e9matiques g\u00e9n\u00e9rales (Universit\u00e9 Lyon 1) :<\/li><\/ul>\n\n\n\n<p><a href=\"mailto:fouassier@math.univ-lyon1.fr\">\u00c9lise Fouassier<\/a> ; t\u00e9l +33 4 72 44 80 52<\/p>\n\n\n\n<ul><li>Master 2 Math\u00e9matiques g\u00e9n\u00e9rales et pr\u00e9paration \u00e0 l&rsquo;agr\u00e9gation (Universit\u00e9 Lyon 1) :<\/li><\/ul>\n\n\n\n<p><a href=\"mailto:thuillier@math.univ-lyon1.fr\">Amaury Thuillier<\/a> ; t\u00e9l +33 4 72 44 58 79<\/p>\n\n\n\n<ul><li>Master 2 Math\u00e9matiques avanc\u00e9es (Universit\u00e9 Lyon 1) :<\/li><\/ul>\n\n\n\n<p><a href=\"mailto:melleray@math.univ-lyon1.fr\">Julien Melleray<\/a> ; t\u00e9l +33 4 72 44 83 11<\/p>\n\n\n\n<h5><strong>Scolarit\u00e9<\/strong><\/h5>\n\n\n\n<div class=\"content\">\n<div>\u00c0 l&rsquo;Universit\u00e9 Lyon 1: <a href=\"mailto:scolarite.mathematiques@univ-lyon1.fr\">Scolarit\u00e9<\/a> ; t\u00e9l +33 4 72 43 29 82<\/div>\n<div>&nbsp;<\/div>\n<div><strong>Adresse \u00e0 l&rsquo;Universit\u00e9 Lyon 1<br><\/strong><\/div>\n<div>Master Math\u00e9matiques et applications<br>Universit\u00e9 Claude Bernard Lyon 1<br>Scolarit\u00e9 du D\u00e9partement de Math\u00e9matiques<br>B\u00e2timent Braconnier<br>21, avenue Claude Bernard<br>69622 VILLEURBANNE CEDEX<\/div>\n<\/div>\n\n\n\n<div>&nbsp;<\/div>\n\n\n\n<div>&nbsp;<\/div>\n\n\n\n<div class=\"content\">\n<div>&nbsp;<\/div>\n<\/div>\n\n\n\n<h2><\/h2>\n\n\n\n<h2>Contacts et scolarit\u00e9 \u00e0 l&rsquo;ENS Lyon<\/h2>\n\n\n\n<h5><strong>Responsables par ann\u00e9e et par parcours<\/strong><\/h5>\n\n\n\n<p>Pour toute demande ou question d&rsquo;ordre p\u00e9dagogique concernant un parcours ou une ann\u00e9e particuli\u00e8re, il est conseill\u00e9 de prendre contact avec l&rsquo;un\u00b7e des responsables ci-dessous.<\/p>\n\n\n\n<ul><li>Master 1 Math\u00e9matiques avanc\u00e9es (ENS Lyon) : <a href=\"mailto:bertrand.remy@ens-lyon.fr\">Bertrand R\u00e9my<\/a> ; t\u00e9l +33 4 72 72 85 44<\/li><li>Master 2 Math\u00e9matiques avanc\u00e9es (ENS Lyon) : <a href=\"mailto:laurent.berger@ens-lyon.fr\">Laurent Berger<\/a> ; t\u00e9l +33 4 72 72 85 26<\/li><\/ul>\n\n\n\n<h5><strong>Scolarit\u00e9<\/strong><\/h5>\n\n\n\n<div>\u00c0 l&rsquo;ENS Lyon : <a href=\"mailto:departement.math@ens-lyon.fr\">Sophie Bonche<\/a> ; t\u00e9l +33 4 72 72 85 53<\/div>\n\n\n\n<div>&nbsp;<\/div>\n\n\n\n<div><strong>Adresse \u00e0 l&rsquo;\u00c9cole Normale Sup\u00e9rieure de Lyon :<\/strong><\/div>\n\n\n\n<div>&nbsp;<\/div>\n\n\n\n<div>Master Math\u00e9matiques et applications<\/div>\n\n\n\n<div>Scolarit\u00e9 du D\u00e9partement de Math\u00e9matiques<br>ENS Lyon, Site Monod<br>B\u00e2timent LE<br>15, parvis Ren\u00e9 Descartes BP 7000<br>69342 LYON CEDEX 07<\/div>\n\n\n\n<div class=\"content\">\n<div>&nbsp;<\/div>\n<\/div>\n","protected":false},"excerpt":{"rendered":"<p>&nbsp; Contacts et scolarit\u00e9 \u00e0 l&rsquo;Universit\u00e9 Lyon 1 Responsable de la mention de master Christophe Sabot ; t\u00e9l +33 4 72 43 16 94 Responsables par ann\u00e9e et par parcours Pour toute demande ou question d&rsquo;ordre p\u00e9dagogique concernant un parcours ou une ann\u00e9e particuli\u00e8re, il est conseill\u00e9 de prendre contact avec l&rsquo;un\u00b7e des responsables ci-dessous. <a class=\"more-link\" href=\"https:\/\/math.univ-lyon1.fr\/master-mathematiques-et-applications\/?page_id=143\">Lire plus &#8230;<\/a><\/p>\n","protected":false},"author":8,"featured_media":0,"parent":0,"menu_order":0,"comment_status":"closed","ping_status":"closed","template":"","meta":[],"_links":{"self":[{"href":"https:\/\/math.univ-lyon1.fr\/master-mathematiques-et-applications\/index.php?rest_route=\/wp\/v2\/pages\/143"}],"collection":[{"href":"https:\/\/math.univ-lyon1.fr\/master-mathematiques-et-applications\/index.php?rest_route=\/wp\/v2\/pages"}],"about":[{"href":"https:\/\/math.univ-lyon1.fr\/master-mathematiques-et-applications\/index.php?rest_route=\/wp\/v2\/types\/page"}],"author":[{"embeddable":true,"href":"https:\/\/math.univ-lyon1.fr\/master-mathematiques-et-applications\/index.php?rest_route=\/wp\/v2\/users\/8"}],"replies":[{"embeddable":true,"href":"https:\/\/math.univ-lyon1.fr\/master-mathematiques-et-applications\/index.php?rest_route=%2Fwp%2Fv2%2Fcomments&post=143"}],"version-history":[{"count":21,"href":"https:\/\/math.univ-lyon1.fr\/master-mathematiques-et-applications\/index.php?rest_route=\/wp\/v2\/pages\/143\/revisions"}],"predecessor-version":[{"id":1585,"href":"https:\/\/math.univ-lyon1.fr\/master-mathematiques-et-applications\/index.php?rest_route=\/wp\/v2\/pages\/143\/revisions\/1585"}],"wp:attachment":[{"href":"https:\/\/math.univ-lyon1.fr\/master-mathematiques-et-applications\/index.php?rest_route=%2Fwp%2Fv2%2Fmedia&parent=143"}],"curies":[{"name":"wp","href":"https:\/\/api.w.org\/{rel}","templated":true}]}}