{"id":2,"date":"2018-04-23T20:32:41","date_gmt":"2018-04-23T18:32:41","guid":{"rendered":"https:\/\/forgeim.univ-lyon1.fr\/hkg\/?page_id=2"},"modified":"2025-07-22T13:42:54","modified_gmt":"2025-07-22T11:42:54","slug":"page1-2","status":"publish","type":"page","link":"https:\/\/math.univ-lyon1.fr\/master-mathematiques-et-applications\/?page_id=2","title":{"rendered":"Master 2 Math\u00e9matiques g\u00e9n\u00e9rales     Pr\u00e9paration \u00e0 l&rsquo;agr\u00e9gation de math\u00e9matiques"},"content":{"rendered":"\n<p><\/p>\n\n\n\n<p><\/p>\n\n\n\n<p>La pr\u00e9paration \u00e0 l&rsquo;agr\u00e9gation externe est coupl\u00e9e avec la seconde ann\u00e9e du  parcours <em>Math\u00e9matiques g\u00e9n\u00e9rales <\/em>du Master <em>Math\u00e9matiques et applications<\/em>. Cela permet de faire un M2 la m\u00eame ann\u00e9e que l&rsquo;on se pr\u00e9pare au concours.<\/p>\n\n\n\n<p>Si vous n&rsquo;avez pas de M2, ou de titre \u00e9quivalent, il faudra vous inscrire aux deux formations en septembre. Si, par contre, vous avez un M2 ou bien un dipl\u00f4me \u00e9quivalent (un dipl\u00f4me d&rsquo;ing\u00e9nieur par exemple), vous pouvez vous inscrire seulement \u00e0 la pr\u00e9paration \u00e0 l&rsquo;agr\u00e9gation. <\/p>\n\n\n\n<p>Dans tous les cas, la proc\u00e9dure de candidature est la m\u00eame via la plateforme <a rel=\"noreferrer noopener\" href=\"https:\/\/ecandidat.univ-lyon1.fr\/#!accueilView\" data-type=\"URL\" data-id=\"https:\/\/ecandidat.univ-lyon1.fr\/#!accueilView\" target=\"_blank\">eCandidat<\/a>. <\/p>\n\n\n\n<p><\/p>\n\n\n\n<h3 class=\"has-text-align-center\">Rentr\u00e9e<\/h3>\n\n\n\n<p><strong>Mardi 2 septembre de 9h \u00e0 10h30 <\/strong>(b\u00e2timent <a rel=\"noreferrer noopener\" href=\"https:\/\/www.univ-lyon1.fr\/campus\/plan-des-campus\/batiment-braconnier#.YwySltXP0-I\" data-type=\"URL\" data-id=\"https:\/\/www.univ-lyon1.fr\/campus\/plan-des-campus\/batiment-braconnier#.YwySltXP0-I\" target=\"_blank\">Braconnier<\/a>, salle Fokko du Cloux au 1er \u00e9tage). Une seconde r\u00e9union d&rsquo;information, d\u00e9volue \u00e0 la pr\u00e9sentation des trois options, aura lieu tout de suite apr\u00e8s, de 11h \u00e0 12h30 au m\u00eame endroit.<\/p>\n\n\n\n<p>Les cours commenceront le mercredi 4 septembre.<\/p>\n\n\n\n<p>Le <a href=\"https:\/\/math.univ-lyon1.fr\/prepa-agreg\/viewtopic.php?f=62&amp;t=716&amp;sid=69cce9d2cd10743c897d765c13de0181\">diaporama<\/a> de la r\u00e9union de rentr\u00e9e.<\/p>\n\n\n\n<p>Le <a href=\"https:\/\/math.univ-lyon1.fr\/prepa-agreg\/viewtopic.php?f=51&amp;t=607&amp;sid=903018553c0a6c7b03001ec9d0a8e6c9\" data-type=\"URL\" data-id=\"https:\/\/math.univ-lyon1.fr\/prepa-agreg\/viewtopic.php?f=51&amp;t=607&amp;sid=903018553c0a6c7b03001ec9d0a8e6c9\">diaporama<\/a> de pr\u00e9sentation de l&rsquo;\u00e9preuve de mod\u00e9lisation.<\/p>\n\n\n\n<h3 class=\"has-text-align-center\">Organisation de l&rsquo;ann\u00e9e<\/h3>\n\n\n\n<p><strong>L&#8217;emploi du temps<\/strong> est consultable sur <a href=\"https:\/\/calendar.google.com\/calendar\/embed?src=vijsjmpi82terk8l135cq7h6qs%40group.calendar.google.com&amp;ctz=Europe%2FParis\">Google Agenda<\/a> et (avec moins de d\u00e9tails) sur <a href=\"https:\/\/cas.univ-lyon1.fr\/cas\/login?service=https:\/\/dsi-webapp.univ-lyon1.fr\/ADE_WEB\/FR\/EDT.awp\" data-type=\"URL\" data-id=\"https:\/\/cas.univ-lyon1.fr\/cas\/login?service=https:\/\/dsi-webapp.univ-lyon1.fr\/ADE_WEB\/FR\/EDT.awp\">ADE<\/a> (taper \u00ab\u00a0M2G\u00a0\u00bb dans la barre de recherche). Dans leur tr\u00e8s grande majorit\u00e9, les enseignements auront lieu dans deux salles : <a rel=\"noreferrer noopener\" href=\"https:\/\/www.univ-lyon1.fr\/campus\/plan-des-campus\/batiment-omega#.YwyQ79XP0-I\" data-type=\"URL\" data-id=\"https:\/\/www.univ-lyon1.fr\/campus\/plan-des-campus\/batiment-omega#.YwyQ79XP0-I\" target=\"_blank\">Omega 12<\/a>, et Quai 43 salle 101. En cas d&rsquo;informations contradictoires sur les salles, s&rsquo;en remettre \u00e0 ADE.<\/p>\n\n\n\n<p class=\"has-dark-gray-color has-text-color\">Les informations officielles relatives \u00e0 l&rsquo;organisation du concours sont rassembl\u00e9es <a rel=\"noreferrer noopener\" href=\"https:\/\/www.devenirenseignant.gouv.fr\/cid98448\/calendrier-des-concours-de-recrutement-d-enseignants-du-second-degre-de-la-session-2016.html)\" data-type=\"URL\" data-id=\"https:\/\/www.devenirenseignant.gouv.fr\/cid98448\/calendrier-des-concours-de-recrutement-d-enseignants-du-second-degre-de-la-session-2016.html)\" target=\"_blank\">ici<\/a>. <\/p>\n\n\n\n<p>Les <strong>\u00e9crits<\/strong> auront lieu dans l&rsquo;acad\u00e9mie de Lyon, entre le 20 f\u00e9vrier et le 8 mars ; les dates pr\u00e9cises seront annonc\u00e9es ult\u00e9rieurement. Les <strong>oraux<\/strong> se d\u00e9rouleront de mi-juin \u00e0 d\u00e9but juillet \u00e0 Strasbourg.<\/p>\n\n\n\n<p>Les <strong>vacances<\/strong> suivront ce calendrier :<\/p>\n\n\n\n<ul><li>Automne : du vendredi 25 octobre au soir au dimanche 3 novembre au soir.<\/li><li>No\u00ebl : du vendredi 20 d\u00e9cembre au soir au dimanche 5 janvier au soir.<\/li><li>Hiver : du vendredi 28 f\u00e9vrier au soir au dimanche 9 mars, ou alors la semaine suivant les \u00e9crits si ceux-ci ont lieu au tout d\u00e9but du mois de mars.<\/li><li>Printemps : du vendredi 25 avril au soir au dimanche 4 mai au soir.<\/li><\/ul>\n\n\n\n<p><\/p>\n\n\n\n<h3 class=\"has-text-align-center\">Formalit\u00e9s importantes<\/h3>\n\n\n\n<p>L&rsquo;<strong>inscription au concours<\/strong> est de votre ressort. Elle sera ouverte du <strong>1 octobre<\/strong> au<strong> 7 novembre<\/strong> (dates pr\u00e9visionnelles, voir <a href=\"https:\/\/www.devenirenseignant.gouv.fr\/cid98448\/calendrier-des-concours-de-recrutement-d-enseignants-du-second-degre-de-la-session-2016.html)\">ici<\/a>).<\/p>\n\n\n\n<p><\/p>\n\n\n\n<h3 class=\"has-text-align-center\">Enseignements<\/h3>\n\n\n\n<p>La pr\u00e9paration au concours aura lieu de septembre \u00e0 juin. Le programme sera revu de fa\u00e7on syst\u00e9matique lors de <a href=\"https:\/\/math.univ-lyon1.fr\/master-mathematiques-et-applications\/?page_id=1368\">s\u00e9ances de travail<\/a> d\u00e9di\u00e9es de septembre \u00e0 f\u00e9vrier, \u00e0 hauteur 6h\/semaine en moyenne :<\/p>\n\n\n\n<ul><li>Alg\u00e8bre et G\u00e9om\u00e9trie<\/li><li>Analyse et Probabilit\u00e9s<\/li><\/ul>\n\n\n\n<p><\/p>\n\n\n\n<p>Les deux \u00e9preuves orales de le\u00e7on feront l&rsquo;objet de s\u00e9ances de pr\u00e9paration sp\u00e9cifiques de septembre \u00e0 mai. Deux s\u00e9ances hebdomadaires jusqu&rsquo;\u00e0 d\u00e9but novembre, puis trois ensuite, pr\u00e9par\u00e9es en <a href=\"https:\/\/math.univ-lyon1.fr\/master-mathematiques-et-applications\/?page_id=1381\" data-type=\"URL\" data-id=\"https:\/\/math.univ-lyon1.fr\/master-mathematiques-et-applications\/?page_id=1381\">trin\u00f4mes<\/a> :<\/p>\n\n\n\n<ul><li>Alg\u00e8bre et G\u00e9om\u00e9trie<\/li><li>Analyse et Probabilit\u00e9s<\/li><\/ul>\n\n\n\n<p>La pr\u00e9paration de l&rsquo;\u00e9preuve (orale) de mod\u00e9lisation se d\u00e9roule d&rsquo;octobre \u00e0 mai, apr\u00e8s quelques semaines introductives. Une s\u00e9ance hebdomadaire de 3h :<\/p>\n\n\n\n<ul><li>Option A : Probabilit\u00e9s et Statistiques<\/li><li>Option B : Calcul scientifique<\/li><li>Option C : Alg\u00e8bre et calcul formel<\/li><\/ul>\n\n\n\n<p><\/p>\n\n\n\n<h3 class=\"has-text-align-center\">Forum<\/h3>\n\n\n\n<p>Les documents p\u00e9dagogiques sont regroup\u00e9s sur un <a rel=\"noreferrer noopener\" href=\"https:\/\/math.univ-lyon1.fr\/prepa-agreg\/\" data-type=\"URL\" data-id=\"https:\/\/math.univ-lyon1.fr\/prepa-agreg\/\" target=\"_blank\">forum<\/a> dont l&rsquo;acc\u00e8s est restreint. <\/p>\n","protected":false},"excerpt":{"rendered":"<p>La pr\u00e9paration \u00e0 l&rsquo;agr\u00e9gation externe est coupl\u00e9e avec la seconde ann\u00e9e du parcours Math\u00e9matiques g\u00e9n\u00e9rales du Master Math\u00e9matiques et applications. Cela permet de faire un M2 la m\u00eame ann\u00e9e que l&rsquo;on se pr\u00e9pare au concours. Si vous n&rsquo;avez pas de M2, ou de titre \u00e9quivalent, il faudra vous inscrire aux deux formations en septembre. Si, <a class=\"more-link\" href=\"https:\/\/math.univ-lyon1.fr\/master-mathematiques-et-applications\/?page_id=2\">Lire plus &#8230;<\/a><\/p>\n","protected":false},"author":8,"featured_media":0,"parent":0,"menu_order":0,"comment_status":"closed","ping_status":"open","template":"","meta":[],"_links":{"self":[{"href":"https:\/\/math.univ-lyon1.fr\/master-mathematiques-et-applications\/index.php?rest_route=\/wp\/v2\/pages\/2"}],"collection":[{"href":"https:\/\/math.univ-lyon1.fr\/master-mathematiques-et-applications\/index.php?rest_route=\/wp\/v2\/pages"}],"about":[{"href":"https:\/\/math.univ-lyon1.fr\/master-mathematiques-et-applications\/index.php?rest_route=\/wp\/v2\/types\/page"}],"author":[{"embeddable":true,"href":"https:\/\/math.univ-lyon1.fr\/master-mathematiques-et-applications\/index.php?rest_route=\/wp\/v2\/users\/8"}],"replies":[{"embeddable":true,"href":"https:\/\/math.univ-lyon1.fr\/master-mathematiques-et-applications\/index.php?rest_route=%2Fwp%2Fv2%2Fcomments&post=2"}],"version-history":[{"count":58,"href":"https:\/\/math.univ-lyon1.fr\/master-mathematiques-et-applications\/index.php?rest_route=\/wp\/v2\/pages\/2\/revisions"}],"predecessor-version":[{"id":1574,"href":"https:\/\/math.univ-lyon1.fr\/master-mathematiques-et-applications\/index.php?rest_route=\/wp\/v2\/pages\/2\/revisions\/1574"}],"wp:attachment":[{"href":"https:\/\/math.univ-lyon1.fr\/master-mathematiques-et-applications\/index.php?rest_route=%2Fwp%2Fv2%2Fmedia&parent=2"}],"curies":[{"name":"wp","href":"https:\/\/api.w.org\/{rel}","templated":true}]}}