{"id":26,"date":"2018-04-23T21:44:01","date_gmt":"2018-04-23T19:44:01","guid":{"rendered":"https:\/\/forgeim.univ-lyon1.fr\/hkg\/?page_id=26"},"modified":"2026-02-06T11:17:19","modified_gmt":"2026-02-06T10:17:19","slug":"page2-2","status":"publish","type":"page","link":"https:\/\/math.univ-lyon1.fr\/master-mathematiques-et-applications\/?page_id=26","title":{"rendered":"Master 2 Math\u00e9matiques avanc\u00e9es"},"content":{"rendered":"<div class=\"node node-page node-full\">\n<div class=\"field field-name-body field-type-text-with-summary field-label-hidden\">\n<div class=\"field-items\">\n<div class=\"field-item even\">\n<p class=\"rtejustify\">\u00a0<\/p>\n<p class=\"rtejustify\"><strong>Une formation \u00e0 la recherche<\/strong><\/p>\n<p>Les cours sont organis\u00e9s en programmes th\u00e9matiques.<\/p>\n<h3><strong>!! Nouveaux programmes 2026-2027 !!<\/strong><\/h3>\n<p>Voir le programme 2026-2027 en suivant le lien <a href=\"https:\/\/mathematiques.ens-lyon.fr\/master\/master-2\/2026-2027-program\">suivant<\/a><\/p>\n<p>Quelques informations pratiques: <a href=\"https:\/\/mathematiques.ens-lyon.fr\/master\/master-2\/practical-information\">ici<\/a><\/p>\n<address>\u00a0<\/address><\/div>\n<\/div>\n<\/div>\n<\/div>\n\n\n<p><\/p>\n","protected":false},"excerpt":{"rendered":"<p>\u00a0 Une formation \u00e0 la recherche Les cours sont organis\u00e9s en programmes th\u00e9matiques. !! Nouveaux programmes 2026-2027 !! Voir le programme 2026-2027 en suivant le lien suivant Quelques informations pratiques: ici \u00a0<\/p>\n","protected":false},"author":11,"featured_media":0,"parent":0,"menu_order":0,"comment_status":"closed","ping_status":"closed","template":"","meta":[],"_links":{"self":[{"href":"https:\/\/math.univ-lyon1.fr\/master-mathematiques-et-applications\/index.php?rest_route=\/wp\/v2\/pages\/26"}],"collection":[{"href":"https:\/\/math.univ-lyon1.fr\/master-mathematiques-et-applications\/index.php?rest_route=\/wp\/v2\/pages"}],"about":[{"href":"https:\/\/math.univ-lyon1.fr\/master-mathematiques-et-applications\/index.php?rest_route=\/wp\/v2\/types\/page"}],"author":[{"embeddable":true,"href":"https:\/\/math.univ-lyon1.fr\/master-mathematiques-et-applications\/index.php?rest_route=\/wp\/v2\/users\/11"}],"replies":[{"embeddable":true,"href":"https:\/\/math.univ-lyon1.fr\/master-mathematiques-et-applications\/index.php?rest_route=%2Fwp%2Fv2%2Fcomments&post=26"}],"version-history":[{"count":61,"href":"https:\/\/math.univ-lyon1.fr\/master-mathematiques-et-applications\/index.php?rest_route=\/wp\/v2\/pages\/26\/revisions"}],"predecessor-version":[{"id":1584,"href":"https:\/\/math.univ-lyon1.fr\/master-mathematiques-et-applications\/index.php?rest_route=\/wp\/v2\/pages\/26\/revisions\/1584"}],"wp:attachment":[{"href":"https:\/\/math.univ-lyon1.fr\/master-mathematiques-et-applications\/index.php?rest_route=%2Fwp%2Fv2%2Fmedia&parent=26"}],"curies":[{"name":"wp","href":"https:\/\/api.w.org\/{rel}","templated":true}]}}